{"id":966,"date":"2025-05-28T00:47:16","date_gmt":"2025-05-28T00:47:16","guid":{"rendered":"https:\/\/blackrhinotoolpro.com\/?post_type=product&#038;p=966"},"modified":"2025-12-01T13:31:17","modified_gmt":"2025-12-01T13:31:17","slug":"rh-4912-gato-hidraulico-3-toneladas","status":"publish","type":"product","link":"https:\/\/blackrhinotoolpro.com\/index.php\/producto\/rh-4912-gato-hidraulico-3-toneladas\/","title":{"rendered":"RH-4912 Gato Hidr\u00e1ulico 3 Toneladas"},"content":{"rendered":"<p>Caracter\u00edsticas:<\/p>\n<p>La tecnolog\u00eda hidr\u00e1ulica simplifica la elevaci\u00f3n, mientras que un marco m\u00e1s ancho y una v\u00e1lvula de derivaci\u00f3n interna garantizan la seguridad.<br \/>\nEl sistema de derivaci\u00f3n de seguridad evita la sobrecarga y garantiza un funcionamiento seguro.<br \/>\nRuedas de acero para una mayor durabilidad.<br \/>\nDise\u00f1o de calidad especial: los cilindros pulidos y tratados utilizan asientos de alto rendimiento. Las paredes interiores pulidas del cilindro prolongan la vida \u00fatil de los sellos para minimizar la abrasi\u00f3n y el desgaste.<br \/>\nSu dise\u00f1o compacto permite su uso en espacios reducidos y se adapta f\u00e1cilmente a veh\u00edculos bajos.<br \/>\nConstrucci\u00f3n del marco de acero para una m\u00e1xima durabilidad y una vida \u00fatil m\u00e1s larga.<br \/>\nRuedas traseras giratorias para facilitar la maniobra.<\/p>\n<p>&nbsp;<\/p>\n<p>&nbsp;<\/p>\n","protected":false},"excerpt":{"rendered":"<p>Caracter\u00edsticas: La tecnolog\u00eda hidr\u00e1ulica simplifica la elevaci\u00f3n, mientras que un marco m\u00e1s ancho y una v\u00e1lvula de derivaci\u00f3n interna garantizan [&hellip;]<\/p>\n","protected":false},"featured_media":973,"template":"","meta":{"content-type":"","site-sidebar-layout":"default","site-content-layout":"","ast-site-content-layout":"default","site-content-style":"default","site-sidebar-style":"default","ast-global-header-display":"","ast-banner-title-visibility":"","ast-main-header-display":"","ast-hfb-above-header-display":"","ast-hfb-below-header-display":"","ast-hfb-mobile-header-display":"","site-post-title":"","ast-breadcrumbs-content":"","ast-featured-img":"","footer-sml-layout":"","ast-disable-related-posts":"","theme-transparent-header-meta":"default","adv-header-id-meta":"","stick-header-meta":"","header-above-stick-meta":"","header-main-stick-meta":"","header-below-stick-meta":"","astra-migrate-meta-layouts":"set","ast-page-background-enabled":"default","ast-page-background-meta":{"desktop":{"background-color":"var(--ast-global-color-5)","background-image":"","background-repeat":"repeat","background-position":"center center","background-size":"auto","background-attachment":"scroll","background-type":"","background-media":"","overlay-type":"","overlay-color":"","overlay-opacity":"","overlay-gradient":""},"tablet":{"background-color":"","background-image":"","background-repeat":"repeat","background-position":"center center","background-size":"auto","background-attachment":"scroll","background-type":"","background-media":"","overlay-type":"","overlay-color":"","overlay-opacity":"","overlay-gradient":""},"mobile":{"background-color":"","background-image":"","background-repeat":"repeat","background-position":"center center","background-size":"auto","background-attachment":"scroll","background-type":"","background-media":"","overlay-type":"","overlay-color":"","overlay-opacity":"","overlay-gradient":""}},"ast-content-background-meta":{"desktop":{"background-color":"var(--ast-global-color-4)","background-image":"","background-repeat":"repeat","background-position":"center center","background-size":"auto","background-attachment":"scroll","background-type":"","background-media":"","overlay-type":"","overlay-color":"","overlay-opacity":"","overlay-gradient":""},"tablet":{"background-color":"var(--ast-global-color-4)","background-image":"","background-repeat":"repeat","background-position":"center center","background-size":"auto","background-attachment":"scroll","background-type":"","background-media":"","overlay-type":"","overlay-color":"","overlay-opacity":"","overlay-gradient":""},"mobile":{"background-color":"var(--ast-global-color-4)","background-image":"","background-repeat":"repeat","background-position":"center center","background-size":"auto","background-attachment":"scroll","background-type":"","background-media":"","overlay-type":"","overlay-color":"","overlay-opacity":"","overlay-gradient":""}}},"product_brand":[],"product_cat":[31,33,68,67],"product_tag":[],"class_list":{"0":"post-966","1":"product","2":"type-product","3":"status-publish","4":"has-post-thumbnail","6":"product_cat-equipos-para-taller","7":"product_cat-ferreteria","8":"product_cat-lagartos","9":"product_cat-lagartos-para-taller","10":"desktop-align-center","11":"tablet-align-center","12":"mobile-align-center","14":"first","15":"instock","16":"shipping-taxable","17":"purchasable","18":"product-type-simple"},"_links":{"self":[{"href":"https:\/\/blackrhinotoolpro.com\/index.php\/wp-json\/wp\/v2\/product\/966","targetHints":{"allow":["GET"]}}],"collection":[{"href":"https:\/\/blackrhinotoolpro.com\/index.php\/wp-json\/wp\/v2\/product"}],"about":[{"href":"https:\/\/blackrhinotoolpro.com\/index.php\/wp-json\/wp\/v2\/types\/product"}],"wp:featuredmedia":[{"embeddable":true,"href":"https:\/\/blackrhinotoolpro.com\/index.php\/wp-json\/wp\/v2\/media\/973"}],"wp:attachment":[{"href":"https:\/\/blackrhinotoolpro.com\/index.php\/wp-json\/wp\/v2\/media?parent=966"}],"wp:term":[{"taxonomy":"product_brand","embeddable":true,"href":"https:\/\/blackrhinotoolpro.com\/index.php\/wp-json\/wp\/v2\/product_brand?post=966"},{"taxonomy":"product_cat","embeddable":true,"href":"https:\/\/blackrhinotoolpro.com\/index.php\/wp-json\/wp\/v2\/product_cat?post=966"},{"taxonomy":"product_tag","embeddable":true,"href":"https:\/\/blackrhinotoolpro.com\/index.php\/wp-json\/wp\/v2\/product_tag?post=966"}],"curies":[{"name":"wp","href":"https:\/\/api.w.org\/{rel}","templated":true}]}}