{"id":934,"date":"2025-05-28T00:19:40","date_gmt":"2025-05-28T00:19:40","guid":{"rendered":"https:\/\/blackrhinotoolpro.com\/?post_type=product&#038;p=934"},"modified":"2025-12-01T13:31:17","modified_gmt":"2025-12-01T13:31:17","slug":"rh-2090-juego-de-llaves-de-bicicleta","status":"publish","type":"product","link":"https:\/\/blackrhinotoolpro.com\/index.php\/producto\/rh-2090-juego-de-llaves-de-bicicleta\/","title":{"rendered":"RH-2090 Juego de llaves de bicicleta"},"content":{"rendered":"<p>Caracter\u00edsticas:<\/p>\n<p>-Hecho de material de alta calidad, con empu\u00f1adura de goma suave.<br \/>\n-Plegable y f\u00e1cil de transportar.<br \/>\n-Contiene todas las herramientas necesarias para reparar la bicicleta.<br \/>\n-Varias herramientas de diferentes tama\u00f1os para uso dom\u00e9stico e industrial.<\/p>\n<p>Si montas en bicicleta, un juego de herramientas para repararla puede ser todo lo que necesitas para mantenerte independiente. \u00a1Se acabaron los talleres para peque\u00f1os problemas! Puedes resolver tus problemas, especialmente cuando viajas lejos, donde no hay un manitas cerca. Sin embargo, no todos los juegos son \u00fatiles. Necesitas encontrar uno confiable, y el juego de llaves para bicicleta Ronix RH-2090 es el indicado. Contiene herramientas para radios, un destornillador plano, un destornillador Phillips y varillas de extensi\u00f3n.<\/p>\n<p>&nbsp;<\/p>\n<p>&nbsp;<\/p>\n<p>&nbsp;<\/p>\n<p>&nbsp;<\/p>\n","protected":false},"excerpt":{"rendered":"<p>Caracter\u00edsticas: -Hecho de material de alta calidad, con empu\u00f1adura de goma suave. -Plegable y f\u00e1cil de transportar. -Contiene todas las [&hellip;]<\/p>\n","protected":false},"featured_media":940,"template":"","meta":{"content-type":"","site-sidebar-layout":"default","site-content-layout":"","ast-site-content-layout":"default","site-content-style":"default","site-sidebar-style":"default","ast-global-header-display":"","ast-banner-title-visibility":"","ast-main-header-display":"","ast-hfb-above-header-display":"","ast-hfb-below-header-display":"","ast-hfb-mobile-header-display":"","site-post-title":"","ast-breadcrumbs-content":"","ast-featured-img":"","footer-sml-layout":"","ast-disable-related-posts":"","theme-transparent-header-meta":"default","adv-header-id-meta":"","stick-header-meta":"","header-above-stick-meta":"","header-main-stick-meta":"","header-below-stick-meta":"","astra-migrate-meta-layouts":"set","ast-page-background-enabled":"default","ast-page-background-meta":{"desktop":{"background-color":"var(--ast-global-color-5)","background-image":"","background-repeat":"repeat","background-position":"center center","background-size":"auto","background-attachment":"scroll","background-type":"","background-media":"","overlay-type":"","overlay-color":"","overlay-opacity":"","overlay-gradient":""},"tablet":{"background-color":"","background-image":"","background-repeat":"repeat","background-position":"center center","background-size":"auto","background-attachment":"scroll","background-type":"","background-media":"","overlay-type":"","overlay-color":"","overlay-opacity":"","overlay-gradient":""},"mobile":{"background-color":"","background-image":"","background-repeat":"repeat","background-position":"center center","background-size":"auto","background-attachment":"scroll","background-type":"","background-media":"","overlay-type":"","overlay-color":"","overlay-opacity":"","overlay-gradient":""}},"ast-content-background-meta":{"desktop":{"background-color":"var(--ast-global-color-4)","background-image":"","background-repeat":"repeat","background-position":"center center","background-size":"auto","background-attachment":"scroll","background-type":"","background-media":"","overlay-type":"","overlay-color":"","overlay-opacity":"","overlay-gradient":""},"tablet":{"background-color":"var(--ast-global-color-4)","background-image":"","background-repeat":"repeat","background-position":"center center","background-size":"auto","background-attachment":"scroll","background-type":"","background-media":"","overlay-type":"","overlay-color":"","overlay-opacity":"","overlay-gradient":""},"mobile":{"background-color":"var(--ast-global-color-4)","background-image":"","background-repeat":"repeat","background-position":"center center","background-size":"auto","background-attachment":"scroll","background-type":"","background-media":"","overlay-type":"","overlay-color":"","overlay-opacity":"","overlay-gradient":""}}},"product_brand":[],"product_cat":[33,66,65],"product_tag":[],"class_list":{"0":"post-934","1":"product","2":"type-product","3":"status-publish","4":"has-post-thumbnail","6":"product_cat-ferreteria","7":"product_cat-herramienta-para-bicicleta","8":"product_cat-herramientas-manuales","9":"desktop-align-center","10":"tablet-align-center","11":"mobile-align-center","13":"first","14":"instock","15":"shipping-taxable","16":"purchasable","17":"product-type-simple"},"_links":{"self":[{"href":"https:\/\/blackrhinotoolpro.com\/index.php\/wp-json\/wp\/v2\/product\/934","targetHints":{"allow":["GET"]}}],"collection":[{"href":"https:\/\/blackrhinotoolpro.com\/index.php\/wp-json\/wp\/v2\/product"}],"about":[{"href":"https:\/\/blackrhinotoolpro.com\/index.php\/wp-json\/wp\/v2\/types\/product"}],"wp:featuredmedia":[{"embeddable":true,"href":"https:\/\/blackrhinotoolpro.com\/index.php\/wp-json\/wp\/v2\/media\/940"}],"wp:attachment":[{"href":"https:\/\/blackrhinotoolpro.com\/index.php\/wp-json\/wp\/v2\/media?parent=934"}],"wp:term":[{"taxonomy":"product_brand","embeddable":true,"href":"https:\/\/blackrhinotoolpro.com\/index.php\/wp-json\/wp\/v2\/product_brand?post=934"},{"taxonomy":"product_cat","embeddable":true,"href":"https:\/\/blackrhinotoolpro.com\/index.php\/wp-json\/wp\/v2\/product_cat?post=934"},{"taxonomy":"product_tag","embeddable":true,"href":"https:\/\/blackrhinotoolpro.com\/index.php\/wp-json\/wp\/v2\/product_tag?post=934"}],"curies":[{"name":"wp","href":"https:\/\/api.w.org\/{rel}","templated":true}]}}