{"id":915,"date":"2025-05-28T00:08:37","date_gmt":"2025-05-28T00:08:37","guid":{"rendered":"https:\/\/blackrhinotoolpro.com\/?post_type=product&#038;p=915"},"modified":"2025-12-01T13:31:17","modified_gmt":"2025-12-01T13:31:17","slug":"rh-2042-juego-de-llaves-esfericas-de-brazo-extra-largo-multicolor-9-piezas","status":"publish","type":"product","link":"https:\/\/blackrhinotoolpro.com\/index.php\/producto\/rh-2042-juego-de-llaves-esfericas-de-brazo-extra-largo-multicolor-9-piezas\/","title":{"rendered":"RH-2042 Juego de llaves esf\u00e9ricas de brazo extra largo multicolor (9 piezas)"},"content":{"rendered":"<p>Caracter\u00edsticas:<\/p>\n<p>-El juego de llaves hexagonales incluye todos los tama\u00f1os m\u00e1s peque\u00f1os, comunes y populares: 1,5, 2, 2,5, 3, 4, 5, 6, 8 y 10 mm.<\/p>\n<p>-Construcci\u00f3n de acero al cromo-vanadio con tratamiento t\u00e9rmico para mayor resistencia y durabilidad.<\/p>\n<p>-Recubrimiento antioxidante.<\/p>\n<p>-Extremos endurecidos para un torque extra alto durante las operaciones.<\/p>\n<p>-Los extremos hexagonales est\u00e1n cortados a escuadra para un ajuste seguro en toda la profundidad y un contacto m\u00e1ximo con el z\u00f3calo hexagonal, evitando que se resbale y se da\u00f1e.<\/p>\n<p>Los juegos de llaves hexagonales de brazo largo, tambi\u00e9n conocidos como llaves Allen o llaves hexagonales, se utilizan para apretar o aflojar tornillos con hex\u00e1gonos. Vienen en una variedad de tama\u00f1os para adaptarse a diferentes tama\u00f1os de tornillos. En comparaci\u00f3n con los juegos de llaves hexagonales convencionales, los juegos de llaves hexagonales de brazo largo ofrecen mayor versatilidad, ya que proporcionan mayor apalancamiento y permiten un mayor rango de movimiento, a la vez que alcanzan lugares inaccesibles para una llave convencional. Estas herramientas se utilizan com\u00fanmente en aplicaciones mec\u00e1nicas, automotrices e industriales, as\u00ed como en proyectos de bricolaje y reparaciones del hogar. Fabricado en acero al cromo vanadio con tratamiento t\u00e9rmico y con un revestimiento antioxidante, el Ronix RH-2042 es uno de los juegos de llaves hexagonales de brazo largo m\u00e1s duraderos y asequibles del mercado, que ofrece rendimiento y comodidad a la vez.<\/p>\n<p>&nbsp;<\/p>\n<p>&nbsp;<\/p>\n<p>&nbsp;<\/p>\n<p>&nbsp;<\/p>\n","protected":false},"excerpt":{"rendered":"<p>Caracter\u00edsticas: -El juego de llaves hexagonales incluye todos los tama\u00f1os m\u00e1s peque\u00f1os, comunes y populares: 1,5, 2, 2,5, 3, 4, [&hellip;]<\/p>\n","protected":false},"featured_media":916,"template":"","meta":{"content-type":"","site-sidebar-layout":"default","site-content-layout":"","ast-site-content-layout":"default","site-content-style":"default","site-sidebar-style":"default","ast-global-header-display":"","ast-banner-title-visibility":"","ast-main-header-display":"","ast-hfb-above-header-display":"","ast-hfb-below-header-display":"","ast-hfb-mobile-header-display":"","site-post-title":"","ast-breadcrumbs-content":"","ast-featured-img":"","footer-sml-layout":"","ast-disable-related-posts":"","theme-transparent-header-meta":"default","adv-header-id-meta":"","stick-header-meta":"","header-above-stick-meta":"","header-main-stick-meta":"","header-below-stick-meta":"","astra-migrate-meta-layouts":"set","ast-page-background-enabled":"default","ast-page-background-meta":{"desktop":{"background-color":"var(--ast-global-color-5)","background-image":"","background-repeat":"repeat","background-position":"center center","background-size":"auto","background-attachment":"scroll","background-type":"","background-media":"","overlay-type":"","overlay-color":"","overlay-opacity":"","overlay-gradient":""},"tablet":{"background-color":"","background-image":"","background-repeat":"repeat","background-position":"center center","background-size":"auto","background-attachment":"scroll","background-type":"","background-media":"","overlay-type":"","overlay-color":"","overlay-opacity":"","overlay-gradient":""},"mobile":{"background-color":"","background-image":"","background-repeat":"repeat","background-position":"center center","background-size":"auto","background-attachment":"scroll","background-type":"","background-media":"","overlay-type":"","overlay-color":"","overlay-opacity":"","overlay-gradient":""}},"ast-content-background-meta":{"desktop":{"background-color":"var(--ast-global-color-4)","background-image":"","background-repeat":"repeat","background-position":"center center","background-size":"auto","background-attachment":"scroll","background-type":"","background-media":"","overlay-type":"","overlay-color":"","overlay-opacity":"","overlay-gradient":""},"tablet":{"background-color":"var(--ast-global-color-4)","background-image":"","background-repeat":"repeat","background-position":"center center","background-size":"auto","background-attachment":"scroll","background-type":"","background-media":"","overlay-type":"","overlay-color":"","overlay-opacity":"","overlay-gradient":""},"mobile":{"background-color":"var(--ast-global-color-4)","background-image":"","background-repeat":"repeat","background-position":"center center","background-size":"auto","background-attachment":"scroll","background-type":"","background-media":"","overlay-type":"","overlay-color":"","overlay-opacity":"","overlay-gradient":""}}},"product_brand":[],"product_cat":[33,65],"product_tag":[],"class_list":{"0":"post-915","1":"product","2":"type-product","3":"status-publish","4":"has-post-thumbnail","6":"product_cat-ferreteria","7":"product_cat-herramientas-manuales","8":"desktop-align-center","9":"tablet-align-center","10":"mobile-align-center","12":"first","13":"instock","14":"shipping-taxable","15":"purchasable","16":"product-type-simple"},"_links":{"self":[{"href":"https:\/\/blackrhinotoolpro.com\/index.php\/wp-json\/wp\/v2\/product\/915","targetHints":{"allow":["GET"]}}],"collection":[{"href":"https:\/\/blackrhinotoolpro.com\/index.php\/wp-json\/wp\/v2\/product"}],"about":[{"href":"https:\/\/blackrhinotoolpro.com\/index.php\/wp-json\/wp\/v2\/types\/product"}],"wp:featuredmedia":[{"embeddable":true,"href":"https:\/\/blackrhinotoolpro.com\/index.php\/wp-json\/wp\/v2\/media\/916"}],"wp:attachment":[{"href":"https:\/\/blackrhinotoolpro.com\/index.php\/wp-json\/wp\/v2\/media?parent=915"}],"wp:term":[{"taxonomy":"product_brand","embeddable":true,"href":"https:\/\/blackrhinotoolpro.com\/index.php\/wp-json\/wp\/v2\/product_brand?post=915"},{"taxonomy":"product_cat","embeddable":true,"href":"https:\/\/blackrhinotoolpro.com\/index.php\/wp-json\/wp\/v2\/product_cat?post=915"},{"taxonomy":"product_tag","embeddable":true,"href":"https:\/\/blackrhinotoolpro.com\/index.php\/wp-json\/wp\/v2\/product_tag?post=915"}],"curies":[{"name":"wp","href":"https:\/\/api.w.org\/{rel}","templated":true}]}}