{"id":906,"date":"2025-05-28T00:00:30","date_gmt":"2025-05-28T00:00:30","guid":{"rendered":"https:\/\/blackrhinotoolpro.com\/?post_type=product&#038;p=906"},"modified":"2025-12-01T13:31:17","modified_gmt":"2025-12-01T13:31:17","slug":"rh-2036-juego-de-llaves-torx-magneticas-de-brazo-largo-9-piezas","status":"publish","type":"product","link":"https:\/\/blackrhinotoolpro.com\/index.php\/producto\/rh-2036-juego-de-llaves-torx-magneticas-de-brazo-largo-9-piezas\/","title":{"rendered":"RH-2036 Juego de llaves Torx magn\u00e9ticas de brazo largo (9 piezas)"},"content":{"rendered":"<p>Caracter\u00edsticas:<\/p>\n<p>&#8211; Varilla de cromo-vanadio (CRV) con acabado mate para evitar la oxidaci\u00f3n y mayor durabilidad.<br \/>\n&#8211; Soporte de dise\u00f1o moderno fabricado en PVC blando.<br \/>\n&#8211; Alto par de salida.<br \/>\n&#8211; Magnetizador que permite a\u00f1adir o quitar imanes f\u00e1cilmente.<br \/>\n&#8211; Llave Torx de brazo largo con orificio de seguridad.<\/p>\n<p>Las llaves Torx, tambi\u00e9n conocidas como llaves Torx o destornilladores Torx, se utilizan para apretar o aflojar tornillos y pernos con una cabeza Torx espec\u00edfica. Torx es un tipo de sistema de accionamiento de tornillos, dise\u00f1ado para proporcionar una mayor transferencia de par y reducir el riesgo de deslizamiento en comparaci\u00f3n con otros tipos de accionamiento. Las llaves Torx se utilizan com\u00fanmente en diversas industrias, incluyendo la automotriz, la electr\u00f3nica y la maquinaria, donde se requiere una sujeci\u00f3n precisa y segura. Las llaves Torx de brazo largo Ronix RH-2036 se identifican por un n\u00famero que corresponde al tama\u00f1o del tornillo. Cuanto menor sea el n\u00famero, m\u00e1s peque\u00f1o ser\u00e1 el tornillo; por lo tanto, es importante elegir la llave del tama\u00f1o correcto para el tornillo que est\u00e1 utilizando, ya que una llave demasiado peque\u00f1a puede resbalar y una demasiado grande puede da\u00f1ar el tornillo. Hay 9 tama\u00f1os diferentes en este kit que van desde T10 hasta T50, por lo que es importante elegir el tama\u00f1o correcto para el trabajo.<\/p>\n<p>&nbsp;<\/p>\n<p>&nbsp;<\/p>\n<p>&nbsp;<\/p>\n<p>&nbsp;<\/p>\n","protected":false},"excerpt":{"rendered":"<p>Caracter\u00edsticas: &#8211; Varilla de cromo-vanadio (CRV) con acabado mate para evitar la oxidaci\u00f3n y mayor durabilidad. &#8211; Soporte de dise\u00f1o [&hellip;]<\/p>\n","protected":false},"featured_media":912,"template":"","meta":{"content-type":"","site-sidebar-layout":"default","site-content-layout":"","ast-site-content-layout":"default","site-content-style":"default","site-sidebar-style":"default","ast-global-header-display":"","ast-banner-title-visibility":"","ast-main-header-display":"","ast-hfb-above-header-display":"","ast-hfb-below-header-display":"","ast-hfb-mobile-header-display":"","site-post-title":"","ast-breadcrumbs-content":"","ast-featured-img":"","footer-sml-layout":"","ast-disable-related-posts":"","theme-transparent-header-meta":"default","adv-header-id-meta":"","stick-header-meta":"","header-above-stick-meta":"","header-main-stick-meta":"","header-below-stick-meta":"","astra-migrate-meta-layouts":"set","ast-page-background-enabled":"default","ast-page-background-meta":{"desktop":{"background-color":"var(--ast-global-color-5)","background-image":"","background-repeat":"repeat","background-position":"center center","background-size":"auto","background-attachment":"scroll","background-type":"","background-media":"","overlay-type":"","overlay-color":"","overlay-opacity":"","overlay-gradient":""},"tablet":{"background-color":"","background-image":"","background-repeat":"repeat","background-position":"center center","background-size":"auto","background-attachment":"scroll","background-type":"","background-media":"","overlay-type":"","overlay-color":"","overlay-opacity":"","overlay-gradient":""},"mobile":{"background-color":"","background-image":"","background-repeat":"repeat","background-position":"center center","background-size":"auto","background-attachment":"scroll","background-type":"","background-media":"","overlay-type":"","overlay-color":"","overlay-opacity":"","overlay-gradient":""}},"ast-content-background-meta":{"desktop":{"background-color":"var(--ast-global-color-4)","background-image":"","background-repeat":"repeat","background-position":"center center","background-size":"auto","background-attachment":"scroll","background-type":"","background-media":"","overlay-type":"","overlay-color":"","overlay-opacity":"","overlay-gradient":""},"tablet":{"background-color":"var(--ast-global-color-4)","background-image":"","background-repeat":"repeat","background-position":"center center","background-size":"auto","background-attachment":"scroll","background-type":"","background-media":"","overlay-type":"","overlay-color":"","overlay-opacity":"","overlay-gradient":""},"mobile":{"background-color":"var(--ast-global-color-4)","background-image":"","background-repeat":"repeat","background-position":"center center","background-size":"auto","background-attachment":"scroll","background-type":"","background-media":"","overlay-type":"","overlay-color":"","overlay-opacity":"","overlay-gradient":""}}},"product_brand":[],"product_cat":[33,65],"product_tag":[],"class_list":{"0":"post-906","1":"product","2":"type-product","3":"status-publish","4":"has-post-thumbnail","6":"product_cat-ferreteria","7":"product_cat-herramientas-manuales","8":"desktop-align-center","9":"tablet-align-center","10":"mobile-align-center","12":"first","13":"instock","14":"shipping-taxable","15":"purchasable","16":"product-type-simple"},"_links":{"self":[{"href":"https:\/\/blackrhinotoolpro.com\/index.php\/wp-json\/wp\/v2\/product\/906","targetHints":{"allow":["GET"]}}],"collection":[{"href":"https:\/\/blackrhinotoolpro.com\/index.php\/wp-json\/wp\/v2\/product"}],"about":[{"href":"https:\/\/blackrhinotoolpro.com\/index.php\/wp-json\/wp\/v2\/types\/product"}],"wp:featuredmedia":[{"embeddable":true,"href":"https:\/\/blackrhinotoolpro.com\/index.php\/wp-json\/wp\/v2\/media\/912"}],"wp:attachment":[{"href":"https:\/\/blackrhinotoolpro.com\/index.php\/wp-json\/wp\/v2\/media?parent=906"}],"wp:term":[{"taxonomy":"product_brand","embeddable":true,"href":"https:\/\/blackrhinotoolpro.com\/index.php\/wp-json\/wp\/v2\/product_brand?post=906"},{"taxonomy":"product_cat","embeddable":true,"href":"https:\/\/blackrhinotoolpro.com\/index.php\/wp-json\/wp\/v2\/product_cat?post=906"},{"taxonomy":"product_tag","embeddable":true,"href":"https:\/\/blackrhinotoolpro.com\/index.php\/wp-json\/wp\/v2\/product_tag?post=906"}],"curies":[{"name":"wp","href":"https:\/\/api.w.org\/{rel}","templated":true}]}}