{"id":897,"date":"2025-05-27T23:54:33","date_gmt":"2025-05-27T23:54:33","guid":{"rendered":"https:\/\/blackrhinotoolpro.com\/?post_type=product&#038;p=897"},"modified":"2025-12-01T13:31:17","modified_gmt":"2025-12-01T13:31:17","slug":"rh-2035-juego-de-llaves-torx-magneticas-de-brazo-corto-9-piezas","status":"publish","type":"product","link":"https:\/\/blackrhinotoolpro.com\/index.php\/producto\/rh-2035-juego-de-llaves-torx-magneticas-de-brazo-corto-9-piezas\/","title":{"rendered":"RH-2035 Juego de llaves Torx magn\u00e9ticas de brazo corto (9 piezas)"},"content":{"rendered":"<p>Caracter\u00edsticas:<\/p>\n<p>&#8211; Varilla de cromo-vanadio (CRV) con acabado mate para evitar la oxidaci\u00f3n y mayor durabilidad.<br \/>\n&#8211; Dise\u00f1o moderno de soporte de PVC blando.<br \/>\n&#8211; Alto par de salida.<br \/>\n&#8211; Magnetizador que permite a\u00f1adir o quitar imanes f\u00e1cilmente.<br \/>\n&#8211; Llave Torx de brazo corto con orificio de seguridad.<\/p>\n<p>La llave Torx es una herramienta con forma de estrella que se utiliza para apretar o aflojar tornillos con cabeza Torx. La cabeza Torx es una estrella de seis puntas, por lo que la llave tiene seis puntas. Esta herramienta se puede usar con un taladro manual o el\u00e9ctrico. El juego de llaves Torx de brazo corto Ronix RH-2035 es una herramienta vers\u00e1til que se puede usar en diversas situaciones. Se utiliza a menudo en aplicaciones de automoci\u00f3n y construcci\u00f3n. Tambi\u00e9n se puede utilizar en otros contextos, como el montaje de muebles o las reparaciones del hogar. La llave se utiliza para apretar o aflojar tornillos con cabeza Torx. Este kit incluye 9 tama\u00f1os diferentes, desde T10 hasta T50, por lo que es importante elegir el tama\u00f1o adecuado para cada tarea. De lo contrario, se corre el riesgo de da\u00f1ar el tornillo o la superficie circundante..<\/p>\n<p>&nbsp;<\/p>\n<p>&nbsp;<\/p>\n<p>&nbsp;<\/p>\n","protected":false},"excerpt":{"rendered":"<p>Caracter\u00edsticas: &#8211; Varilla de cromo-vanadio (CRV) con acabado mate para evitar la oxidaci\u00f3n y mayor durabilidad. &#8211; Dise\u00f1o moderno de [&hellip;]<\/p>\n","protected":false},"featured_media":905,"template":"","meta":{"content-type":"","site-sidebar-layout":"default","site-content-layout":"","ast-site-content-layout":"default","site-content-style":"default","site-sidebar-style":"default","ast-global-header-display":"","ast-banner-title-visibility":"","ast-main-header-display":"","ast-hfb-above-header-display":"","ast-hfb-below-header-display":"","ast-hfb-mobile-header-display":"","site-post-title":"","ast-breadcrumbs-content":"","ast-featured-img":"","footer-sml-layout":"","ast-disable-related-posts":"","theme-transparent-header-meta":"default","adv-header-id-meta":"","stick-header-meta":"","header-above-stick-meta":"","header-main-stick-meta":"","header-below-stick-meta":"","astra-migrate-meta-layouts":"set","ast-page-background-enabled":"default","ast-page-background-meta":{"desktop":{"background-color":"var(--ast-global-color-5)","background-image":"","background-repeat":"repeat","background-position":"center center","background-size":"auto","background-attachment":"scroll","background-type":"","background-media":"","overlay-type":"","overlay-color":"","overlay-opacity":"","overlay-gradient":""},"tablet":{"background-color":"","background-image":"","background-repeat":"repeat","background-position":"center center","background-size":"auto","background-attachment":"scroll","background-type":"","background-media":"","overlay-type":"","overlay-color":"","overlay-opacity":"","overlay-gradient":""},"mobile":{"background-color":"","background-image":"","background-repeat":"repeat","background-position":"center center","background-size":"auto","background-attachment":"scroll","background-type":"","background-media":"","overlay-type":"","overlay-color":"","overlay-opacity":"","overlay-gradient":""}},"ast-content-background-meta":{"desktop":{"background-color":"var(--ast-global-color-4)","background-image":"","background-repeat":"repeat","background-position":"center center","background-size":"auto","background-attachment":"scroll","background-type":"","background-media":"","overlay-type":"","overlay-color":"","overlay-opacity":"","overlay-gradient":""},"tablet":{"background-color":"var(--ast-global-color-4)","background-image":"","background-repeat":"repeat","background-position":"center center","background-size":"auto","background-attachment":"scroll","background-type":"","background-media":"","overlay-type":"","overlay-color":"","overlay-opacity":"","overlay-gradient":""},"mobile":{"background-color":"var(--ast-global-color-4)","background-image":"","background-repeat":"repeat","background-position":"center center","background-size":"auto","background-attachment":"scroll","background-type":"","background-media":"","overlay-type":"","overlay-color":"","overlay-opacity":"","overlay-gradient":""}}},"product_brand":[],"product_cat":[33,65],"product_tag":[],"class_list":{"0":"post-897","1":"product","2":"type-product","3":"status-publish","4":"has-post-thumbnail","6":"product_cat-ferreteria","7":"product_cat-herramientas-manuales","8":"desktop-align-center","9":"tablet-align-center","10":"mobile-align-center","12":"first","13":"instock","14":"shipping-taxable","15":"purchasable","16":"product-type-simple"},"_links":{"self":[{"href":"https:\/\/blackrhinotoolpro.com\/index.php\/wp-json\/wp\/v2\/product\/897","targetHints":{"allow":["GET"]}}],"collection":[{"href":"https:\/\/blackrhinotoolpro.com\/index.php\/wp-json\/wp\/v2\/product"}],"about":[{"href":"https:\/\/blackrhinotoolpro.com\/index.php\/wp-json\/wp\/v2\/types\/product"}],"wp:featuredmedia":[{"embeddable":true,"href":"https:\/\/blackrhinotoolpro.com\/index.php\/wp-json\/wp\/v2\/media\/905"}],"wp:attachment":[{"href":"https:\/\/blackrhinotoolpro.com\/index.php\/wp-json\/wp\/v2\/media?parent=897"}],"wp:term":[{"taxonomy":"product_brand","embeddable":true,"href":"https:\/\/blackrhinotoolpro.com\/index.php\/wp-json\/wp\/v2\/product_brand?post=897"},{"taxonomy":"product_cat","embeddable":true,"href":"https:\/\/blackrhinotoolpro.com\/index.php\/wp-json\/wp\/v2\/product_cat?post=897"},{"taxonomy":"product_tag","embeddable":true,"href":"https:\/\/blackrhinotoolpro.com\/index.php\/wp-json\/wp\/v2\/product_tag?post=897"}],"curies":[{"name":"wp","href":"https:\/\/api.w.org\/{rel}","templated":true}]}}