{"id":870,"date":"2025-05-27T23:30:05","date_gmt":"2025-05-27T23:30:05","guid":{"rendered":"https:\/\/blackrhinotoolpro.com\/?post_type=product&#038;p=870"},"modified":"2025-12-01T13:31:17","modified_gmt":"2025-12-01T13:31:17","slug":"rh-2029-juego-de-llaves-hexagonales-extra-largas-9-piezas","status":"publish","type":"product","link":"https:\/\/blackrhinotoolpro.com\/index.php\/producto\/rh-2029-juego-de-llaves-hexagonales-extra-largas-9-piezas\/","title":{"rendered":"RH-2029 Juego de llaves hexagonales extra largas (9 piezas)"},"content":{"rendered":"<div><\/div>\n<p>Caracter\u00edsticas:<\/p>\n<p>-El juego peque\u00f1o incluye todos los tama\u00f1os m\u00e1s peque\u00f1os, comunes y populares: 1.5, 2.0, 2.5, 3.0, 4.0, 5.0, 6.0, 8.0 y 10.0 mm<br \/>\n-Juego de 9 llaves hexagonales para apretar o aflojar tornillos r\u00e1pidamente<br \/>\n-Fabricadas en acero al cromo-vanadio con tratamiento t\u00e9rmico para una mayor resistencia y durabilidad<br \/>\n-Extremos endurecidos para un par de apriete extraalto durante las operaciones<br \/>\n-Extremos hexagonales de corte recto para un ajuste seguro en toda la profundidad y un contacto m\u00e1ximo con el z\u00f3calo hexagonal, evitando que se resbale y se da\u00f1e<br \/>\n-Herramientas profesionales de alta calidad, ideales para diferentes tipos de aplicaciones<br \/>\n-Empacado en un estuche de pl\u00e1stico<\/p>\n<p>El juego de llaves hexagonales Ronix de 9 piezas est\u00e1 aqu\u00ed para ayudar a los operadores a realizar diversas tareas en casa de forma r\u00e1pida y sin esfuerzo. El juego de llaves hexagonales Ronix de 9 piezas es una herramienta profesional de alta calidad, ideal para diferentes tipos de aplicaciones; Puede utilizar este juego de llaves hexagonales de 9 piezas para apretar o aflojar sujetadores r\u00e1pidamente. Usando estas llaves Allen (o llaves hexagonales), hay menos riesgo de da\u00f1ar el perno o tornillo porque el hex\u00e1gono se utiliza al dise\u00f1arlos. Este juego incluye varios tama\u00f1os de 1,5 mm, 2,0 mm, 2,5 mm, 3,0 mm, 4,0 mm, 5,0 mm, 6,0 mm, 8,0 mm y 10,0 mm para ayudar a los usuarios a trabajar con una variedad de pernos y tornillos. Este peque\u00f1o juego de llaves hexagonales puede ayudarle en casi todo en su lugar de trabajo. Estas herramientas manuales est\u00e1n hechas de acero al cromo-vanadio tratado t\u00e9rmicamente y, por lo tanto, tendr\u00e1n una resistencia robusta y una mayor durabilidad. El juego de llaves hexagonales Ronix RH-2920 de 9 piezas est\u00e1 dise\u00f1ado con extremos endurecidos para un torque extra alto durante las operaciones, lo que le permite maximizar su productividad y cumplir con los plazos con la mayor facilidad posible. Los extremos hexagonales est\u00e1n cortados a escuadra para un ajuste seguro y completo, y un contacto m\u00e1ximo con el vaso hexagonal, evitando deslizamientos y desgastes. Rapidez, precisi\u00f3n y comodidad. Es justo lo que necesita en su lugar de trabajo para apretar y aflojar tornillos. Simplemente elija este juego de llaves hexagonales, empacado en un estuche de pl\u00e1stico y sienta la confianza que le brinda.<\/p>\n<p>&nbsp;<\/p>\n","protected":false},"excerpt":{"rendered":"<p>Caracter\u00edsticas: -El juego peque\u00f1o incluye todos los tama\u00f1os m\u00e1s peque\u00f1os, comunes y populares: 1.5, 2.0, 2.5, 3.0, 4.0, 5.0, 6.0, [&hellip;]<\/p>\n","protected":false},"featured_media":873,"template":"","meta":{"content-type":"","site-sidebar-layout":"default","site-content-layout":"","ast-site-content-layout":"default","site-content-style":"default","site-sidebar-style":"default","ast-global-header-display":"","ast-banner-title-visibility":"","ast-main-header-display":"","ast-hfb-above-header-display":"","ast-hfb-below-header-display":"","ast-hfb-mobile-header-display":"","site-post-title":"","ast-breadcrumbs-content":"","ast-featured-img":"","footer-sml-layout":"","ast-disable-related-posts":"","theme-transparent-header-meta":"default","adv-header-id-meta":"","stick-header-meta":"","header-above-stick-meta":"","header-main-stick-meta":"","header-below-stick-meta":"","astra-migrate-meta-layouts":"set","ast-page-background-enabled":"default","ast-page-background-meta":{"desktop":{"background-color":"var(--ast-global-color-5)","background-image":"","background-repeat":"repeat","background-position":"center center","background-size":"auto","background-attachment":"scroll","background-type":"","background-media":"","overlay-type":"","overlay-color":"","overlay-opacity":"","overlay-gradient":""},"tablet":{"background-color":"","background-image":"","background-repeat":"repeat","background-position":"center center","background-size":"auto","background-attachment":"scroll","background-type":"","background-media":"","overlay-type":"","overlay-color":"","overlay-opacity":"","overlay-gradient":""},"mobile":{"background-color":"","background-image":"","background-repeat":"repeat","background-position":"center center","background-size":"auto","background-attachment":"scroll","background-type":"","background-media":"","overlay-type":"","overlay-color":"","overlay-opacity":"","overlay-gradient":""}},"ast-content-background-meta":{"desktop":{"background-color":"var(--ast-global-color-4)","background-image":"","background-repeat":"repeat","background-position":"center center","background-size":"auto","background-attachment":"scroll","background-type":"","background-media":"","overlay-type":"","overlay-color":"","overlay-opacity":"","overlay-gradient":""},"tablet":{"background-color":"var(--ast-global-color-4)","background-image":"","background-repeat":"repeat","background-position":"center center","background-size":"auto","background-attachment":"scroll","background-type":"","background-media":"","overlay-type":"","overlay-color":"","overlay-opacity":"","overlay-gradient":""},"mobile":{"background-color":"var(--ast-global-color-4)","background-image":"","background-repeat":"repeat","background-position":"center center","background-size":"auto","background-attachment":"scroll","background-type":"","background-media":"","overlay-type":"","overlay-color":"","overlay-opacity":"","overlay-gradient":""}}},"product_brand":[],"product_cat":[33,65],"product_tag":[],"class_list":{"0":"post-870","1":"product","2":"type-product","3":"status-publish","4":"has-post-thumbnail","6":"product_cat-ferreteria","7":"product_cat-herramientas-manuales","8":"desktop-align-center","9":"tablet-align-center","10":"mobile-align-center","12":"first","13":"instock","14":"shipping-taxable","15":"purchasable","16":"product-type-simple"},"_links":{"self":[{"href":"https:\/\/blackrhinotoolpro.com\/index.php\/wp-json\/wp\/v2\/product\/870","targetHints":{"allow":["GET"]}}],"collection":[{"href":"https:\/\/blackrhinotoolpro.com\/index.php\/wp-json\/wp\/v2\/product"}],"about":[{"href":"https:\/\/blackrhinotoolpro.com\/index.php\/wp-json\/wp\/v2\/types\/product"}],"wp:featuredmedia":[{"embeddable":true,"href":"https:\/\/blackrhinotoolpro.com\/index.php\/wp-json\/wp\/v2\/media\/873"}],"wp:attachment":[{"href":"https:\/\/blackrhinotoolpro.com\/index.php\/wp-json\/wp\/v2\/media?parent=870"}],"wp:term":[{"taxonomy":"product_brand","embeddable":true,"href":"https:\/\/blackrhinotoolpro.com\/index.php\/wp-json\/wp\/v2\/product_brand?post=870"},{"taxonomy":"product_cat","embeddable":true,"href":"https:\/\/blackrhinotoolpro.com\/index.php\/wp-json\/wp\/v2\/product_cat?post=870"},{"taxonomy":"product_tag","embeddable":true,"href":"https:\/\/blackrhinotoolpro.com\/index.php\/wp-json\/wp\/v2\/product_tag?post=870"}],"curies":[{"name":"wp","href":"https:\/\/api.w.org\/{rel}","templated":true}]}}