{"id":845,"date":"2025-05-27T23:06:50","date_gmt":"2025-05-27T23:06:50","guid":{"rendered":"https:\/\/blackrhinotoolpro.com\/?post_type=product&#038;p=845"},"modified":"2026-03-25T01:21:49","modified_gmt":"2026-03-25T01:21:49","slug":"rh-2302-juego-de-llaves-de-estrella-acodada-12pc","status":"publish","type":"product","link":"https:\/\/blackrhinotoolpro.com\/index.php\/producto\/rh-2302-juego-de-llaves-de-estrella-acodada-12pc\/","title":{"rendered":"RH-2171 Juego de llaves de trinquete reversibles de doble extremo de caja 7 en 1"},"content":{"rendered":"<div><\/div>\n<p>Caracter\u00edsticas:<\/p>\n<p>&#8211; Construcci\u00f3n de acero al cromo vanadio endurecido que garantiza resistencia y durabilidad.<br \/>\n&#8211; El mecanismo de trinquete de 72 dientes ofrece un \u00e1ngulo de giro hacia atr\u00e1s de 5 grados para girar los sujetadores, en comparaci\u00f3n con los 30 grados de las llaves combinadas est\u00e1ndar.<br \/>\n&#8211; Mecanismo de trinquete mecanizado con precisi\u00f3n para un mejor rendimiento.<br \/>\n&#8211; Equipado con funci\u00f3n de trinquete para rotaci\u00f3n en sentido horario y antihorario.<br \/>\n&#8211; Ideal para diversas aplicaciones y adecuado para trabajar en mec\u00e1nica de autom\u00f3viles, motocicletas, motores y otros electrodom\u00e9sticos.<\/p>\n<p>&nbsp;<\/p>\n<p>Descubre el fant\u00e1stico juego de llaves de trinquete reversibles de doble boca Ronix RH-2171 7 en 1: \u00a1tu fiel aliado para una amplia gama de tareas!<\/p>\n<p>Imagina un mundo donde todo es sencillo y tus proyectos fluyen sobre ruedas. Este juego es tu arma secreta, dise\u00f1ado para simplificarte la vida. No tendr\u00e1s que buscar por todas partes la llave adecuada ni lidiar con un mont\u00f3n de herramientas.<\/p>\n<p>Este juego te cubre las espaldas. Ya sea que te guste hacer las cosas t\u00fa mismo, trabajes como mec\u00e1nico profesional o simplemente necesites apretar o aflojar cosas en casa, este juego est\u00e1 aqu\u00ed para simplificarte mucho el trabajo. Es como un atajo para hacer las cosas bien.<\/p>\n<p>Con este juego de llaves Ronix, realizar\u00e1s tus tareas con facilidad y precisi\u00f3n. Se acab\u00f3 el tener que lidiar con m\u00faltiples herramientas: todo est\u00e1 resuelto con este vers\u00e1til juego. \u00a1Actualiza tu kit de herramientas hoy mismo y comprueba la diferencia que marca en tus proyectos!<\/p>\n<p>&nbsp;<\/p>\n<p>&nbsp;<\/p>\n","protected":false},"excerpt":{"rendered":"<p>Caracter\u00edsticas: &#8211; Construcci\u00f3n de acero al cromo vanadio endurecido que garantiza resistencia y durabilidad. &#8211; El mecanismo de trinquete de [&hellip;]<\/p>\n","protected":false},"featured_media":861,"template":"","meta":{"content-type":"","site-sidebar-layout":"default","site-content-layout":"","ast-site-content-layout":"default","site-content-style":"default","site-sidebar-style":"default","ast-global-header-display":"","ast-banner-title-visibility":"","ast-main-header-display":"","ast-hfb-above-header-display":"","ast-hfb-below-header-display":"","ast-hfb-mobile-header-display":"","site-post-title":"","ast-breadcrumbs-content":"","ast-featured-img":"","footer-sml-layout":"","ast-disable-related-posts":"","theme-transparent-header-meta":"default","adv-header-id-meta":"","stick-header-meta":"","header-above-stick-meta":"","header-main-stick-meta":"","header-below-stick-meta":"","astra-migrate-meta-layouts":"set","ast-page-background-enabled":"default","ast-page-background-meta":{"desktop":{"background-color":"var(--ast-global-color-5)","background-image":"","background-repeat":"repeat","background-position":"center center","background-size":"auto","background-attachment":"scroll","background-type":"","background-media":"","overlay-type":"","overlay-color":"","overlay-opacity":"","overlay-gradient":""},"tablet":{"background-color":"","background-image":"","background-repeat":"repeat","background-position":"center center","background-size":"auto","background-attachment":"scroll","background-type":"","background-media":"","overlay-type":"","overlay-color":"","overlay-opacity":"","overlay-gradient":""},"mobile":{"background-color":"","background-image":"","background-repeat":"repeat","background-position":"center center","background-size":"auto","background-attachment":"scroll","background-type":"","background-media":"","overlay-type":"","overlay-color":"","overlay-opacity":"","overlay-gradient":""}},"ast-content-background-meta":{"desktop":{"background-color":"var(--ast-global-color-4)","background-image":"","background-repeat":"repeat","background-position":"center center","background-size":"auto","background-attachment":"scroll","background-type":"","background-media":"","overlay-type":"","overlay-color":"","overlay-opacity":"","overlay-gradient":""},"tablet":{"background-color":"var(--ast-global-color-4)","background-image":"","background-repeat":"repeat","background-position":"center center","background-size":"auto","background-attachment":"scroll","background-type":"","background-media":"","overlay-type":"","overlay-color":"","overlay-opacity":"","overlay-gradient":""},"mobile":{"background-color":"var(--ast-global-color-4)","background-image":"","background-repeat":"repeat","background-position":"center center","background-size":"auto","background-attachment":"scroll","background-type":"","background-media":"","overlay-type":"","overlay-color":"","overlay-opacity":"","overlay-gradient":""}}},"product_brand":[],"product_cat":[33,65],"product_tag":[],"class_list":{"0":"post-845","1":"product","2":"type-product","3":"status-publish","4":"has-post-thumbnail","6":"product_cat-ferreteria","7":"product_cat-herramientas-manuales","8":"desktop-align-center","9":"tablet-align-center","10":"mobile-align-center","12":"first","13":"instock","14":"shipping-taxable","15":"purchasable","16":"product-type-simple"},"_links":{"self":[{"href":"https:\/\/blackrhinotoolpro.com\/index.php\/wp-json\/wp\/v2\/product\/845","targetHints":{"allow":["GET"]}}],"collection":[{"href":"https:\/\/blackrhinotoolpro.com\/index.php\/wp-json\/wp\/v2\/product"}],"about":[{"href":"https:\/\/blackrhinotoolpro.com\/index.php\/wp-json\/wp\/v2\/types\/product"}],"wp:featuredmedia":[{"embeddable":true,"href":"https:\/\/blackrhinotoolpro.com\/index.php\/wp-json\/wp\/v2\/media\/861"}],"wp:attachment":[{"href":"https:\/\/blackrhinotoolpro.com\/index.php\/wp-json\/wp\/v2\/media?parent=845"}],"wp:term":[{"taxonomy":"product_brand","embeddable":true,"href":"https:\/\/blackrhinotoolpro.com\/index.php\/wp-json\/wp\/v2\/product_brand?post=845"},{"taxonomy":"product_cat","embeddable":true,"href":"https:\/\/blackrhinotoolpro.com\/index.php\/wp-json\/wp\/v2\/product_cat?post=845"},{"taxonomy":"product_tag","embeddable":true,"href":"https:\/\/blackrhinotoolpro.com\/index.php\/wp-json\/wp\/v2\/product_tag?post=845"}],"curies":[{"name":"wp","href":"https:\/\/api.w.org\/{rel}","templated":true}]}}