{"id":835,"date":"2025-05-27T23:00:01","date_gmt":"2025-05-27T23:00:01","guid":{"rendered":"https:\/\/blackrhinotoolpro.com\/?post_type=product&#038;p=835"},"modified":"2025-12-01T13:31:18","modified_gmt":"2025-12-01T13:31:18","slug":"rh-2252-juego-de-llaves-fijas-de-doble-boca-8-piezas","status":"publish","type":"product","link":"https:\/\/blackrhinotoolpro.com\/index.php\/producto\/rh-2252-juego-de-llaves-fijas-de-doble-boca-8-piezas\/","title":{"rendered":"RH-2301 Juego de Llaves de Estrella Acodada 8PC"},"content":{"rendered":"<div>Caracter\u00edsticas:<\/div>\n<div><\/div>\n<p><span lang=\"ES\">-Juego de llaves de estrellas acodadas de 8 piezas en los siguientes tama\u00f1os: (6x7mm, 8x9mm, 10x11mm, 12x13mm, 14x15mm, 16x17mm, 18x19mm, 20x22mm)<\/span><\/p>\n<p><span lang=\"ES\">-Extremos con una forma especial y un \u00e1ngulo de 15 \u00b0 proporcionan un mejor acceso en espacios reducidos<\/span><\/p>\n<p><span lang=\"ES\">-Hechas de acero al cromo vanadio endurecido, templado y forjado en estampa<\/span><\/p>\n<p><span lang=\"ES\">-Acabados de n\u00edquel cromado brinda una mayor resistencia contra la corrosi\u00f3n<\/span><\/p>\n<p><span lang=\"ES\">-Dise\u00f1o delgado para un acceso \u00f3ptimo <\/span><\/p>\n<p><span lang=\"ES\">-Es bastante ideal tanto para usuarios profesionales como dom\u00e9sticos<\/span><\/p>\n<div>-Proporcionado en una bolsa enrollable para un almacenamiento y transporte m\u00e1s f\u00e1cil<\/div>\n<p>&nbsp;<\/p>\n<div id=\"panelsStayOpen-collapseTwo\" class=\"accordion-collapse collapse show\" aria-labelledby=\"panelsStayOpen-headingTwo\">\n<div class=\"accordion-body\">\n<div class=\"ExternalClassD8458C63106C422DAD9D433DFC8A6EE0\">\n<p><span lang=\"ES\">La llave de estrella acodada en una herramienta manual que tiene dos extremos en forma de estrella con un \u00e1ngulo de 15 \u00b0, adecuado para alcanzar a los espacios reducidos. <\/span><span lang=\"ES\">El juego de llaves de estrella acodadas Ronix RH-3201 incluye en 8 piezas de llaves pr\u00e1cticas en 8 diferentes tama\u00f1os. Todas estas llaves est\u00e1n fabricadas de cromo vanadio, lo cual ofrece la mejor resistencia y durabilidad del producto. Para obtener m\u00e1s informaci\u00f3n sobre los tama\u00f1os de los productos, echen un vistazo a la parte de la especificaci\u00f3n. Es un producto vers\u00e1til para las tareas de bricolaje (HUM), talleres mec\u00e1nicos, reparaciones menores de \u00edndole dom\u00e9stica y otros empleos correspondientes.<\/span><\/p>\n<\/div>\n<\/div>\n<\/div>\n","protected":false},"excerpt":{"rendered":"<p>Caracter\u00edsticas: -Juego de llaves de estrellas acodadas de 8 piezas en los siguientes tama\u00f1os: (6x7mm, 8x9mm, 10x11mm, 12x13mm, 14x15mm, 16x17mm, [&hellip;]<\/p>\n","protected":false},"featured_media":843,"template":"","meta":{"content-type":"","site-sidebar-layout":"default","site-content-layout":"","ast-site-content-layout":"default","site-content-style":"default","site-sidebar-style":"default","ast-global-header-display":"","ast-banner-title-visibility":"","ast-main-header-display":"","ast-hfb-above-header-display":"","ast-hfb-below-header-display":"","ast-hfb-mobile-header-display":"","site-post-title":"","ast-breadcrumbs-content":"","ast-featured-img":"","footer-sml-layout":"","ast-disable-related-posts":"","theme-transparent-header-meta":"default","adv-header-id-meta":"","stick-header-meta":"","header-above-stick-meta":"","header-main-stick-meta":"","header-below-stick-meta":"","astra-migrate-meta-layouts":"set","ast-page-background-enabled":"default","ast-page-background-meta":{"desktop":{"background-color":"var(--ast-global-color-5)","background-image":"","background-repeat":"repeat","background-position":"center center","background-size":"auto","background-attachment":"scroll","background-type":"","background-media":"","overlay-type":"","overlay-color":"","overlay-opacity":"","overlay-gradient":""},"tablet":{"background-color":"","background-image":"","background-repeat":"repeat","background-position":"center center","background-size":"auto","background-attachment":"scroll","background-type":"","background-media":"","overlay-type":"","overlay-color":"","overlay-opacity":"","overlay-gradient":""},"mobile":{"background-color":"","background-image":"","background-repeat":"repeat","background-position":"center center","background-size":"auto","background-attachment":"scroll","background-type":"","background-media":"","overlay-type":"","overlay-color":"","overlay-opacity":"","overlay-gradient":""}},"ast-content-background-meta":{"desktop":{"background-color":"var(--ast-global-color-4)","background-image":"","background-repeat":"repeat","background-position":"center center","background-size":"auto","background-attachment":"scroll","background-type":"","background-media":"","overlay-type":"","overlay-color":"","overlay-opacity":"","overlay-gradient":""},"tablet":{"background-color":"var(--ast-global-color-4)","background-image":"","background-repeat":"repeat","background-position":"center center","background-size":"auto","background-attachment":"scroll","background-type":"","background-media":"","overlay-type":"","overlay-color":"","overlay-opacity":"","overlay-gradient":""},"mobile":{"background-color":"var(--ast-global-color-4)","background-image":"","background-repeat":"repeat","background-position":"center center","background-size":"auto","background-attachment":"scroll","background-type":"","background-media":"","overlay-type":"","overlay-color":"","overlay-opacity":"","overlay-gradient":""}}},"product_brand":[],"product_cat":[33,65],"product_tag":[],"class_list":{"0":"post-835","1":"product","2":"type-product","3":"status-publish","4":"has-post-thumbnail","6":"product_cat-ferreteria","7":"product_cat-herramientas-manuales","8":"desktop-align-center","9":"tablet-align-center","10":"mobile-align-center","12":"first","13":"instock","14":"shipping-taxable","15":"purchasable","16":"product-type-simple"},"_links":{"self":[{"href":"https:\/\/blackrhinotoolpro.com\/index.php\/wp-json\/wp\/v2\/product\/835","targetHints":{"allow":["GET"]}}],"collection":[{"href":"https:\/\/blackrhinotoolpro.com\/index.php\/wp-json\/wp\/v2\/product"}],"about":[{"href":"https:\/\/blackrhinotoolpro.com\/index.php\/wp-json\/wp\/v2\/types\/product"}],"wp:featuredmedia":[{"embeddable":true,"href":"https:\/\/blackrhinotoolpro.com\/index.php\/wp-json\/wp\/v2\/media\/843"}],"wp:attachment":[{"href":"https:\/\/blackrhinotoolpro.com\/index.php\/wp-json\/wp\/v2\/media?parent=835"}],"wp:term":[{"taxonomy":"product_brand","embeddable":true,"href":"https:\/\/blackrhinotoolpro.com\/index.php\/wp-json\/wp\/v2\/product_brand?post=835"},{"taxonomy":"product_cat","embeddable":true,"href":"https:\/\/blackrhinotoolpro.com\/index.php\/wp-json\/wp\/v2\/product_cat?post=835"},{"taxonomy":"product_tag","embeddable":true,"href":"https:\/\/blackrhinotoolpro.com\/index.php\/wp-json\/wp\/v2\/product_tag?post=835"}],"curies":[{"name":"wp","href":"https:\/\/api.w.org\/{rel}","templated":true}]}}