{"id":824,"date":"2025-05-27T22:43:09","date_gmt":"2025-05-27T22:43:09","guid":{"rendered":"https:\/\/blackrhinotoolpro.com\/?post_type=product&#038;p=824"},"modified":"2025-12-01T13:31:18","modified_gmt":"2025-12-01T13:31:18","slug":"rh-2202-juego-de-llaves-de-doble-boca-12-piezas","status":"publish","type":"product","link":"https:\/\/blackrhinotoolpro.com\/index.php\/producto\/rh-2202-juego-de-llaves-de-doble-boca-12-piezas\/","title":{"rendered":"RH-2202 Juego de llaves de doble boca (12 piezas)"},"content":{"rendered":"<div>Caracter\u00edsticas:<\/div>\n<div><\/div>\n<p>-Juego de llaves fijas de doble boca (12 unidades)<\/p>\n<p>&#8211; Acero CR-V forjado en estampa y templado<\/p>\n<p>&#8211; Ideal para profesionales y usuarios dom\u00e9sticos<\/p>\n<p>&#8211; Se suministra en bolsa de pl\u00e1stico para facilitar su almacenamiento y transporte<\/p>\n<p>&nbsp;<\/p>\n<p>El juego de llaves fijas dobles Ronix RH-2202 de 12 piezas incluye llaves de alta calidad, duraderas, f\u00e1ciles de usar y vers\u00e1tiles. Nuestro juego incluye 12 llaves m\u00e9tricas de los siguientes tama\u00f1os: 6\u00d77 mm, 8\u00d79 mm, 10\u00d711 mm, 12\u00d713 mm, 14\u00d715 mm, 16\u00d717 mm, 18\u00d719 mm, 20\u00d722 mm, 21\u00d723 mm, 24\u00d727 mm, 25\u00d728 mm y 30\u00d732 mm.<\/p>\n<p>Este juego es completo e ideal tanto para profesionales como para usuarios dom\u00e9sticos. Todas las llaves se suministran en una bolsa de pl\u00e1stico para facilitar su almacenamiento, transporte y organizaci\u00f3n. Nuestras llaves fijas dobles tienen un dise\u00f1o delgado que facilita su uso en espacios reducidos.<\/p>\n<p>Todas estas llaves est\u00e1n fabricadas en acero al cromo vanadio forjado y templado. Adem\u00e1s, cuentan con un acabado cromado arenado que las hace excepcionalmente resistentes a la corrosi\u00f3n, haci\u00e9ndolas extremadamente resistentes y duraderas.<\/p>\n<p>Despl\u00e1cese hacia abajo para leer m\u00e1s sobre estas incre\u00edbles herramientas manuales.<\/p>\n<p>&nbsp;<\/p>\n<table>\n<tbody>\n<tr>\n<td>Model<\/td>\n<td>RH-2202<\/td>\n<\/tr>\n<tr>\n<td>Product Dimensions<\/td>\n<td>6*7 mm ,8*9 mm ,10*11 mm ,12*13 mm ,14*15 mm ,16*17 mm ,18*19 mm ,20*22 mm ,21*23mm ,24*27mm ,25*28mm ,30*32mm<\/td>\n<\/tr>\n<tr>\n<td>Material<\/td>\n<td>CR-V<\/td>\n<\/tr>\n<tr>\n<td>Type<\/td>\n<td>Double Open End<\/td>\n<\/tr>\n<\/tbody>\n<\/table>\n","protected":false},"excerpt":{"rendered":"<p>Caracter\u00edsticas: -Juego de llaves fijas de doble boca (12 unidades) &#8211; Acero CR-V forjado en estampa y templado &#8211; Ideal [&hellip;]<\/p>\n","protected":false},"featured_media":826,"template":"","meta":{"content-type":"","site-sidebar-layout":"default","site-content-layout":"","ast-site-content-layout":"default","site-content-style":"default","site-sidebar-style":"default","ast-global-header-display":"","ast-banner-title-visibility":"","ast-main-header-display":"","ast-hfb-above-header-display":"","ast-hfb-below-header-display":"","ast-hfb-mobile-header-display":"","site-post-title":"","ast-breadcrumbs-content":"","ast-featured-img":"","footer-sml-layout":"","ast-disable-related-posts":"","theme-transparent-header-meta":"default","adv-header-id-meta":"","stick-header-meta":"","header-above-stick-meta":"","header-main-stick-meta":"","header-below-stick-meta":"","astra-migrate-meta-layouts":"set","ast-page-background-enabled":"default","ast-page-background-meta":{"desktop":{"background-color":"var(--ast-global-color-5)","background-image":"","background-repeat":"repeat","background-position":"center center","background-size":"auto","background-attachment":"scroll","background-type":"","background-media":"","overlay-type":"","overlay-color":"","overlay-opacity":"","overlay-gradient":""},"tablet":{"background-color":"","background-image":"","background-repeat":"repeat","background-position":"center center","background-size":"auto","background-attachment":"scroll","background-type":"","background-media":"","overlay-type":"","overlay-color":"","overlay-opacity":"","overlay-gradient":""},"mobile":{"background-color":"","background-image":"","background-repeat":"repeat","background-position":"center center","background-size":"auto","background-attachment":"scroll","background-type":"","background-media":"","overlay-type":"","overlay-color":"","overlay-opacity":"","overlay-gradient":""}},"ast-content-background-meta":{"desktop":{"background-color":"var(--ast-global-color-4)","background-image":"","background-repeat":"repeat","background-position":"center center","background-size":"auto","background-attachment":"scroll","background-type":"","background-media":"","overlay-type":"","overlay-color":"","overlay-opacity":"","overlay-gradient":""},"tablet":{"background-color":"var(--ast-global-color-4)","background-image":"","background-repeat":"repeat","background-position":"center center","background-size":"auto","background-attachment":"scroll","background-type":"","background-media":"","overlay-type":"","overlay-color":"","overlay-opacity":"","overlay-gradient":""},"mobile":{"background-color":"var(--ast-global-color-4)","background-image":"","background-repeat":"repeat","background-position":"center center","background-size":"auto","background-attachment":"scroll","background-type":"","background-media":"","overlay-type":"","overlay-color":"","overlay-opacity":"","overlay-gradient":""}}},"product_brand":[],"product_cat":[33,65],"product_tag":[],"class_list":{"0":"post-824","1":"product","2":"type-product","3":"status-publish","4":"has-post-thumbnail","6":"product_cat-ferreteria","7":"product_cat-herramientas-manuales","8":"desktop-align-center","9":"tablet-align-center","10":"mobile-align-center","12":"first","13":"instock","14":"shipping-taxable","15":"purchasable","16":"product-type-simple"},"_links":{"self":[{"href":"https:\/\/blackrhinotoolpro.com\/index.php\/wp-json\/wp\/v2\/product\/824","targetHints":{"allow":["GET"]}}],"collection":[{"href":"https:\/\/blackrhinotoolpro.com\/index.php\/wp-json\/wp\/v2\/product"}],"about":[{"href":"https:\/\/blackrhinotoolpro.com\/index.php\/wp-json\/wp\/v2\/types\/product"}],"wp:featuredmedia":[{"embeddable":true,"href":"https:\/\/blackrhinotoolpro.com\/index.php\/wp-json\/wp\/v2\/media\/826"}],"wp:attachment":[{"href":"https:\/\/blackrhinotoolpro.com\/index.php\/wp-json\/wp\/v2\/media?parent=824"}],"wp:term":[{"taxonomy":"product_brand","embeddable":true,"href":"https:\/\/blackrhinotoolpro.com\/index.php\/wp-json\/wp\/v2\/product_brand?post=824"},{"taxonomy":"product_cat","embeddable":true,"href":"https:\/\/blackrhinotoolpro.com\/index.php\/wp-json\/wp\/v2\/product_cat?post=824"},{"taxonomy":"product_tag","embeddable":true,"href":"https:\/\/blackrhinotoolpro.com\/index.php\/wp-json\/wp\/v2\/product_tag?post=824"}],"curies":[{"name":"wp","href":"https:\/\/api.w.org\/{rel}","templated":true}]}}