{"id":761,"date":"2025-05-10T00:48:40","date_gmt":"2025-05-10T00:48:40","guid":{"rendered":"https:\/\/blackrhinotoolpro.com\/?post_type=product&#038;p=761"},"modified":"2026-01-09T19:46:44","modified_gmt":"2026-01-09T19:46:44","slug":"rh-6217-pistola-pulverizadora-de-taza-plastica-y-boquilla-1-7mm-copia","status":"publish","type":"product","link":"https:\/\/blackrhinotoolpro.com\/index.php\/producto\/rh-6217-pistola-pulverizadora-de-taza-plastica-y-boquilla-1-7mm-copia\/","title":{"rendered":"RH-6416 Pistola Pulverizadora HVLP de Alimentaci\u00f3n por Gravedad &#8211; 1.6mm"},"content":{"rendered":"<div id=\"panelsStayOpen-headingOne\" class=\"accordion-header\">Caracter\u00edsticas:<\/div>\n<div id=\"panelsStayOpen-collapseOne\" class=\"accordion-collapse collapse show\" aria-labelledby=\"panelsStayOpen-headingOne\">\n<div class=\"accordion-body\">\n<div><\/div>\n<p><span lang=\"ES\">-Pistola pulverizadora HVLP de alta eficiencia con una boquilla de 1.6mm, as\u00ed como una taza de aluminio de 600 ml de capacidad<\/span><\/p>\n<p><span lang=\"ES\">-Pistola pulverizadora profesional HVLP con alimentaci\u00f3n por gravedad que de f\u00e1cil manejo<\/span><\/p>\n<p><span lang=\"ES\">-Dise\u00f1ado ergon\u00f3micamente en aluminio con acabado cromado, dotado de un gatillo f\u00e1cil de apretar<\/span><\/p>\n<p><span lang=\"ES\">-Pistola pulverizadora manual para llevar a cabo diferentes tareas de pintura con solo presionar el gatillo<\/span><\/p>\n<p><span lang=\"ES\">-La tapa de lat\u00f3n de alta calidad y la boquilla de acero inoxidable son anti\u00f3xidos para garantizar la durabilidad del dispositivo<\/span><\/p>\n<p><span lang=\"ES\">-Un dise\u00f1o especial facilita una pintura con alto rendimiento y eficiencia<\/span><\/p>\n<p><span lang=\"ES\">-La taza de alimentaci\u00f3n por gravedad de 600ml facilita la limpieza y reduce el desperdicio de materiales<\/span><\/p>\n<p><span lang=\"ES\">-Carcasa de aluminio pulido ha facilitado el bajo peso del dispositivo y una manipulaci\u00f3n sencilla <\/span><\/p>\n<div>-Ideal para la pintura automotriz, pintura de muebles y pintura de diferentes instrumentos y herramientas<\/div>\n<\/div>\n<\/div>\n","protected":false},"excerpt":{"rendered":"<p>Caracter\u00edsticas: -Pistola pulverizadora HVLP de alta eficiencia con una boquilla de 1.6mm, as\u00ed como una taza de aluminio de 600 [&hellip;]<\/p>\n","protected":false},"featured_media":764,"template":"","meta":{"content-type":"","site-sidebar-layout":"default","site-content-layout":"","ast-site-content-layout":"default","site-content-style":"default","site-sidebar-style":"default","ast-global-header-display":"","ast-banner-title-visibility":"","ast-main-header-display":"","ast-hfb-above-header-display":"","ast-hfb-below-header-display":"","ast-hfb-mobile-header-display":"","site-post-title":"","ast-breadcrumbs-content":"","ast-featured-img":"","footer-sml-layout":"","ast-disable-related-posts":"","theme-transparent-header-meta":"default","adv-header-id-meta":"","stick-header-meta":"","header-above-stick-meta":"","header-main-stick-meta":"","header-below-stick-meta":"","astra-migrate-meta-layouts":"set","ast-page-background-enabled":"default","ast-page-background-meta":{"desktop":{"background-color":"var(--ast-global-color-5)","background-image":"","background-repeat":"repeat","background-position":"center center","background-size":"auto","background-attachment":"scroll","background-type":"","background-media":"","overlay-type":"","overlay-color":"","overlay-opacity":"","overlay-gradient":""},"tablet":{"background-color":"","background-image":"","background-repeat":"repeat","background-position":"center center","background-size":"auto","background-attachment":"scroll","background-type":"","background-media":"","overlay-type":"","overlay-color":"","overlay-opacity":"","overlay-gradient":""},"mobile":{"background-color":"","background-image":"","background-repeat":"repeat","background-position":"center center","background-size":"auto","background-attachment":"scroll","background-type":"","background-media":"","overlay-type":"","overlay-color":"","overlay-opacity":"","overlay-gradient":""}},"ast-content-background-meta":{"desktop":{"background-color":"var(--ast-global-color-4)","background-image":"","background-repeat":"repeat","background-position":"center center","background-size":"auto","background-attachment":"scroll","background-type":"","background-media":"","overlay-type":"","overlay-color":"","overlay-opacity":"","overlay-gradient":""},"tablet":{"background-color":"var(--ast-global-color-4)","background-image":"","background-repeat":"repeat","background-position":"center center","background-size":"auto","background-attachment":"scroll","background-type":"","background-media":"","overlay-type":"","overlay-color":"","overlay-opacity":"","overlay-gradient":""},"mobile":{"background-color":"var(--ast-global-color-4)","background-image":"","background-repeat":"repeat","background-position":"center center","background-size":"auto","background-attachment":"scroll","background-type":"","background-media":"","overlay-type":"","overlay-color":"","overlay-opacity":"","overlay-gradient":""}}},"product_brand":[],"product_cat":[33,62],"product_tag":[],"class_list":{"0":"post-761","1":"product","2":"type-product","3":"status-publish","4":"has-post-thumbnail","6":"product_cat-ferreteria","7":"product_cat-pistola-de-pintar","8":"desktop-align-center","9":"tablet-align-center","10":"mobile-align-center","12":"first","13":"instock","14":"shipping-taxable","15":"purchasable","16":"product-type-simple"},"_links":{"self":[{"href":"https:\/\/blackrhinotoolpro.com\/index.php\/wp-json\/wp\/v2\/product\/761","targetHints":{"allow":["GET"]}}],"collection":[{"href":"https:\/\/blackrhinotoolpro.com\/index.php\/wp-json\/wp\/v2\/product"}],"about":[{"href":"https:\/\/blackrhinotoolpro.com\/index.php\/wp-json\/wp\/v2\/types\/product"}],"wp:featuredmedia":[{"embeddable":true,"href":"https:\/\/blackrhinotoolpro.com\/index.php\/wp-json\/wp\/v2\/media\/764"}],"wp:attachment":[{"href":"https:\/\/blackrhinotoolpro.com\/index.php\/wp-json\/wp\/v2\/media?parent=761"}],"wp:term":[{"taxonomy":"product_brand","embeddable":true,"href":"https:\/\/blackrhinotoolpro.com\/index.php\/wp-json\/wp\/v2\/product_brand?post=761"},{"taxonomy":"product_cat","embeddable":true,"href":"https:\/\/blackrhinotoolpro.com\/index.php\/wp-json\/wp\/v2\/product_cat?post=761"},{"taxonomy":"product_tag","embeddable":true,"href":"https:\/\/blackrhinotoolpro.com\/index.php\/wp-json\/wp\/v2\/product_tag?post=761"}],"curies":[{"name":"wp","href":"https:\/\/api.w.org\/{rel}","templated":true}]}}