{"id":727,"date":"2025-05-09T00:54:13","date_gmt":"2025-05-09T00:54:13","guid":{"rendered":"https:\/\/blackrhinotoolpro.com\/?post_type=product&#038;p=727"},"modified":"2026-02-13T23:10:06","modified_gmt":"2026-02-13T23:10:06","slug":"rh-4264-mini-air-compressor-7bar","status":"publish","type":"product","link":"https:\/\/blackrhinotoolpro.com\/index.php\/producto\/rh-4264-mini-air-compressor-7bar\/","title":{"rendered":"RH-4264 Mini Compresor de Aire 7Bar"},"content":{"rendered":"<p>Caracter\u00edsticas:<\/p>\n<p>Bomba y motor de alta eficiencia para una capacidad real de 100 PSI<br \/>\nEquipado con luz LED de alta eficiencia, por lo que tambi\u00e9n puede usarse como linterna<br \/>\nIncluye diferentes adaptadores para una amplia variedad de aplicaciones<br \/>\nSe conecta directamente al encendedor de su veh\u00edculo<br \/>\nBases para encendedores de coche para mayor estabilidad<br \/>\nHerramienta multifunci\u00f3n ideal para inflar neum\u00e1ticos de coches, motos, sedanes, etc.<br \/>\nEquipado con soporte para mayor comodidad durante el uso continuo<\/p>\n<div>Los minicompresores de aire son la opci\u00f3n ideal para quienes necesitan alimentar herramientas neum\u00e1ticas o inflar art\u00edculos en lugares remotos o con espacio limitado. Por ejemplo, son \u00fatiles para alimentar aer\u00f3grafos, clavadoras y grapadoras, as\u00ed como para inflar neum\u00e1ticos de bicicleta, colchones inflables y juguetes de piscina. Con su gran versatilidad en mente, hemos equipado nuestro modelo RH-4264 con todas las caracter\u00edsticas y capacidades necesarias para prosperar en tales situaciones y escenarios. Adem\u00e1s de su presi\u00f3n m\u00e1xima de aire de 100 PSI, este modelo puede producir hasta 35 LPM de flujo de aire, lo que aumenta considerablemente su versatilidad. Si busca un compresor de aire peque\u00f1o y altamente port\u00e1til que funcione en cualquier entorno, nuestro RH-4264 es la opci\u00f3n ideal. Siga leyendo para conocer m\u00e1s sobre sus capacidades y caracter\u00edsticas.<\/div>\n","protected":false},"excerpt":{"rendered":"<p>Caracter\u00edsticas: Bomba y motor de alta eficiencia para una capacidad real de 100 PSI Equipado con luz LED de alta [&hellip;]<\/p>\n","protected":false},"featured_media":729,"template":"","meta":{"content-type":"","site-sidebar-layout":"default","site-content-layout":"","ast-site-content-layout":"default","site-content-style":"default","site-sidebar-style":"default","ast-global-header-display":"","ast-banner-title-visibility":"","ast-main-header-display":"","ast-hfb-above-header-display":"","ast-hfb-below-header-display":"","ast-hfb-mobile-header-display":"","site-post-title":"","ast-breadcrumbs-content":"","ast-featured-img":"","footer-sml-layout":"","ast-disable-related-posts":"","theme-transparent-header-meta":"default","adv-header-id-meta":"","stick-header-meta":"","header-above-stick-meta":"","header-main-stick-meta":"","header-below-stick-meta":"","astra-migrate-meta-layouts":"set","ast-page-background-enabled":"default","ast-page-background-meta":{"desktop":{"background-color":"var(--ast-global-color-5)","background-image":"","background-repeat":"repeat","background-position":"center center","background-size":"auto","background-attachment":"scroll","background-type":"","background-media":"","overlay-type":"","overlay-color":"","overlay-opacity":"","overlay-gradient":""},"tablet":{"background-color":"","background-image":"","background-repeat":"repeat","background-position":"center center","background-size":"auto","background-attachment":"scroll","background-type":"","background-media":"","overlay-type":"","overlay-color":"","overlay-opacity":"","overlay-gradient":""},"mobile":{"background-color":"","background-image":"","background-repeat":"repeat","background-position":"center center","background-size":"auto","background-attachment":"scroll","background-type":"","background-media":"","overlay-type":"","overlay-color":"","overlay-opacity":"","overlay-gradient":""}},"ast-content-background-meta":{"desktop":{"background-color":"var(--ast-global-color-4)","background-image":"","background-repeat":"repeat","background-position":"center center","background-size":"auto","background-attachment":"scroll","background-type":"","background-media":"","overlay-type":"","overlay-color":"","overlay-opacity":"","overlay-gradient":""},"tablet":{"background-color":"var(--ast-global-color-4)","background-image":"","background-repeat":"repeat","background-position":"center center","background-size":"auto","background-attachment":"scroll","background-type":"","background-media":"","overlay-type":"","overlay-color":"","overlay-opacity":"","overlay-gradient":""},"mobile":{"background-color":"var(--ast-global-color-4)","background-image":"","background-repeat":"repeat","background-position":"center center","background-size":"auto","background-attachment":"scroll","background-type":"","background-media":"","overlay-type":"","overlay-color":"","overlay-opacity":"","overlay-gradient":""}}},"product_brand":[],"product_cat":[61,33,135],"product_tag":[],"class_list":{"0":"post-727","1":"product","2":"type-product","3":"status-publish","4":"has-post-thumbnail","6":"product_cat-compresor-de-aire-12v","7":"product_cat-ferreteria","8":"product_cat-mini-compresor-12v","9":"desktop-align-center","10":"tablet-align-center","11":"mobile-align-center","13":"first","14":"instock","15":"shipping-taxable","16":"purchasable","17":"product-type-simple"},"_links":{"self":[{"href":"https:\/\/blackrhinotoolpro.com\/index.php\/wp-json\/wp\/v2\/product\/727","targetHints":{"allow":["GET"]}}],"collection":[{"href":"https:\/\/blackrhinotoolpro.com\/index.php\/wp-json\/wp\/v2\/product"}],"about":[{"href":"https:\/\/blackrhinotoolpro.com\/index.php\/wp-json\/wp\/v2\/types\/product"}],"wp:featuredmedia":[{"embeddable":true,"href":"https:\/\/blackrhinotoolpro.com\/index.php\/wp-json\/wp\/v2\/media\/729"}],"wp:attachment":[{"href":"https:\/\/blackrhinotoolpro.com\/index.php\/wp-json\/wp\/v2\/media?parent=727"}],"wp:term":[{"taxonomy":"product_brand","embeddable":true,"href":"https:\/\/blackrhinotoolpro.com\/index.php\/wp-json\/wp\/v2\/product_brand?post=727"},{"taxonomy":"product_cat","embeddable":true,"href":"https:\/\/blackrhinotoolpro.com\/index.php\/wp-json\/wp\/v2\/product_cat?post=727"},{"taxonomy":"product_tag","embeddable":true,"href":"https:\/\/blackrhinotoolpro.com\/index.php\/wp-json\/wp\/v2\/product_tag?post=727"}],"curies":[{"name":"wp","href":"https:\/\/api.w.org\/{rel}","templated":true}]}}