{"id":705,"date":"2025-05-09T00:41:42","date_gmt":"2025-05-09T00:41:42","guid":{"rendered":"https:\/\/blackrhinotoolpro.com\/?post_type=product&#038;p=705"},"modified":"2026-03-25T01:24:07","modified_gmt":"2026-03-25T01:24:07","slug":"rh-4260-mini-compresor-de-aire-digital-dc12v","status":"publish","type":"product","link":"https:\/\/blackrhinotoolpro.com\/index.php\/producto\/rh-4260-mini-compresor-de-aire-digital-dc12v\/","title":{"rendered":"RH-4260 Mini Compresor de Aire Digital DC12V"},"content":{"rendered":"<p>Caracter\u00edsticas:<\/p>\n<p>-Bomba y motor de alta eficiencia para una capacidad real de 160 PSI<br \/>\n-Herramienta multifuncional adecuada para inflar neum\u00e1ticos de coches, bicicletas y &#8230;<br \/>\n-Viene con diferentes adaptadores para cumplir con una amplia gama de aplicaciones<br \/>\n-Se apaga autom\u00e1ticamente al alcanzar la presi\u00f3n de aire deseada<br \/>\n-Man\u00f3metro digital muestra el nivel de presi\u00f3n de aire<br \/>\n-Se conecta directamente al enchufe de encendedor de cigarrillos de su veh\u00edculo<br \/>\n-Equipado con un enchufe para encendedor de cigarrillos de 12V-DC<br \/>\n-Puede usarse como soplador a medida de instalar un tubo especial<br \/>\n-Dise\u00f1o ergon\u00f3mico del cuerpo de alta calidad permite un uso m\u00e1s conveniente<br \/>\n-Equipado con una luz LED de alta eficiencia que permite utilizarlo tambi\u00e9n como una linterna<br \/>\n-Dise\u00f1o especial para la colocaci\u00f3n de mangueras de aire y adaptadores<br \/>\n-Bases anchas brindan una mayor estabilidad a la m\u00e1quina<\/p>\n","protected":false},"excerpt":{"rendered":"<p>Caracter\u00edsticas: -Bomba y motor de alta eficiencia para una capacidad real de 160 PSI -Herramienta multifuncional adecuada para inflar neum\u00e1ticos [&hellip;]<\/p>\n","protected":false},"featured_media":725,"template":"","meta":{"content-type":"","site-sidebar-layout":"default","site-content-layout":"","ast-site-content-layout":"default","site-content-style":"default","site-sidebar-style":"default","ast-global-header-display":"","ast-banner-title-visibility":"","ast-main-header-display":"","ast-hfb-above-header-display":"","ast-hfb-below-header-display":"","ast-hfb-mobile-header-display":"","site-post-title":"","ast-breadcrumbs-content":"","ast-featured-img":"","footer-sml-layout":"","ast-disable-related-posts":"","theme-transparent-header-meta":"default","adv-header-id-meta":"","stick-header-meta":"","header-above-stick-meta":"","header-main-stick-meta":"","header-below-stick-meta":"","astra-migrate-meta-layouts":"set","ast-page-background-enabled":"default","ast-page-background-meta":{"desktop":{"background-color":"var(--ast-global-color-5)","background-image":"","background-repeat":"repeat","background-position":"center center","background-size":"auto","background-attachment":"scroll","background-type":"","background-media":"","overlay-type":"","overlay-color":"","overlay-opacity":"","overlay-gradient":""},"tablet":{"background-color":"","background-image":"","background-repeat":"repeat","background-position":"center center","background-size":"auto","background-attachment":"scroll","background-type":"","background-media":"","overlay-type":"","overlay-color":"","overlay-opacity":"","overlay-gradient":""},"mobile":{"background-color":"","background-image":"","background-repeat":"repeat","background-position":"center center","background-size":"auto","background-attachment":"scroll","background-type":"","background-media":"","overlay-type":"","overlay-color":"","overlay-opacity":"","overlay-gradient":""}},"ast-content-background-meta":{"desktop":{"background-color":"var(--ast-global-color-4)","background-image":"","background-repeat":"repeat","background-position":"center center","background-size":"auto","background-attachment":"scroll","background-type":"","background-media":"","overlay-type":"","overlay-color":"","overlay-opacity":"","overlay-gradient":""},"tablet":{"background-color":"var(--ast-global-color-4)","background-image":"","background-repeat":"repeat","background-position":"center center","background-size":"auto","background-attachment":"scroll","background-type":"","background-media":"","overlay-type":"","overlay-color":"","overlay-opacity":"","overlay-gradient":""},"mobile":{"background-color":"var(--ast-global-color-4)","background-image":"","background-repeat":"repeat","background-position":"center center","background-size":"auto","background-attachment":"scroll","background-type":"","background-media":"","overlay-type":"","overlay-color":"","overlay-opacity":"","overlay-gradient":""}}},"product_brand":[],"product_cat":[61,33,135],"product_tag":[],"class_list":{"0":"post-705","1":"product","2":"type-product","3":"status-publish","4":"has-post-thumbnail","6":"product_cat-compresor-de-aire-12v","7":"product_cat-ferreteria","8":"product_cat-mini-compresor-12v","9":"desktop-align-center","10":"tablet-align-center","11":"mobile-align-center","13":"first","14":"instock","15":"shipping-taxable","16":"purchasable","17":"product-type-simple"},"_links":{"self":[{"href":"https:\/\/blackrhinotoolpro.com\/index.php\/wp-json\/wp\/v2\/product\/705","targetHints":{"allow":["GET"]}}],"collection":[{"href":"https:\/\/blackrhinotoolpro.com\/index.php\/wp-json\/wp\/v2\/product"}],"about":[{"href":"https:\/\/blackrhinotoolpro.com\/index.php\/wp-json\/wp\/v2\/types\/product"}],"wp:featuredmedia":[{"embeddable":true,"href":"https:\/\/blackrhinotoolpro.com\/index.php\/wp-json\/wp\/v2\/media\/725"}],"wp:attachment":[{"href":"https:\/\/blackrhinotoolpro.com\/index.php\/wp-json\/wp\/v2\/media?parent=705"}],"wp:term":[{"taxonomy":"product_brand","embeddable":true,"href":"https:\/\/blackrhinotoolpro.com\/index.php\/wp-json\/wp\/v2\/product_brand?post=705"},{"taxonomy":"product_cat","embeddable":true,"href":"https:\/\/blackrhinotoolpro.com\/index.php\/wp-json\/wp\/v2\/product_cat?post=705"},{"taxonomy":"product_tag","embeddable":true,"href":"https:\/\/blackrhinotoolpro.com\/index.php\/wp-json\/wp\/v2\/product_tag?post=705"}],"curies":[{"name":"wp","href":"https:\/\/api.w.org\/{rel}","templated":true}]}}