{"id":686,"date":"2025-05-09T00:09:11","date_gmt":"2025-05-09T00:09:11","guid":{"rendered":"https:\/\/blackrhinotoolpro.com\/?post_type=product&#038;p=686"},"modified":"2026-03-25T01:24:36","modified_gmt":"2026-03-25T01:24:36","slug":"rs-8018-18v-cordless-drill-driver-set-53pcs-with-hand-tools-10mm-30n-m","status":"publish","type":"product","link":"https:\/\/blackrhinotoolpro.com\/index.php\/producto\/rs-8018-18v-cordless-drill-driver-set-53pcs-with-hand-tools-10mm-30n-m\/","title":{"rendered":"RS-8018 Juego de taladro atornillador inal\u00e1mbrico de 18 V (53 piezas, incluye herramientas manuales, 10 mm, 30 Nm)"},"content":{"rendered":"<p><strong>Caracter\u00edsticas:<\/strong><\/p>\n<p>Taladro potente y de alto rendimiento con 3 funciones: taladrar, atornillar y taladrar con percusi\u00f3n.<br \/>\n&#8211; Dise\u00f1o ergon\u00f3mico y ligero, pero con una potencia considerable.<br \/>\n&#8211; Bater\u00eda de litio de 1,5 Ah y 18 V de alto rendimiento y larga duraci\u00f3n.<br \/>\n&#8211; 21 posiciones de embrague que permiten un atornillado eficiente y preciso, reduciendo el da\u00f1o a los tornillos.<br \/>\n&#8211; Par m\u00e1ximo de 30 Nm que ofrece gran potencia y un rendimiento excepcional.<br \/>\n&#8211; 2 velocidades, ideales para aplicaciones de alta velocidad y alta potencia.<br \/>\n&#8211; Luz LED que ilumina la zona oscura y proporciona una luminosidad \u00f3ptima en el \u00e1rea de trabajo.<br \/>\n&#8211; Cuerpo de alta resistencia con empu\u00f1adura de goma que reduce el riesgo de da\u00f1os en caso de ca\u00eddas o golpes.<br \/>\n&#8211; Sistema de carga r\u00e1pida en el cargador que proporciona un rendimiento \u00f3ptimo en espacios reducidos.<\/p>\n<p><strong>Motor:<\/strong><\/p>\n<div class=\"accordion-item\">\n<div id=\"panelsStayOpen-collapse2\" class=\"accordion-collapse collapse show\" aria-labelledby=\"panelsStayOpen-heading2\">\n<div class=\"accordion-body\">El Ronix RS-8018 es un juego de herramientas manuales con un taladro atornillador de impacto inal\u00e1mbrico. Esta herramienta est\u00e1 impulsada por un potente motor que ofrece un par m\u00e1ximo de 30 Nm, lo que le proporciona al usuario un rendimiento excepcional. Con este par, su taladro atornillador de impacto inal\u00e1mbrico no tendr\u00e1 problemas para taladrar, atornillar y taladrar con percusi\u00f3n en superficies como madera, hormig\u00f3n o metal.<\/div>\n<div><\/div>\n<\/div>\n<\/div>\n<div>\n<div class=\"accordion-item\">\n<div><\/div>\n<\/div>\n<div class=\"accordion-item\">\n<div id=\"panelsStayOpen-heading6\" class=\"accordion-header\"><\/div>\n<\/div>\n<\/div>\n","protected":false},"excerpt":{"rendered":"<p>Caracter\u00edsticas: Taladro potente y de alto rendimiento con 3 funciones: taladrar, atornillar y taladrar con percusi\u00f3n. &#8211; Dise\u00f1o ergon\u00f3mico y [&hellip;]<\/p>\n","protected":false},"featured_media":689,"template":"","meta":{"content-type":"","site-sidebar-layout":"default","site-content-layout":"","ast-site-content-layout":"default","site-content-style":"default","site-sidebar-style":"default","ast-global-header-display":"","ast-banner-title-visibility":"","ast-main-header-display":"","ast-hfb-above-header-display":"","ast-hfb-below-header-display":"","ast-hfb-mobile-header-display":"","site-post-title":"","ast-breadcrumbs-content":"","ast-featured-img":"","footer-sml-layout":"","ast-disable-related-posts":"","theme-transparent-header-meta":"default","adv-header-id-meta":"","stick-header-meta":"","header-above-stick-meta":"","header-main-stick-meta":"","header-below-stick-meta":"","astra-migrate-meta-layouts":"set","ast-page-background-enabled":"default","ast-page-background-meta":{"desktop":{"background-color":"var(--ast-global-color-5)","background-image":"","background-repeat":"repeat","background-position":"center center","background-size":"auto","background-attachment":"scroll","background-type":"","background-media":"","overlay-type":"","overlay-color":"","overlay-opacity":"","overlay-gradient":""},"tablet":{"background-color":"","background-image":"","background-repeat":"repeat","background-position":"center center","background-size":"auto","background-attachment":"scroll","background-type":"","background-media":"","overlay-type":"","overlay-color":"","overlay-opacity":"","overlay-gradient":""},"mobile":{"background-color":"","background-image":"","background-repeat":"repeat","background-position":"center center","background-size":"auto","background-attachment":"scroll","background-type":"","background-media":"","overlay-type":"","overlay-color":"","overlay-opacity":"","overlay-gradient":""}},"ast-content-background-meta":{"desktop":{"background-color":"var(--ast-global-color-4)","background-image":"","background-repeat":"repeat","background-position":"center center","background-size":"auto","background-attachment":"scroll","background-type":"","background-media":"","overlay-type":"","overlay-color":"","overlay-opacity":"","overlay-gradient":""},"tablet":{"background-color":"var(--ast-global-color-4)","background-image":"","background-repeat":"repeat","background-position":"center center","background-size":"auto","background-attachment":"scroll","background-type":"","background-media":"","overlay-type":"","overlay-color":"","overlay-opacity":"","overlay-gradient":""},"mobile":{"background-color":"var(--ast-global-color-4)","background-image":"","background-repeat":"repeat","background-position":"center center","background-size":"auto","background-attachment":"scroll","background-type":"","background-media":"","overlay-type":"","overlay-color":"","overlay-opacity":"","overlay-gradient":""}}},"product_brand":[],"product_cat":[57,60,33,58],"product_tag":[],"class_list":{"0":"post-686","1":"product","2":"type-product","3":"status-publish","4":"has-post-thumbnail","6":"product_cat-atornillador-inalambrico","7":"product_cat-cajas-de-herramientas","8":"product_cat-ferreteria","9":"product_cat-herramienta-inalambrica","10":"desktop-align-center","11":"tablet-align-center","12":"mobile-align-center","14":"first","15":"instock","16":"shipping-taxable","17":"purchasable","18":"product-type-simple"},"_links":{"self":[{"href":"https:\/\/blackrhinotoolpro.com\/index.php\/wp-json\/wp\/v2\/product\/686","targetHints":{"allow":["GET"]}}],"collection":[{"href":"https:\/\/blackrhinotoolpro.com\/index.php\/wp-json\/wp\/v2\/product"}],"about":[{"href":"https:\/\/blackrhinotoolpro.com\/index.php\/wp-json\/wp\/v2\/types\/product"}],"wp:featuredmedia":[{"embeddable":true,"href":"https:\/\/blackrhinotoolpro.com\/index.php\/wp-json\/wp\/v2\/media\/689"}],"wp:attachment":[{"href":"https:\/\/blackrhinotoolpro.com\/index.php\/wp-json\/wp\/v2\/media?parent=686"}],"wp:term":[{"taxonomy":"product_brand","embeddable":true,"href":"https:\/\/blackrhinotoolpro.com\/index.php\/wp-json\/wp\/v2\/product_brand?post=686"},{"taxonomy":"product_cat","embeddable":true,"href":"https:\/\/blackrhinotoolpro.com\/index.php\/wp-json\/wp\/v2\/product_cat?post=686"},{"taxonomy":"product_tag","embeddable":true,"href":"https:\/\/blackrhinotoolpro.com\/index.php\/wp-json\/wp\/v2\/product_tag?post=686"}],"curies":[{"name":"wp","href":"https:\/\/api.w.org\/{rel}","templated":true}]}}