{"id":672,"date":"2025-05-08T23:31:02","date_gmt":"2025-05-08T23:31:02","guid":{"rendered":"https:\/\/blackrhinotoolpro.com\/?post_type=product&#038;p=672"},"modified":"2025-12-01T13:31:50","modified_gmt":"2025-12-01T13:31:50","slug":"8309-pulidora-inalambrica-de-doble-accion-de-150mm","status":"publish","type":"product","link":"https:\/\/blackrhinotoolpro.com\/index.php\/producto\/8309-pulidora-inalambrica-de-doble-accion-de-150mm\/","title":{"rendered":"8309 Pulidora inal\u00e1mbrica de doble acci\u00f3n de 150mm"},"content":{"rendered":"<p><strong>Caracter\u00edsticas:<\/strong><\/p>\n<p>&#8211; Potente motor que proporciona m\u00e1xima productividad y un rendimiento superior en diferentes funciones.<br \/>\n&#8211; Ajuste de velocidad variable de 2200 a 4800 RPM sin carga que permite trabajar a velocidades personalizadas para adaptarse a diversos materiales y aplicaciones.<br \/>\n&#8211; Ideal para acabado, pulido, encerado, abrillantado y desoxidaci\u00f3n.<br \/>\n&#8211; Protecci\u00f3n contra sobrecarga, sobredescarga, sobrecarga, cortocircuito y sobretemperatura.<br \/>\n&#8211; Indicador de capacidad de la bater\u00eda.<br \/>\n&#8211; Mango de agarre suave para reducir la fatiga del usuario.<\/p>\n<p><strong>Motor:<\/strong><\/p>\n<p>La pulidora inal\u00e1mbrica de doble acci\u00f3n Ronix 8309 cuenta con un potente motor que permite m\u00e1xima productividad y alto rendimiento en diversas operaciones. Esta pulidora cuenta con ajustes de velocidad variables de 2200 a 4800 RPM, lo que permite trabajar a velocidades preferidas, adapt\u00e1ndose a diferentes materiales y aplicaciones. La pulidora inal\u00e1mbrica Ronix 8309 es ideal para acabado, pulido, encerado, abrillantado y desoxidaci\u00f3n. Esta herramienta cuenta con protecci\u00f3n contra sobrecarga, sobredescarga, sobrecarga, cortocircuito y sobrecalentamiento.<\/p>\n<p>Al sostener la Ronix 8309 en la mano, notar\u00e1 que pesa solo 0,94 kg. Esta pulidora es especialmente compacta, lo que le permite usarla sin molestias y guardarla f\u00e1cilmente al terminar de pulir. Su mango suave facilita su manejo y reduce la fatiga del usuario.<\/p>\n<p><strong>Rueda de Pulir:<\/strong><\/p>\n<p>El di\u00e1metro de la rueda de pulido es de 150 mm. Adem\u00e1s, incorpora un disco de esponja fundida de alta calidad, lo que permite su uso en diversas aplicaciones.<\/p>\n","protected":false},"excerpt":{"rendered":"<p>Caracter\u00edsticas: &#8211; Potente motor que proporciona m\u00e1xima productividad y un rendimiento superior en diferentes funciones. &#8211; Ajuste de velocidad variable [&hellip;]<\/p>\n","protected":false},"featured_media":673,"template":"","meta":{"content-type":"","site-sidebar-layout":"default","site-content-layout":"","ast-site-content-layout":"default","site-content-style":"default","site-sidebar-style":"default","ast-global-header-display":"","ast-banner-title-visibility":"","ast-main-header-display":"","ast-hfb-above-header-display":"","ast-hfb-below-header-display":"","ast-hfb-mobile-header-display":"","site-post-title":"","ast-breadcrumbs-content":"","ast-featured-img":"","footer-sml-layout":"","ast-disable-related-posts":"","theme-transparent-header-meta":"default","adv-header-id-meta":"","stick-header-meta":"","header-above-stick-meta":"","header-main-stick-meta":"","header-below-stick-meta":"","astra-migrate-meta-layouts":"set","ast-page-background-enabled":"default","ast-page-background-meta":{"desktop":{"background-color":"var(--ast-global-color-5)","background-image":"","background-repeat":"repeat","background-position":"center center","background-size":"auto","background-attachment":"scroll","background-type":"","background-media":"","overlay-type":"","overlay-color":"","overlay-opacity":"","overlay-gradient":""},"tablet":{"background-color":"","background-image":"","background-repeat":"repeat","background-position":"center center","background-size":"auto","background-attachment":"scroll","background-type":"","background-media":"","overlay-type":"","overlay-color":"","overlay-opacity":"","overlay-gradient":""},"mobile":{"background-color":"","background-image":"","background-repeat":"repeat","background-position":"center center","background-size":"auto","background-attachment":"scroll","background-type":"","background-media":"","overlay-type":"","overlay-color":"","overlay-opacity":"","overlay-gradient":""}},"ast-content-background-meta":{"desktop":{"background-color":"var(--ast-global-color-4)","background-image":"","background-repeat":"repeat","background-position":"center center","background-size":"auto","background-attachment":"scroll","background-type":"","background-media":"","overlay-type":"","overlay-color":"","overlay-opacity":"","overlay-gradient":""},"tablet":{"background-color":"var(--ast-global-color-4)","background-image":"","background-repeat":"repeat","background-position":"center center","background-size":"auto","background-attachment":"scroll","background-type":"","background-media":"","overlay-type":"","overlay-color":"","overlay-opacity":"","overlay-gradient":""},"mobile":{"background-color":"var(--ast-global-color-4)","background-image":"","background-repeat":"repeat","background-position":"center center","background-size":"auto","background-attachment":"scroll","background-type":"","background-media":"","overlay-type":"","overlay-color":"","overlay-opacity":"","overlay-gradient":""}}},"product_brand":[],"product_cat":[33,58,59],"product_tag":[],"class_list":{"0":"post-672","1":"product","2":"type-product","3":"status-publish","4":"has-post-thumbnail","6":"product_cat-ferreteria","7":"product_cat-herramienta-inalambrica","8":"product_cat-pulidora","9":"desktop-align-center","10":"tablet-align-center","11":"mobile-align-center","13":"first","14":"instock","15":"shipping-taxable","16":"purchasable","17":"product-type-simple"},"_links":{"self":[{"href":"https:\/\/blackrhinotoolpro.com\/index.php\/wp-json\/wp\/v2\/product\/672","targetHints":{"allow":["GET"]}}],"collection":[{"href":"https:\/\/blackrhinotoolpro.com\/index.php\/wp-json\/wp\/v2\/product"}],"about":[{"href":"https:\/\/blackrhinotoolpro.com\/index.php\/wp-json\/wp\/v2\/types\/product"}],"wp:featuredmedia":[{"embeddable":true,"href":"https:\/\/blackrhinotoolpro.com\/index.php\/wp-json\/wp\/v2\/media\/673"}],"wp:attachment":[{"href":"https:\/\/blackrhinotoolpro.com\/index.php\/wp-json\/wp\/v2\/media?parent=672"}],"wp:term":[{"taxonomy":"product_brand","embeddable":true,"href":"https:\/\/blackrhinotoolpro.com\/index.php\/wp-json\/wp\/v2\/product_brand?post=672"},{"taxonomy":"product_cat","embeddable":true,"href":"https:\/\/blackrhinotoolpro.com\/index.php\/wp-json\/wp\/v2\/product_cat?post=672"},{"taxonomy":"product_tag","embeddable":true,"href":"https:\/\/blackrhinotoolpro.com\/index.php\/wp-json\/wp\/v2\/product_tag?post=672"}],"curies":[{"name":"wp","href":"https:\/\/api.w.org\/{rel}","templated":true}]}}