{"id":636,"date":"2025-05-08T23:08:15","date_gmt":"2025-05-08T23:08:15","guid":{"rendered":"https:\/\/blackrhinotoolpro.com\/?post_type=product&#038;p=636"},"modified":"2026-03-25T01:25:55","modified_gmt":"2026-03-25T01:25:55","slug":"8018-taladro-atornillador-percutor-inalambrico-maletin-bmc","status":"publish","type":"product","link":"https:\/\/blackrhinotoolpro.com\/index.php\/producto\/8018-taladro-atornillador-percutor-inalambrico-maletin-bmc\/","title":{"rendered":"8018 Taladro Atornillador Percutor Inal\u00e1mbrico + Malet\u00edn BMC"},"content":{"rendered":"<p>Caracter\u00edsticas:<\/p>\n<p><span lang=\"ES\">-Motor potente le otorga un elevado rendimiento para 3 funciones de atornillado, taladrado y perforaci\u00f3n de impacto<\/span><\/p>\n<p><span lang=\"ES\">-Motor impermeable de alta resistencia para trabajar en ambientes h\u00famedos <\/span><\/p>\n<p><span lang=\"ES\">-Dise\u00f1o ergon\u00f3mico, compacto y con ligero peso (1.3 kg) es considerado un producto manejable y bastante adecuado para trabajar en espacios reducidos y de dif\u00edcil acceso<\/span><\/p>\n<p><span lang=\"ES\">-Portabrocas autom\u00e1tico (mandril sin llave) de 10 mm le otorga una mayor eficiencia a esta m\u00e1quina<\/span><\/p>\n<p><span lang=\"ES\">-Bater\u00eda de litio de alto rendimiento y larga duraci\u00f3n, con capacidad de carga r\u00e1pida (de 1,5 Ah \u2013 18V)<\/span><\/p>\n<p><span lang=\"ES\">-21 posiciones ajustables de par de apriete permiten un atornillar con alta eficacia y precisi\u00f3n, reducir al m\u00ednimo posibles da\u00f1os y alargar la vida \u00fatil del dispositivo<\/span><\/p>\n<p><span lang=\"ES\">-Mandril autom\u00e1tico completamente met\u00e1lico garantiza la durabilidad para largas horas de trabajo<\/span><\/p>\n<p><span lang=\"ES\">-Dos velocidades (alta y baja) seleccionables del atornillado<\/span><\/p>\n<p><span lang=\"ES\">-Mango ergon\u00f3mico antivibratorio y antichoque permite el control perfecto de la m\u00e1quina<\/span><\/p>\n<p><span lang=\"ES\">-Luz LED mejora la visibilidad y el acceso a espacios reducidos<\/span><\/p>\n<p><span lang=\"ES\">-Carcasa antichoque de gran resistencia con un agarre de goma disminuye el riesgo de lesiones en el caso de ca\u00edda o cualquier tipo de golpe<\/span><\/p>\n<p><span lang=\"ES\">-Indicador de carga de la bater\u00eda permite conocer el nivel de la bater\u00eda de una forma m\u00e1s r\u00e1pida y sencilla<\/span><\/p>\n<div><span lang=\"ES\">-Mecanismo de carga r\u00e1pida proporciona un rendimiento \u00f3ptimo del producto<\/span><\/div>\n<div><\/div>\n<div>\n<p>El Taladro atornillador inal\u00e1mbrico es una m\u00e1quina multifuncional y vers\u00e1til capaz de ofrecer dos aplicaciones independientes: Primero, efectuar ciertos trabajos de taladrado o perforaci\u00f3n. Segundo, atornillar y desatornillar distintos tipos de tornillos, tuercas y medios de sujeci\u00f3n.<\/p>\n<p>El funcionamiento de este aparato, tambi\u00e9n denominado taladro atornillador a bater\u00eda, se basa en un motor giratorio que le suministra los esfuerzos de torsi\u00f3n suficientes para cumplir las tareas tanto de taladrado como de atornillado. A diferencia de los taladros el\u00e9ctricos con cable, este dispositivo es alimentado por una bater\u00eda recargable, por lo que no necesita un cable de alimentaci\u00f3n.<\/p>\n<p>Los taladros atornilladores inal\u00e1mbricos regularmente aprovechan la funci\u00f3n de dos velocidades. Adem\u00e1s, se benefician de un portaherramientas especial, capaz de acoplar diferentes tipos de brocas. As\u00ed que al aplicar la velocidad m\u00e1s baja y sujetar una punta apropiada (plana, de estrella, tipo torx o pozidriv, hexagonales o allen, etc), puedes apretar o aflojar cualquier tipo de tornillos. Al contrario, si cambias la broca, la m\u00e1quina sirve como un taladro normal.<\/p>\n<p>Cuando quieres comprar un taladro atornillador inal\u00e1mbrico, debes tener en cuenta algunas especificaciones t\u00e9cnicas de este aparato, como la intensidad del voltaje, la velocidad de rotaci\u00f3n, el amperio por hora (Ah), y el tipo de bater\u00eda. Sin alguna duda, hay distintos tipos de taladros atornilladores que son ampliamente necesarios seg\u00fan la aplicaci\u00f3n a la que est\u00e1n destinados.<\/p>\n<p>Es de mencionar, no debes confundir un taladro atornillador inal\u00e1mbrico con un atornillador inal\u00e1mbrico. El primero sirve tanto para las tareas de taladrado como las de atornillado, mientras que el segundo solo se utiliza para apretar y aflojar los tornillos.<\/p>\n<p>Esta descripci\u00f3n se dedica a presentar el\u00a0<strong>Taladro Atornillador Percutor Inal\u00e1mbrico+ Malet\u00edn BMC<\/strong>, un producto extremadamente vers\u00e1til fabricado por Ronix y conocido con el c\u00f3digo\u00a0<strong>8018<\/strong>. En siguiente, se explica varias especificaciones de este dispositivo:<\/p>\n<h2>Aspectos F\u00edsicos:<\/h2>\n<p>Considerando el aspecto f\u00edsico, se trata de una m\u00e1quina ergon\u00f3mica y ligera (1,3kg), dotada de una carcasa de alta calidad, un agarre antideslizante y antivibratorio, una lampara incorporada, y un interruptor antipolvo; las cuales proporcionan una mayor durabilidad y resistencia del producto.<\/p>\n<h2>Motor y bater\u00eda:<\/h2>\n<p>Como bien describe el t\u00edtulo, el Taladro Atornillador Percutor Ronix 8018 se ben\u00e9fica de un motor potente que le otorga un elevado rendimiento para brindar 3 funciones de atornillado, taladrado y perforaci\u00f3n de impacto. Este motor es alimentado de una bater\u00eda de ion de litio de 18V\/1.5Ah, bastante poderoso para ofrecer una gran variedad de servicios.<\/p>\n<h2>Funci\u00f3n de 2 velocidades:<\/h2>\n<p>El producto c\u00f3d. 8018 de Ronix dispone de la funci\u00f3n de 2 velocidades, la cual permite realizar diversas tareas de baja y alta velocidad de acuerdo con los prop\u00f3sitos destinados. La primera configuraci\u00f3n permite una velocidad sin carga m\u00e1xima de 400 revoluciones por minuto (RPM). La segunda posibilita una velocidad sin carga m\u00e1xima de 1350 RPM. Esta opci\u00f3n es elegible mediante un selector de velocidad colocado en la parte superior del aparato. Este aparato, adem\u00e1s, suministra un par de apriete de 30 Newton metro (Nm).<\/p>\n<h2>Portaherramientas:<\/h2>\n<p>El Taladro Atornillador Percutor Inal\u00e1mbrico+ Malet\u00edn BMC de Ronix cuenta con un portaherramientas autom\u00e1tico de 10 mm, lo cual proporciona una capacidad de perforaci\u00f3n de 30 mm en la madera, 10 mm en los metales y 10 mm en las superficies de mamposter\u00eda.<\/p>\n<h2>Fuerza del torque y Selector del giro:<\/h2>\n<p>Un control del torque especial suministra 21 posiciones para determinar la fuerza del par de este dispositivo. Asimismo, se puede cambiar las direcciones de portapuntas (izquierda\/derecha) a trav\u00e9s de un selector de giro colocado en la carcasa del equipo.<\/p>\n<h2>Accesorios:<\/h2>\n<p>El Taladro Atornillador Percutor Inal\u00e1mbrico 8018 de Ronix conlleva unos accesorios, entre ellos, 2 bater\u00edas adicionales 1.54Ah\/18 y un cargador r\u00e1pido.<\/p>\n<h2>Embalaje:<\/h2>\n<p>El Taladro Atornillador Percutor Inal\u00e1mbrico 8018 de Ronix y sus accesorios ser\u00e1n entregados al usuario en un malet\u00edn antigolpes BMC que facilita su transporte.<\/p>\n<p>En la tabla de especificaci\u00f3n del producto, tendr\u00e1 acceso a los datos t\u00e9cnicos de este taladro atornillador inal\u00e1mbrico.<\/p>\n<\/div>\n","protected":false},"excerpt":{"rendered":"<p>Caracter\u00edsticas: -Motor potente le otorga un elevado rendimiento para 3 funciones de atornillado, taladrado y perforaci\u00f3n de impacto -Motor impermeable [&hellip;]<\/p>\n","protected":false},"featured_media":641,"template":"","meta":{"content-type":"","site-sidebar-layout":"default","site-content-layout":"","ast-site-content-layout":"default","site-content-style":"default","site-sidebar-style":"default","ast-global-header-display":"","ast-banner-title-visibility":"","ast-main-header-display":"","ast-hfb-above-header-display":"","ast-hfb-below-header-display":"","ast-hfb-mobile-header-display":"","site-post-title":"","ast-breadcrumbs-content":"","ast-featured-img":"","footer-sml-layout":"","ast-disable-related-posts":"","theme-transparent-header-meta":"default","adv-header-id-meta":"","stick-header-meta":"","header-above-stick-meta":"","header-main-stick-meta":"","header-below-stick-meta":"","astra-migrate-meta-layouts":"set","ast-page-background-enabled":"default","ast-page-background-meta":{"desktop":{"background-color":"var(--ast-global-color-5)","background-image":"","background-repeat":"repeat","background-position":"center center","background-size":"auto","background-attachment":"scroll","background-type":"","background-media":"","overlay-type":"","overlay-color":"","overlay-opacity":"","overlay-gradient":""},"tablet":{"background-color":"","background-image":"","background-repeat":"repeat","background-position":"center center","background-size":"auto","background-attachment":"scroll","background-type":"","background-media":"","overlay-type":"","overlay-color":"","overlay-opacity":"","overlay-gradient":""},"mobile":{"background-color":"","background-image":"","background-repeat":"repeat","background-position":"center center","background-size":"auto","background-attachment":"scroll","background-type":"","background-media":"","overlay-type":"","overlay-color":"","overlay-opacity":"","overlay-gradient":""}},"ast-content-background-meta":{"desktop":{"background-color":"var(--ast-global-color-4)","background-image":"","background-repeat":"repeat","background-position":"center center","background-size":"auto","background-attachment":"scroll","background-type":"","background-media":"","overlay-type":"","overlay-color":"","overlay-opacity":"","overlay-gradient":""},"tablet":{"background-color":"var(--ast-global-color-4)","background-image":"","background-repeat":"repeat","background-position":"center center","background-size":"auto","background-attachment":"scroll","background-type":"","background-media":"","overlay-type":"","overlay-color":"","overlay-opacity":"","overlay-gradient":""},"mobile":{"background-color":"var(--ast-global-color-4)","background-image":"","background-repeat":"repeat","background-position":"center center","background-size":"auto","background-attachment":"scroll","background-type":"","background-media":"","overlay-type":"","overlay-color":"","overlay-opacity":"","overlay-gradient":""}}},"product_brand":[],"product_cat":[57,33,58],"product_tag":[],"class_list":{"0":"post-636","1":"product","2":"type-product","3":"status-publish","4":"has-post-thumbnail","6":"product_cat-atornillador-inalambrico","7":"product_cat-ferreteria","8":"product_cat-herramienta-inalambrica","9":"desktop-align-center","10":"tablet-align-center","11":"mobile-align-center","13":"first","14":"instock","15":"shipping-taxable","16":"purchasable","17":"product-type-simple"},"_links":{"self":[{"href":"https:\/\/blackrhinotoolpro.com\/index.php\/wp-json\/wp\/v2\/product\/636","targetHints":{"allow":["GET"]}}],"collection":[{"href":"https:\/\/blackrhinotoolpro.com\/index.php\/wp-json\/wp\/v2\/product"}],"about":[{"href":"https:\/\/blackrhinotoolpro.com\/index.php\/wp-json\/wp\/v2\/types\/product"}],"wp:featuredmedia":[{"embeddable":true,"href":"https:\/\/blackrhinotoolpro.com\/index.php\/wp-json\/wp\/v2\/media\/641"}],"wp:attachment":[{"href":"https:\/\/blackrhinotoolpro.com\/index.php\/wp-json\/wp\/v2\/media?parent=636"}],"wp:term":[{"taxonomy":"product_brand","embeddable":true,"href":"https:\/\/blackrhinotoolpro.com\/index.php\/wp-json\/wp\/v2\/product_brand?post=636"},{"taxonomy":"product_cat","embeddable":true,"href":"https:\/\/blackrhinotoolpro.com\/index.php\/wp-json\/wp\/v2\/product_cat?post=636"},{"taxonomy":"product_tag","embeddable":true,"href":"https:\/\/blackrhinotoolpro.com\/index.php\/wp-json\/wp\/v2\/product_tag?post=636"}],"curies":[{"name":"wp","href":"https:\/\/api.w.org\/{rel}","templated":true}]}}