{"id":627,"date":"2025-05-08T23:04:16","date_gmt":"2025-05-08T23:04:16","guid":{"rendered":"https:\/\/blackrhinotoolpro.com\/?post_type=product&#038;p=627"},"modified":"2025-12-01T13:31:50","modified_gmt":"2025-12-01T13:31:50","slug":"8014-taladro-atornillador-inalambrico-14-4v-26-n-m","status":"publish","type":"product","link":"https:\/\/blackrhinotoolpro.com\/index.php\/producto\/8014-taladro-atornillador-inalambrico-14-4v-26-n-m\/","title":{"rendered":"8014 Taladro Atornillador Inal\u00e1mbrico 14.4V 26 N.M."},"content":{"rendered":"<p>Caracter\u00edsticas:<\/p>\n<p>-Motor compacto y potente con un elevado rendimiento en diferentes aplicaciones<br \/>\n-Dise\u00f1o ergon\u00f3mico, compacto y con ligero peso (1.2 kg) es considerado un producto manejable y bastante adecuado para trabajar en espacios reducidos y de dif\u00edcil acceso<br \/>\n-Portabrocas autom\u00e1tico (mandril sin llave) de 10 mm le otorga una mayor eficiencia a esta m\u00e1quina<br \/>\n-Bater\u00eda de litio de alto rendimiento y larga duraci\u00f3n, con capacidad de carga r\u00e1pida (de 1,5 Ah \u2013 14.4V)<br \/>\n-21 posiciones ajustables de par de apriete permiten un atornillar con alta eficacia y precisi\u00f3n, reducir al m\u00ednimo posibles da\u00f1os y alargar la vida \u00fatil del dispositivo<br \/>\n-Mandril autom\u00e1tico garantiza su versatilidad y funcionabilidad<br \/>\n-Dos velocidades (alta y baja) seleccionables del atornillado<br \/>\n-Mango ergon\u00f3mico antivibratorio y antichoque permite el control perfecto de la m\u00e1quina<br \/>\n-Luz LED mejora la visibilidad y el acceso a espacios reducidos<br \/>\n-Carcasa antichoque de gran resistencia con un agarre de goma disminuye el riesgo de lesiones en el caso de ca\u00edda o cualquier tipo de golpe<br \/>\n-Mecanismo de carga r\u00e1pida proporciona un rendimiento \u00f3ptimo del producto<\/p>\n<p>En el mundo actual, no hace falta que un operario profesional atornille con herramientas manuales y dedicar demasiada fuerza a esta tarea, ya que existen desatornilladores el\u00e9ctricos que han facilitado este trabajo. Un talador atornillador o desatornillador es un dispositivo a base electricidad que sirve tanto para aflojar o apretar tornillos de todo tipo, como perforar diferentes superficies. En el mercado de herramientas se puede encontrar una gran variedad de atornilladores, incluyendo con cable y con bater\u00eda.<\/p>\n<p>Este dispositivo, tambi\u00e9n conocido como taladro atornillador sin cable o a bater\u00eda, se compone de un motor que le suministra fuerza de torsi\u00f3n para cumplir tareas tanto de taladrado como de atornillado. A diferencia de los taladros el\u00e9ctricos con cable, el inal\u00e1mbrico se alimenta por una bater\u00eda recargable.<\/p>\n<p>Los taladros atornilladores inal\u00e1mbricos ofrecen un doble velocidad y cuentan con un portaherramientas espec\u00edfico, capaz de recibir diferentes tipos de brocas. As\u00ed que, salvo la funci\u00f3n de taladrado, al optar por la velocidad baja y acoplar una punta apropiada (plana, Philips o de estrella, tipo torx o pozidriv, hexagonales o allen, etc), se puede apretar o aflojar una amplia gama de tornillos en un poco tiempo, ejerciendo la menor presi\u00f3n y fuerza posible.<\/p>\n<p>Esta descripci\u00f3n se centra en la presentaci\u00f3n del Taladro Atornillador Inal\u00e1mbrico 14.4V 26 N.M., el producto identificado con el c\u00f3digo 8014 que se encuentra en la categor\u00eda de taladro inal\u00e1mbrico de Ronix.<\/p>\n<p>Aspectos F\u00edsicos Generales<br \/>\nHablando del dise\u00f1o, es un taladro inal\u00e1mbrico superligero (1.2kg), compacto, manejable y ergon\u00f3mico, con una carcasa de alta calidad, un agarre cubierto de goma antideslizante y antivibratorio, as\u00ed como un interruptor antipolvo, ventajas que le otorgan al producto una mayor durabilidad y resistencia. En general, sirve para acceder espacios reducidos y lugares de dif\u00edcil acceso en los que existen tornillos.<\/p>\n<p>Motor y bater\u00eda<br \/>\nEl Taladro Atornillador Ronix 8014 cuenta con un motor de capa impermeable de elevada resistencia que permite trabajar en ambientes h\u00famedos o mojados. El citado motor se alimenta por una bater\u00eda de ion de litio de 14.4V\/1.5Ah, dotado del sistema de carga r\u00e1pida y suficiente poderoso para ofrecer un alto rendimiento de taladrado o atornillado.<\/p>\n<p>Doble velocidad<br \/>\nEl 8014 est\u00e1 equipado con modo de dos velocidades, lo cual facilita distintas tareas de baja y alta velocidad de acuerdo con los prop\u00f3sitos destinados. La primera configuraci\u00f3n ofrece una velocidad sin carga m\u00e1xima de 400 revoluciones por minuto (RPM), mientras la segunda brinda una velocidad sin carga m\u00e1xima de 1350 RPM. Esta opci\u00f3n es seleccionable mediante un bot\u00f3n de ajuste de velocidad colocado en la parte superior del aparato.<\/p>\n<p>Portabrocas<br \/>\nEste taladro inal\u00e1mbrico de Ronix tiene un portabrocas autom\u00e1tico de 10mm hecho de pl\u00e1stico, lo cual proporciona una capacidad de perforaci\u00f3n de 20 mm en la madera y 10 mm en los metales.<\/p>\n<p>Par de apriete y selector del giro<br \/>\nEste taladro inal\u00e1mbrico y atornillador ofrece 21 posiciones ajustables de par de apriete para atornillar con alta eficacia y precisi\u00f3n, reducir al m\u00ednimo posibles da\u00f1os y alargar la vida \u00fatil del dispositivo. Asimismo, se puede determinar la direcci\u00f3n del portapuntas (izquierda\/derecha) mediante un selector de giro colocado en la carcasa del aparato. La potencia de par de apriete de este producto equivale a 26 Newton metro (Nm).<\/p>\n<p>Indicadora de bater\u00eda<br \/>\nLa luz LED del Taladro Atornillador Ronix 8014 facilita la visibilidad en la oscuridad y trabajar en espacios reducidos. Igualmente, se beneficia de un indicador de carga que permite conocer el nivel de bater\u00eda de forma r\u00e1pida y sencilla.<\/p>\n<p>Accesorios<br \/>\nDos bater\u00edas adicionales ion de litio (14.4V \u2013 1.5Ah) y un cargador r\u00e1pido son los accesorios que conlleva el Taladro Atornillador Inal\u00e1mbrico 8014 de Ronix.<\/p>\n<p>Tipo de embalaje<br \/>\nEste del Taladro Atornillador Inal\u00e1mbrico 14.4V 26 N.m. y sus accesorios se entregan al usuario en un malet\u00edn antigolpes BMC que facilita su transporte y almacenamiento.<br \/>\nEn la tabla de especificaci\u00f3n del producto, tendr\u00e1 acceso a los datos t\u00e9cnicos de taladro inal\u00e1mbrico.<\/p>\n<h3><\/h3>\n","protected":false},"excerpt":{"rendered":"<p>Caracter\u00edsticas: -Motor compacto y potente con un elevado rendimiento en diferentes aplicaciones -Dise\u00f1o ergon\u00f3mico, compacto y con ligero peso (1.2 [&hellip;]<\/p>\n","protected":false},"featured_media":635,"template":"","meta":{"content-type":"","site-sidebar-layout":"default","site-content-layout":"","ast-site-content-layout":"default","site-content-style":"default","site-sidebar-style":"default","ast-global-header-display":"","ast-banner-title-visibility":"","ast-main-header-display":"","ast-hfb-above-header-display":"","ast-hfb-below-header-display":"","ast-hfb-mobile-header-display":"","site-post-title":"","ast-breadcrumbs-content":"","ast-featured-img":"","footer-sml-layout":"","ast-disable-related-posts":"","theme-transparent-header-meta":"default","adv-header-id-meta":"","stick-header-meta":"","header-above-stick-meta":"","header-main-stick-meta":"","header-below-stick-meta":"","astra-migrate-meta-layouts":"set","ast-page-background-enabled":"default","ast-page-background-meta":{"desktop":{"background-color":"var(--ast-global-color-5)","background-image":"","background-repeat":"repeat","background-position":"center center","background-size":"auto","background-attachment":"scroll","background-type":"","background-media":"","overlay-type":"","overlay-color":"","overlay-opacity":"","overlay-gradient":""},"tablet":{"background-color":"","background-image":"","background-repeat":"repeat","background-position":"center center","background-size":"auto","background-attachment":"scroll","background-type":"","background-media":"","overlay-type":"","overlay-color":"","overlay-opacity":"","overlay-gradient":""},"mobile":{"background-color":"","background-image":"","background-repeat":"repeat","background-position":"center center","background-size":"auto","background-attachment":"scroll","background-type":"","background-media":"","overlay-type":"","overlay-color":"","overlay-opacity":"","overlay-gradient":""}},"ast-content-background-meta":{"desktop":{"background-color":"var(--ast-global-color-4)","background-image":"","background-repeat":"repeat","background-position":"center center","background-size":"auto","background-attachment":"scroll","background-type":"","background-media":"","overlay-type":"","overlay-color":"","overlay-opacity":"","overlay-gradient":""},"tablet":{"background-color":"var(--ast-global-color-4)","background-image":"","background-repeat":"repeat","background-position":"center center","background-size":"auto","background-attachment":"scroll","background-type":"","background-media":"","overlay-type":"","overlay-color":"","overlay-opacity":"","overlay-gradient":""},"mobile":{"background-color":"var(--ast-global-color-4)","background-image":"","background-repeat":"repeat","background-position":"center center","background-size":"auto","background-attachment":"scroll","background-type":"","background-media":"","overlay-type":"","overlay-color":"","overlay-opacity":"","overlay-gradient":""}}},"product_brand":[],"product_cat":[57,33,58],"product_tag":[],"class_list":{"0":"post-627","1":"product","2":"type-product","3":"status-publish","4":"has-post-thumbnail","6":"product_cat-atornillador-inalambrico","7":"product_cat-ferreteria","8":"product_cat-herramienta-inalambrica","9":"desktop-align-center","10":"tablet-align-center","11":"mobile-align-center","13":"first","14":"instock","15":"shipping-taxable","16":"purchasable","17":"product-type-simple"},"_links":{"self":[{"href":"https:\/\/blackrhinotoolpro.com\/index.php\/wp-json\/wp\/v2\/product\/627","targetHints":{"allow":["GET"]}}],"collection":[{"href":"https:\/\/blackrhinotoolpro.com\/index.php\/wp-json\/wp\/v2\/product"}],"about":[{"href":"https:\/\/blackrhinotoolpro.com\/index.php\/wp-json\/wp\/v2\/types\/product"}],"wp:featuredmedia":[{"embeddable":true,"href":"https:\/\/blackrhinotoolpro.com\/index.php\/wp-json\/wp\/v2\/media\/635"}],"wp:attachment":[{"href":"https:\/\/blackrhinotoolpro.com\/index.php\/wp-json\/wp\/v2\/media?parent=627"}],"wp:term":[{"taxonomy":"product_brand","embeddable":true,"href":"https:\/\/blackrhinotoolpro.com\/index.php\/wp-json\/wp\/v2\/product_brand?post=627"},{"taxonomy":"product_cat","embeddable":true,"href":"https:\/\/blackrhinotoolpro.com\/index.php\/wp-json\/wp\/v2\/product_cat?post=627"},{"taxonomy":"product_tag","embeddable":true,"href":"https:\/\/blackrhinotoolpro.com\/index.php\/wp-json\/wp\/v2\/product_tag?post=627"}],"curies":[{"name":"wp","href":"https:\/\/api.w.org\/{rel}","templated":true}]}}