{"id":606,"date":"2025-05-08T22:46:19","date_gmt":"2025-05-08T22:46:19","guid":{"rendered":"https:\/\/blackrhinotoolpro.com\/?post_type=product&#038;p=606"},"modified":"2026-03-28T03:33:56","modified_gmt":"2026-03-28T03:33:56","slug":"8601-atornillador-percutor-inalambrico-6-25mm-12v","status":"publish","type":"product","link":"https:\/\/blackrhinotoolpro.com\/index.php\/producto\/8601-atornillador-percutor-inalambrico-6-25mm-12v\/","title":{"rendered":"8601 Atornillador Percutor Inal\u00e1mbrico 6.25mm 12V"},"content":{"rendered":"<div id=\"panelsStayOpen-collapseOne\" class=\"accordion-collapse collapse show\" aria-labelledby=\"panelsStayOpen-headingOne\">\n<div class=\"accordion-body\">\n<div class=\"ExternalClass5CBE487CCAF54EE7B77432BEA526E194\">\n<p>CARACTER\u00cdSTICAS:<\/p>\n<p>-Potente motor para un mejor rendimiento del atornillado<\/p>\n<p><span lang=\"ES\">-Motor impermeable de alta resistencia permite trabajar en ambientes h\u00famedos<\/span><\/p>\n<p><span lang=\"ES\">-Portapuntas hexagonal facilita el cambio de brocas<\/span><\/p>\n<p><span lang=\"ES\">-Estructura ergon\u00f3mica, compacta y manejable que pesa solo 1 kg y est\u00e1 perfectamente adecuada para trabajar en espacios reducidos<\/span><\/p>\n<p><span lang=\"ES\">-Bater\u00eda de litio modelo SAMSUNG de alto rendimiento y larga duraci\u00f3n, con capacidad de carga r\u00e1pida (de 1,5 Ah)<\/span><\/p>\n<p><span lang=\"ES\">-Sin golpes de impacto gracias al impacto tangencial (perpendicular al radio)<\/span><\/p>\n<p><span lang=\"ES\">-Sistema de regulaci\u00f3n de alto par de apriete con un gran par fuerza de 100 Nm permite un atornillado eficiente y preciso, reduciendo el da\u00f1o al tornillo <\/span><\/p>\n<p><span lang=\"ES\">-Mango ergon\u00f3mico de y antichoque ofrece un control perfecto de la m\u00e1quina<\/span><\/p>\n<p><span lang=\"ES\">-Utilizable en ambientes oscuros o zonas de dif\u00edcil acceso gracias a la luz LED incorporada<\/span><\/p>\n<p><span lang=\"ES\">-Carcasa antichoque de alta resistencia con un agarre de goma disminuye el riesgo de lesiones en el caso de ca\u00edda o cualquier tipo de golpe<\/span><\/p>\n<p><span lang=\"ES\">-Indicador de carga de la bater\u00eda permite conocer el nivel de la bater\u00eda de una forma m\u00e1s r\u00e1pida y sencilla<\/span><\/p>\n<\/div>\n<\/div>\n<\/div>\n","protected":false},"excerpt":{"rendered":"<p>CARACTER\u00cdSTICAS: -Potente motor para un mejor rendimiento del atornillado -Motor impermeable de alta resistencia permite trabajar en ambientes h\u00famedos -Portapuntas [&hellip;]<\/p>\n","protected":false},"featured_media":607,"template":"","meta":{"content-type":"","site-sidebar-layout":"default","site-content-layout":"","ast-site-content-layout":"default","site-content-style":"default","site-sidebar-style":"default","ast-global-header-display":"","ast-banner-title-visibility":"","ast-main-header-display":"","ast-hfb-above-header-display":"","ast-hfb-below-header-display":"","ast-hfb-mobile-header-display":"","site-post-title":"","ast-breadcrumbs-content":"","ast-featured-img":"","footer-sml-layout":"","ast-disable-related-posts":"","theme-transparent-header-meta":"default","adv-header-id-meta":"","stick-header-meta":"","header-above-stick-meta":"","header-main-stick-meta":"","header-below-stick-meta":"","astra-migrate-meta-layouts":"set","ast-page-background-enabled":"default","ast-page-background-meta":{"desktop":{"background-color":"var(--ast-global-color-5)","background-image":"","background-repeat":"repeat","background-position":"center center","background-size":"auto","background-attachment":"scroll","background-type":"","background-media":"","overlay-type":"","overlay-color":"","overlay-opacity":"","overlay-gradient":""},"tablet":{"background-color":"","background-image":"","background-repeat":"repeat","background-position":"center center","background-size":"auto","background-attachment":"scroll","background-type":"","background-media":"","overlay-type":"","overlay-color":"","overlay-opacity":"","overlay-gradient":""},"mobile":{"background-color":"","background-image":"","background-repeat":"repeat","background-position":"center center","background-size":"auto","background-attachment":"scroll","background-type":"","background-media":"","overlay-type":"","overlay-color":"","overlay-opacity":"","overlay-gradient":""}},"ast-content-background-meta":{"desktop":{"background-color":"var(--ast-global-color-4)","background-image":"","background-repeat":"repeat","background-position":"center center","background-size":"auto","background-attachment":"scroll","background-type":"","background-media":"","overlay-type":"","overlay-color":"","overlay-opacity":"","overlay-gradient":""},"tablet":{"background-color":"var(--ast-global-color-4)","background-image":"","background-repeat":"repeat","background-position":"center center","background-size":"auto","background-attachment":"scroll","background-type":"","background-media":"","overlay-type":"","overlay-color":"","overlay-opacity":"","overlay-gradient":""},"mobile":{"background-color":"var(--ast-global-color-4)","background-image":"","background-repeat":"repeat","background-position":"center center","background-size":"auto","background-attachment":"scroll","background-type":"","background-media":"","overlay-type":"","overlay-color":"","overlay-opacity":"","overlay-gradient":""}}},"product_brand":[],"product_cat":[57,33],"product_tag":[],"class_list":{"0":"post-606","1":"product","2":"type-product","3":"status-publish","4":"has-post-thumbnail","6":"product_cat-atornillador-inalambrico","7":"product_cat-ferreteria","8":"desktop-align-center","9":"tablet-align-center","10":"mobile-align-center","12":"first","13":"instock","14":"shipping-taxable","15":"purchasable","16":"product-type-simple"},"_links":{"self":[{"href":"https:\/\/blackrhinotoolpro.com\/index.php\/wp-json\/wp\/v2\/product\/606","targetHints":{"allow":["GET"]}}],"collection":[{"href":"https:\/\/blackrhinotoolpro.com\/index.php\/wp-json\/wp\/v2\/product"}],"about":[{"href":"https:\/\/blackrhinotoolpro.com\/index.php\/wp-json\/wp\/v2\/types\/product"}],"wp:featuredmedia":[{"embeddable":true,"href":"https:\/\/blackrhinotoolpro.com\/index.php\/wp-json\/wp\/v2\/media\/607"}],"wp:attachment":[{"href":"https:\/\/blackrhinotoolpro.com\/index.php\/wp-json\/wp\/v2\/media?parent=606"}],"wp:term":[{"taxonomy":"product_brand","embeddable":true,"href":"https:\/\/blackrhinotoolpro.com\/index.php\/wp-json\/wp\/v2\/product_brand?post=606"},{"taxonomy":"product_cat","embeddable":true,"href":"https:\/\/blackrhinotoolpro.com\/index.php\/wp-json\/wp\/v2\/product_cat?post=606"},{"taxonomy":"product_tag","embeddable":true,"href":"https:\/\/blackrhinotoolpro.com\/index.php\/wp-json\/wp\/v2\/product_tag?post=606"}],"curies":[{"name":"wp","href":"https:\/\/api.w.org\/{rel}","templated":true}]}}