{"id":505,"date":"2025-04-11T21:10:28","date_gmt":"2025-04-11T21:10:28","guid":{"rendered":"https:\/\/blackrhinotoolpro.com\/?post_type=product&#038;p=505"},"modified":"2026-01-27T00:08:33","modified_gmt":"2026-01-27T00:08:33","slug":"topscan-lite-topdon-escaner-para-diagnostico-automotriz","status":"publish","type":"product","link":"https:\/\/blackrhinotoolpro.com\/index.php\/producto\/topscan-lite-topdon-escaner-para-diagnostico-automotriz\/","title":{"rendered":"TOPSCAN (LITE) TOPDON Escaner para Diagnostico Automotriz"},"content":{"rendered":"<p><span class=\"sc-dQEsWe LHlFs pf-28_\" data-pf-type=\"Text\">El TopScan es una herramienta de bolsillo que convierte un tel\u00e9fono en una herramienta de escaneo y se mantiene al d\u00eda con sus usuarios a medida que van m\u00e1s all\u00e1 de los escaneos b\u00e1sicos. Conecte el TopScan al puerto OBD2 y comience a diagnosticar a trav\u00e9s de la aplicaci\u00f3n de la herramienta. El TopScan sobresale en los fundamentos. Capaz de los c\u00f3digos de falla de lectura y despeja, y soporta m\u00e1s de 70 veh\u00edculos diferentes en veh\u00edculos americanos, asi\u00e1ticos y europeos.<\/span><\/p>\n<p>TopScan proporciona una amplia base de conocimientos de mantenimiento para comenzar r\u00e1pidamente en los trabajos de reparaci\u00f3n de autom\u00f3viles. Acceda a 8 servicios de mantenimiento, tecnolog\u00eda AutoVIN, pruebas de rendimiento del veh\u00edculo e incluso control bidireccional a trav\u00e9s de su tel\u00e9fono. Los beneficios a\u00f1adidos del TopScan incluyen una gu\u00eda de reparaci\u00f3n DTC de todo el sistema y un clic I\/M Readiness.<\/p>\n<p>TopScan ofrece dos versiones: el Lite y el Pro. El TopScan Pro pasa por encima de la versi\u00f3n lite ofreciendo funcionalidad IMMO y un total de 13 funciones de reinicio, incluyendo Injector Coding, Tire Pressure Reset e Sunroof Initialization. Ya seas un entusiasta del bricolaje o un t\u00e9cnico profesional, el TopScan te tiene cubierto.<\/p>\n<h3 class=\"sc-eZjPq gpuBwB pf-118_ pf-heading-1-h3 fadeInUp\" data-pf-type=\"Heading\" data-animation=\"fadeInUp\"><span class=\"sc-dQEsWe LHlFs pf-120_\" data-pf-type=\"Text\">De la prueba a la reparaci\u00f3n, TopScan te respalda<\/span><\/h3>\n<p>&nbsp;<\/p>\n<div class=\"pf-c\">\n<div class=\"sc-lnPyOc gUmbDa pf-124_\" data-pf-type=\"Column\">\n<h3 class=\"sc-eZjPq gpuBwB pf-125_ pf-heading-1-h3 animation fadeInUp\" data-pf-type=\"Heading\" data-animation=\"fadeInUp\"><span class=\"sc-dQEsWe LHlFs pf-127_\" data-pf-type=\"Text\">Diagn\u00f3stico completo del sistema para marcas de 70o<\/span><\/h3>\n<p class=\"sc-kMriOJ cVLihF pf-128_ pf-text-1 animation fadeInUp\" data-pf-type=\"Paragraph\" data-animation=\"fadeInUp\"><span class=\"sc-dQEsWe LHlFs pf-130_\" data-pf-type=\"Text\">El esc\u00e1ner TopScan permite al usuario realizar un escaneo completo de todos los sistemas de veh\u00edculos, incluyendo motor, transmisi\u00f3n, airbag, ABS, ESP, TPMS, inmovilizador, pasarela, direcci\u00f3n, radio y aire acondicionado para m\u00e1s de 70 marcas.<\/span><\/p>\n<div class=\"pf-c\">\n<div class=\"sc-lnPyOc gUmbDa pf-132_\" data-pf-type=\"Column\">\n<h3 class=\"sc-eZjPq gpuBwB pf-133_ pf-heading-1-h3 animation fadeInUp\" data-pf-type=\"Heading\" data-animation=\"fadeInUp\"><span class=\"sc-dQEsWe LHlFs pf-135_\" data-pf-type=\"Text\">Gu\u00eda de reparaci\u00f3n de DTC<\/span><\/h3>\n<p class=\"sc-kMriOJ cVLihF pf-136_ pf-text-1 animation fadeInUp\" data-pf-type=\"Paragraph\" data-animation=\"fadeInUp\"><span class=\"sc-dQEsWe LHlFs pf-138_\" data-pf-type=\"Text\">TopScan ofrece gu\u00eda de reparaci\u00f3n DTC para guiarle a trav\u00e9s de los procesos y c\u00f3digos de diagn\u00f3stico de veh\u00edculos. Despu\u00e9s de leer los c\u00f3digos de falla, el TopScan puede mostrar la definici\u00f3n de los c\u00f3digos de falla y ofrecer orientaci\u00f3n sobre c\u00f3mo repararlo.<br \/>\nIncluye las definiciones de c\u00f3digo de falla para todos los sistemas, como Dashboard, Aire Acondicionado y m\u00e1s. Actualmente, el TopScan es compatible con Chrysler\/Dodge\/Jeep\/Fiat 2010-2014 (la compatibilidad se expande a medida que se estrenan las actualizaciones).<\/span><\/p>\n<div class=\"pf-c\">\n<div class=\"sc-lnPyOc gUmbDa pf-144_\" data-pf-type=\"Column\">\n<h3 class=\"sc-eZjPq gpuBwB pf-145_ pf-heading-1-h3 animation fadeInUp\" data-pf-type=\"Heading\" data-animation=\"fadeInUp\"><span class=\"sc-dQEsWe LHlFs pf-147_\" data-pf-type=\"Text\">Obtenga todos los datos OBD2<\/span><\/h3>\n<p class=\"sc-kMriOJ cVLihF pf-148_ pf-text-1 animation fadeInUp\" data-pf-type=\"Paragraph\" data-animation=\"fadeInUp\"><span class=\"sc-dQEsWe LHlFs pf-150_\" data-pf-type=\"Text\">TopScan de TOPDONs funciona como un lector de c\u00f3digo OBD2 y realiza los 10 modos de prueba OBD2 de forma gratuita, lo que le permite acceder a informaci\u00f3n crucial sobre a\u00fan m\u00e1s veh\u00edculos. Tambi\u00e9n admite funciones completas, incluyendo lectura DTCs, compensaci\u00f3n DTCs, Live Data, I\/M Readiness Monitor Status, View Freeze Frame Data, O2 Sensor Testing, On-board Monitor Testing, Efap Testing, Read Vehicle Information y DTC Look Up.<\/span><\/p>\n<div class=\"pf-c\">\n<div class=\"sc-lnPyOc gUmbDa pf-152_\" data-pf-type=\"Column\">\n<h3 class=\"sc-eZjPq gpuBwB pf-153_ pf-heading-1-h3 animation fadeInUp\" data-pf-type=\"Heading\" data-animation=\"fadeInUp\"><span class=\"sc-dQEsWe LHlFs pf-155_\" data-pf-type=\"Text\">Regresa sin problemas a tu coche<\/span><\/h3>\n<p class=\"sc-kMriOJ cVLihF pf-156_ pf-text-1 animation fadeInUp\" data-pf-type=\"Paragraph\" data-animation=\"fadeInUp\"><span class=\"sc-dQEsWe LHlFs pf-158_\" data-pf-type=\"Text\">Dejaste una luz de mantenimiento? No te preocupes. Nuestra funci\u00f3n de Restablecimiento de aceite tiene la espalda. El TopScan Lite presenta con orgullo un conjunto completo de 8 funciones de reinicio: Restablecimiento de aceite, adaptaci\u00f3n de aceleradores, EPB Reset, Steering Angle Reset y m\u00e1s. Lleve su experiencia de diagn\u00f3stico al siguiente nivel con la versi\u00f3n TopScan Pro, ofreciendo otras 5 funciones avanzadas. Diagnoice su veh\u00edculo, resuelva las luces de advertencia y se prepare para la carretera abierta por delante.<\/span><\/p>\n<div class=\"sc-jXbVAB kNtuek pf-208_ pf-r pf-r-eh\" data-pf-type=\"Row\">\n<div class=\"pf-c\">\n<div class=\"sc-lnPyOc gUmbDa pf-209_\" data-pf-type=\"Column\">\n<h3 class=\"sc-eZjPq gpuBwB pf-210_ pf-heading-1-h3 fadeInUp\" data-pf-type=\"Heading\" data-animation=\"fadeInUp\"><span class=\"sc-dQEsWe LHlFs pf-212_\" data-pf-type=\"Text\">Control bi-direccional<\/span><\/h3>\n<p class=\"sc-kMriOJ cVLihF pf-213_ pf-text-1 fadeInUp\" data-pf-type=\"Paragraph\" data-animation=\"fadeInUp\"><span class=\"sc-dQEsWe LHlFs pf-215_\" data-pf-type=\"Text\">El esc\u00e1ner de coches TopScan puede acceder a subsistemas y componentes espec\u00edficos del veh\u00edculo que accionan los actuadores para realizar una funci\u00f3n espec\u00edfica. Esto determina la integridad del sistema o las piezas, permitiendo a los usuarios analizar y localizar partes defectuosas con mayor precisi\u00f3n. Incluyendo inyectores de combustible, bombas de refrigerante, ventanas, limpiaparabrisas y m\u00e1s.<\/span><\/p>\n<div class=\"sc-jXbVAB kNtuek pf-250_ pf-r pf-r-eh\" data-pf-type=\"Row\">\n<div class=\"pf-c\">\n<div class=\"sc-lnPyOc gUmbDa pf-251_\" data-pf-type=\"Column\">\n<h3 class=\"sc-eZjPq gpuBwB pf-252_ pf-heading-1-h3 fadeInUp\" data-pf-type=\"Heading\" data-animation=\"fadeInUp\"><span class=\"sc-dQEsWe LHlFs pf-254_\" data-pf-type=\"Text\">Biblioteca de datos de reparaci\u00f3n<\/span><\/h3>\n<p class=\"sc-kMriOJ cVLihF pf-255_ pf-text-1 fadeInUp\" data-pf-type=\"Paragraph\" data-animation=\"fadeInUp\"><span class=\"sc-dQEsWe LHlFs pf-257_\" data-pf-type=\"Text\">El TopScan proporciona una amplia base de conocimientos de mantenimiento para ayudar a los principiantes a familiarizarse con el diagn\u00f3stico de veh\u00edculos r\u00e1pidamente. Una gran caracter\u00edstica para los chicos de bricolaje que quieren ahorrar dinero y resolver problemas de veh\u00edculos menores. La informaci\u00f3n de reparaci\u00f3n incluye una gu\u00eda de reparaci\u00f3n de DTC, Bolet\u00edn de Servicio T\u00e9cnico, Ubicaci\u00f3n DLC y Biblioteca de Luz de Advertencia.<\/span><\/p>\n<div class=\"sc-jXbVAB kNtuek pf-262_ pf-r pf-r-eh\" data-pf-type=\"Row\">\n<div class=\"pf-c\">\n<div class=\"sc-lnPyOc gUmbDa pf-263_\" data-pf-type=\"Column\">\n<h3 class=\"sc-eZjPq gpuBwB pf-264_ pf-heading-1-h3 fadeInUp\" data-pf-type=\"Heading\" data-animation=\"fadeInUp\"><span class=\"sc-dQEsWe LHlFs pf-266_\" data-pf-type=\"Text\">La clave de la nueva altura de los negocios<\/span><\/h3>\n<p class=\"sc-kMriOJ cVLihF pf-267_ pf-text-1 fadeInUp\" data-pf-type=\"Paragraph\" data-animation=\"fadeInUp\"><span class=\"sc-dQEsWe LHlFs pf-269_\" data-pf-type=\"Text\">M\u00e1s all\u00e1 del diagn\u00f3stico. Incorporar la programaci\u00f3n clave y ofrecer servicios mejorados. Imagine manejar sin esfuerzo una variedad de tareas diversas: n\u00famero de claves, aprendizaje de claves, todas las claves perdidas y m\u00e1s. Ya sea que seas un cerrajero o un profesional de reparaci\u00f3n, esta herramienta de programaci\u00f3n clave no solo satisface tus necesidades, sino que las supera y abre nuevas v\u00edas para expandir tu negocio.<\/span><\/p>\n<div class=\"sc-dxcExB gjNMyZ pf-261_ pf-color-scheme-1\" data-section-id=\"pf-f8e1\" data-pf-type=\"Section\">\n<div class=\"sc-kqGpvY OSjcf\">\n<div class=\"sc-jXbVAB kNtuek pf-273_ pf-r pf-r-eh\" data-pf-type=\"Row\">\n<div class=\"pf-c\">\n<div class=\"sc-lnPyOc gUmbDa pf-274_\" data-pf-type=\"Column\">\n<p class=\"sc-kMriOJ cVLihF pf-275_ pf-text-1 fadeInUp\" data-pf-type=\"Paragraph\" data-animation=\"fadeInUp\"><span class=\"sc-dQEsWe LHlFs pf-277_\" data-pf-type=\"Text\">Nota: Esta caracter\u00edstica viene est\u00e1ndar en la versi\u00f3n Pro, disponible como una actualizaci\u00f3n opcional para la versi\u00f3n Lite.<\/span><\/p>\n<\/div>\n<\/div>\n<\/div>\n<\/div>\n<\/div>\n<div class=\"sc-dxcExB gjNMyZ pf-278_ pf-color-scheme-1\" data-section-id=\"pf-56ac\" data-pf-type=\"Section\">\n<div class=\"sc-kqGpvY OSjcf\">\n<div class=\"sc-jXbVAB kNtuek pf-279_ pf-r pf-r-eh\" data-pf-type=\"Row\">\n<div class=\"pf-c\">\n<div class=\"sc-lnPyOc gUmbDa pf-280_\" data-pf-type=\"Column\">\n<h3 class=\"sc-eZjPq gpuBwB pf-281_ pf-heading-1-h3 fadeInUp\" data-pf-type=\"Heading\" data-animation=\"fadeInUp\"><span class=\"sc-dQEsWe LHlFs pf-283_\" data-pf-type=\"Text\">Qu\u00e9 m\u00e1s puede hacer TopScan?<\/span><\/h3>\n<p>Mostrar flujos de datos en forma de texto, gr\u00e1fico o un gr\u00e1fico similar al tablero. Esto ayuda a los usuarios a observar intuitivamente los cambios de datos con el tiempo. Utilice la funci\u00f3n de Combina para mostrar gr\u00e1ficamente hasta 4 flujos de datos en una sola interfaz, permite a los usuarios evaluar el rendimiento con datos comparativos para tomar decisiones precisas y eficientes.<\/p>\n<div class=\"sc-jXbVAB kNtuek pf-370_ pf-r pf-r-eh\" data-pf-type=\"Row\">\n<div class=\"pf-c\">\n<div class=\"sc-lnPyOc gUmbDa pf-371_\" data-pf-type=\"Column\">\n<h2 class=\"sc-eZjPq gpuBwB pf-372_ pf-heading-1-h3 fadeInUp\" data-pf-type=\"Heading\" data-animation=\"fadeInUp\"><span class=\"sc-dQEsWe LHlFs pf-374_\" data-pf-type=\"Text\">Probado por 1000 m\u00e1s de bricolaje<\/span><\/h2>\n<p class=\"sc-kMriOJ cVLihF pf-375_ pf-text-1 fadeInUp\" data-pf-type=\"Paragraph\" data-animation=\"fadeInUp\"><span class=\"sc-dQEsWe LHlFs pf-377_\" data-pf-type=\"Text\">Como un producto revolucionario dise\u00f1ado tanto para el bricolaje como para el t\u00e9cnico profesional, antes de lanzar el producto &#8211; TopScan, reclutamos 1000 usuarios que lo probamos a trav\u00e9s del Programa de Rese\u00f1as TOPDON. Gracias a todos nuestros clientes de confianza, sus miles de comentarios y sugerencias valiosas en \u00faltima instancia nos ayudaron a hacer este producto brillante.<\/span><\/p>\n<div class=\"sc-jXbVAB kNtuek pf-480_ pf-r pf-r-eh fadeInUp\" data-pf-type=\"Row\" data-animation=\"fadeInUp\">\n<div class=\"pf-c\">\n<div class=\"sc-lnPyOc gUmbDa pf-481_\" data-pf-type=\"Column\">\n<h3 class=\"sc-eZjPq gpuBwB pf-482_ pf-heading-1-h3 fadeInUp\" data-pf-type=\"Heading\" data-animation=\"fadeInUp\"><span class=\"sc-dQEsWe LHlFs pf-484_\" data-pf-type=\"Text\">Aviso: Qu\u00e9 sucede cuando la suscripci\u00f3n expira?<\/span><\/h3>\n<div class=\"sc-jXbVAB kNtuek pf-485_ pf-r pf-r-eh\" data-pf-type=\"Row\">\n<div class=\"pf-c\">\n<div class=\"sc-lnPyOc gUmbDa pf-486_\" data-pf-type=\"Column\">\n<h3 class=\"sc-cmaqZA fXrIOS pf-487_ pf-heading-1-h3\" data-pf-type=\"Heading2\">Si decide no renovar su suscripci\u00f3n de software TopScan, todav\u00eda tendr\u00e1 acceso permanente y gratuito a varias caracter\u00edsticas, incluyendo:<\/h3>\n<p class=\"sc-kMriOJ cVLihF pf-489_ pf-text-1\" data-pf-type=\"Paragraph\"><span class=\"sc-dQEsWe LHlFs pf-491_\" data-pf-type=\"Text\">* EOBD Software<br \/>\n* I\/M Readiness<br \/>\n* Prueba de rendimiento del veh\u00edculo<br \/>\n* Gu\u00eda de reparaci\u00f3n de DTC<br \/>\n* Dispositivos de Servicio T\u00e9cnico (TSB)<br \/>\n* DLC Ubicaci\u00f3n<br \/>\n* Biblioteca de Luz de Advertencia<br \/>\n* VE Calculator<\/span><\/p>\n<\/div>\n<\/div>\n<div class=\"pf-c\">\n<div class=\"sc-lnPyOc gUmbDa pf-492_\" data-pf-type=\"Column\">\n<h3 class=\"sc-cmaqZA fXrIOS pf-493_ pf-heading-1-h3\" data-pf-type=\"Heading2\"><i class=\"sc-iMTngq ishyTy pf-494_ pf-icon-1 pfa pfa-triangle-exclamation\" data-pf-type=\"Icon\"><\/i>Todas las dem\u00e1s funciones perder\u00e1n acceso, incluyendo, entre otras, las siguientes:<\/h3>\n<p class=\"sc-kMriOJ cVLihF pf-495_ pf-text-1\" data-pf-type=\"Paragraph\"><span class=\"sc-dQEsWe LHlFs pf-497_\" data-pf-type=\"Text\">* Diagn\u00f3stico completo del sistema<br \/>\n* Lea y borrar c\u00f3digos de falla<br \/>\n* Leer la corriente de datos<br \/>\n* Control bidireccional<br \/>\n* Mantenimiento<br \/>\n* IMMO (versi\u00f3n profesional)<br \/>\n* Actualizaciones de software<\/span><\/p>\n<\/div>\n<\/div>\n<\/div>\n<\/div>\n<\/div>\n<\/div>\n<\/div>\n<\/div>\n<\/div>\n<\/div>\n<\/div>\n<\/div>\n<\/div>\n<\/div>\n<\/div>\n<\/div>\n<\/div>\n<\/div>\n<\/div>\n<\/div>\n<\/div>\n<\/div>\n<\/div>\n<\/div>\n<\/div>\n<\/div>\n<\/div>\n<\/div>\n<\/div>\n<\/div>\n<\/div>\n","protected":false},"excerpt":{"rendered":"<p>El TopScan es una herramienta de bolsillo que convierte un tel\u00e9fono en una herramienta de escaneo y se mantiene al [&hellip;]<\/p>\n","protected":false},"featured_media":515,"template":"","meta":{"content-type":"","site-sidebar-layout":"default","site-content-layout":"","ast-site-content-layout":"default","site-content-style":"default","site-sidebar-style":"default","ast-global-header-display":"","ast-banner-title-visibility":"","ast-main-header-display":"","ast-hfb-above-header-display":"","ast-hfb-below-header-display":"","ast-hfb-mobile-header-display":"","site-post-title":"","ast-breadcrumbs-content":"","ast-featured-img":"","footer-sml-layout":"","ast-disable-related-posts":"","theme-transparent-header-meta":"default","adv-header-id-meta":"","stick-header-meta":"","header-above-stick-meta":"","header-main-stick-meta":"","header-below-stick-meta":"","astra-migrate-meta-layouts":"set","ast-page-background-enabled":"default","ast-page-background-meta":{"desktop":{"background-color":"var(--ast-global-color-5)","background-image":"","background-repeat":"repeat","background-position":"center center","background-size":"auto","background-attachment":"scroll","background-type":"","background-media":"","overlay-type":"","overlay-color":"","overlay-opacity":"","overlay-gradient":""},"tablet":{"background-color":"","background-image":"","background-repeat":"repeat","background-position":"center center","background-size":"auto","background-attachment":"scroll","background-type":"","background-media":"","overlay-type":"","overlay-color":"","overlay-opacity":"","overlay-gradient":""},"mobile":{"background-color":"","background-image":"","background-repeat":"repeat","background-position":"center center","background-size":"auto","background-attachment":"scroll","background-type":"","background-media":"","overlay-type":"","overlay-color":"","overlay-opacity":"","overlay-gradient":""}},"ast-content-background-meta":{"desktop":{"background-color":"var(--ast-global-color-4)","background-image":"","background-repeat":"repeat","background-position":"center center","background-size":"auto","background-attachment":"scroll","background-type":"","background-media":"","overlay-type":"","overlay-color":"","overlay-opacity":"","overlay-gradient":""},"tablet":{"background-color":"var(--ast-global-color-4)","background-image":"","background-repeat":"repeat","background-position":"center center","background-size":"auto","background-attachment":"scroll","background-type":"","background-media":"","overlay-type":"","overlay-color":"","overlay-opacity":"","overlay-gradient":""},"mobile":{"background-color":"var(--ast-global-color-4)","background-image":"","background-repeat":"repeat","background-position":"center center","background-size":"auto","background-attachment":"scroll","background-type":"","background-media":"","overlay-type":"","overlay-color":"","overlay-opacity":"","overlay-gradient":""}}},"product_brand":[],"product_cat":[27,31,54],"product_tag":[],"class_list":{"0":"post-505","1":"product","2":"type-product","3":"status-publish","4":"has-post-thumbnail","6":"product_cat-equipos-de-diagnostico","7":"product_cat-equipos-para-taller","8":"product_cat-escaner-automotriz-equipos-de-diagnostico","9":"desktop-align-center","10":"tablet-align-center","11":"mobile-align-center","13":"first","14":"instock","15":"shipping-taxable","16":"purchasable","17":"product-type-simple"},"_links":{"self":[{"href":"https:\/\/blackrhinotoolpro.com\/index.php\/wp-json\/wp\/v2\/product\/505","targetHints":{"allow":["GET"]}}],"collection":[{"href":"https:\/\/blackrhinotoolpro.com\/index.php\/wp-json\/wp\/v2\/product"}],"about":[{"href":"https:\/\/blackrhinotoolpro.com\/index.php\/wp-json\/wp\/v2\/types\/product"}],"wp:featuredmedia":[{"embeddable":true,"href":"https:\/\/blackrhinotoolpro.com\/index.php\/wp-json\/wp\/v2\/media\/515"}],"wp:attachment":[{"href":"https:\/\/blackrhinotoolpro.com\/index.php\/wp-json\/wp\/v2\/media?parent=505"}],"wp:term":[{"taxonomy":"product_brand","embeddable":true,"href":"https:\/\/blackrhinotoolpro.com\/index.php\/wp-json\/wp\/v2\/product_brand?post=505"},{"taxonomy":"product_cat","embeddable":true,"href":"https:\/\/blackrhinotoolpro.com\/index.php\/wp-json\/wp\/v2\/product_cat?post=505"},{"taxonomy":"product_tag","embeddable":true,"href":"https:\/\/blackrhinotoolpro.com\/index.php\/wp-json\/wp\/v2\/product_tag?post=505"}],"curies":[{"name":"wp","href":"https:\/\/api.w.org\/{rel}","templated":true}]}}