{"id":479,"date":"2025-04-11T20:23:20","date_gmt":"2025-04-11T20:23:20","guid":{"rendered":"https:\/\/blackrhinotoolpro.com\/?post_type=product&#038;p=479"},"modified":"2026-04-02T16:00:08","modified_gmt":"2026-04-02T16:00:08","slug":"tornado1200-topdon-mantenedor-de-baterias","status":"publish","type":"product","link":"https:\/\/blackrhinotoolpro.com\/index.php\/producto\/tornado1200-topdon-mantenedor-de-baterias\/","title":{"rendered":"Tornado1200 TOPDON Mantenedor de Bater\u00edas"},"content":{"rendered":"<p>El Tornado1200 es una herramienta de reparaci\u00f3n de bater\u00eda de carga de goteo segura, inteligente y eficaz, con una corriente de carga m\u00e1xima de 1.2A y funciona con bater\u00edas de 6 a 36Ah. Este cargador es adecuado para una variedad de bater\u00edas de plomo-\u00e1cido 6V\/12V y 12V Li-Ion, incluyendo bater\u00edas de plomo-\u00e1cido, GEL, EFB, AGM y Lithium-Ion.<br \/>\nEl Tornado1200 puede solucionar una amplia gama de problemas de la bater\u00eda, monitorear y detectar autom\u00e1ticamente la sulfataci\u00f3n de bater\u00edas y la estratificaci\u00f3n de \u00e1cido. El Tornado1200 puede cargar bater\u00edas muertas 6V mayores de 4.5V y cargar bater\u00edas muertas de 12V mayores de 8.5V, devolver la vida a sus bater\u00edas. 5 modos de carga previenen sobrecargar, capturar y proteger su bater\u00eda. El Tornado1200 es una opci\u00f3n rentable para cualquier persona que realice reparaciones de bater\u00edas.<\/p>\n<div class=\"col-xs-12 col-sm-6 col-sm-offset-1\">\n<h2>TECNOLOG\u00cdA INTELIGENTE:<\/h2>\n<p>El Tornado1200 tiene un Microprocesador incorporado para controlar el proceso de carga para reparar mejor la bater\u00eda.<\/p>\n<div class=\"col-xs-12 col-sm-6 col-sm-offset-1\">\n<h2>5-PASOS CARGADOR INTELIGENTE PROLONGA LA VIDA DE LA BATER\u00cdA:<\/h2>\n<p>La funci\u00f3n de carga inteligente de 5 pasos ofrece una carga m\u00e1s r\u00e1pida y un rendimiento de la bater\u00eda optimizado. Esta caracter\u00edstica evita el sobrecarga y alarga la vida de su bater\u00eda. No habr\u00e1 da\u00f1os en la bater\u00eda, incluso si se olvida de desenchufar la bater\u00eda despu\u00e9s de que se haya cargado completamente.<\/p>\n<div class=\"col-xs-12 col-sm-6\">\n<h2>PROTECCIONES DE SEGURIDAD M\u00daLTIPLE:<\/h2>\n<p>El Tornado1200 protege contra conexiones inversas, sobre temperaturas, sobre voltajes, cortocircuitos, sobrecargas e incluso chispas. Esta herramienta da a los usuarios la paz de la mente cuando est\u00e1 en uso.<\/p>\n<div class=\"col-xs-12 col-sm-6 col-sm-offset-1\">\n<h2>OPERACIONES EN CLIMAS EXTREMOS:<\/h2>\n<p>El Tornado1200 se puede utilizar para recargar su coche a temperaturas duras, desafiando tanto el fr\u00edo y el calor implacables. Con una temperatura de funcionamiento de -10oC &#8211; 40oC (14oF &#8211; 107oF) y una calificaci\u00f3n resistente al agua IP65, coincidir\u00e1 con cualquier condici\u00f3n meteorol\u00f3gica.<\/p>\n<\/div>\n<\/div>\n<\/div>\n<\/div>\n","protected":false},"excerpt":{"rendered":"<p>El Tornado1200 es una herramienta de reparaci\u00f3n de bater\u00eda de carga de goteo segura, inteligente y eficaz, con una corriente [&hellip;]<\/p>\n","protected":false},"featured_media":481,"template":"","meta":{"content-type":"","site-sidebar-layout":"default","site-content-layout":"","ast-site-content-layout":"default","site-content-style":"default","site-sidebar-style":"default","ast-global-header-display":"","ast-banner-title-visibility":"","ast-main-header-display":"","ast-hfb-above-header-display":"","ast-hfb-below-header-display":"","ast-hfb-mobile-header-display":"","site-post-title":"","ast-breadcrumbs-content":"","ast-featured-img":"","footer-sml-layout":"","ast-disable-related-posts":"","theme-transparent-header-meta":"default","adv-header-id-meta":"","stick-header-meta":"","header-above-stick-meta":"","header-main-stick-meta":"","header-below-stick-meta":"","astra-migrate-meta-layouts":"set","ast-page-background-enabled":"default","ast-page-background-meta":{"desktop":{"background-color":"var(--ast-global-color-5)","background-image":"","background-repeat":"repeat","background-position":"center center","background-size":"auto","background-attachment":"scroll","background-type":"","background-media":"","overlay-type":"","overlay-color":"","overlay-opacity":"","overlay-gradient":""},"tablet":{"background-color":"","background-image":"","background-repeat":"repeat","background-position":"center center","background-size":"auto","background-attachment":"scroll","background-type":"","background-media":"","overlay-type":"","overlay-color":"","overlay-opacity":"","overlay-gradient":""},"mobile":{"background-color":"","background-image":"","background-repeat":"repeat","background-position":"center center","background-size":"auto","background-attachment":"scroll","background-type":"","background-media":"","overlay-type":"","overlay-color":"","overlay-opacity":"","overlay-gradient":""}},"ast-content-background-meta":{"desktop":{"background-color":"var(--ast-global-color-4)","background-image":"","background-repeat":"repeat","background-position":"center center","background-size":"auto","background-attachment":"scroll","background-type":"","background-media":"","overlay-type":"","overlay-color":"","overlay-opacity":"","overlay-gradient":""},"tablet":{"background-color":"var(--ast-global-color-4)","background-image":"","background-repeat":"repeat","background-position":"center center","background-size":"auto","background-attachment":"scroll","background-type":"","background-media":"","overlay-type":"","overlay-color":"","overlay-opacity":"","overlay-gradient":""},"mobile":{"background-color":"var(--ast-global-color-4)","background-image":"","background-repeat":"repeat","background-position":"center center","background-size":"auto","background-attachment":"scroll","background-type":"","background-media":"","overlay-type":"","overlay-color":"","overlay-opacity":"","overlay-gradient":""}}},"product_brand":[],"product_cat":[23,56],"product_tag":[],"class_list":{"0":"post-479","1":"product","2":"type-product","3":"status-publish","4":"has-post-thumbnail","6":"product_cat-cargadores-y-arrancadores-de-baterias","7":"product_cat-mantenedores-de-bateria","8":"desktop-align-center","9":"tablet-align-center","10":"mobile-align-center","12":"first","13":"instock","14":"shipping-taxable","15":"purchasable","16":"product-type-simple"},"_links":{"self":[{"href":"https:\/\/blackrhinotoolpro.com\/index.php\/wp-json\/wp\/v2\/product\/479","targetHints":{"allow":["GET"]}}],"collection":[{"href":"https:\/\/blackrhinotoolpro.com\/index.php\/wp-json\/wp\/v2\/product"}],"about":[{"href":"https:\/\/blackrhinotoolpro.com\/index.php\/wp-json\/wp\/v2\/types\/product"}],"wp:featuredmedia":[{"embeddable":true,"href":"https:\/\/blackrhinotoolpro.com\/index.php\/wp-json\/wp\/v2\/media\/481"}],"wp:attachment":[{"href":"https:\/\/blackrhinotoolpro.com\/index.php\/wp-json\/wp\/v2\/media?parent=479"}],"wp:term":[{"taxonomy":"product_brand","embeddable":true,"href":"https:\/\/blackrhinotoolpro.com\/index.php\/wp-json\/wp\/v2\/product_brand?post=479"},{"taxonomy":"product_cat","embeddable":true,"href":"https:\/\/blackrhinotoolpro.com\/index.php\/wp-json\/wp\/v2\/product_cat?post=479"},{"taxonomy":"product_tag","embeddable":true,"href":"https:\/\/blackrhinotoolpro.com\/index.php\/wp-json\/wp\/v2\/product_tag?post=479"}],"curies":[{"name":"wp","href":"https:\/\/api.w.org\/{rel}","templated":true}]}}