{"id":460,"date":"2025-04-11T19:37:55","date_gmt":"2025-04-11T19:37:55","guid":{"rendered":"https:\/\/blackrhinotoolpro.com\/?post_type=product&#038;p=460"},"modified":"2025-12-01T13:32:39","modified_gmt":"2025-12-01T13:32:39","slug":"spt101-autool-probador-de-bujias","status":"publish","type":"product","link":"https:\/\/blackrhinotoolpro.com\/index.php\/producto\/spt101-autool-probador-de-bujias\/","title":{"rendered":"SPT101 AUTOOL Probador de Buj\u00edas"},"content":{"rendered":"<p>AUTOOL SPT101 Automotive Spark Plug Tester es un dispositivo de prueba de enchufes de buj\u00eda profesional y confiable lanzado para satisfacer las necesidades del posventa automotriz. Se puede utilizar para probar el rendimiento de las buj\u00edas de forma segura y r\u00e1pida. SPT101 puede simular las condiciones de trabajo del motor real, y tiene las ventajas de una estructura simple, un uso conveniente, gran energ\u00eda de salida, durabilidad, etc.<\/p>\n<h3><strong>Caracter\u00edsticas del producto:<\/strong><\/h3>\n<h4><strong>Prueba simult\u00e1nea de dos agujeros<\/strong><\/h4>\n<p>La prueba de agujero doble se puede realizar al mismo tiempo. Dos buj\u00edas se pueden probar y observar al mismo tiempo. Es conveniente para los usuarios hacer juicios precisos y tomar m\u00e9todos de tratamiento espec\u00edficos para buj\u00edas con malas condiciones de trabajo a trav\u00e9s de pruebas comparativas. Es profesional, fiable, eficiente y ahorrador de tiempo.<\/p>\n<h4><strong>Condiciones de funcionamiento del motor simulado<\/strong><\/h4>\n<p>Con la funci\u00f3n de simular las condiciones de funcionamiento del motor, puede probar el rendimiento de las buj\u00edas probadas de acuerdo a diferentes condiciones de funcionamiento, y diagnosticar con precisi\u00f3n los posibles problemas de las buj\u00edas probadas.<\/p>\n<h4><strong>Frecuencia de trabajo ajustable<\/strong><\/h4>\n<p>La frecuencia de trabajo est\u00e1 dise\u00f1ada para ser ajustable de 0 a 6000rpm. Cuanto mayor sea la frecuencia, mayor ser\u00e1 la fuerza de la buj\u00eda. Los usuarios pueden realizar ajustes espec\u00edficos seg\u00fan sea necesario para soportar una operaci\u00f3n flexible.<\/p>\n<h4><strong>Dise\u00f1o de cobertura protector<\/strong><\/h4>\n<p>En el proceso de pruebas de buj\u00edas, el voltaje de trabajo puede ser tan alto como miles de voltios, hay un gran riesgo de seguridad. El SPT101 est\u00e1 equipado con un dispositivo de cubierta protectora. La cobertura de la cubierta protectora antes de su uso puede prevenir eficazmente el contacto accidental, garantizar la seguridad de funcionamiento de los operadores durante el ensayo y evitar lesiones personales.<\/p>\n<h4><strong>Luz indicadora de entrada incorporada<\/strong><\/h4>\n<p>El producto est\u00e1 equipado con luz indicadora de trabajo y luz indicadora de potencia, que puede mostrar el estado de la prueba de buj\u00edas de forma m\u00e1s intuitiva, y facilitar la supervisi\u00f3n en tiempo real de si la prueba se est\u00e1 ejecutando normalmente.<\/p>\n<h4><strong>F\u00e1cil de operar<\/strong><\/h4>\n<p>El producto est\u00e1 equipado con un cord\u00f3n de alimentaci\u00f3n conveniente, enchufe para usar; simplemente ponga la buceo enganche en el agujero del producto y presione el interruptor para probar. Es f\u00e1cil de usar, y los no profesionales pueden dominar f\u00e1cilmente los pasos de operaci\u00f3n.<\/p>\n<h4><strong>Ampliamente utilizado<\/strong><\/h4>\n<p>Es aplicable a las buj\u00edas de autom\u00f3viles de 12V enchufes de automoci\u00f3n en el mercado. Acepta tensi\u00f3n de entrada de 100V-240V y tiene una amplia cobertura de prueba.<\/p>\n<h4><strong>Garant\u00eda de tres a\u00f1os y mantenimiento permanente<\/strong><\/h4>\n<p>Por el da\u00f1o causado por factores no humanos, AUTOOL promete reenviar las partes de forma gratuita en un plazo de 3 a\u00f1os. Para cualquier demanda, le damos una c\u00e1lida bienvenida a que se ponga en contacto con nosotros, y le responderemos lo antes posible en 24 horas.<\/p>\n<h3><strong>Pasos<\/strong><\/h3>\n<ol>\n<li>Ponga la bujilla en el agujero de prueba;<\/li>\n<li>Cierre la cubierta protectora;<\/li>\n<li>Conecte la fuente de alimentaci\u00f3n y ajuste la frecuencia de trabajo;<\/li>\n<li>Observe el estado de prueba de la buj\u00eda a trav\u00e9s de la cubierta protectora.<\/li>\n<\/ol>\n<h3><strong>Par\u00e1metros de producto<\/strong><\/h3>\n<ul>\n<li>N\u00famero de modelo: AUTOOL SPT101<\/li>\n<li>Tensi\u00f3n de entrada: 110V\/220V<\/li>\n<li>Velocidad anal\u00f3gica: 0-6000rpm<\/li>\n<li>Peso: 354g<\/li>\n<li>Tama\u00f1o del producto: 145x85x113mm<\/li>\n<li>Tama\u00f1o del paquete: 165x100x118mm<\/li>\n<\/ul>\n<h3><strong>Lista de embalaje<\/strong><\/h3>\n<ul>\n<li>1 * AUTOOL SPT101 Automotive Spark Plug Tester Host<\/li>\n<li>1 * Certificado de Calificaci\u00f3n<\/li>\n<li>1 * Manual de Usuario<\/li>\n<li>1 * Adaptador de energ\u00eda<\/li>\n<\/ul>\n","protected":false},"excerpt":{"rendered":"<p>AUTOOL SPT101 Automotive Spark Plug Tester es un dispositivo de prueba de enchufes de buj\u00eda profesional y confiable lanzado para [&hellip;]<\/p>\n","protected":false},"featured_media":461,"template":"","meta":{"content-type":"","site-sidebar-layout":"default","site-content-layout":"","ast-site-content-layout":"default","site-content-style":"default","site-sidebar-style":"default","ast-global-header-display":"","ast-banner-title-visibility":"","ast-main-header-display":"","ast-hfb-above-header-display":"","ast-hfb-below-header-display":"","ast-hfb-mobile-header-display":"","site-post-title":"","ast-breadcrumbs-content":"","ast-featured-img":"","footer-sml-layout":"","ast-disable-related-posts":"","theme-transparent-header-meta":"default","adv-header-id-meta":"","stick-header-meta":"","header-above-stick-meta":"","header-main-stick-meta":"","header-below-stick-meta":"","astra-migrate-meta-layouts":"set","ast-page-background-enabled":"default","ast-page-background-meta":{"desktop":{"background-color":"var(--ast-global-color-5)","background-image":"","background-repeat":"repeat","background-position":"center center","background-size":"auto","background-attachment":"scroll","background-type":"","background-media":"","overlay-type":"","overlay-color":"","overlay-opacity":"","overlay-gradient":""},"tablet":{"background-color":"","background-image":"","background-repeat":"repeat","background-position":"center center","background-size":"auto","background-attachment":"scroll","background-type":"","background-media":"","overlay-type":"","overlay-color":"","overlay-opacity":"","overlay-gradient":""},"mobile":{"background-color":"","background-image":"","background-repeat":"repeat","background-position":"center center","background-size":"auto","background-attachment":"scroll","background-type":"","background-media":"","overlay-type":"","overlay-color":"","overlay-opacity":"","overlay-gradient":""}},"ast-content-background-meta":{"desktop":{"background-color":"var(--ast-global-color-4)","background-image":"","background-repeat":"repeat","background-position":"center center","background-size":"auto","background-attachment":"scroll","background-type":"","background-media":"","overlay-type":"","overlay-color":"","overlay-opacity":"","overlay-gradient":""},"tablet":{"background-color":"var(--ast-global-color-4)","background-image":"","background-repeat":"repeat","background-position":"center center","background-size":"auto","background-attachment":"scroll","background-type":"","background-media":"","overlay-type":"","overlay-color":"","overlay-opacity":"","overlay-gradient":""},"mobile":{"background-color":"var(--ast-global-color-4)","background-image":"","background-repeat":"repeat","background-position":"center center","background-size":"auto","background-attachment":"scroll","background-type":"","background-media":"","overlay-type":"","overlay-color":"","overlay-opacity":"","overlay-gradient":""}}},"product_brand":[],"product_cat":[27,31,49],"product_tag":[],"class_list":{"0":"post-460","1":"product","2":"type-product","3":"status-publish","4":"has-post-thumbnail","6":"product_cat-equipos-de-diagnostico","7":"product_cat-equipos-para-taller","8":"product_cat-probador-de-bujias","9":"desktop-align-center","10":"tablet-align-center","11":"mobile-align-center","13":"first","14":"instock","15":"shipping-taxable","16":"purchasable","17":"product-type-simple"},"_links":{"self":[{"href":"https:\/\/blackrhinotoolpro.com\/index.php\/wp-json\/wp\/v2\/product\/460","targetHints":{"allow":["GET"]}}],"collection":[{"href":"https:\/\/blackrhinotoolpro.com\/index.php\/wp-json\/wp\/v2\/product"}],"about":[{"href":"https:\/\/blackrhinotoolpro.com\/index.php\/wp-json\/wp\/v2\/types\/product"}],"wp:featuredmedia":[{"embeddable":true,"href":"https:\/\/blackrhinotoolpro.com\/index.php\/wp-json\/wp\/v2\/media\/461"}],"wp:attachment":[{"href":"https:\/\/blackrhinotoolpro.com\/index.php\/wp-json\/wp\/v2\/media?parent=460"}],"wp:term":[{"taxonomy":"product_brand","embeddable":true,"href":"https:\/\/blackrhinotoolpro.com\/index.php\/wp-json\/wp\/v2\/product_brand?post=460"},{"taxonomy":"product_cat","embeddable":true,"href":"https:\/\/blackrhinotoolpro.com\/index.php\/wp-json\/wp\/v2\/product_cat?post=460"},{"taxonomy":"product_tag","embeddable":true,"href":"https:\/\/blackrhinotoolpro.com\/index.php\/wp-json\/wp\/v2\/product_tag?post=460"}],"curies":[{"name":"wp","href":"https:\/\/api.w.org\/{rel}","templated":true}]}}