{"id":454,"date":"2025-04-11T19:26:20","date_gmt":"2025-04-11T19:26:20","guid":{"rendered":"https:\/\/blackrhinotoolpro.com\/?post_type=product&#038;p=454"},"modified":"2026-03-25T01:28:29","modified_gmt":"2026-03-25T01:28:29","slug":"sdt205s-autool-detector-de-fuga-de-humo","status":"publish","type":"product","link":"https:\/\/blackrhinotoolpro.com\/index.php\/producto\/sdt205s-autool-detector-de-fuga-de-humo\/","title":{"rendered":"SDT205S AUTOOL Detector de fuga de humo"},"content":{"rendered":"<p>El modelo AUTOOL SDT205S es una m\u00e1quina de humo automotriz de medio presupuesto, que est\u00e1 especialmente dise\u00f1ada para los profesionales de autom\u00f3viles. Viene con dos modos de prueba: es decir. Modo de aire y modo de humo, que permite una detecci\u00f3n de fugas m\u00e1s r\u00e1pida y precisa. Un caudal\u00edmetro visible puede observar y controlar eficazmente el caudal de la salida de humo, mientras que un medidor de presi\u00f3n visible puede determinar con precisi\u00f3n si el tubo se est\u00e1 filtrando. AUTOOL SDT205S Automotive Smoke Leak Detector tiene las siguientes ventajas:<\/p>\n<h3><strong>Modos de prueba dobles<\/strong><\/h3>\n<ul>\n<li>Modo de aire: Es posible diagnosticar fugas a trav\u00e9s del man\u00f3metro sin que no se requiera humo. Se proporciona con un ajuste de caudal\u00edmetro de 1 a 6 niveles para ajustar el flujo de aire y medir con precisi\u00f3n las peque\u00f1as fugas (incluso hasta 0,25 mm).<\/li>\n<li>Modo de humo: Este modo se puede utilizar cuando se detecta una fuga. Este detector de humo puede producir humo en 10 segundos para ayudarle a encontrar fugas de tuber\u00edas de forma r\u00e1pida y precisa.<\/li>\n<\/ul>\n<h3><strong>Medidor de flujo visual y perilla ajustable<\/strong><\/h3>\n<p>Flujo de salida de humo: 0-6 L\/min, medidor de nivel con una perilla ajustable, f\u00e1cil de observar y operar.<\/p>\n<h3><strong>Diagn\u00f3stico r\u00e1pido de fuga por pantalla de presi\u00f3n<\/strong><\/h3>\n<ul>\n<li>Sin fugas: si el valor del man\u00f3metro sigue siendo el mismo, significa que no hay fuga en el sistema de tuber\u00edas.<\/li>\n<li>Peque\u00f1a fuga: si el valor del man\u00f3metro cae un poco, indica una peque\u00f1a fuga en el sistema de tuber\u00edas.<\/li>\n<li>Fipida grave: si el man\u00f3metro alcanza cero, indica una gran fuga en el sistema de tuber\u00edas.<\/li>\n<\/ul>\n<h3><strong>No hay necesidad de responder en un compresor de aire externo; rentable y ahorro de dinero<\/strong><\/h3>\n<p>El detector de fugas port\u00e1til tiene una bomba de aire incorporada, por lo que no es necesario comprar un compresor adicional. Simplemente conecte el detector a una bater\u00eda DC12V y estar\u00e1 listo para trabajar y producir humo en segundos.<\/p>\n<h3><strong>Protecci\u00f3n sobrecalentamiento y anticongelaci\u00f3n:<\/strong><\/h3>\n<p>El detector de humo est\u00e1 equipado con los \u00faltimos dispositivos de protecci\u00f3n inteligente. Cuando la temperatura de la unidad supere los 75 oC, la protecci\u00f3n de la potencia se apagar\u00e1 inteligentemente para garantizar la seguridad del operador y de la unidad. Despu\u00e9s de 10 minutos de trabajo continuo, la unidad se activar\u00e1 para protegerse contra el sobrecalentamiento por m\u00e1s de 5 minutos, mientras que la unidad tambi\u00e9n puede trabajar a temperaturas fr\u00edas. Soporte s\u00f3lo bater\u00eda de coches de 12V.<\/p>\n<h3><strong>Entrega de drenaje manoy<\/strong><\/h3>\n<p>Cuando se completan todas las pruebas, ayuda a drenar el aceite restante, lo que puede evitar que el aceite de ensayo quede en la m\u00e1quina durante mucho tiempo para corrodir la m\u00e1quina. El aceite se puede reciclar para su uso secundario.<\/p>\n<h3><strong>C\u00f3mo hacer la detecci\u00f3n de fugas?<\/strong><\/h3>\n<ol>\n<li>Llene el aceite de prueba de 10ml-20ml en el detector de fugas de humo.<\/li>\n<li>Abra la tuber\u00eda que necesita estar conectada al detector de fugas.<\/li>\n<li>Instale el adaptador de airbag universal a la tuber\u00eda sellada y con\u00e9ctelo con el conducto de humo de la unidad.<\/li>\n<li>Conecte el detector a la bater\u00eda DC12V del coche, y empieza a funcionar.<\/li>\n<li>Enciende el modo Aire. Compruebe si hay una fuga a trav\u00e9s del man\u00f3metro con el estado de la salida de humo.<\/li>\n<li>Despu\u00e9s de determinar que hay una fuga en el oleoducto, por favor apague el modo Aire. A continuaci\u00f3n, gire en el modo Humo y env\u00ede humo a la l\u00ednea para localizar la fuga.<\/li>\n<li>Bajo la premisa de estar bien sellado, el oleoducto se puede llenar de humo en aproximadamente 1 min. Si hay una fuga, se puede localizar f\u00e1cilmente dentro de 2 x 3 min.<\/li>\n<\/ol>\n<h3><strong>Lista de embalaje:<\/strong><\/h3>\n<ul>\n<li>1pcs * AUTOOL SDT 205S unidad principal<\/li>\n<li>1pcs * Cord\u00f3n de energ\u00eda<\/li>\n<li>1pcs * Horas de humo<\/li>\n<li>1pcs * Adaptador de cono universal<\/li>\n<li>1 set * Universal Hard Rubber Plug<\/li>\n<li>1 set * Universal Soft Rubber Plug<\/li>\n<li>1pcs * Frasbre de llenado de aceite 30ml<\/li>\n<li>1pcs * Valve Core Wrench<\/li>\n<li>1pcs * Adaptador EVAP<\/li>\n<li>1pcs * Adaptador de bolsas de aire universal<\/li>\n<li>1pcs * Manual de usuario<\/li>\n<\/ul>\n","protected":false},"excerpt":{"rendered":"<p>El modelo AUTOOL SDT205S es una m\u00e1quina de humo automotriz de medio presupuesto, que est\u00e1 especialmente dise\u00f1ada para los profesionales [&hellip;]<\/p>\n","protected":false},"featured_media":455,"template":"","meta":{"content-type":"","site-sidebar-layout":"default","site-content-layout":"","ast-site-content-layout":"default","site-content-style":"default","site-sidebar-style":"default","ast-global-header-display":"","ast-banner-title-visibility":"","ast-main-header-display":"","ast-hfb-above-header-display":"","ast-hfb-below-header-display":"","ast-hfb-mobile-header-display":"","site-post-title":"","ast-breadcrumbs-content":"","ast-featured-img":"","footer-sml-layout":"","ast-disable-related-posts":"","theme-transparent-header-meta":"default","adv-header-id-meta":"","stick-header-meta":"","header-above-stick-meta":"","header-main-stick-meta":"","header-below-stick-meta":"","astra-migrate-meta-layouts":"set","ast-page-background-enabled":"default","ast-page-background-meta":{"desktop":{"background-color":"var(--ast-global-color-5)","background-image":"","background-repeat":"repeat","background-position":"center center","background-size":"auto","background-attachment":"scroll","background-type":"","background-media":"","overlay-type":"","overlay-color":"","overlay-opacity":"","overlay-gradient":""},"tablet":{"background-color":"","background-image":"","background-repeat":"repeat","background-position":"center center","background-size":"auto","background-attachment":"scroll","background-type":"","background-media":"","overlay-type":"","overlay-color":"","overlay-opacity":"","overlay-gradient":""},"mobile":{"background-color":"","background-image":"","background-repeat":"repeat","background-position":"center center","background-size":"auto","background-attachment":"scroll","background-type":"","background-media":"","overlay-type":"","overlay-color":"","overlay-opacity":"","overlay-gradient":""}},"ast-content-background-meta":{"desktop":{"background-color":"var(--ast-global-color-4)","background-image":"","background-repeat":"repeat","background-position":"center center","background-size":"auto","background-attachment":"scroll","background-type":"","background-media":"","overlay-type":"","overlay-color":"","overlay-opacity":"","overlay-gradient":""},"tablet":{"background-color":"var(--ast-global-color-4)","background-image":"","background-repeat":"repeat","background-position":"center center","background-size":"auto","background-attachment":"scroll","background-type":"","background-media":"","overlay-type":"","overlay-color":"","overlay-opacity":"","overlay-gradient":""},"mobile":{"background-color":"var(--ast-global-color-4)","background-image":"","background-repeat":"repeat","background-position":"center center","background-size":"auto","background-attachment":"scroll","background-type":"","background-media":"","overlay-type":"","overlay-color":"","overlay-opacity":"","overlay-gradient":""}}},"product_brand":[],"product_cat":[48,31],"product_tag":[],"class_list":{"0":"post-454","1":"product","2":"type-product","3":"status-publish","4":"has-post-thumbnail","6":"product_cat-detector-fuga-de-humo","7":"product_cat-equipos-para-taller","8":"desktop-align-center","9":"tablet-align-center","10":"mobile-align-center","12":"first","13":"instock","14":"shipping-taxable","15":"purchasable","16":"product-type-simple"},"_links":{"self":[{"href":"https:\/\/blackrhinotoolpro.com\/index.php\/wp-json\/wp\/v2\/product\/454","targetHints":{"allow":["GET"]}}],"collection":[{"href":"https:\/\/blackrhinotoolpro.com\/index.php\/wp-json\/wp\/v2\/product"}],"about":[{"href":"https:\/\/blackrhinotoolpro.com\/index.php\/wp-json\/wp\/v2\/types\/product"}],"wp:featuredmedia":[{"embeddable":true,"href":"https:\/\/blackrhinotoolpro.com\/index.php\/wp-json\/wp\/v2\/media\/455"}],"wp:attachment":[{"href":"https:\/\/blackrhinotoolpro.com\/index.php\/wp-json\/wp\/v2\/media?parent=454"}],"wp:term":[{"taxonomy":"product_brand","embeddable":true,"href":"https:\/\/blackrhinotoolpro.com\/index.php\/wp-json\/wp\/v2\/product_brand?post=454"},{"taxonomy":"product_cat","embeddable":true,"href":"https:\/\/blackrhinotoolpro.com\/index.php\/wp-json\/wp\/v2\/product_cat?post=454"},{"taxonomy":"product_tag","embeddable":true,"href":"https:\/\/blackrhinotoolpro.com\/index.php\/wp-json\/wp\/v2\/product_tag?post=454"}],"curies":[{"name":"wp","href":"https:\/\/api.w.org\/{rel}","templated":true}]}}