{"id":450,"date":"2025-04-11T19:25:52","date_gmt":"2025-04-11T19:25:52","guid":{"rendered":"https:\/\/blackrhinotoolpro.com\/?post_type=product&#038;p=450"},"modified":"2025-12-01T13:32:39","modified_gmt":"2025-12-01T13:32:39","slug":"sdt202-autool-detector-de-fuga-de-humo","status":"publish","type":"product","link":"https:\/\/blackrhinotoolpro.com\/index.php\/producto\/sdt202-autool-detector-de-fuga-de-humo\/","title":{"rendered":"SDT202 AUTOOL Detector de fuga de humo"},"content":{"rendered":"<p>AUTOOL SDT202 modelo es un detector profesional de fugas de humo automotriz. En comparaci\u00f3n con el modelo SDT106, a\u00f1ade un medidor de presi\u00f3n visual para permitir una mejor observaci\u00f3n, ayudando as\u00ed a reparar t\u00e9cnicos para resolver problemas r\u00e1pidamente y ahorrar tiempo. Las ventajas son las siguientes:<\/p>\n<p>&nbsp;<\/p>\n<h3><strong>Diagn\u00f3stico r\u00e1pido de fuga por pantalla de presi\u00f3n<\/strong><\/h3>\n<ul>\n<li>Sin fugas: si el valor del man\u00f3metro sigue siendo el mismo, significa que no hay fuga en el sistema de tuber\u00edas.<\/li>\n<li>Peque\u00f1a fuga: si el valor del man\u00f3metro cae un poco, indica una peque\u00f1a fuga en el sistema de tuber\u00edas.<\/li>\n<li>Fipida grave: si el man\u00f3metro alcanza cero, indica una gran fuga en el sistema de tuber\u00edas.<\/li>\n<\/ul>\n<h3><strong>Bomba de aire incorporada<\/strong><\/h3>\n<p>No se necesita una bomba de aire externa, listo para el mantenimiento de diagn\u00f3stico en cualquier momento.<\/p>\n<p>Protecci\u00f3n contra el hechizo y anticongelaci\u00f3n: El detector de humo est\u00e1 equipado con los \u00faltimos dispositivos de protecci\u00f3n inteligente. Cuando la temperatura de la unidad supere los 75 oC, la protecci\u00f3n de la potencia se apagar\u00e1 inteligentemente para garantizar la seguridad del operador y de la unidad. Despu\u00e9s de 15 minutos de trabajo continuo, se activar\u00e1 la unidad para protegerse contra el sobrecalentamiento por m\u00e1s de 10 minutos, mientras que la unidad tambi\u00e9n puede trabajar a temperaturas fr\u00edas. Soporte s\u00f3lo bater\u00eda de coches de 12V.<\/p>\n<h3><strong>C\u00f3mo hacer la detecci\u00f3n de fugas?<\/strong><\/h3>\n<ol>\n<li>Llene el aceite de prueba de 10ml-20ml en el detector de fugas de humo. En condiciones de trabajo est\u00e1ndar, el llenado 20ML de fluido de ensayo se puede utilizar continuamente durante unos 10 minutos.<\/li>\n<li>Abra la tuber\u00eda que necesita estar conectada al detector de fugas.<\/li>\n<li>Instale el adaptador universal de airbag a la tuber\u00eda sellada y con\u00e9ctelo con el conducto de humo de la unidad.<\/li>\n<li>Conecte el detector a la bater\u00eda DC12V del coche, y empieza a funcionar.<\/li>\n<li>El oleoducto se llenar\u00e1 de humo pronto. Comprueba si hay fugas.<\/li>\n<li>Detecta la tuber\u00eda de fugas. Bajo la premisa de estar bien sellado, el oleoducto se puede llenar de humo en aproximadamente 1 min. Si hay una fuga, se puede localizar f\u00e1cilmente dentro de 3 min.<\/li>\n<\/ol>\n<h3><strong>Lista de embalaje:<\/strong><\/h3>\n<ul>\n<li>1pcs * AUTOOL SDT202 Unidad principal<\/li>\n<li>1pcs * Garfio (con nueces apretadas a mano)<\/li>\n<li>1pcs * Universal Soft Rubber Plug<\/li>\n<li>1pcs * Adaptador de cono universal<\/li>\n<li>1set * Enchufe de goma superior universal<\/li>\n<li>1pcs * Adaptador de bolsas de aire universal<\/li>\n<li>1pcs * Cord\u00f3n de energ\u00eda<\/li>\n<li>1pcs * Valve Core Wrench<\/li>\n<li>1pcs * Test Oil Rellenl Botella Botella (No incluido el aceite)<\/li>\n<li>1pcs * EVAP Special Connector<\/li>\n<li>1pcs * Horas de humo<\/li>\n<li>Manual de instrucciones 1pcs<\/li>\n<\/ul>\n","protected":false},"excerpt":{"rendered":"<p>AUTOOL SDT202 modelo es un detector profesional de fugas de humo automotriz. En comparaci\u00f3n con el modelo SDT106, a\u00f1ade un [&hellip;]<\/p>\n","protected":false},"featured_media":451,"template":"","meta":{"content-type":"","site-sidebar-layout":"default","site-content-layout":"","ast-site-content-layout":"default","site-content-style":"default","site-sidebar-style":"default","ast-global-header-display":"","ast-banner-title-visibility":"","ast-main-header-display":"","ast-hfb-above-header-display":"","ast-hfb-below-header-display":"","ast-hfb-mobile-header-display":"","site-post-title":"","ast-breadcrumbs-content":"","ast-featured-img":"","footer-sml-layout":"","ast-disable-related-posts":"","theme-transparent-header-meta":"default","adv-header-id-meta":"","stick-header-meta":"","header-above-stick-meta":"","header-main-stick-meta":"","header-below-stick-meta":"","astra-migrate-meta-layouts":"set","ast-page-background-enabled":"default","ast-page-background-meta":{"desktop":{"background-color":"var(--ast-global-color-5)","background-image":"","background-repeat":"repeat","background-position":"center center","background-size":"auto","background-attachment":"scroll","background-type":"","background-media":"","overlay-type":"","overlay-color":"","overlay-opacity":"","overlay-gradient":""},"tablet":{"background-color":"","background-image":"","background-repeat":"repeat","background-position":"center center","background-size":"auto","background-attachment":"scroll","background-type":"","background-media":"","overlay-type":"","overlay-color":"","overlay-opacity":"","overlay-gradient":""},"mobile":{"background-color":"","background-image":"","background-repeat":"repeat","background-position":"center center","background-size":"auto","background-attachment":"scroll","background-type":"","background-media":"","overlay-type":"","overlay-color":"","overlay-opacity":"","overlay-gradient":""}},"ast-content-background-meta":{"desktop":{"background-color":"var(--ast-global-color-4)","background-image":"","background-repeat":"repeat","background-position":"center center","background-size":"auto","background-attachment":"scroll","background-type":"","background-media":"","overlay-type":"","overlay-color":"","overlay-opacity":"","overlay-gradient":""},"tablet":{"background-color":"var(--ast-global-color-4)","background-image":"","background-repeat":"repeat","background-position":"center center","background-size":"auto","background-attachment":"scroll","background-type":"","background-media":"","overlay-type":"","overlay-color":"","overlay-opacity":"","overlay-gradient":""},"mobile":{"background-color":"var(--ast-global-color-4)","background-image":"","background-repeat":"repeat","background-position":"center center","background-size":"auto","background-attachment":"scroll","background-type":"","background-media":"","overlay-type":"","overlay-color":"","overlay-opacity":"","overlay-gradient":""}}},"product_brand":[],"product_cat":[48,31],"product_tag":[],"class_list":{"0":"post-450","1":"product","2":"type-product","3":"status-publish","4":"has-post-thumbnail","6":"product_cat-detector-fuga-de-humo","7":"product_cat-equipos-para-taller","8":"desktop-align-center","9":"tablet-align-center","10":"mobile-align-center","12":"first","13":"instock","14":"shipping-taxable","15":"purchasable","16":"product-type-simple"},"_links":{"self":[{"href":"https:\/\/blackrhinotoolpro.com\/index.php\/wp-json\/wp\/v2\/product\/450","targetHints":{"allow":["GET"]}}],"collection":[{"href":"https:\/\/blackrhinotoolpro.com\/index.php\/wp-json\/wp\/v2\/product"}],"about":[{"href":"https:\/\/blackrhinotoolpro.com\/index.php\/wp-json\/wp\/v2\/types\/product"}],"wp:featuredmedia":[{"embeddable":true,"href":"https:\/\/blackrhinotoolpro.com\/index.php\/wp-json\/wp\/v2\/media\/451"}],"wp:attachment":[{"href":"https:\/\/blackrhinotoolpro.com\/index.php\/wp-json\/wp\/v2\/media?parent=450"}],"wp:term":[{"taxonomy":"product_brand","embeddable":true,"href":"https:\/\/blackrhinotoolpro.com\/index.php\/wp-json\/wp\/v2\/product_brand?post=450"},{"taxonomy":"product_cat","embeddable":true,"href":"https:\/\/blackrhinotoolpro.com\/index.php\/wp-json\/wp\/v2\/product_cat?post=450"},{"taxonomy":"product_tag","embeddable":true,"href":"https:\/\/blackrhinotoolpro.com\/index.php\/wp-json\/wp\/v2\/product_tag?post=450"}],"curies":[{"name":"wp","href":"https:\/\/api.w.org\/{rel}","templated":true}]}}