{"id":441,"date":"2025-04-11T01:42:39","date_gmt":"2025-04-11T01:42:39","guid":{"rendered":"https:\/\/blackrhinotoolpro.com\/?post_type=product&#038;p=441"},"modified":"2026-03-25T01:30:12","modified_gmt":"2026-03-25T01:30:12","slug":"german-gold-racing-power-4t-10w-40-semi-sintetico-1-litro-para-motocicleta","status":"publish","type":"product","link":"https:\/\/blackrhinotoolpro.com\/index.php\/producto\/german-gold-racing-power-4t-10w-40-semi-sintetico-1-litro-para-motocicleta\/","title":{"rendered":"PROMOCION 2X1!!! German Gold Racing Power 4T 10W-40 (Semi Sint\u00e9tico) &#8211; 1 Litro para Motocicleta"},"content":{"rendered":"<p>German Gold Racing Power 4T 10W-40 es un aceite de motor para bombas de 4 tiempos exigentes. Permite el funcionamiento del motor que ahorra combustible y est\u00e1 dise\u00f1ado espec\u00edficamente para acoplamientos h\u00famedos y lubricados.<\/p>\n<p>El alem\u00e1n Gold Racing Power 4T 10W-40 se caracteriza por sus excelentes propiedades de arranque en fr\u00edo, ya que garantiza una fiabilidad \u00f3ptima de la lubricaci\u00f3n durante la fase de gesti\u00f3n en fr\u00edo.<\/p>\n<p>German Gold Racing Power 4T 10W-40 es especialmente adecuado como aceite de motor de alto rendimiento para todas las motocicletas, cuando se requiere la especificaci\u00f3n JASO MA2 T904:2006 SAE 10W-40.<\/p>\n<p>German Gold Racing Power 4T 10W-40 cumple con las demandas de alta tecnolog\u00eda de la \u00faltima generaci\u00f3n de motores de alto rendimiento. Para carreras profesionales te recomendamos nuestros productos de carreras.<\/p>\n","protected":false},"excerpt":{"rendered":"<p>German Gold Racing Power 4T 10W-40 es un aceite de motor para bombas de 4 tiempos exigentes. Permite el funcionamiento [&hellip;]<\/p>\n","protected":false},"featured_media":443,"template":"","meta":{"content-type":"","site-sidebar-layout":"default","site-content-layout":"","ast-site-content-layout":"default","site-content-style":"default","site-sidebar-style":"default","ast-global-header-display":"","ast-banner-title-visibility":"","ast-main-header-display":"","ast-hfb-above-header-display":"","ast-hfb-below-header-display":"","ast-hfb-mobile-header-display":"","site-post-title":"","ast-breadcrumbs-content":"","ast-featured-img":"","footer-sml-layout":"","ast-disable-related-posts":"","theme-transparent-header-meta":"default","adv-header-id-meta":"","stick-header-meta":"","header-above-stick-meta":"","header-main-stick-meta":"","header-below-stick-meta":"","astra-migrate-meta-layouts":"set","ast-page-background-enabled":"default","ast-page-background-meta":{"desktop":{"background-color":"var(--ast-global-color-5)","background-image":"","background-repeat":"repeat","background-position":"center center","background-size":"auto","background-attachment":"scroll","background-type":"","background-media":"","overlay-type":"","overlay-color":"","overlay-opacity":"","overlay-gradient":""},"tablet":{"background-color":"","background-image":"","background-repeat":"repeat","background-position":"center center","background-size":"auto","background-attachment":"scroll","background-type":"","background-media":"","overlay-type":"","overlay-color":"","overlay-opacity":"","overlay-gradient":""},"mobile":{"background-color":"","background-image":"","background-repeat":"repeat","background-position":"center center","background-size":"auto","background-attachment":"scroll","background-type":"","background-media":"","overlay-type":"","overlay-color":"","overlay-opacity":"","overlay-gradient":""}},"ast-content-background-meta":{"desktop":{"background-color":"var(--ast-global-color-4)","background-image":"","background-repeat":"repeat","background-position":"center center","background-size":"auto","background-attachment":"scroll","background-type":"","background-media":"","overlay-type":"","overlay-color":"","overlay-opacity":"","overlay-gradient":""},"tablet":{"background-color":"var(--ast-global-color-4)","background-image":"","background-repeat":"repeat","background-position":"center center","background-size":"auto","background-attachment":"scroll","background-type":"","background-media":"","overlay-type":"","overlay-color":"","overlay-opacity":"","overlay-gradient":""},"mobile":{"background-color":"var(--ast-global-color-4)","background-image":"","background-repeat":"repeat","background-position":"center center","background-size":"auto","background-attachment":"scroll","background-type":"","background-media":"","overlay-type":"","overlay-color":"","overlay-opacity":"","overlay-gradient":""}}},"product_brand":[],"product_cat":[46,20,22,47],"product_tag":[],"class_list":{"0":"post-441","1":"product","2":"type-product","3":"status-publish","4":"has-post-thumbnail","6":"product_cat-aceite-german-gold","7":"product_cat-aceites-y-lubricantes","8":"product_cat-german-gold","9":"product_cat-motocicleta","10":"desktop-align-center","11":"tablet-align-center","12":"mobile-align-center","14":"first","15":"instock","16":"shipping-taxable","17":"purchasable","18":"product-type-simple"},"_links":{"self":[{"href":"https:\/\/blackrhinotoolpro.com\/index.php\/wp-json\/wp\/v2\/product\/441","targetHints":{"allow":["GET"]}}],"collection":[{"href":"https:\/\/blackrhinotoolpro.com\/index.php\/wp-json\/wp\/v2\/product"}],"about":[{"href":"https:\/\/blackrhinotoolpro.com\/index.php\/wp-json\/wp\/v2\/types\/product"}],"wp:featuredmedia":[{"embeddable":true,"href":"https:\/\/blackrhinotoolpro.com\/index.php\/wp-json\/wp\/v2\/media\/443"}],"wp:attachment":[{"href":"https:\/\/blackrhinotoolpro.com\/index.php\/wp-json\/wp\/v2\/media?parent=441"}],"wp:term":[{"taxonomy":"product_brand","embeddable":true,"href":"https:\/\/blackrhinotoolpro.com\/index.php\/wp-json\/wp\/v2\/product_brand?post=441"},{"taxonomy":"product_cat","embeddable":true,"href":"https:\/\/blackrhinotoolpro.com\/index.php\/wp-json\/wp\/v2\/product_cat?post=441"},{"taxonomy":"product_tag","embeddable":true,"href":"https:\/\/blackrhinotoolpro.com\/index.php\/wp-json\/wp\/v2\/product_tag?post=441"}],"curies":[{"name":"wp","href":"https:\/\/api.w.org\/{rel}","templated":true}]}}