{"id":416,"date":"2025-04-11T00:55:39","date_gmt":"2025-04-11T00:55:39","guid":{"rendered":"https:\/\/blackrhinotoolpro.com\/?post_type=product&#038;p=416"},"modified":"2026-03-25T01:33:32","modified_gmt":"2026-03-25T01:33:32","slug":"german-gold-engine-power-5w-40-c3-full-sintetico-1-litros","status":"publish","type":"product","link":"https:\/\/blackrhinotoolpro.com\/index.php\/producto\/german-gold-engine-power-5w-40-c3-full-sintetico-1-litros\/","title":{"rendered":"PROMOCION 2X1!!! German Gold Engine Power 5W-40 C3 (Full Sint\u00e9tico) &#8211; 1 Litro"},"content":{"rendered":"<p>El motor de oro alem\u00e1n Power 5W-40 C3 es un aceite de motor de alta rendimiento y baja viscosidad basado en tecnolog\u00eda sint\u00e9tica. Fue desarrollado para su uso en modernos motores de gasolina de autom\u00f3viles de pasajeros y di\u00e9sel, incluyendo motores di\u00e9sel con sistemas de inyecci\u00f3n de bomba\/l\u00e1piz (PD), por lo que es una soluci\u00f3n ideal para veh\u00edculos comerciales ligeros.<\/p>\n<p>Gracias a su dise\u00f1o avanzado, ofrece una gama de rendimiento excepcionalmente amplia:<\/p>\n<p>El bajo contenido de azufre, f\u00f3sforo y fresno reduce la intoxicaci\u00f3n por catalizadores en los motores de gasolina y disminuye la acumulaci\u00f3n de part\u00edculas en el filtro de part\u00edculas di\u00e9sel (DPF), apoyando as\u00ed la protecci\u00f3n del medio ambiente al reducir las emisiones contaminantes.<\/p>\n<p>Los aditivos innovadores de alto rendimiento garantizan una protecci\u00f3n de desgaste \u00f3ptima y la limpieza m\u00e1s alta del motor.<\/p>\n<p>Excelente estabilidad t\u00e9rmica de oxidaci\u00f3n reduce el envejecimiento del aceite y permite intervalos de cambio de aceite m\u00e1s largos con protecci\u00f3n completa del motor.<\/p>\n<p>Las mejores propiedades de baja temperatura garantizan arranques fr\u00edos sin problemas y contribuyen a la vida \u00fatil del motor extendida al proporcionar circulaci\u00f3n r\u00e1pida de aceite.<\/p>\n<p>El alem\u00e1n Gold Engine Power 5W-40 C3 es un aceite de motor universal y sint\u00e9tico de funcionamiento sin problemas, que ha sido desarrollado especialmente para motores di\u00e9sel de boquilla de bomba.<\/p>\n<p>El motor de oro alem\u00e1n Power 5W-40 C3 es adecuado para motores de gasolina y di\u00e9sel en coches y transportistas con y sin turbocompresores.<\/p>\n","protected":false},"excerpt":{"rendered":"<p>El motor de oro alem\u00e1n Power 5W-40 C3 es un aceite de motor de alta rendimiento y baja viscosidad basado [&hellip;]<\/p>\n","protected":false},"featured_media":418,"template":"","meta":{"content-type":"","site-sidebar-layout":"default","site-content-layout":"","ast-site-content-layout":"default","site-content-style":"default","site-sidebar-style":"default","ast-global-header-display":"","ast-banner-title-visibility":"","ast-main-header-display":"","ast-hfb-above-header-display":"","ast-hfb-below-header-display":"","ast-hfb-mobile-header-display":"","site-post-title":"","ast-breadcrumbs-content":"","ast-featured-img":"","footer-sml-layout":"","ast-disable-related-posts":"","theme-transparent-header-meta":"default","adv-header-id-meta":"","stick-header-meta":"","header-above-stick-meta":"","header-main-stick-meta":"","header-below-stick-meta":"","astra-migrate-meta-layouts":"set","ast-page-background-enabled":"default","ast-page-background-meta":{"desktop":{"background-color":"var(--ast-global-color-5)","background-image":"","background-repeat":"repeat","background-position":"center center","background-size":"auto","background-attachment":"scroll","background-type":"","background-media":"","overlay-type":"","overlay-color":"","overlay-opacity":"","overlay-gradient":""},"tablet":{"background-color":"","background-image":"","background-repeat":"repeat","background-position":"center center","background-size":"auto","background-attachment":"scroll","background-type":"","background-media":"","overlay-type":"","overlay-color":"","overlay-opacity":"","overlay-gradient":""},"mobile":{"background-color":"","background-image":"","background-repeat":"repeat","background-position":"center center","background-size":"auto","background-attachment":"scroll","background-type":"","background-media":"","overlay-type":"","overlay-color":"","overlay-opacity":"","overlay-gradient":""}},"ast-content-background-meta":{"desktop":{"background-color":"var(--ast-global-color-4)","background-image":"","background-repeat":"repeat","background-position":"center center","background-size":"auto","background-attachment":"scroll","background-type":"","background-media":"","overlay-type":"","overlay-color":"","overlay-opacity":"","overlay-gradient":""},"tablet":{"background-color":"var(--ast-global-color-4)","background-image":"","background-repeat":"repeat","background-position":"center center","background-size":"auto","background-attachment":"scroll","background-type":"","background-media":"","overlay-type":"","overlay-color":"","overlay-opacity":"","overlay-gradient":""},"mobile":{"background-color":"var(--ast-global-color-4)","background-image":"","background-repeat":"repeat","background-position":"center center","background-size":"auto","background-attachment":"scroll","background-type":"","background-media":"","overlay-type":"","overlay-color":"","overlay-opacity":"","overlay-gradient":""}}},"product_brand":[],"product_cat":[46,20,22],"product_tag":[],"class_list":{"0":"post-416","1":"product","2":"type-product","3":"status-publish","4":"has-post-thumbnail","6":"product_cat-aceite-german-gold","7":"product_cat-aceites-y-lubricantes","8":"product_cat-german-gold","9":"desktop-align-center","10":"tablet-align-center","11":"mobile-align-center","13":"first","14":"instock","15":"shipping-taxable","16":"purchasable","17":"product-type-simple"},"_links":{"self":[{"href":"https:\/\/blackrhinotoolpro.com\/index.php\/wp-json\/wp\/v2\/product\/416","targetHints":{"allow":["GET"]}}],"collection":[{"href":"https:\/\/blackrhinotoolpro.com\/index.php\/wp-json\/wp\/v2\/product"}],"about":[{"href":"https:\/\/blackrhinotoolpro.com\/index.php\/wp-json\/wp\/v2\/types\/product"}],"wp:featuredmedia":[{"embeddable":true,"href":"https:\/\/blackrhinotoolpro.com\/index.php\/wp-json\/wp\/v2\/media\/418"}],"wp:attachment":[{"href":"https:\/\/blackrhinotoolpro.com\/index.php\/wp-json\/wp\/v2\/media?parent=416"}],"wp:term":[{"taxonomy":"product_brand","embeddable":true,"href":"https:\/\/blackrhinotoolpro.com\/index.php\/wp-json\/wp\/v2\/product_brand?post=416"},{"taxonomy":"product_cat","embeddable":true,"href":"https:\/\/blackrhinotoolpro.com\/index.php\/wp-json\/wp\/v2\/product_cat?post=416"},{"taxonomy":"product_tag","embeddable":true,"href":"https:\/\/blackrhinotoolpro.com\/index.php\/wp-json\/wp\/v2\/product_tag?post=416"}],"curies":[{"name":"wp","href":"https:\/\/api.w.org\/{rel}","templated":true}]}}