{"id":411,"date":"2025-04-11T00:45:01","date_gmt":"2025-04-11T00:45:01","guid":{"rendered":"https:\/\/blackrhinotoolpro.com\/?post_type=product&#038;p=411"},"modified":"2026-03-25T01:34:24","modified_gmt":"2026-03-25T01:34:24","slug":"german-gold-engine-power-longlife-iii-5w-30-full-sintetico","status":"publish","type":"product","link":"https:\/\/blackrhinotoolpro.com\/index.php\/producto\/german-gold-engine-power-longlife-iii-5w-30-full-sintetico\/","title":{"rendered":"PROMOCION 2X1!!! German Gold Engine Power Longlife III 5W-30 (Full Sint\u00e9tico) &#8211; 1 Litro"},"content":{"rendered":"<p>German Gold Engine Power Longlife III 5W-30 es un aceite de motor sint\u00e9tico de marcha suave para motores de gasolina y di\u00e9sel, con o sin turbocompresor e inyecci\u00f3n directa. Minimiza la fricci\u00f3n, el desgaste y el consumo de combustible, y ofrece excelentes propiedades de arranque en fr\u00edo. Intervalos de cambio de aceite prolongados seg\u00fan las instrucciones del fabricante.<\/p>\n<p>German Gold Engine Power Longlife III 5W-30 prolonga la vida \u00fatil del filtro de part\u00edculas di\u00e9sel gracias a una menor concentraci\u00f3n de part\u00edculas formadoras de cenizas en los gases de escape. Reduce la emisi\u00f3n de emisiones nocivas al medio ambiente. Ofrece mayor seguridad gracias a la alta protecci\u00f3n continua de los motores. Alcanza un alto \u00edndice de viscosidad gracias a su formulaci\u00f3n con aceites base especiales.<\/p>\n<p>German Gold Engine Power Longlife III 5W-30 es un aceite de motor energ\u00e9ticamente eficiente para uso durante todo el a\u00f1o, ideal para motores modernos de gasolina y di\u00e9sel.<\/p>\n<p>German Gold Engine Power Longlife III 5W-30 es adecuado para intervalos de cambio de aceite prolongados y prolonga la vida \u00fatil del filtro de part\u00edculas. Se deben observar las instrucciones de uso del fabricante del autom\u00f3vil y del motor.<\/p>\n","protected":false},"excerpt":{"rendered":"<p>German Gold Engine Power Longlife III 5W-30 es un aceite de motor sint\u00e9tico de marcha suave para motores de gasolina [&hellip;]<\/p>\n","protected":false},"featured_media":413,"template":"","meta":{"content-type":"","site-sidebar-layout":"default","site-content-layout":"","ast-site-content-layout":"default","site-content-style":"default","site-sidebar-style":"default","ast-global-header-display":"","ast-banner-title-visibility":"","ast-main-header-display":"","ast-hfb-above-header-display":"","ast-hfb-below-header-display":"","ast-hfb-mobile-header-display":"","site-post-title":"","ast-breadcrumbs-content":"","ast-featured-img":"","footer-sml-layout":"","ast-disable-related-posts":"","theme-transparent-header-meta":"default","adv-header-id-meta":"","stick-header-meta":"","header-above-stick-meta":"","header-main-stick-meta":"","header-below-stick-meta":"","astra-migrate-meta-layouts":"set","ast-page-background-enabled":"default","ast-page-background-meta":{"desktop":{"background-color":"var(--ast-global-color-5)","background-image":"","background-repeat":"repeat","background-position":"center center","background-size":"auto","background-attachment":"scroll","background-type":"","background-media":"","overlay-type":"","overlay-color":"","overlay-opacity":"","overlay-gradient":""},"tablet":{"background-color":"","background-image":"","background-repeat":"repeat","background-position":"center center","background-size":"auto","background-attachment":"scroll","background-type":"","background-media":"","overlay-type":"","overlay-color":"","overlay-opacity":"","overlay-gradient":""},"mobile":{"background-color":"","background-image":"","background-repeat":"repeat","background-position":"center center","background-size":"auto","background-attachment":"scroll","background-type":"","background-media":"","overlay-type":"","overlay-color":"","overlay-opacity":"","overlay-gradient":""}},"ast-content-background-meta":{"desktop":{"background-color":"var(--ast-global-color-4)","background-image":"","background-repeat":"repeat","background-position":"center center","background-size":"auto","background-attachment":"scroll","background-type":"","background-media":"","overlay-type":"","overlay-color":"","overlay-opacity":"","overlay-gradient":""},"tablet":{"background-color":"var(--ast-global-color-4)","background-image":"","background-repeat":"repeat","background-position":"center center","background-size":"auto","background-attachment":"scroll","background-type":"","background-media":"","overlay-type":"","overlay-color":"","overlay-opacity":"","overlay-gradient":""},"mobile":{"background-color":"var(--ast-global-color-4)","background-image":"","background-repeat":"repeat","background-position":"center center","background-size":"auto","background-attachment":"scroll","background-type":"","background-media":"","overlay-type":"","overlay-color":"","overlay-opacity":"","overlay-gradient":""}}},"product_brand":[],"product_cat":[46,20,22],"product_tag":[],"class_list":{"0":"post-411","1":"product","2":"type-product","3":"status-publish","4":"has-post-thumbnail","6":"product_cat-aceite-german-gold","7":"product_cat-aceites-y-lubricantes","8":"product_cat-german-gold","9":"desktop-align-center","10":"tablet-align-center","11":"mobile-align-center","13":"first","14":"instock","15":"shipping-taxable","16":"purchasable","17":"product-type-simple"},"_links":{"self":[{"href":"https:\/\/blackrhinotoolpro.com\/index.php\/wp-json\/wp\/v2\/product\/411","targetHints":{"allow":["GET"]}}],"collection":[{"href":"https:\/\/blackrhinotoolpro.com\/index.php\/wp-json\/wp\/v2\/product"}],"about":[{"href":"https:\/\/blackrhinotoolpro.com\/index.php\/wp-json\/wp\/v2\/types\/product"}],"wp:featuredmedia":[{"embeddable":true,"href":"https:\/\/blackrhinotoolpro.com\/index.php\/wp-json\/wp\/v2\/media\/413"}],"wp:attachment":[{"href":"https:\/\/blackrhinotoolpro.com\/index.php\/wp-json\/wp\/v2\/media?parent=411"}],"wp:term":[{"taxonomy":"product_brand","embeddable":true,"href":"https:\/\/blackrhinotoolpro.com\/index.php\/wp-json\/wp\/v2\/product_brand?post=411"},{"taxonomy":"product_cat","embeddable":true,"href":"https:\/\/blackrhinotoolpro.com\/index.php\/wp-json\/wp\/v2\/product_cat?post=411"},{"taxonomy":"product_tag","embeddable":true,"href":"https:\/\/blackrhinotoolpro.com\/index.php\/wp-json\/wp\/v2\/product_tag?post=411"}],"curies":[{"name":"wp","href":"https:\/\/api.w.org\/{rel}","templated":true}]}}