{"id":398,"date":"2025-04-10T23:56:49","date_gmt":"2025-04-10T23:56:49","guid":{"rendered":"https:\/\/blackrhinotoolpro.com\/?post_type=product&#038;p=398"},"modified":"2026-01-09T22:33:19","modified_gmt":"2026-01-09T22:33:19","slug":"rh-4284-lampara-tipo-minero-120lm","status":"publish","type":"product","link":"https:\/\/blackrhinotoolpro.com\/index.php\/producto\/rh-4284-lampara-tipo-minero-120lm\/","title":{"rendered":"RH-4284 Lampara tipo Minero 120LM"},"content":{"rendered":"<div class=\"swiper-slide swiper-slide-active\" role=\"group\" aria-label=\"1 \/ 9\">\n<div><strong>Caracter\u00edsticas:<\/strong><\/div>\n<div><\/div>\n<div>\n<div id=\"panelsStayOpen-collapseOne\" class=\"accordion-collapse collapse show\" aria-labelledby=\"panelsStayOpen-headingOne\">\n<div class=\"accordion-body\">\n<p>&#8211; L\u00e1mpara de cabeza LED equipada con LEDs COB de alta calidad que producen 120lm de brillo totalmente<br \/>\n-Tilting head para ajustar la luz en el \u00e1ngulo de 60o<br \/>\n-3 modos diferentes de iluminaci\u00f3n de alta\/limpiada\/de baja\/trobe para cubrir la amplia gama de aplicaciones<br \/>\n-Construido de pl\u00e1stico duradero para garantizar un uso ligero y conviniente<br \/>\n-El potente y ligero faro est\u00e1 construido para monta\u00f1ismo, correr, ciclismo, senderismo y mochileo<br \/>\n-proporciona banda el\u00e1stica ajustable<\/p>\n<\/div>\n<\/div>\n<\/div>\n<div class=\"slider__image\"><\/div>\n<\/div>\n<div class=\"col-lg-7 px-0 ps-0 pe-lg-2 contentForGallery\">\n<div class=\"slider fixedGallerry\">\n<div class=\"slider__flex\">\n<div class=\"slider__images\">\n<div class=\"swiper-container swiper-initialized swiper-vertical swiper-autoheight swiper-backface-hidden\">\n<div id=\"swiper-wrapper-4aa158d781478a67\" class=\"swiper-wrapper\" aria-live=\"polite\">\n<div class=\"swiper-slide\" role=\"group\" aria-label=\"3 - 9\">\n<div class=\"slider__image\"><\/div>\n<\/div>\n<div class=\"swiper-slide\" role=\"group\" aria-label=\"4 \/ 9\">\n<div class=\"slider__image\"><\/div>\n<\/div>\n<div class=\"swiper-slide\" role=\"group\" aria-label=\"5 - 9\">\n<div class=\"slider__image\"><\/div>\n<\/div>\n<div class=\"swiper-slide\" role=\"group\" aria-label=\"6 - 9\">\n<div class=\"slider__image\"><\/div>\n<\/div>\n<div class=\"swiper-slide\" role=\"group\" aria-label=\"7 \/ 9\">\n<div class=\"slider__image\"><\/div>\n<\/div>\n<div class=\"swiper-slide\" role=\"group\" aria-label=\"8 - 9\">\n<div class=\"slider__image\"><\/div>\n<\/div>\n<div class=\"swiper-slide\" role=\"group\" aria-label=\"9 \/ 9\">\n<div class=\"slider__image\">Muchas personas est\u00e1n buscando un faro de alto poder para abordar sus necesidades en sus actividades al aire libre. Pero por lo general no saben <strong>Qu\u00e9 es la mejor marca de faros? <\/strong>Hay muchas empresas conocidas que fabrican faros de alta calidad, y cada una puede ser considerada la mejor. Nuestros faros son equipos de iluminaci\u00f3n de primer nivel para cueva, senderismo, camping, ciclismo de monta\u00f1a, inspecci\u00f3n y operaciones de rescate debido a su haz ancha, sensores de movimiento, brillo notable e rango de iluminaci\u00f3n. Vamos a hablar del faro Ronix RH-4284 con 120LM de flujo m\u00e1ximo y potencia de 3w.<\/div>\n<div class=\"slider__image\">\nRonix RH-4284 es un faro de alta calidad, ligero y ampliamente utilizado con tres modos diferentes de iluminaci\u00f3n alta, baja y estrobosc\u00f3pica para cubrir una amplia gama de aplicaciones. Su carcasa est\u00e1 construida a partir de pl\u00e1stico ABS duradero para garantizar un uso ligero y conveniente. Este faro utiliza LEDs de alta calidad con un brillo de 120 l\u00famenes, y el color de luz est\u00e1 en el rango de 7000-8000 Kelvin. Est\u00e1 provisto de una banda el\u00e1stica ajustable.<\/div>\n<\/div>\n<\/div>\n<\/div>\n<\/div>\n<\/div>\n<\/div>\n<\/div>\n<div class=\"col-lg-5 px-0 detailForGallery\">\n<div class=\"modelDetails\">\n<div class=\"similarModels\"><\/div>\n<\/div>\n<\/div>\n<div class=\"modelRateAndDesc\">\n<p class=\"modelNumberAndRate\">\n<\/div>\n<div class=\"accordion-body\">\n<p>&nbsp;<\/p>\n<\/div>\n","protected":false},"excerpt":{"rendered":"<p>Caracter\u00edsticas: &#8211; L\u00e1mpara de cabeza LED equipada con LEDs COB de alta calidad que producen 120lm de brillo totalmente -Tilting [&hellip;]<\/p>\n","protected":false},"featured_media":400,"template":"","meta":{"content-type":"","site-sidebar-layout":"default","site-content-layout":"","ast-site-content-layout":"default","site-content-style":"default","site-sidebar-style":"default","ast-global-header-display":"","ast-banner-title-visibility":"","ast-main-header-display":"","ast-hfb-above-header-display":"","ast-hfb-below-header-display":"","ast-hfb-mobile-header-display":"","site-post-title":"","ast-breadcrumbs-content":"","ast-featured-img":"","footer-sml-layout":"","ast-disable-related-posts":"","theme-transparent-header-meta":"default","adv-header-id-meta":"","stick-header-meta":"","header-above-stick-meta":"","header-main-stick-meta":"","header-below-stick-meta":"","astra-migrate-meta-layouts":"set","ast-page-background-enabled":"default","ast-page-background-meta":{"desktop":{"background-color":"var(--ast-global-color-5)","background-image":"","background-repeat":"repeat","background-position":"center center","background-size":"auto","background-attachment":"scroll","background-type":"","background-media":"","overlay-type":"","overlay-color":"","overlay-opacity":"","overlay-gradient":""},"tablet":{"background-color":"","background-image":"","background-repeat":"repeat","background-position":"center center","background-size":"auto","background-attachment":"scroll","background-type":"","background-media":"","overlay-type":"","overlay-color":"","overlay-opacity":"","overlay-gradient":""},"mobile":{"background-color":"","background-image":"","background-repeat":"repeat","background-position":"center center","background-size":"auto","background-attachment":"scroll","background-type":"","background-media":"","overlay-type":"","overlay-color":"","overlay-opacity":"","overlay-gradient":""}},"ast-content-background-meta":{"desktop":{"background-color":"var(--ast-global-color-4)","background-image":"","background-repeat":"repeat","background-position":"center center","background-size":"auto","background-attachment":"scroll","background-type":"","background-media":"","overlay-type":"","overlay-color":"","overlay-opacity":"","overlay-gradient":""},"tablet":{"background-color":"var(--ast-global-color-4)","background-image":"","background-repeat":"repeat","background-position":"center center","background-size":"auto","background-attachment":"scroll","background-type":"","background-media":"","overlay-type":"","overlay-color":"","overlay-opacity":"","overlay-gradient":""},"mobile":{"background-color":"var(--ast-global-color-4)","background-image":"","background-repeat":"repeat","background-position":"center center","background-size":"auto","background-attachment":"scroll","background-type":"","background-media":"","overlay-type":"","overlay-color":"","overlay-opacity":"","overlay-gradient":""}}},"product_brand":[],"product_cat":[33,45],"product_tag":[],"class_list":{"0":"post-398","1":"product","2":"type-product","3":"status-publish","4":"has-post-thumbnail","6":"product_cat-ferreteria","7":"product_cat-lampara-tipo-minero","8":"desktop-align-center","9":"tablet-align-center","10":"mobile-align-center","12":"first","13":"instock","14":"shipping-taxable","15":"purchasable","16":"product-type-simple"},"_links":{"self":[{"href":"https:\/\/blackrhinotoolpro.com\/index.php\/wp-json\/wp\/v2\/product\/398","targetHints":{"allow":["GET"]}}],"collection":[{"href":"https:\/\/blackrhinotoolpro.com\/index.php\/wp-json\/wp\/v2\/product"}],"about":[{"href":"https:\/\/blackrhinotoolpro.com\/index.php\/wp-json\/wp\/v2\/types\/product"}],"wp:featuredmedia":[{"embeddable":true,"href":"https:\/\/blackrhinotoolpro.com\/index.php\/wp-json\/wp\/v2\/media\/400"}],"wp:attachment":[{"href":"https:\/\/blackrhinotoolpro.com\/index.php\/wp-json\/wp\/v2\/media?parent=398"}],"wp:term":[{"taxonomy":"product_brand","embeddable":true,"href":"https:\/\/blackrhinotoolpro.com\/index.php\/wp-json\/wp\/v2\/product_brand?post=398"},{"taxonomy":"product_cat","embeddable":true,"href":"https:\/\/blackrhinotoolpro.com\/index.php\/wp-json\/wp\/v2\/product_cat?post=398"},{"taxonomy":"product_tag","embeddable":true,"href":"https:\/\/blackrhinotoolpro.com\/index.php\/wp-json\/wp\/v2\/product_tag?post=398"}],"curies":[{"name":"wp","href":"https:\/\/api.w.org\/{rel}","templated":true}]}}