{"id":297,"date":"2025-04-10T21:27:02","date_gmt":"2025-04-10T21:27:02","guid":{"rendered":"https:\/\/blackrhinotoolpro.com\/?post_type=product&#038;p=297"},"modified":"2026-01-10T01:57:29","modified_gmt":"2026-01-10T01:57:29","slug":"t-9392-torres-para-camion-12-ton","status":"publish","type":"product","link":"https:\/\/blackrhinotoolpro.com\/index.php\/producto\/t-9392-torres-para-camion-12-ton\/","title":{"rendered":"T-9392 Torres para Cami\u00f3n 12 Ton."},"content":{"rendered":"<div class=\"product attribute description\">\n<p class=\"attribute_large_description\"><strong>Descripci\u00f3n:<\/strong><\/p>\n<div class=\"value\">\n<p><span data-sheets-value=\"{&quot;1&quot;:2,&quot;2&quot;:&quot;Este equipo sirve para soportar y sostener los camiones durante su reparaci\u00f3n. Permitan tener una mayor visibilidad del lugar a reparar y al mismo tiempo ampl\u00edan el \u00e1rea de trabajo. Fabricadas en acero reforzado y soldadas para proporcionar ultra resistencia. Acabado de esmalte horneado para resistir la corrosi\u00f3n. Ajustables a diferentes alturas para soporte. Silletas de hierro nodular altamente resistentes. Estas torres s\u00f3lo deben utilizarse en superficies s\u00f3lidas y estables. \\n&quot;}\" data-sheets-userformat=\"{&quot;2&quot;:4483,&quot;3&quot;:{&quot;1&quot;:0},&quot;4&quot;:[null,2,16776960],&quot;10&quot;:2,&quot;11&quot;:4,&quot;15&quot;:&quot;arial,sans,sans-serif&quot;}\">Este equipo sirve para soportar y sostener los camiones durante su reparaci\u00f3n. Permitan tener una mayor visibilidad del lugar a reparar y al mismo tiempo ampl\u00edan el \u00e1rea de trabajo. Fabricadas en acero reforzado y soldadas para proporcionar ultra resistencia. Acabado de esmalte horneado para resistir la corrosi\u00f3n. Ajustables a diferentes alturas para soporte. Silletas de hierro nodular altamente resistentes. Estas torres s\u00f3lo deben utilizarse en superficies s\u00f3lidas y estables.<\/span><\/p>\n<\/div>\n<\/div>\n","protected":false},"excerpt":{"rendered":"<p>Descripci\u00f3n: Este equipo sirve para soportar y sostener los camiones durante su reparaci\u00f3n. Permitan tener una mayor visibilidad del lugar [&hellip;]<\/p>\n","protected":false},"featured_media":298,"template":"","meta":{"content-type":"","site-sidebar-layout":"default","site-content-layout":"","ast-site-content-layout":"default","site-content-style":"default","site-sidebar-style":"default","ast-global-header-display":"","ast-banner-title-visibility":"","ast-main-header-display":"","ast-hfb-above-header-display":"","ast-hfb-below-header-display":"","ast-hfb-mobile-header-display":"","site-post-title":"","ast-breadcrumbs-content":"","ast-featured-img":"","footer-sml-layout":"","ast-disable-related-posts":"","theme-transparent-header-meta":"default","adv-header-id-meta":"","stick-header-meta":"","header-above-stick-meta":"","header-main-stick-meta":"","header-below-stick-meta":"","astra-migrate-meta-layouts":"set","ast-page-background-enabled":"default","ast-page-background-meta":{"desktop":{"background-color":"var(--ast-global-color-5)","background-image":"","background-repeat":"repeat","background-position":"center center","background-size":"auto","background-attachment":"scroll","background-type":"","background-media":"","overlay-type":"","overlay-color":"","overlay-opacity":"","overlay-gradient":""},"tablet":{"background-color":"","background-image":"","background-repeat":"repeat","background-position":"center center","background-size":"auto","background-attachment":"scroll","background-type":"","background-media":"","overlay-type":"","overlay-color":"","overlay-opacity":"","overlay-gradient":""},"mobile":{"background-color":"","background-image":"","background-repeat":"repeat","background-position":"center center","background-size":"auto","background-attachment":"scroll","background-type":"","background-media":"","overlay-type":"","overlay-color":"","overlay-opacity":"","overlay-gradient":""}},"ast-content-background-meta":{"desktop":{"background-color":"var(--ast-global-color-4)","background-image":"","background-repeat":"repeat","background-position":"center center","background-size":"auto","background-attachment":"scroll","background-type":"","background-media":"","overlay-type":"","overlay-color":"","overlay-opacity":"","overlay-gradient":""},"tablet":{"background-color":"var(--ast-global-color-4)","background-image":"","background-repeat":"repeat","background-position":"center center","background-size":"auto","background-attachment":"scroll","background-type":"","background-media":"","overlay-type":"","overlay-color":"","overlay-opacity":"","overlay-gradient":""},"mobile":{"background-color":"var(--ast-global-color-4)","background-image":"","background-repeat":"repeat","background-position":"center center","background-size":"auto","background-attachment":"scroll","background-type":"","background-media":"","overlay-type":"","overlay-color":"","overlay-opacity":"","overlay-gradient":""}}},"product_brand":[],"product_cat":[31,43],"product_tag":[],"class_list":{"0":"post-297","1":"product","2":"type-product","3":"status-publish","4":"has-post-thumbnail","6":"product_cat-equipos-para-taller","7":"product_cat-torres","8":"desktop-align-center","9":"tablet-align-center","10":"mobile-align-center","12":"first","13":"instock","14":"shipping-taxable","15":"purchasable","16":"product-type-simple"},"_links":{"self":[{"href":"https:\/\/blackrhinotoolpro.com\/index.php\/wp-json\/wp\/v2\/product\/297","targetHints":{"allow":["GET"]}}],"collection":[{"href":"https:\/\/blackrhinotoolpro.com\/index.php\/wp-json\/wp\/v2\/product"}],"about":[{"href":"https:\/\/blackrhinotoolpro.com\/index.php\/wp-json\/wp\/v2\/types\/product"}],"wp:featuredmedia":[{"embeddable":true,"href":"https:\/\/blackrhinotoolpro.com\/index.php\/wp-json\/wp\/v2\/media\/298"}],"wp:attachment":[{"href":"https:\/\/blackrhinotoolpro.com\/index.php\/wp-json\/wp\/v2\/media?parent=297"}],"wp:term":[{"taxonomy":"product_brand","embeddable":true,"href":"https:\/\/blackrhinotoolpro.com\/index.php\/wp-json\/wp\/v2\/product_brand?post=297"},{"taxonomy":"product_cat","embeddable":true,"href":"https:\/\/blackrhinotoolpro.com\/index.php\/wp-json\/wp\/v2\/product_cat?post=297"},{"taxonomy":"product_tag","embeddable":true,"href":"https:\/\/blackrhinotoolpro.com\/index.php\/wp-json\/wp\/v2\/product_tag?post=297"}],"curies":[{"name":"wp","href":"https:\/\/api.w.org\/{rel}","templated":true}]}}