{"id":275,"date":"2025-04-10T21:02:26","date_gmt":"2025-04-10T21:02:26","guid":{"rendered":"https:\/\/blackrhinotoolpro.com\/?post_type=product&#038;p=275"},"modified":"2026-03-25T01:39:01","modified_gmt":"2026-03-25T01:39:01","slug":"sae-5w40-sn-motor-high-performance-motor-oil-european-formula","status":"publish","type":"product","link":"https:\/\/blackrhinotoolpro.com\/index.php\/producto\/sae-5w40-sn-motor-high-performance-motor-oil-european-formula\/","title":{"rendered":"SAE 5W40 SN Motor High Performance Motor Oil European Formula"},"content":{"rendered":"<div id=\"tab-description\" class=\"woocommerce-Tabs-panel woocommerce-Tabs-panel--description panel entry-content wc-tab\" role=\"tabpanel\" aria-labelledby=\"tab-title-description\">\n<h2>Descripci\u00f3n<\/h2>\n<p>F\u00f3rmula europea de aceite de motor sint\u00e9tico premium de alto rendimiento.<\/p>\n<p>Royal Purple\u00ae High Performance Motor Oil Formulaci\u00f3n europea SAE 5W-40 est\u00e1n formulados exclusivamente con aceites base sint\u00e9ticos de primera calidad y tecnolog\u00eda avanzada de aditivos para brindar una protecci\u00f3n confiable del motor y un rendimiento m\u00e1ximo del veh\u00edculo. Los aceites de motor Royal Purple European Formulation brindan una excelente resistencia a los dep\u00f3sitos de lodos y barnices durante la conducci\u00f3n intermitente y otras condiciones de operaci\u00f3n severas. Recomendado para su uso en motores de gasolina\/gasolina de turismos europeos y motores di\u00e9sel de servicio ligero, incluidos los motores di\u00e9sel turbocargados y de inyecci\u00f3n directa con filtro de part\u00edculas di\u00e9sel (DPF) y catalizadores selectivos. La f\u00f3rmula sint\u00e9tica premium ofrece una excelente estabilidad a la oxidaci\u00f3n y propiedades de baja volatilidad, lo que da como resultado un menor consumo de aceite entre servicios.<\/p>\n<p>VENTAJAS DE RENDIMIENTO<\/p>\n<p>MEJOR PROTECCI\u00d3N CONTRA EL DESGASTE: protege los componentes del motor contra el desgaste m\u00e1s all\u00e1 de los requisitos de API SP y ACEA A3\/B4<br \/>\nMAYOR EFICIENCIA DE COMBUSTIBLE: un bajo coeficiente de fricci\u00f3n da como resultado una eficiencia de combustible optimizada<br \/>\nRENDIMIENTO SUPERIOR A BAJA TEMPERATURA: el flujo a baja temperatura garantiza la lubricaci\u00f3n y la protecci\u00f3n para arranques en fr\u00edo<br \/>\nPROTECCI\u00d3N SUPERIOR CONTRA LA CORROSI\u00d3N: no se observ\u00f3 oxidaci\u00f3n en las pruebas est\u00e1ndar de la industria<br \/>\nEXCELENTE ESTABILIDAD A LA OXIDACI\u00d3N \u2013 Larga vida \u00fatil del lubricante; cumple o supera los intervalos de cambio de aceite para la mayor\u00eda de los turismos Euro<\/p>\n<\/div>\n","protected":false},"excerpt":{"rendered":"<p>Descripci\u00f3n F\u00f3rmula europea de aceite de motor sint\u00e9tico premium de alto rendimiento. Royal Purple\u00ae High Performance Motor Oil Formulaci\u00f3n europea [&hellip;]<\/p>\n","protected":false},"featured_media":276,"template":"","meta":{"content-type":"","site-sidebar-layout":"default","site-content-layout":"","ast-site-content-layout":"default","site-content-style":"default","site-sidebar-style":"default","ast-global-header-display":"","ast-banner-title-visibility":"","ast-main-header-display":"","ast-hfb-above-header-display":"","ast-hfb-below-header-display":"","ast-hfb-mobile-header-display":"","site-post-title":"","ast-breadcrumbs-content":"","ast-featured-img":"","footer-sml-layout":"","ast-disable-related-posts":"","theme-transparent-header-meta":"default","adv-header-id-meta":"","stick-header-meta":"","header-above-stick-meta":"","header-main-stick-meta":"","header-below-stick-meta":"","astra-migrate-meta-layouts":"set","ast-page-background-enabled":"default","ast-page-background-meta":{"desktop":{"background-color":"var(--ast-global-color-5)","background-image":"","background-repeat":"repeat","background-position":"center center","background-size":"auto","background-attachment":"scroll","background-type":"","background-media":"","overlay-type":"","overlay-color":"","overlay-opacity":"","overlay-gradient":""},"tablet":{"background-color":"","background-image":"","background-repeat":"repeat","background-position":"center center","background-size":"auto","background-attachment":"scroll","background-type":"","background-media":"","overlay-type":"","overlay-color":"","overlay-opacity":"","overlay-gradient":""},"mobile":{"background-color":"","background-image":"","background-repeat":"repeat","background-position":"center center","background-size":"auto","background-attachment":"scroll","background-type":"","background-media":"","overlay-type":"","overlay-color":"","overlay-opacity":"","overlay-gradient":""}},"ast-content-background-meta":{"desktop":{"background-color":"var(--ast-global-color-4)","background-image":"","background-repeat":"repeat","background-position":"center center","background-size":"auto","background-attachment":"scroll","background-type":"","background-media":"","overlay-type":"","overlay-color":"","overlay-opacity":"","overlay-gradient":""},"tablet":{"background-color":"var(--ast-global-color-4)","background-image":"","background-repeat":"repeat","background-position":"center center","background-size":"auto","background-attachment":"scroll","background-type":"","background-media":"","overlay-type":"","overlay-color":"","overlay-opacity":"","overlay-gradient":""},"mobile":{"background-color":"var(--ast-global-color-4)","background-image":"","background-repeat":"repeat","background-position":"center center","background-size":"auto","background-attachment":"scroll","background-type":"","background-media":"","overlay-type":"","overlay-color":"","overlay-opacity":"","overlay-gradient":""}}},"product_brand":[],"product_cat":[35,20,21],"product_tag":[],"class_list":{"0":"post-275","1":"product","2":"type-product","3":"status-publish","4":"has-post-thumbnail","6":"product_cat-aceite","7":"product_cat-aceites-y-lubricantes","8":"product_cat-royal-purple","9":"desktop-align-center","10":"tablet-align-center","11":"mobile-align-center","13":"first","14":"instock","15":"shipping-taxable","16":"purchasable","17":"product-type-simple"},"_links":{"self":[{"href":"https:\/\/blackrhinotoolpro.com\/index.php\/wp-json\/wp\/v2\/product\/275","targetHints":{"allow":["GET"]}}],"collection":[{"href":"https:\/\/blackrhinotoolpro.com\/index.php\/wp-json\/wp\/v2\/product"}],"about":[{"href":"https:\/\/blackrhinotoolpro.com\/index.php\/wp-json\/wp\/v2\/types\/product"}],"wp:featuredmedia":[{"embeddable":true,"href":"https:\/\/blackrhinotoolpro.com\/index.php\/wp-json\/wp\/v2\/media\/276"}],"wp:attachment":[{"href":"https:\/\/blackrhinotoolpro.com\/index.php\/wp-json\/wp\/v2\/media?parent=275"}],"wp:term":[{"taxonomy":"product_brand","embeddable":true,"href":"https:\/\/blackrhinotoolpro.com\/index.php\/wp-json\/wp\/v2\/product_brand?post=275"},{"taxonomy":"product_cat","embeddable":true,"href":"https:\/\/blackrhinotoolpro.com\/index.php\/wp-json\/wp\/v2\/product_cat?post=275"},{"taxonomy":"product_tag","embeddable":true,"href":"https:\/\/blackrhinotoolpro.com\/index.php\/wp-json\/wp\/v2\/product_tag?post=275"}],"curies":[{"name":"wp","href":"https:\/\/api.w.org\/{rel}","templated":true}]}}