{"id":242,"date":"2025-04-10T20:25:06","date_gmt":"2025-04-10T20:25:06","guid":{"rendered":"https:\/\/blackrhinotoolpro.com\/?post_type=product&#038;p=242"},"modified":"2026-03-25T01:43:27","modified_gmt":"2026-03-25T01:43:27","slug":"royal-purple-max-ez-synthetic-power-steering-fluid","status":"publish","type":"product","link":"https:\/\/blackrhinotoolpro.com\/index.php\/producto\/royal-purple-max-ez-synthetic-power-steering-fluid\/","title":{"rendered":"Royal Purple Max EZ Synthetic Power Steering Fluid"},"content":{"rendered":"<div id=\"tab-description\" class=\"woocommerce-Tabs-panel woocommerce-Tabs-panel--description panel entry-content wc-tab\" role=\"tabpanel\" aria-labelledby=\"tab-title-description\">\n<h2>Descripci\u00f3n<\/h2>\n<p>Royal Purple\u00ae Max EZ\u00ae es un fluido de direcci\u00f3n asistida avanzado dise\u00f1ado para maximizar la vida \u00fatil y el rendimiento de todas las unidades de direcci\u00f3n asistida.\u00a0Max EZ est\u00e1 formulado con una mezcla de aceites base sint\u00e9ticos selectos m\u00e1s la tecnolog\u00eda de aditivos Synerlec\u00ae patentada de Royal Purple, que ha demostrado que hace que los equipos funcionen a menor temperatura, por m\u00e1s tiempo, de manera m\u00e1s silenciosa y m\u00e1s eficiente.\u00a0Max EZ es compatible y se puede mezclar con cualquier l\u00edquido de direcci\u00f3n asistida OEM o de repuesto y tiene una excelente compatibilidad con los sellos.<\/p>\n<h4>VENTAJAS DE RENDIMIENTO<\/h4>\n<ul>\n<li>Mayor protecci\u00f3n contra el desgaste<\/li>\n<li>Equipos limpios y eficientes<\/li>\n<li>Vida extendida de la bomba<\/li>\n<li>Vida \u00fatil del fluido mucho m\u00e1s larga<\/li>\n<li>no espumante<\/li>\n<li>Excelente protecci\u00f3n contra el \u00f3xido\/corrosi\u00f3n<\/li>\n<li>Capacidad de servicio de alta temperatura<\/li>\n<\/ul>\n<\/div>\n","protected":false},"excerpt":{"rendered":"<p>Descripci\u00f3n Royal Purple\u00ae Max EZ\u00ae es un fluido de direcci\u00f3n asistida avanzado dise\u00f1ado para maximizar la vida \u00fatil y el [&hellip;]<\/p>\n","protected":false},"featured_media":243,"template":"","meta":{"content-type":"","site-sidebar-layout":"default","site-content-layout":"","ast-site-content-layout":"default","site-content-style":"default","site-sidebar-style":"default","ast-global-header-display":"","ast-banner-title-visibility":"","ast-main-header-display":"","ast-hfb-above-header-display":"","ast-hfb-below-header-display":"","ast-hfb-mobile-header-display":"","site-post-title":"","ast-breadcrumbs-content":"","ast-featured-img":"","footer-sml-layout":"","ast-disable-related-posts":"","theme-transparent-header-meta":"default","adv-header-id-meta":"","stick-header-meta":"","header-above-stick-meta":"","header-main-stick-meta":"","header-below-stick-meta":"","astra-migrate-meta-layouts":"set","ast-page-background-enabled":"default","ast-page-background-meta":{"desktop":{"background-color":"var(--ast-global-color-5)","background-image":"","background-repeat":"repeat","background-position":"center center","background-size":"auto","background-attachment":"scroll","background-type":"","background-media":"","overlay-type":"","overlay-color":"","overlay-opacity":"","overlay-gradient":""},"tablet":{"background-color":"","background-image":"","background-repeat":"repeat","background-position":"center center","background-size":"auto","background-attachment":"scroll","background-type":"","background-media":"","overlay-type":"","overlay-color":"","overlay-opacity":"","overlay-gradient":""},"mobile":{"background-color":"","background-image":"","background-repeat":"repeat","background-position":"center center","background-size":"auto","background-attachment":"scroll","background-type":"","background-media":"","overlay-type":"","overlay-color":"","overlay-opacity":"","overlay-gradient":""}},"ast-content-background-meta":{"desktop":{"background-color":"var(--ast-global-color-4)","background-image":"","background-repeat":"repeat","background-position":"center center","background-size":"auto","background-attachment":"scroll","background-type":"","background-media":"","overlay-type":"","overlay-color":"","overlay-opacity":"","overlay-gradient":""},"tablet":{"background-color":"var(--ast-global-color-4)","background-image":"","background-repeat":"repeat","background-position":"center center","background-size":"auto","background-attachment":"scroll","background-type":"","background-media":"","overlay-type":"","overlay-color":"","overlay-opacity":"","overlay-gradient":""},"mobile":{"background-color":"var(--ast-global-color-4)","background-image":"","background-repeat":"repeat","background-position":"center center","background-size":"auto","background-attachment":"scroll","background-type":"","background-media":"","overlay-type":"","overlay-color":"","overlay-opacity":"","overlay-gradient":""}}},"product_brand":[],"product_cat":[20,36,21],"product_tag":[],"class_list":{"0":"post-242","1":"product","2":"type-product","3":"status-publish","4":"has-post-thumbnail","6":"product_cat-aceites-y-lubricantes","7":"product_cat-aditivos","8":"product_cat-royal-purple","9":"desktop-align-center","10":"tablet-align-center","11":"mobile-align-center","13":"first","14":"instock","15":"shipping-taxable","16":"purchasable","17":"product-type-simple"},"_links":{"self":[{"href":"https:\/\/blackrhinotoolpro.com\/index.php\/wp-json\/wp\/v2\/product\/242","targetHints":{"allow":["GET"]}}],"collection":[{"href":"https:\/\/blackrhinotoolpro.com\/index.php\/wp-json\/wp\/v2\/product"}],"about":[{"href":"https:\/\/blackrhinotoolpro.com\/index.php\/wp-json\/wp\/v2\/types\/product"}],"wp:featuredmedia":[{"embeddable":true,"href":"https:\/\/blackrhinotoolpro.com\/index.php\/wp-json\/wp\/v2\/media\/243"}],"wp:attachment":[{"href":"https:\/\/blackrhinotoolpro.com\/index.php\/wp-json\/wp\/v2\/media?parent=242"}],"wp:term":[{"taxonomy":"product_brand","embeddable":true,"href":"https:\/\/blackrhinotoolpro.com\/index.php\/wp-json\/wp\/v2\/product_brand?post=242"},{"taxonomy":"product_cat","embeddable":true,"href":"https:\/\/blackrhinotoolpro.com\/index.php\/wp-json\/wp\/v2\/product_cat?post=242"},{"taxonomy":"product_tag","embeddable":true,"href":"https:\/\/blackrhinotoolpro.com\/index.php\/wp-json\/wp\/v2\/product_tag?post=242"}],"curies":[{"name":"wp","href":"https:\/\/api.w.org\/{rel}","templated":true}]}}