{"id":239,"date":"2025-04-10T20:23:49","date_gmt":"2025-04-10T20:23:49","guid":{"rendered":"https:\/\/blackrhinotoolpro.com\/?post_type=product&#038;p=239"},"modified":"2026-03-25T01:43:51","modified_gmt":"2026-03-25T01:43:51","slug":"purple-ice-radiator-coolant-additive","status":"publish","type":"product","link":"https:\/\/blackrhinotoolpro.com\/index.php\/producto\/purple-ice-radiator-coolant-additive\/","title":{"rendered":"Purple Ice Radiator Coolant Addtive"},"content":{"rendered":"<h2>Descripci\u00f3n<\/h2>\n<p>Royal Purple\u00ae Purple Ice\u00ae es un acondicionador de radiador de alto rendimiento.\u00a0Su avanzado inhibidor de corrosi\u00f3n y agente humectante 2 en 1 proporciona una protecci\u00f3n contra la corrosi\u00f3n durante todo el a\u00f1o y reduce la tensi\u00f3n superficial del refrigerante del radiador para ayudar a reducir la temperatura del motor.<\/p>\n<h4>TEMPERATURAS DE REFRIGERANTE REDUCIDAS<\/h4>\n<p>Pruebas exhaustivas confirman que Purple Ice reduce la temperatura del refrigerante mejor que otros productos comparables, a la vez que brinda protecci\u00f3n adicional contra la corrosi\u00f3n.\u00a0Por ejemplo, la temperatura de funcionamiento promedio de un motor V8 de 350 cid (equipado con termostato de 160 \u030a) cuando se prueba con dinam\u00f3metro con diferentes refrigerantes es:<\/p>\n<h4>VENTAJAS DE RENDIMIENTO<\/h4>\n<ul>\n<li>Reduce la tensi\u00f3n superficial del refrigerante para permitir una mayor transferencia de calor, lo que resulta en temperaturas m\u00e1s bajas del refrigerante<\/li>\n<li>Reduce los puntos calientes en el motor y las culatas, lo que reduce la posibilidad de fallas en el motor<\/li>\n<li>Ayuda a prevenir el sobrecalentamiento, mantiene el sistema limpio y prolonga la vida \u00fatil de la bomba de agua<\/li>\n<li>Purple Ice es seguro para usar solo con agua o con mezclas de agua y anticongelante\u2022 Purple Ice es compatible con los refrigerantes OEM y de repuesto, incluidos los anticongelantes de vida prolongada<\/li>\n<li>Purple Ice no contiene glicol y es seguro y legal para uso en pista<\/li>\n<\/ul>\n<h4>TASA DE TRATAMIENTO RECOMENDADA*<\/h4>\n<ul>\n<li>Para usar con una mezcla de anticongelante\/refrigerante 50\/50: 1 oz.\u00a0\/ cuarto de gal\u00f3n de capacidad del sistema de enfriamiento<\/li>\n<li>Para usar con agua pura o con una mezcla de anticongelante\/refrigerante de mayor porcentaje de agua: 2 oz.\u00a0\/ cuarto de gal\u00f3n de capacidad del sistema de enfriamiento<\/li>\n<\/ul>\n","protected":false},"excerpt":{"rendered":"<p>Descripci\u00f3n Royal Purple\u00ae Purple Ice\u00ae es un acondicionador de radiador de alto rendimiento.\u00a0Su avanzado inhibidor de corrosi\u00f3n y agente humectante [&hellip;]<\/p>\n","protected":false},"featured_media":240,"template":"","meta":{"content-type":"","site-sidebar-layout":"default","site-content-layout":"","ast-site-content-layout":"default","site-content-style":"default","site-sidebar-style":"default","ast-global-header-display":"","ast-banner-title-visibility":"","ast-main-header-display":"","ast-hfb-above-header-display":"","ast-hfb-below-header-display":"","ast-hfb-mobile-header-display":"","site-post-title":"","ast-breadcrumbs-content":"","ast-featured-img":"","footer-sml-layout":"","ast-disable-related-posts":"","theme-transparent-header-meta":"default","adv-header-id-meta":"","stick-header-meta":"","header-above-stick-meta":"","header-main-stick-meta":"","header-below-stick-meta":"","astra-migrate-meta-layouts":"set","ast-page-background-enabled":"default","ast-page-background-meta":{"desktop":{"background-color":"var(--ast-global-color-5)","background-image":"","background-repeat":"repeat","background-position":"center center","background-size":"auto","background-attachment":"scroll","background-type":"","background-media":"","overlay-type":"","overlay-color":"","overlay-opacity":"","overlay-gradient":""},"tablet":{"background-color":"","background-image":"","background-repeat":"repeat","background-position":"center center","background-size":"auto","background-attachment":"scroll","background-type":"","background-media":"","overlay-type":"","overlay-color":"","overlay-opacity":"","overlay-gradient":""},"mobile":{"background-color":"","background-image":"","background-repeat":"repeat","background-position":"center center","background-size":"auto","background-attachment":"scroll","background-type":"","background-media":"","overlay-type":"","overlay-color":"","overlay-opacity":"","overlay-gradient":""}},"ast-content-background-meta":{"desktop":{"background-color":"var(--ast-global-color-4)","background-image":"","background-repeat":"repeat","background-position":"center center","background-size":"auto","background-attachment":"scroll","background-type":"","background-media":"","overlay-type":"","overlay-color":"","overlay-opacity":"","overlay-gradient":""},"tablet":{"background-color":"var(--ast-global-color-4)","background-image":"","background-repeat":"repeat","background-position":"center center","background-size":"auto","background-attachment":"scroll","background-type":"","background-media":"","overlay-type":"","overlay-color":"","overlay-opacity":"","overlay-gradient":""},"mobile":{"background-color":"var(--ast-global-color-4)","background-image":"","background-repeat":"repeat","background-position":"center center","background-size":"auto","background-attachment":"scroll","background-type":"","background-media":"","overlay-type":"","overlay-color":"","overlay-opacity":"","overlay-gradient":""}}},"product_brand":[],"product_cat":[20,36,21],"product_tag":[],"class_list":{"0":"post-239","1":"product","2":"type-product","3":"status-publish","4":"has-post-thumbnail","6":"product_cat-aceites-y-lubricantes","7":"product_cat-aditivos","8":"product_cat-royal-purple","9":"desktop-align-center","10":"tablet-align-center","11":"mobile-align-center","13":"first","14":"instock","15":"shipping-taxable","16":"purchasable","17":"product-type-simple"},"_links":{"self":[{"href":"https:\/\/blackrhinotoolpro.com\/index.php\/wp-json\/wp\/v2\/product\/239","targetHints":{"allow":["GET"]}}],"collection":[{"href":"https:\/\/blackrhinotoolpro.com\/index.php\/wp-json\/wp\/v2\/product"}],"about":[{"href":"https:\/\/blackrhinotoolpro.com\/index.php\/wp-json\/wp\/v2\/types\/product"}],"wp:featuredmedia":[{"embeddable":true,"href":"https:\/\/blackrhinotoolpro.com\/index.php\/wp-json\/wp\/v2\/media\/240"}],"wp:attachment":[{"href":"https:\/\/blackrhinotoolpro.com\/index.php\/wp-json\/wp\/v2\/media?parent=239"}],"wp:term":[{"taxonomy":"product_brand","embeddable":true,"href":"https:\/\/blackrhinotoolpro.com\/index.php\/wp-json\/wp\/v2\/product_brand?post=239"},{"taxonomy":"product_cat","embeddable":true,"href":"https:\/\/blackrhinotoolpro.com\/index.php\/wp-json\/wp\/v2\/product_cat?post=239"},{"taxonomy":"product_tag","embeddable":true,"href":"https:\/\/blackrhinotoolpro.com\/index.php\/wp-json\/wp\/v2\/product_tag?post=239"}],"curies":[{"name":"wp","href":"https:\/\/api.w.org\/{rel}","templated":true}]}}