{"id":236,"date":"2025-04-10T20:21:56","date_gmt":"2025-04-10T20:21:56","guid":{"rendered":"https:\/\/blackrhinotoolpro.com\/?post_type=product&#038;p=236"},"modified":"2026-01-30T19:14:24","modified_gmt":"2026-01-30T19:14:24","slug":"maxfilm-synthetic-lubricant","status":"publish","type":"product","link":"https:\/\/blackrhinotoolpro.com\/index.php\/producto\/maxfilm-synthetic-lubricant\/","title":{"rendered":"Maxfilm Synthetic Lubricant"},"content":{"rendered":"<div id=\"tab-description\" class=\"woocommerce-Tabs-panel woocommerce-Tabs-panel--description panel entry-content wc-tab\" role=\"tabpanel\" aria-labelledby=\"tab-title-description\">\n<h2>Descripci\u00f3n<\/h2>\n<h4>LUBRICANTE MULTIUSO\/PENETRANTE\/CONSERVADOR (CON SYNERLEC\u00ae)<\/h4>\n<p>Royal Purple\u00ae Maxfilm\u00ae es un lubricante\/penetrante sint\u00e9tico multiprop\u00f3sito de alta resistencia de pel\u00edcula que sobresale en una amplia gama de aplicaciones.\u00a0Maxfilm penetra profundamente, limpia y afloja las partes oxidadas.\u00a0Una vez aplicado, su veh\u00edculo solvente se evapora y deja una pel\u00edcula lubricante tenaz y tixotr\u00f3pica en todas las superficies met\u00e1licas, brindando una protecci\u00f3n duradera contra el desgaste, el \u00f3xido y la corrosi\u00f3n.\u00a0Maxfilm contiene la tecnolog\u00eda de aditivos Synerlec\u00ae patentada de Royal Purple, que ha demostrado que hace que los equipos funcionen de manera m\u00e1s suave, fr\u00eda, silenciosa, prolongada y eficiente.\u00a0Maxfilm utiliza un propulsor no derivado del petr\u00f3leo (CO2).<\/p>\n<h4>MAXFILM SE RECOMIENDA PARA:<\/h4>\n<ul>\n<li>Aflojamiento de piezas atascadas como tuercas, pernos, cerraduras, bisagras, etc.<\/li>\n<li>Lubricaci\u00f3n de herramientas el\u00e9ctricas, bisagras, cadenas, rodillos, engranajes abiertos, aparejos de pesca, equipos de jardiner\u00eda, etc.<\/li>\n<li>Conservaci\u00f3n y protecci\u00f3n de piezas almacenadas, piezas de maquinaria desmontadas, cables de acero, etc., contra la oxidaci\u00f3n y la corrosi\u00f3n.<\/li>\n<li>\u00daselo como fluido de corte manual para facilitar la perforaci\u00f3n manual, roscado, corte de metal, etc., de acero y aluminio<\/li>\n<\/ul>\n<\/div>\n","protected":false},"excerpt":{"rendered":"<p>Descripci\u00f3n LUBRICANTE MULTIUSO\/PENETRANTE\/CONSERVADOR (CON SYNERLEC\u00ae) Royal Purple\u00ae Maxfilm\u00ae es un lubricante\/penetrante sint\u00e9tico multiprop\u00f3sito de alta resistencia de pel\u00edcula que sobresale [&hellip;]<\/p>\n","protected":false},"featured_media":237,"template":"","meta":{"content-type":"","site-sidebar-layout":"default","site-content-layout":"","ast-site-content-layout":"default","site-content-style":"default","site-sidebar-style":"default","ast-global-header-display":"","ast-banner-title-visibility":"","ast-main-header-display":"","ast-hfb-above-header-display":"","ast-hfb-below-header-display":"","ast-hfb-mobile-header-display":"","site-post-title":"","ast-breadcrumbs-content":"","ast-featured-img":"","footer-sml-layout":"","ast-disable-related-posts":"","theme-transparent-header-meta":"default","adv-header-id-meta":"","stick-header-meta":"","header-above-stick-meta":"","header-main-stick-meta":"","header-below-stick-meta":"","astra-migrate-meta-layouts":"set","ast-page-background-enabled":"default","ast-page-background-meta":{"desktop":{"background-color":"var(--ast-global-color-5)","background-image":"","background-repeat":"repeat","background-position":"center center","background-size":"auto","background-attachment":"scroll","background-type":"","background-media":"","overlay-type":"","overlay-color":"","overlay-opacity":"","overlay-gradient":""},"tablet":{"background-color":"","background-image":"","background-repeat":"repeat","background-position":"center center","background-size":"auto","background-attachment":"scroll","background-type":"","background-media":"","overlay-type":"","overlay-color":"","overlay-opacity":"","overlay-gradient":""},"mobile":{"background-color":"","background-image":"","background-repeat":"repeat","background-position":"center center","background-size":"auto","background-attachment":"scroll","background-type":"","background-media":"","overlay-type":"","overlay-color":"","overlay-opacity":"","overlay-gradient":""}},"ast-content-background-meta":{"desktop":{"background-color":"var(--ast-global-color-4)","background-image":"","background-repeat":"repeat","background-position":"center center","background-size":"auto","background-attachment":"scroll","background-type":"","background-media":"","overlay-type":"","overlay-color":"","overlay-opacity":"","overlay-gradient":""},"tablet":{"background-color":"var(--ast-global-color-4)","background-image":"","background-repeat":"repeat","background-position":"center center","background-size":"auto","background-attachment":"scroll","background-type":"","background-media":"","overlay-type":"","overlay-color":"","overlay-opacity":"","overlay-gradient":""},"mobile":{"background-color":"var(--ast-global-color-4)","background-image":"","background-repeat":"repeat","background-position":"center center","background-size":"auto","background-attachment":"scroll","background-type":"","background-media":"","overlay-type":"","overlay-color":"","overlay-opacity":"","overlay-gradient":""}}},"product_brand":[],"product_cat":[20,36,21],"product_tag":[],"class_list":{"0":"post-236","1":"product","2":"type-product","3":"status-publish","4":"has-post-thumbnail","6":"product_cat-aceites-y-lubricantes","7":"product_cat-aditivos","8":"product_cat-royal-purple","9":"desktop-align-center","10":"tablet-align-center","11":"mobile-align-center","13":"first","14":"instock","15":"sale","16":"shipping-taxable","17":"purchasable","18":"product-type-simple"},"_links":{"self":[{"href":"https:\/\/blackrhinotoolpro.com\/index.php\/wp-json\/wp\/v2\/product\/236","targetHints":{"allow":["GET"]}}],"collection":[{"href":"https:\/\/blackrhinotoolpro.com\/index.php\/wp-json\/wp\/v2\/product"}],"about":[{"href":"https:\/\/blackrhinotoolpro.com\/index.php\/wp-json\/wp\/v2\/types\/product"}],"wp:featuredmedia":[{"embeddable":true,"href":"https:\/\/blackrhinotoolpro.com\/index.php\/wp-json\/wp\/v2\/media\/237"}],"wp:attachment":[{"href":"https:\/\/blackrhinotoolpro.com\/index.php\/wp-json\/wp\/v2\/media?parent=236"}],"wp:term":[{"taxonomy":"product_brand","embeddable":true,"href":"https:\/\/blackrhinotoolpro.com\/index.php\/wp-json\/wp\/v2\/product_brand?post=236"},{"taxonomy":"product_cat","embeddable":true,"href":"https:\/\/blackrhinotoolpro.com\/index.php\/wp-json\/wp\/v2\/product_cat?post=236"},{"taxonomy":"product_tag","embeddable":true,"href":"https:\/\/blackrhinotoolpro.com\/index.php\/wp-json\/wp\/v2\/product_tag?post=236"}],"curies":[{"name":"wp","href":"https:\/\/api.w.org\/{rel}","templated":true}]}}