{"id":226,"date":"2025-04-10T20:11:43","date_gmt":"2025-04-10T20:11:43","guid":{"rendered":"https:\/\/blackrhinotoolpro.com\/?post_type=product&#038;p=226"},"modified":"2026-03-25T01:45:22","modified_gmt":"2026-03-25T01:45:22","slug":"max-clean-fuel-system-cleaner-and-stabilizer","status":"publish","type":"product","link":"https:\/\/blackrhinotoolpro.com\/index.php\/producto\/max-clean-fuel-system-cleaner-and-stabilizer\/","title":{"rendered":"Max-Clean Fuel System Cleaner and Stabilizer"},"content":{"rendered":"<div id=\"tab-description\" class=\"woocommerce-Tabs-panel woocommerce-Tabs-panel--description panel entry-content wc-tab\" role=\"tabpanel\" aria-labelledby=\"tab-title-description\">\n<h2>Descripci\u00f3n<\/h2>\n<p>Royal Purple\u00ae Max-Clean\u00ae es un limpiador de sistema de combustible de alto rendimiento de \u00faltima generaci\u00f3n que maximiza el rendimiento de su sistema de combustible.\u00a0Max-Clean restaura el ahorro de combustible al penetrar profundamente en los dep\u00f3sitos y limpiar los inyectores, los carburadores, las v\u00e1lvulas de admisi\u00f3n y las c\u00e1maras de combusti\u00f3n.\u00a0La siguiente ilustraci\u00f3n muestra los efectos antes y despu\u00e9s de cambiar a Max Clean.\u00a0Royal Purple Max-Clean cumple con EPA \/ CARB.\u00a0Recomendado para su uso en motores de gasolina y di\u00e9sel y se puede utilizar con todas las mezclas de etanol o biocombustible.\u00a0Max-Clean se puede usar en motores de 4 y 2 tiempos y no da\u00f1ar\u00e1 los equipos de emisiones del veh\u00edculo.<\/p>\n<div><\/div>\n<h4>VENTAJAS DE RENDIMIENTO<\/h4>\n<p>Se realizaron pruebas de flota de m\u00faltiples productos en varias marcas y modelos de veh\u00edculos.\u00a0Royal Purple descubri\u00f3 que despu\u00e9s de tan solo un tratamiento, Max-Clean puede:<\/p>\n<ul>\n<li>Restaurar la econom\u00eda de combustible hasta un 6,1%<\/li>\n<li>Restaurar caballos de fuerza un promedio de 2.6%<\/li>\n<li>Reducir las emisiones de hidrocarburos, NOx y CO (en promedio 12%, 13% y 18% respectivamente)<\/li>\n<li>Evite el ralent\u00ed brusco, la vacilaci\u00f3n y el estancamiento<\/li>\n<li>Evite el ensuciamiento prematuro de las buj\u00edas<\/li>\n<li>Reduzca los golpes y pitidos del motor relacionados con los dep\u00f3sitos<\/li>\n<\/ul>\n<p>Royal Purple Max-Clean tambi\u00e9n estabiliza el combustible durante los per\u00edodos de poco uso y almacenamiento, lo que evita el barnizado del combustible.<\/p>\n<div><\/div>\n<h4>TASA DE TRATAMIENTO RECOMENDADA<\/h4>\n<p>Vierta todo el contenido de la botella en el tanque casi vac\u00edo inmediatamente antes de repostar, luego instale el combustible encima del aditivo.\u00a0Una (1) lata trata hasta 20 galones.\u00a0Para tama\u00f1os de tanque fuera de este rango, use una (1) onza por gal\u00f3n.\u00a0En motores de dos tiempos, use una (1) onza por gal\u00f3n.<\/p>\n<div><\/div>\n<h4>USO RECOMENDADO<\/h4>\n<p>Max-Clean debe usarse cada 10,000 millas o anualmente, lo que ocurra primero.<\/p>\n<\/div>\n","protected":false},"excerpt":{"rendered":"<p>Descripci\u00f3n Royal Purple\u00ae Max-Clean\u00ae es un limpiador de sistema de combustible de alto rendimiento de \u00faltima generaci\u00f3n que maximiza el [&hellip;]<\/p>\n","protected":false},"featured_media":227,"template":"","meta":{"content-type":"","site-sidebar-layout":"default","site-content-layout":"","ast-site-content-layout":"default","site-content-style":"default","site-sidebar-style":"default","ast-global-header-display":"","ast-banner-title-visibility":"","ast-main-header-display":"","ast-hfb-above-header-display":"","ast-hfb-below-header-display":"","ast-hfb-mobile-header-display":"","site-post-title":"","ast-breadcrumbs-content":"","ast-featured-img":"","footer-sml-layout":"","ast-disable-related-posts":"","theme-transparent-header-meta":"default","adv-header-id-meta":"","stick-header-meta":"","header-above-stick-meta":"","header-main-stick-meta":"","header-below-stick-meta":"","astra-migrate-meta-layouts":"set","ast-page-background-enabled":"default","ast-page-background-meta":{"desktop":{"background-color":"var(--ast-global-color-5)","background-image":"","background-repeat":"repeat","background-position":"center center","background-size":"auto","background-attachment":"scroll","background-type":"","background-media":"","overlay-type":"","overlay-color":"","overlay-opacity":"","overlay-gradient":""},"tablet":{"background-color":"","background-image":"","background-repeat":"repeat","background-position":"center center","background-size":"auto","background-attachment":"scroll","background-type":"","background-media":"","overlay-type":"","overlay-color":"","overlay-opacity":"","overlay-gradient":""},"mobile":{"background-color":"","background-image":"","background-repeat":"repeat","background-position":"center center","background-size":"auto","background-attachment":"scroll","background-type":"","background-media":"","overlay-type":"","overlay-color":"","overlay-opacity":"","overlay-gradient":""}},"ast-content-background-meta":{"desktop":{"background-color":"var(--ast-global-color-4)","background-image":"","background-repeat":"repeat","background-position":"center center","background-size":"auto","background-attachment":"scroll","background-type":"","background-media":"","overlay-type":"","overlay-color":"","overlay-opacity":"","overlay-gradient":""},"tablet":{"background-color":"var(--ast-global-color-4)","background-image":"","background-repeat":"repeat","background-position":"center center","background-size":"auto","background-attachment":"scroll","background-type":"","background-media":"","overlay-type":"","overlay-color":"","overlay-opacity":"","overlay-gradient":""},"mobile":{"background-color":"var(--ast-global-color-4)","background-image":"","background-repeat":"repeat","background-position":"center center","background-size":"auto","background-attachment":"scroll","background-type":"","background-media":"","overlay-type":"","overlay-color":"","overlay-opacity":"","overlay-gradient":""}}},"product_brand":[],"product_cat":[35,20,21],"product_tag":[],"class_list":{"0":"post-226","1":"product","2":"type-product","3":"status-publish","4":"has-post-thumbnail","6":"product_cat-aceite","7":"product_cat-aceites-y-lubricantes","8":"product_cat-royal-purple","9":"desktop-align-center","10":"tablet-align-center","11":"mobile-align-center","13":"first","14":"instock","15":"shipping-taxable","16":"purchasable","17":"product-type-simple"},"_links":{"self":[{"href":"https:\/\/blackrhinotoolpro.com\/index.php\/wp-json\/wp\/v2\/product\/226","targetHints":{"allow":["GET"]}}],"collection":[{"href":"https:\/\/blackrhinotoolpro.com\/index.php\/wp-json\/wp\/v2\/product"}],"about":[{"href":"https:\/\/blackrhinotoolpro.com\/index.php\/wp-json\/wp\/v2\/types\/product"}],"wp:featuredmedia":[{"embeddable":true,"href":"https:\/\/blackrhinotoolpro.com\/index.php\/wp-json\/wp\/v2\/media\/227"}],"wp:attachment":[{"href":"https:\/\/blackrhinotoolpro.com\/index.php\/wp-json\/wp\/v2\/media?parent=226"}],"wp:term":[{"taxonomy":"product_brand","embeddable":true,"href":"https:\/\/blackrhinotoolpro.com\/index.php\/wp-json\/wp\/v2\/product_brand?post=226"},{"taxonomy":"product_cat","embeddable":true,"href":"https:\/\/blackrhinotoolpro.com\/index.php\/wp-json\/wp\/v2\/product_cat?post=226"},{"taxonomy":"product_tag","embeddable":true,"href":"https:\/\/blackrhinotoolpro.com\/index.php\/wp-json\/wp\/v2\/product_tag?post=226"}],"curies":[{"name":"wp","href":"https:\/\/api.w.org\/{rel}","templated":true}]}}