{"id":204,"date":"2025-04-10T19:48:12","date_gmt":"2025-04-10T19:48:12","guid":{"rendered":"https:\/\/blackrhinotoolpro.com\/?post_type=product&#038;p=204"},"modified":"2026-03-25T01:48:45","modified_gmt":"2026-03-25T01:48:45","slug":"hp-2c-2-cylce-engine","status":"publish","type":"product","link":"https:\/\/blackrhinotoolpro.com\/index.php\/producto\/hp-2c-2-cylce-engine\/","title":{"rendered":"HP-2C \/ 2-Cylce Engine"},"content":{"rendered":"<div id=\"tab-description\" class=\"woocommerce-Tabs-panel woocommerce-Tabs-panel--description panel entry-content wc-tab\" role=\"tabpanel\" aria-labelledby=\"tab-title-description\">\n<h2>Descripci\u00f3n<\/h2>\n<p>Royal Purple HP 2-C se recomienda para su uso en motores de dos tiempos de gasolina premezclada y con inyecci\u00f3n de aceite en motores fuera de borda, motocicletas, motos acu\u00e1ticas, motosierras, etc. Para aplicaciones con inyecci\u00f3n de aceite en climas fr\u00edos, Royal Purple recomienda su Snow 2 -C. La formulaci\u00f3n sin cenizas y la solvencia sint\u00e9tica de HP 2-C mantienen limpias las buj\u00edas y los puertos de escape para lograr la m\u00e1xima eficiencia del motor. HP 2-C est\u00e1 formulado con la tecnolog\u00eda de aditivos sint\u00e9ticos Synerlec\u00ae, patentada por Royal Purple, que protege los anillos, los cojinetes y las paredes de los cilindros del contacto de metal con metal y protege contra raspaduras, excoriaciones y soldaduras, que pueden ocurrir en condiciones severas. Esta limpieza del motor combinada con el bajo coeficiente de fricci\u00f3n de Royal Purple HP 2-C promueve una mayor potencia y velocidad del motor. Los motores funcionan con mayor eficiencia de combusti\u00f3n y pasan m\u00e1s tiempo entre revisiones cuando se lubrican con HP 2-C.<\/p>\n<p>VENTAJAS DE RENDIMIENTO<\/p>\n<ul>\n<li>Mayor protecci\u00f3n contra el desgaste<\/li>\n<li>Mayor potencia<\/li>\n<li>Protecci\u00f3n superior contra el \u00f3xido\/corrosi\u00f3n<\/li>\n<li>Funcionamiento m\u00e1s fresco y menos p\u00e9rdida de energ\u00eda par\u00e1sita<\/li>\n<li>Sin de ceniza para minimizar los dep\u00f3sitos de escape<\/li>\n<\/ul>\n<\/div>\n","protected":false},"excerpt":{"rendered":"<p>Descripci\u00f3n Royal Purple HP 2-C se recomienda para su uso en motores de dos tiempos de gasolina premezclada y con [&hellip;]<\/p>\n","protected":false},"featured_media":205,"template":"","meta":{"content-type":"","site-sidebar-layout":"default","site-content-layout":"","ast-site-content-layout":"default","site-content-style":"default","site-sidebar-style":"default","ast-global-header-display":"","ast-banner-title-visibility":"","ast-main-header-display":"","ast-hfb-above-header-display":"","ast-hfb-below-header-display":"","ast-hfb-mobile-header-display":"","site-post-title":"","ast-breadcrumbs-content":"","ast-featured-img":"","footer-sml-layout":"","ast-disable-related-posts":"","theme-transparent-header-meta":"default","adv-header-id-meta":"","stick-header-meta":"","header-above-stick-meta":"","header-main-stick-meta":"","header-below-stick-meta":"","astra-migrate-meta-layouts":"set","ast-page-background-enabled":"default","ast-page-background-meta":{"desktop":{"background-color":"var(--ast-global-color-5)","background-image":"","background-repeat":"repeat","background-position":"center center","background-size":"auto","background-attachment":"scroll","background-type":"","background-media":"","overlay-type":"","overlay-color":"","overlay-opacity":"","overlay-gradient":""},"tablet":{"background-color":"","background-image":"","background-repeat":"repeat","background-position":"center center","background-size":"auto","background-attachment":"scroll","background-type":"","background-media":"","overlay-type":"","overlay-color":"","overlay-opacity":"","overlay-gradient":""},"mobile":{"background-color":"","background-image":"","background-repeat":"repeat","background-position":"center center","background-size":"auto","background-attachment":"scroll","background-type":"","background-media":"","overlay-type":"","overlay-color":"","overlay-opacity":"","overlay-gradient":""}},"ast-content-background-meta":{"desktop":{"background-color":"var(--ast-global-color-4)","background-image":"","background-repeat":"repeat","background-position":"center center","background-size":"auto","background-attachment":"scroll","background-type":"","background-media":"","overlay-type":"","overlay-color":"","overlay-opacity":"","overlay-gradient":""},"tablet":{"background-color":"var(--ast-global-color-4)","background-image":"","background-repeat":"repeat","background-position":"center center","background-size":"auto","background-attachment":"scroll","background-type":"","background-media":"","overlay-type":"","overlay-color":"","overlay-opacity":"","overlay-gradient":""},"mobile":{"background-color":"var(--ast-global-color-4)","background-image":"","background-repeat":"repeat","background-position":"center center","background-size":"auto","background-attachment":"scroll","background-type":"","background-media":"","overlay-type":"","overlay-color":"","overlay-opacity":"","overlay-gradient":""}}},"product_brand":[],"product_cat":[35,20,21],"product_tag":[],"class_list":{"0":"post-204","1":"product","2":"type-product","3":"status-publish","4":"has-post-thumbnail","6":"product_cat-aceite","7":"product_cat-aceites-y-lubricantes","8":"product_cat-royal-purple","9":"desktop-align-center","10":"tablet-align-center","11":"mobile-align-center","13":"first","14":"instock","15":"sale","16":"shipping-taxable","17":"purchasable","18":"product-type-simple"},"_links":{"self":[{"href":"https:\/\/blackrhinotoolpro.com\/index.php\/wp-json\/wp\/v2\/product\/204","targetHints":{"allow":["GET"]}}],"collection":[{"href":"https:\/\/blackrhinotoolpro.com\/index.php\/wp-json\/wp\/v2\/product"}],"about":[{"href":"https:\/\/blackrhinotoolpro.com\/index.php\/wp-json\/wp\/v2\/types\/product"}],"wp:featuredmedia":[{"embeddable":true,"href":"https:\/\/blackrhinotoolpro.com\/index.php\/wp-json\/wp\/v2\/media\/205"}],"wp:attachment":[{"href":"https:\/\/blackrhinotoolpro.com\/index.php\/wp-json\/wp\/v2\/media?parent=204"}],"wp:term":[{"taxonomy":"product_brand","embeddable":true,"href":"https:\/\/blackrhinotoolpro.com\/index.php\/wp-json\/wp\/v2\/product_brand?post=204"},{"taxonomy":"product_cat","embeddable":true,"href":"https:\/\/blackrhinotoolpro.com\/index.php\/wp-json\/wp\/v2\/product_cat?post=204"},{"taxonomy":"product_tag","embeddable":true,"href":"https:\/\/blackrhinotoolpro.com\/index.php\/wp-json\/wp\/v2\/product_tag?post=204"}],"curies":[{"name":"wp","href":"https:\/\/api.w.org\/{rel}","templated":true}]}}