{"id":1913,"date":"2026-03-04T02:19:52","date_gmt":"2026-03-04T02:19:52","guid":{"rendered":"https:\/\/blackrhinotoolpro.com\/?post_type=product&#038;p=1913"},"modified":"2026-03-25T00:55:25","modified_gmt":"2026-03-25T00:55:25","slug":"v1500-arrancador-y-refuerzo-de-1500a-bateria-externa-power-bank-y-linterna","status":"publish","type":"product","link":"https:\/\/blackrhinotoolpro.com\/index.php\/producto\/v1500-arrancador-y-refuerzo-de-1500a-bateria-externa-power-bank-y-linterna\/","title":{"rendered":"V1500 Arrancador y refuerzo de 1500A, Bater\u00eda externa (power bank) y linterna."},"content":{"rendered":"<p>El <strong>TOPDON V1500<\/strong> se posiciona como un potente arrancador port\u00e1til, ofreciendo <strong>1500 amperios pico<\/strong> para arranques instant\u00e1neos. Permite arrancar de forma r\u00e1pida y segura bater\u00edas de plomo-\u00e1cido de <strong>12V<\/strong> en cuesti\u00f3n de segundos para autom\u00f3viles, embarcaciones, motocicletas y camiones con motores de hasta <strong>6.5L gasolina<\/strong> o <strong>4.0L di\u00e9sel<\/strong>.<\/p>\n<p>El V1500 tambi\u00e9n funciona como <strong>bater\u00eda externa (power bank)<\/strong> para cargar tel\u00e9fonos, tablets y otros dispositivos electr\u00f3nicos, adem\u00e1s de suministrar energ\u00eda a dispositivos <strong>DC de 12V<\/strong>.<\/p>\n<p>Incorpora una <strong>funci\u00f3n Boost<\/strong>, ideal para arrancar bater\u00edas especialmente descargadas o dif\u00edciles.<\/p>\n<p>El V1500 es tu soluci\u00f3n todo-en-uno para emergencias relacionadas con energ\u00eda y bater\u00eda.<\/p>\n<p>&nbsp;<\/p>\n<h3>Energ\u00eda de 12V Bajo Demanda:<\/h3>\n<p>La potencia y la capacidad de arranques almacenada en el <strong>V1500<\/strong> permiten poner en marcha la mayor\u00eda de los veh\u00edculos de pasajeros con facilidad. Arranca bater\u00edas de <strong>12V<\/strong> en segundos para motores de hasta <strong>6.0L gasolina<\/strong> o <strong>4.5L di\u00e9sel<\/strong>. Su <strong>corriente pico de 1500A<\/strong> garantiza un arranque confiable y potente en todo momento.<br \/>\nCon una sola carga completa, puedes realizar hasta <strong>25 arranques<\/strong>, asegur\u00e1ndote de estar siempre listo para tu pr\u00f3xima aventura.<\/p>\n<hr \/>\n<h3>V1500 como Power Bank \u2013 Para Cargas Diarias:<\/h3>\n<p>El V1500 tambi\u00e9n funciona como <strong>bater\u00eda externa (power bank)<\/strong>. Con esta funci\u00f3n, puedes recargar tel\u00e9fonos y tablets f\u00e1cilmente mediante el puerto <strong>USB Type-A<\/strong>.<br \/>\nSi necesitas alimentar dispositivos electr\u00f3nicos m\u00e1s grandes, utiliza el <strong>puerto DC<\/strong> (m\u00e1x. 16.8V\/10A) para mantener tus gadgets funcionando de manera eficiente.<\/p>\n<hr \/>\n<h3>Linterna LED:<\/h3>\n<p>En cualquier situaci\u00f3n de emergencia, una linterna potente siempre es \u00fatil. El V1500 incorpora una <strong>linterna LED de 300 l\u00famenes<\/strong> para ver en la oscuridad y enviar se\u00f1ales de auxilio.<\/p>\n<ul>\n<li>Modos: luz fija, SOS y estrobosc\u00f3pica<\/li>\n<\/ul>\n<hr \/>\n<h3>Funci\u00f3n BOOST \u2013 Revive Bater\u00edas Dif\u00edciles:<\/h3>\n<p>La <strong>funci\u00f3n BOOST<\/strong> es ideal para bater\u00edas especialmente resistentes. Solo presiona y mant\u00e9n el bot\u00f3n BOOST por 1 segundo y observa c\u00f3mo tu veh\u00edculo vuelve a la vida en menos de 30 segundos. \u00a1Prep\u00e1rate para salir a la carretera con energ\u00eda renovada y sin problemas de bater\u00eda!<\/p>\n<hr \/>\n<h3>6 Funciones de Seguridad Integradas:<\/h3>\n<p>El V1500 est\u00e1 equipado con seis funciones de seguridad esenciales, protegi\u00e9ndote frente a riesgos el\u00e9ctricos y garantizando un uso confiable:<\/p>\n<ul>\n<li>Conexi\u00f3n inversa<\/li>\n<li>Carga inversa<\/li>\n<li>Cortocircuitos<\/li>\n<li>Sobrecorriente<\/li>\n<li>Sobretemperatura<\/li>\n<li>Sobredescarga<\/li>\n<\/ul>\n","protected":false},"excerpt":{"rendered":"<p>El TOPDON V1500 se posiciona como un potente arrancador port\u00e1til, ofreciendo 1500 amperios pico para arranques instant\u00e1neos. Permite arrancar de [&hellip;]<\/p>\n","protected":false},"featured_media":1914,"template":"","meta":{"content-type":"","site-sidebar-layout":"default","site-content-layout":"","ast-site-content-layout":"default","site-content-style":"default","site-sidebar-style":"default","ast-global-header-display":"","ast-banner-title-visibility":"","ast-main-header-display":"","ast-hfb-above-header-display":"","ast-hfb-below-header-display":"","ast-hfb-mobile-header-display":"","site-post-title":"","ast-breadcrumbs-content":"","ast-featured-img":"","footer-sml-layout":"","ast-disable-related-posts":"","theme-transparent-header-meta":"default","adv-header-id-meta":"","stick-header-meta":"","header-above-stick-meta":"","header-main-stick-meta":"","header-below-stick-meta":"","astra-migrate-meta-layouts":"set","ast-page-background-enabled":"default","ast-page-background-meta":{"desktop":{"background-color":"var(--ast-global-color-5)","background-image":"","background-repeat":"repeat","background-position":"center center","background-size":"auto","background-attachment":"scroll","background-type":"","background-media":"","overlay-type":"","overlay-color":"","overlay-opacity":"","overlay-gradient":""},"tablet":{"background-color":"","background-image":"","background-repeat":"repeat","background-position":"center center","background-size":"auto","background-attachment":"scroll","background-type":"","background-media":"","overlay-type":"","overlay-color":"","overlay-opacity":"","overlay-gradient":""},"mobile":{"background-color":"","background-image":"","background-repeat":"repeat","background-position":"center center","background-size":"auto","background-attachment":"scroll","background-type":"","background-media":"","overlay-type":"","overlay-color":"","overlay-opacity":"","overlay-gradient":""}},"ast-content-background-meta":{"desktop":{"background-color":"var(--ast-global-color-4)","background-image":"","background-repeat":"repeat","background-position":"center center","background-size":"auto","background-attachment":"scroll","background-type":"","background-media":"","overlay-type":"","overlay-color":"","overlay-opacity":"","overlay-gradient":""},"tablet":{"background-color":"var(--ast-global-color-4)","background-image":"","background-repeat":"repeat","background-position":"center center","background-size":"auto","background-attachment":"scroll","background-type":"","background-media":"","overlay-type":"","overlay-color":"","overlay-opacity":"","overlay-gradient":""},"mobile":{"background-color":"var(--ast-global-color-4)","background-image":"","background-repeat":"repeat","background-position":"center center","background-size":"auto","background-attachment":"scroll","background-type":"","background-media":"","overlay-type":"","overlay-color":"","overlay-opacity":"","overlay-gradient":""}}},"product_brand":[],"product_cat":[116,23,31,56],"product_tag":[],"class_list":{"0":"post-1913","1":"product","2":"type-product","3":"status-publish","4":"has-post-thumbnail","6":"product_cat-cargador-de-baterias","7":"product_cat-cargadores-y-arrancadores-de-baterias","8":"product_cat-equipos-para-taller","9":"product_cat-mantenedores-de-bateria","10":"desktop-align-center","11":"tablet-align-center","12":"mobile-align-center","14":"first","15":"instock","16":"shipping-taxable","17":"purchasable","18":"product-type-simple"},"_links":{"self":[{"href":"https:\/\/blackrhinotoolpro.com\/index.php\/wp-json\/wp\/v2\/product\/1913","targetHints":{"allow":["GET"]}}],"collection":[{"href":"https:\/\/blackrhinotoolpro.com\/index.php\/wp-json\/wp\/v2\/product"}],"about":[{"href":"https:\/\/blackrhinotoolpro.com\/index.php\/wp-json\/wp\/v2\/types\/product"}],"wp:featuredmedia":[{"embeddable":true,"href":"https:\/\/blackrhinotoolpro.com\/index.php\/wp-json\/wp\/v2\/media\/1914"}],"wp:attachment":[{"href":"https:\/\/blackrhinotoolpro.com\/index.php\/wp-json\/wp\/v2\/media?parent=1913"}],"wp:term":[{"taxonomy":"product_brand","embeddable":true,"href":"https:\/\/blackrhinotoolpro.com\/index.php\/wp-json\/wp\/v2\/product_brand?post=1913"},{"taxonomy":"product_cat","embeddable":true,"href":"https:\/\/blackrhinotoolpro.com\/index.php\/wp-json\/wp\/v2\/product_cat?post=1913"},{"taxonomy":"product_tag","embeddable":true,"href":"https:\/\/blackrhinotoolpro.com\/index.php\/wp-json\/wp\/v2\/product_tag?post=1913"}],"curies":[{"name":"wp","href":"https:\/\/api.w.org\/{rel}","templated":true}]}}