{"id":1897,"date":"2026-03-04T01:28:10","date_gmt":"2026-03-04T01:28:10","guid":{"rendered":"https:\/\/blackrhinotoolpro.com\/?post_type=product&#038;p=1897"},"modified":"2026-03-11T19:19:36","modified_gmt":"2026-03-11T19:19:36","slug":"v3000-peak-amp-battery-jump-starter-power-bank-flashlight","status":"publish","type":"product","link":"https:\/\/blackrhinotoolpro.com\/index.php\/producto\/v3000-peak-amp-battery-jump-starter-power-bank-flashlight\/","title":{"rendered":"V3000 Peak Amp Battery Jump Starter, Power Bank, &#038; Flashlight"},"content":{"rendered":"<p data-start=\"0\" data-end=\"239\">El <strong data-start=\"3\" data-end=\"19\">TOPDON V3000<\/strong> es una versi\u00f3n mejorada del popular JS3000. Este arrancador de bater\u00eda profesional y de alta resistencia, con bater\u00eda de litio, ofrece una corriente m\u00e1xima de <strong data-start=\"179\" data-end=\"188\">3000A<\/strong> y est\u00e1 equipado con una bater\u00eda de <strong data-start=\"224\" data-end=\"238\">24.000 mAh<\/strong>.<\/p>\n<p data-start=\"241\" data-end=\"529\" data-is-last-node=\"\" data-is-only-node=\"\">Puede arrancar f\u00e1cilmente motores de gasolina de hasta <strong data-start=\"296\" data-end=\"304\">9.0L<\/strong> y motores di\u00e9sel de hasta <strong data-start=\"331\" data-end=\"339\">7.0L<\/strong>. Dise\u00f1ado para veh\u00edculos de <strong data-start=\"368\" data-end=\"375\">12V<\/strong> como autom\u00f3viles, camionetas, SUV y embarcaciones, el V3000 garantiza arranques confiables en cualquier momento y lugar, incluso en condiciones extremas.<\/p>\n<h3 data-start=\"0\" data-end=\"59\">Potencia de Arranque Instant\u00e1nea para Motores Grandes:<\/h3>\n<p data-start=\"61\" data-end=\"475\">Equipado con <strong data-start=\"74\" data-end=\"96\">3000 amperios pico<\/strong> y <strong data-start=\"99\" data-end=\"130\">750A de corriente sostenida<\/strong>, el <strong data-start=\"135\" data-end=\"151\">TOPDON V3000<\/strong> puede revivir bater\u00edas descargadas en cuesti\u00f3n de segundos. Ya sea que se trate de un tractor, un SUV o un autom\u00f3vil est\u00e1ndar, este potente arrancador puede ofrecer <strong data-start=\"317\" data-end=\"339\">hasta 45 arranques<\/strong> con una sola carga completa.<br data-start=\"368\" data-end=\"371\" \/>Su bater\u00eda de <strong data-start=\"385\" data-end=\"403\">iones de litio<\/strong> garantiza un rendimiento m\u00e1s duradero y tiempos de recarga m\u00e1s r\u00e1pidos.<\/p>\n<hr data-start=\"477\" data-end=\"480\" \/>\n<h3 data-start=\"482\" data-end=\"528\">Power Bank Multifunci\u00f3n con Carga R\u00e1pida:<\/h3>\n<p data-start=\"530\" data-end=\"804\">M\u00e1s que un simple arrancador, el V3000 tambi\u00e9n funciona como <strong data-start=\"591\" data-end=\"632\">bater\u00eda externa port\u00e1til multifunci\u00f3n<\/strong>. Incorpora <strong data-start=\"644\" data-end=\"668\">USB Quick Charge 3.0<\/strong> y un puerto <strong data-start=\"681\" data-end=\"714\">Type-C de carga r\u00e1pida de 60W<\/strong>, capaz de recargar smartphones, tablets, laptops y otros dispositivos a gran velocidad.<\/p>\n<p data-start=\"806\" data-end=\"1030\">Adem\u00e1s, su salida <strong data-start=\"824\" data-end=\"838\">DC 12V\/10A<\/strong> permite alimentar accesorios como compresores de aire, infladores de neum\u00e1ticos y refrigeradores port\u00e1tiles, convirti\u00e9ndolo en una verdadera fuente de energ\u00eda de emergencia para el autom\u00f3vil.<\/p>\n<hr data-start=\"1032\" data-end=\"1035\" \/>\n<h3 data-start=\"1037\" data-end=\"1091\">Seguridad Avanzada con 10 Sistemas de Protecci\u00f3n:<\/h3>\n<p data-start=\"1093\" data-end=\"1175\">El V3000 est\u00e1 dise\u00f1ado con <strong data-start=\"1120\" data-end=\"1160\">10 funciones avanzadas de protecci\u00f3n<\/strong>, incluyendo:<\/p>\n<ul data-start=\"1177\" data-end=\"1276\">\n<li data-start=\"1177\" data-end=\"1216\">\n<p data-start=\"1179\" data-end=\"1216\">Protecci\u00f3n contra polaridad inversa<\/p>\n<\/li>\n<li data-start=\"1217\" data-end=\"1234\">\n<p data-start=\"1219\" data-end=\"1234\">Cortocircuito<\/p>\n<\/li>\n<li data-start=\"1235\" data-end=\"1253\">\n<p data-start=\"1237\" data-end=\"1253\">Sobrecorriente<\/p>\n<\/li>\n<li data-start=\"1254\" data-end=\"1276\">\n<p data-start=\"1256\" data-end=\"1276\">Sobrecalentamiento<\/p>\n<\/li>\n<\/ul>\n<p data-start=\"1278\" data-end=\"1524\">Tambi\u00e9n cuenta con la innovadora tecnolog\u00eda <strong data-start=\"1322\" data-end=\"1337\">Stop Spark\u2122<\/strong>, que evita chispas peligrosas y posibles da\u00f1os a la bater\u00eda durante usos frecuentes. Esto convierte al V3000 en uno de los arrancadores recargables m\u00e1s seguros disponibles en el mercado.<\/p>\n<hr data-start=\"1526\" data-end=\"1529\" \/>\n<h3 data-start=\"1531\" data-end=\"1590\">Dise\u00f1ado para Climas Extremos y Condiciones Exigentes:<\/h3>\n<p data-start=\"1592\" data-end=\"1742\">Con certificaci\u00f3n <strong data-start=\"1610\" data-end=\"1618\">IP54<\/strong>, resistente al agua y al polvo, el V3000 funciona de manera confiable en temperaturas de <strong data-start=\"1708\" data-end=\"1739\">-10\u00b0C a 40\u00b0C (14\u00b0F a 104\u00b0F)<\/strong>.<\/p>\n<p data-start=\"1744\" data-end=\"1905\">Su construcci\u00f3n robusta y duradera lo hace ideal para emergencias en carretera, aventuras al aire libre y entornos de taller donde la resistencia es fundamental.<\/p>\n<hr data-start=\"1907\" data-end=\"1910\" \/>\n<h3 data-start=\"1912\" data-end=\"1947\">Potente Luz LED de Emergencia:<\/h3>\n<p data-start=\"1949\" data-end=\"2014\">La linterna LED integrada ofrece <strong data-start=\"1982\" data-end=\"2011\">tres modos de iluminaci\u00f3n<\/strong>:<\/p>\n<ul data-start=\"2016\" data-end=\"2055\">\n<li data-start=\"2016\" data-end=\"2028\">\n<p data-start=\"2018\" data-end=\"2028\">Luz fija<\/p>\n<\/li>\n<li data-start=\"2029\" data-end=\"2036\">\n<p data-start=\"2031\" data-end=\"2036\">SOS<\/p>\n<\/li>\n<li data-start=\"2037\" data-end=\"2055\">\n<p data-start=\"2039\" data-end=\"2055\">Estrobosc\u00f3pica<\/p>\n<\/li>\n<\/ul>\n<p data-start=\"2057\" data-end=\"2277\">Ya sea que est\u00e9s trabajando en tu veh\u00edculo de noche, enfrentando un corte de energ\u00eda o necesites pedir ayuda, esta luz vers\u00e1til convierte al V3000 en una herramienta de emergencia imprescindible para cualquier conductor.<\/p>\n<hr data-start=\"2279\" data-end=\"2282\" \/>\n<h3 data-start=\"2284\" data-end=\"2303\">F\u00e1cil de Usar:<\/h3>\n<p data-start=\"2305\" data-end=\"2482\">Gracias a su funcionamiento sencillo y guiado paso a paso, el V3000 permite realizar arranques de forma r\u00e1pida y sin complicaciones, incluso si no tienes experiencia mec\u00e1nica.<\/p>\n<p data-start=\"2484\" data-end=\"2591\" data-is-last-node=\"\" data-is-only-node=\"\">Su dise\u00f1o compacto y port\u00e1til asegura que siempre est\u00e9s preparado, sin importar a d\u00f3nde te lleve el camino.<\/p>\n","protected":false},"excerpt":{"rendered":"<p>El TOPDON V3000 es una versi\u00f3n mejorada del popular JS3000. Este arrancador de bater\u00eda profesional y de alta resistencia, con [&hellip;]<\/p>\n","protected":false},"featured_media":1898,"template":"","meta":{"content-type":"","site-sidebar-layout":"default","site-content-layout":"","ast-site-content-layout":"default","site-content-style":"default","site-sidebar-style":"default","ast-global-header-display":"","ast-banner-title-visibility":"","ast-main-header-display":"","ast-hfb-above-header-display":"","ast-hfb-below-header-display":"","ast-hfb-mobile-header-display":"","site-post-title":"","ast-breadcrumbs-content":"","ast-featured-img":"","footer-sml-layout":"","ast-disable-related-posts":"","theme-transparent-header-meta":"default","adv-header-id-meta":"","stick-header-meta":"","header-above-stick-meta":"","header-main-stick-meta":"","header-below-stick-meta":"","astra-migrate-meta-layouts":"set","ast-page-background-enabled":"default","ast-page-background-meta":{"desktop":{"background-color":"var(--ast-global-color-5)","background-image":"","background-repeat":"repeat","background-position":"center center","background-size":"auto","background-attachment":"scroll","background-type":"","background-media":"","overlay-type":"","overlay-color":"","overlay-opacity":"","overlay-gradient":""},"tablet":{"background-color":"","background-image":"","background-repeat":"repeat","background-position":"center center","background-size":"auto","background-attachment":"scroll","background-type":"","background-media":"","overlay-type":"","overlay-color":"","overlay-opacity":"","overlay-gradient":""},"mobile":{"background-color":"","background-image":"","background-repeat":"repeat","background-position":"center center","background-size":"auto","background-attachment":"scroll","background-type":"","background-media":"","overlay-type":"","overlay-color":"","overlay-opacity":"","overlay-gradient":""}},"ast-content-background-meta":{"desktop":{"background-color":"var(--ast-global-color-4)","background-image":"","background-repeat":"repeat","background-position":"center center","background-size":"auto","background-attachment":"scroll","background-type":"","background-media":"","overlay-type":"","overlay-color":"","overlay-opacity":"","overlay-gradient":""},"tablet":{"background-color":"var(--ast-global-color-4)","background-image":"","background-repeat":"repeat","background-position":"center center","background-size":"auto","background-attachment":"scroll","background-type":"","background-media":"","overlay-type":"","overlay-color":"","overlay-opacity":"","overlay-gradient":""},"mobile":{"background-color":"var(--ast-global-color-4)","background-image":"","background-repeat":"repeat","background-position":"center center","background-size":"auto","background-attachment":"scroll","background-type":"","background-media":"","overlay-type":"","overlay-color":"","overlay-opacity":"","overlay-gradient":""}}},"product_brand":[],"product_cat":[116,23,55,27,31,56],"product_tag":[],"class_list":{"0":"post-1897","1":"product","2":"type-product","3":"status-publish","4":"has-post-thumbnail","6":"product_cat-cargador-de-baterias","7":"product_cat-cargadores-y-arrancadores-de-baterias","8":"product_cat-diagnostico-de-baterias","9":"product_cat-equipos-de-diagnostico","10":"product_cat-equipos-para-taller","11":"product_cat-mantenedores-de-bateria","12":"desktop-align-center","13":"tablet-align-center","14":"mobile-align-center","16":"first","17":"instock","18":"shipping-taxable","19":"purchasable","20":"product-type-simple"},"_links":{"self":[{"href":"https:\/\/blackrhinotoolpro.com\/index.php\/wp-json\/wp\/v2\/product\/1897","targetHints":{"allow":["GET"]}}],"collection":[{"href":"https:\/\/blackrhinotoolpro.com\/index.php\/wp-json\/wp\/v2\/product"}],"about":[{"href":"https:\/\/blackrhinotoolpro.com\/index.php\/wp-json\/wp\/v2\/types\/product"}],"wp:featuredmedia":[{"embeddable":true,"href":"https:\/\/blackrhinotoolpro.com\/index.php\/wp-json\/wp\/v2\/media\/1898"}],"wp:attachment":[{"href":"https:\/\/blackrhinotoolpro.com\/index.php\/wp-json\/wp\/v2\/media?parent=1897"}],"wp:term":[{"taxonomy":"product_brand","embeddable":true,"href":"https:\/\/blackrhinotoolpro.com\/index.php\/wp-json\/wp\/v2\/product_brand?post=1897"},{"taxonomy":"product_cat","embeddable":true,"href":"https:\/\/blackrhinotoolpro.com\/index.php\/wp-json\/wp\/v2\/product_cat?post=1897"},{"taxonomy":"product_tag","embeddable":true,"href":"https:\/\/blackrhinotoolpro.com\/index.php\/wp-json\/wp\/v2\/product_tag?post=1897"}],"curies":[{"name":"wp","href":"https:\/\/api.w.org\/{rel}","templated":true}]}}