{"id":1871,"date":"2026-02-06T18:38:50","date_gmt":"2026-02-06T18:38:50","guid":{"rendered":"https:\/\/blackrhinotoolpro.com\/?post_type=product&#038;p=1871"},"modified":"2026-02-06T18:47:11","modified_gmt":"2026-02-06T18:47:11","slug":"1871","status":"publish","type":"product","link":"https:\/\/blackrhinotoolpro.com\/index.php\/producto\/1871\/","title":{"rendered":"Mesa Elevadora Hidr\u00e1ulica 500 kgs"},"content":{"rendered":"<p><strong class=\"type\">Descripci\u00f3n:<\/strong><\/p>\n<div class=\"value\">\n<ul data-start=\"217\" data-end=\"450\">\n<li data-start=\"217\" data-end=\"251\">Capacidad de carga de 500 kg<\/li>\n<li data-start=\"252\" data-end=\"312\">Elevaci\u00f3n hidr\u00e1ulica por pedal con descenso controlado<\/li>\n<li data-start=\"359\" data-end=\"414\">Ruedas posteriores con freno para mayor seguridad<\/li>\n<li data-start=\"415\" data-end=\"450\">Estructura de acero reforzado<\/li>\n<\/ul>\n<p>La Mesa Elevadora Hidr\u00e1ulica 500 kg , es ideal para la manipulaci\u00f3n y elevaci\u00f3n de cargas pesadas en talleres, almacenes e industrias. Su sistema hidr\u00e1ulico de elevaci\u00f3n mediante pedal permite alcanzar una altura de trabajo de hasta 74 cm con total estabilidad, mientras que la palanca de descenso garantiza un control preciso de la carga. Incorpora una amplia superficie antideslizante que brinda seguridad durante la operaci\u00f3n, ruedas posteriores con freno para un traslado seguro y una estructura de acero reforzado que asegura resistencia, durabilidad y un desempe\u00f1o confiable en trabajos exigentes.<\/p>\n<\/div>\n","protected":false},"excerpt":{"rendered":"<p>Descripci\u00f3n: Capacidad de carga de 500 kg Elevaci\u00f3n hidr\u00e1ulica por pedal con descenso controlado Ruedas posteriores con freno para mayor [&hellip;]<\/p>\n","protected":false},"featured_media":1872,"template":"","meta":{"content-type":"","site-sidebar-layout":"default","site-content-layout":"","ast-site-content-layout":"default","site-content-style":"default","site-sidebar-style":"default","ast-global-header-display":"","ast-banner-title-visibility":"","ast-main-header-display":"","ast-hfb-above-header-display":"","ast-hfb-below-header-display":"","ast-hfb-mobile-header-display":"","site-post-title":"","ast-breadcrumbs-content":"","ast-featured-img":"","footer-sml-layout":"","ast-disable-related-posts":"","theme-transparent-header-meta":"default","adv-header-id-meta":"","stick-header-meta":"","header-above-stick-meta":"","header-main-stick-meta":"","header-below-stick-meta":"","astra-migrate-meta-layouts":"set","ast-page-background-enabled":"default","ast-page-background-meta":{"desktop":{"background-color":"var(--ast-global-color-5)","background-image":"","background-repeat":"repeat","background-position":"center center","background-size":"auto","background-attachment":"scroll","background-type":"","background-media":"","overlay-type":"","overlay-color":"","overlay-opacity":"","overlay-gradient":""},"tablet":{"background-color":"","background-image":"","background-repeat":"repeat","background-position":"center center","background-size":"auto","background-attachment":"scroll","background-type":"","background-media":"","overlay-type":"","overlay-color":"","overlay-opacity":"","overlay-gradient":""},"mobile":{"background-color":"","background-image":"","background-repeat":"repeat","background-position":"center center","background-size":"auto","background-attachment":"scroll","background-type":"","background-media":"","overlay-type":"","overlay-color":"","overlay-opacity":"","overlay-gradient":""}},"ast-content-background-meta":{"desktop":{"background-color":"var(--ast-global-color-4)","background-image":"","background-repeat":"repeat","background-position":"center center","background-size":"auto","background-attachment":"scroll","background-type":"","background-media":"","overlay-type":"","overlay-color":"","overlay-opacity":"","overlay-gradient":""},"tablet":{"background-color":"var(--ast-global-color-4)","background-image":"","background-repeat":"repeat","background-position":"center center","background-size":"auto","background-attachment":"scroll","background-type":"","background-media":"","overlay-type":"","overlay-color":"","overlay-opacity":"","overlay-gradient":""},"mobile":{"background-color":"var(--ast-global-color-4)","background-image":"","background-repeat":"repeat","background-position":"center center","background-size":"auto","background-attachment":"scroll","background-type":"","background-media":"","overlay-type":"","overlay-color":"","overlay-opacity":"","overlay-gradient":""}}},"product_brand":[],"product_cat":[25,31,132,133],"product_tag":[],"class_list":{"0":"post-1871","1":"product","2":"type-product","3":"status-publish","4":"has-post-thumbnail","6":"product_cat-equipos-hidraulicos","7":"product_cat-equipos-para-taller","8":"product_cat-mesa-de-hidraulica","9":"product_cat-mesa-hidraulica","10":"desktop-align-center","11":"tablet-align-center","12":"mobile-align-center","14":"first","15":"instock","16":"shipping-taxable","17":"purchasable","18":"product-type-simple"},"_links":{"self":[{"href":"https:\/\/blackrhinotoolpro.com\/index.php\/wp-json\/wp\/v2\/product\/1871","targetHints":{"allow":["GET"]}}],"collection":[{"href":"https:\/\/blackrhinotoolpro.com\/index.php\/wp-json\/wp\/v2\/product"}],"about":[{"href":"https:\/\/blackrhinotoolpro.com\/index.php\/wp-json\/wp\/v2\/types\/product"}],"wp:featuredmedia":[{"embeddable":true,"href":"https:\/\/blackrhinotoolpro.com\/index.php\/wp-json\/wp\/v2\/media\/1872"}],"wp:attachment":[{"href":"https:\/\/blackrhinotoolpro.com\/index.php\/wp-json\/wp\/v2\/media?parent=1871"}],"wp:term":[{"taxonomy":"product_brand","embeddable":true,"href":"https:\/\/blackrhinotoolpro.com\/index.php\/wp-json\/wp\/v2\/product_brand?post=1871"},{"taxonomy":"product_cat","embeddable":true,"href":"https:\/\/blackrhinotoolpro.com\/index.php\/wp-json\/wp\/v2\/product_cat?post=1871"},{"taxonomy":"product_tag","embeddable":true,"href":"https:\/\/blackrhinotoolpro.com\/index.php\/wp-json\/wp\/v2\/product_tag?post=1871"}],"curies":[{"name":"wp","href":"https:\/\/api.w.org\/{rel}","templated":true}]}}