{"id":1816,"date":"2026-02-03T00:47:00","date_gmt":"2026-02-03T00:47:00","guid":{"rendered":"https:\/\/blackrhinotoolpro.com\/?post_type=product&#038;p=1816"},"modified":"2026-02-03T00:48:05","modified_gmt":"2026-02-03T00:48:05","slug":"cargador-de-baterias-12-24v-120-vac-200-amps-bbt","status":"publish","type":"product","link":"https:\/\/blackrhinotoolpro.com\/index.php\/producto\/cargador-de-baterias-12-24v-120-vac-200-amps-bbt\/","title":{"rendered":"Cargador de Bater\u00edas 12\/24V 120 VAC 200 Amp BBT"},"content":{"rendered":"<h2 data-start=\"762\" data-end=\"822\"><strong data-start=\"768\" data-end=\"820\">Cargador de Bater\u00eda 12\/24 V \u2013 200 Amp (120 V AC)<\/strong><\/h2>\n<h3 data-start=\"899\" data-end=\"930\">Especificaciones comunes:<\/h3>\n<p>&nbsp;<\/p>\n<ul data-start=\"932\" data-end=\"1968\">\n<li data-start=\"932\" data-end=\"1035\">\n<p data-start=\"934\" data-end=\"1035\"><strong data-start=\"934\" data-end=\"957\">Voltaje de entrada:<\/strong> 120 V AC (tensi\u00f3n dom\u00e9stica est\u00e1ndar)<\/p>\n<\/li>\n<li data-start=\"1036\" data-end=\"1135\">\n<p data-start=\"1038\" data-end=\"1135\"><strong data-start=\"1038\" data-end=\"1060\">Voltaje de salida:<\/strong> 12 V y <strong data-start=\"1068\" data-end=\"1079\">24 V DC<\/strong> (seleccionable)<\/p>\n<\/li>\n<li data-start=\"1136\" data-end=\"1256\">\n<p data-start=\"1138\" data-end=\"1256\"><strong data-start=\"1138\" data-end=\"1159\">Corriente m\u00e1xima:<\/strong> <strong data-start=\"1160\" data-end=\"1169\">200 A<\/strong> (arranque\/alta potencia para bater\u00edas grandes)<\/p>\n<\/li>\n<li data-start=\"1257\" data-end=\"1483\">\n<p data-start=\"1259\" data-end=\"1280\"><strong data-start=\"1259\" data-end=\"1278\">Modos de carga:<\/strong><\/p>\n<ul data-start=\"1283\" data-end=\"1483\">\n<li data-start=\"1283\" data-end=\"1338\">\n<p data-start=\"1285\" data-end=\"1338\">Carga r\u00e1pida (m\u00e1s alta corriente para carga r\u00e1pida)<\/p>\n<\/li>\n<li data-start=\"1341\" data-end=\"1373\">\n<p data-start=\"1343\" data-end=\"1373\">Carga normal \/ mantenimiento<\/p>\n<\/li>\n<li data-start=\"1376\" data-end=\"1483\">\n<p data-start=\"1378\" data-end=\"1483\">Carga lenta para bater\u00edas m\u00e1s peque\u00f1as o mantenimiento prolongado<\/p>\n<\/li>\n<\/ul>\n<\/li>\n<li data-start=\"1484\" data-end=\"1623\">\n<p data-start=\"1486\" data-end=\"1623\"><strong data-start=\"1486\" data-end=\"1514\">Protecciones integradas:<\/strong> normalmente incluyen protecci\u00f3n contra cortocircuitos, inversi\u00f3n de polaridad y sobrecarga (seg\u00fan modelo).<\/p>\n<\/li>\n<li data-start=\"1624\" data-end=\"1833\">\n<p data-start=\"1626\" data-end=\"1833\"><strong data-start=\"1626\" data-end=\"1652\">Funci\u00f3n de arrancador:<\/strong> muchos cargadores de esta potencia tambi\u00e9n incorporan funci\u00f3n de <em data-start=\"1718\" data-end=\"1737\">arranque de motor<\/em> con picos de amperaje para reactivar bater\u00edas agotadas.<\/p>\n<\/li>\n<li data-start=\"1834\" data-end=\"1968\">\n<p data-start=\"1836\" data-end=\"1968\"><strong data-start=\"1836\" data-end=\"1882\">Temporizador o control de tiempo de carga:<\/strong> evita sobredescarga o calentamiento excesivo.<\/p>\n<\/li>\n<\/ul>\n<p data-start=\"1970\" data-end=\"2176\">Estos <strong data-start=\"1979\" data-end=\"2025\">equipos combinan carga y apoyo de arranque<\/strong> para bater\u00edas de veh\u00edculos grandes, camiones, maquinaria agr\u00edcola y otros equipos con bater\u00edas de alto amperaje.<\/p>\n<hr data-start=\"2178\" data-end=\"2181\" \/>\n<h2 data-start=\"2183\" data-end=\"2212\">Qu\u00e9 significa cada dato:<\/h2>\n<p>&nbsp;<\/p>\n<ul data-start=\"2214\" data-end=\"2765\">\n<li data-start=\"2214\" data-end=\"2393\">\n<p data-start=\"2216\" data-end=\"2393\"><strong data-start=\"2216\" data-end=\"2231\">12\/24 V DC:<\/strong> el cargador puede trabajar tanto con bater\u00edas de 12 V (autos, camionetas) como con bancos de 24 V (camiones, maquinaria).<\/p>\n<\/li>\n<li data-start=\"2394\" data-end=\"2654\">\n<p data-start=\"2396\" data-end=\"2654\"><strong data-start=\"2396\" data-end=\"2415\">200 A amperios:<\/strong> indica la capacidad m\u00e1xima de corriente de salida durante la fase de carga o arranque \u2014lo que permite <strong data-start=\"2518\" data-end=\"2539\">cargar m\u00e1s r\u00e1pido<\/strong> o <strong data-start=\"2542\" data-end=\"2570\">arrancar motores grandes<\/strong> comparado con cargadores de menor amperaje.<\/p>\n<\/li>\n<li data-start=\"2655\" data-end=\"2765\">\n<p data-start=\"2657\" data-end=\"2765\"><strong data-start=\"2657\" data-end=\"2678\">Entrada 120 V AC:<\/strong> se conecta a toma dom\u00e9stica o taller est\u00e1ndar.<\/p>\n<\/li>\n<\/ul>\n","protected":false},"excerpt":{"rendered":"<p>Cargador de Bater\u00eda 12\/24 V \u2013 200 Amp (120 V AC) Especificaciones comunes: &nbsp; Voltaje de entrada: 120 V AC [&hellip;]<\/p>\n","protected":false},"featured_media":1817,"template":"","meta":{"content-type":"","site-sidebar-layout":"default","site-content-layout":"","ast-site-content-layout":"default","site-content-style":"default","site-sidebar-style":"default","ast-global-header-display":"","ast-banner-title-visibility":"","ast-main-header-display":"","ast-hfb-above-header-display":"","ast-hfb-below-header-display":"","ast-hfb-mobile-header-display":"","site-post-title":"","ast-breadcrumbs-content":"","ast-featured-img":"","footer-sml-layout":"","ast-disable-related-posts":"","theme-transparent-header-meta":"default","adv-header-id-meta":"","stick-header-meta":"","header-above-stick-meta":"","header-main-stick-meta":"","header-below-stick-meta":"","astra-migrate-meta-layouts":"set","ast-page-background-enabled":"default","ast-page-background-meta":{"desktop":{"background-color":"var(--ast-global-color-5)","background-image":"","background-repeat":"repeat","background-position":"center center","background-size":"auto","background-attachment":"scroll","background-type":"","background-media":"","overlay-type":"","overlay-color":"","overlay-opacity":"","overlay-gradient":""},"tablet":{"background-color":"","background-image":"","background-repeat":"repeat","background-position":"center center","background-size":"auto","background-attachment":"scroll","background-type":"","background-media":"","overlay-type":"","overlay-color":"","overlay-opacity":"","overlay-gradient":""},"mobile":{"background-color":"","background-image":"","background-repeat":"repeat","background-position":"center center","background-size":"auto","background-attachment":"scroll","background-type":"","background-media":"","overlay-type":"","overlay-color":"","overlay-opacity":"","overlay-gradient":""}},"ast-content-background-meta":{"desktop":{"background-color":"var(--ast-global-color-4)","background-image":"","background-repeat":"repeat","background-position":"center center","background-size":"auto","background-attachment":"scroll","background-type":"","background-media":"","overlay-type":"","overlay-color":"","overlay-opacity":"","overlay-gradient":""},"tablet":{"background-color":"var(--ast-global-color-4)","background-image":"","background-repeat":"repeat","background-position":"center center","background-size":"auto","background-attachment":"scroll","background-type":"","background-media":"","overlay-type":"","overlay-color":"","overlay-opacity":"","overlay-gradient":""},"mobile":{"background-color":"var(--ast-global-color-4)","background-image":"","background-repeat":"repeat","background-position":"center center","background-size":"auto","background-attachment":"scroll","background-type":"","background-media":"","overlay-type":"","overlay-color":"","overlay-opacity":"","overlay-gradient":""}}},"product_brand":[],"product_cat":[116,23,31],"product_tag":[],"class_list":{"0":"post-1816","1":"product","2":"type-product","3":"status-publish","4":"has-post-thumbnail","6":"product_cat-cargador-de-baterias","7":"product_cat-cargadores-y-arrancadores-de-baterias","8":"product_cat-equipos-para-taller","9":"desktop-align-center","10":"tablet-align-center","11":"mobile-align-center","13":"first","14":"instock","15":"shipping-taxable","16":"purchasable","17":"product-type-simple"},"_links":{"self":[{"href":"https:\/\/blackrhinotoolpro.com\/index.php\/wp-json\/wp\/v2\/product\/1816","targetHints":{"allow":["GET"]}}],"collection":[{"href":"https:\/\/blackrhinotoolpro.com\/index.php\/wp-json\/wp\/v2\/product"}],"about":[{"href":"https:\/\/blackrhinotoolpro.com\/index.php\/wp-json\/wp\/v2\/types\/product"}],"wp:featuredmedia":[{"embeddable":true,"href":"https:\/\/blackrhinotoolpro.com\/index.php\/wp-json\/wp\/v2\/media\/1817"}],"wp:attachment":[{"href":"https:\/\/blackrhinotoolpro.com\/index.php\/wp-json\/wp\/v2\/media?parent=1816"}],"wp:term":[{"taxonomy":"product_brand","embeddable":true,"href":"https:\/\/blackrhinotoolpro.com\/index.php\/wp-json\/wp\/v2\/product_brand?post=1816"},{"taxonomy":"product_cat","embeddable":true,"href":"https:\/\/blackrhinotoolpro.com\/index.php\/wp-json\/wp\/v2\/product_cat?post=1816"},{"taxonomy":"product_tag","embeddable":true,"href":"https:\/\/blackrhinotoolpro.com\/index.php\/wp-json\/wp\/v2\/product_tag?post=1816"}],"curies":[{"name":"wp","href":"https:\/\/api.w.org\/{rel}","templated":true}]}}