{"id":1812,"date":"2026-02-02T23:57:31","date_gmt":"2026-02-02T23:57:31","guid":{"rendered":"https:\/\/blackrhinotoolpro.com\/?post_type=product&#038;p=1812"},"modified":"2026-02-02T23:57:31","modified_gmt":"2026-02-02T23:57:31","slug":"pistola-de-impacto-1-pulgada-bbt","status":"publish","type":"product","link":"https:\/\/blackrhinotoolpro.com\/index.php\/producto\/pistola-de-impacto-1-pulgada-bbt\/","title":{"rendered":"Pistola de Impacto 1 Pulgada BBT"},"content":{"rendered":"<h2 data-start=\"226\" data-end=\"286\">\u00a0<strong data-start=\"232\" data-end=\"286\">BBT Pistola de Impacto 1 PLG (Llave de Impacto 1\u2033)<\/strong><\/h2>\n<h3 data-start=\"288\" data-end=\"307\">Descripci\u00f3n:<\/h3>\n<p data-start=\"308\" data-end=\"566\">Una <strong data-start=\"312\" data-end=\"357\">pistola de impacto neum\u00e1tica de 1 pulgada<\/strong> dise\u00f1ada para aflojar o apretar tuercas y tornillos de gran tama\u00f1o, especialmente en aplicaciones de mantenimiento de maquinaria pesada, camiones, equipos agr\u00edcolas, etc.<\/p>\n<p data-start=\"568\" data-end=\"780\">\ud83d\udd39 Marca t\u00edpica: <strong data-start=\"585\" data-end=\"592\">BBT<\/strong><br data-start=\"592\" data-end=\"595\" \/>\ud83d\udd39 Tipo: <strong data-start=\"604\" data-end=\"646\">Neum\u00e1tica (requiere compresor de aire)<\/strong><br data-start=\"646\" data-end=\"649\" \/>\ud83d\udd39 Tama\u00f1o del cuadrante (drive): <strong data-start=\"682\" data-end=\"700\">1 pulgada (1\u2033)<\/strong><br data-start=\"700\" data-end=\"703\" \/>\ud83d\udd39 Uso: Profesional \/ industrial pesado<\/p>\n<hr data-start=\"782\" data-end=\"785\" \/>\n<h3 data-start=\"787\" data-end=\"844\">Especificaciones t\u00e9cnicas comunes (modelo TT-032C)<\/h3>\n<ul>\n<li><strong data-start=\"849\" data-end=\"867\">Torque m\u00e1ximo:<\/strong> aprox. <strong data-start=\"875\" data-end=\"887\">3,200 Nm<\/strong> de fuerza de impacto (muy potente para su clase)<\/li>\n<li><strong data-start=\"980\" data-end=\"1000\">Entrada de aire:<\/strong> 1\/2\u2033 NPT est\u00e1ndar<\/li>\n<li><strong data-start=\"1062\" data-end=\"1094\">Presi\u00f3n de aire recomendada:<\/strong> \u2248 <strong data-start=\"1097\" data-end=\"1107\">90 PSI<\/strong> (\u22486 bar)<\/li>\n<li><strong data-start=\"1160\" data-end=\"1183\">Capacidad de perno:<\/strong> hasta aprox. <strong data-start=\"1197\" data-end=\"1206\">38 mm<\/strong><\/li>\n<\/ul>\n<p data-start=\"846\" data-end=\"1244\">Estas herramientas operan conectadas a un <strong data-start=\"1290\" data-end=\"1311\">compresor de aire<\/strong> y son m\u00e1s potentes que modelos el\u00e9ctricos en muchos casos, especialmente para tareas industriales.<\/p>\n<hr data-start=\"1450\" data-end=\"1453\" \/>\n<h3 data-start=\"1455\" data-end=\"1473\">\u00a0Uso t\u00edpico<\/h3>\n<ul>\n<li data-start=\"1475\" data-end=\"1638\">\u00a0Apretar\/aflojar tuercas grandes en equipos pesados<\/li>\n<li data-start=\"1475\" data-end=\"1638\">Trabajos mec\u00e1nicos en talleres<\/li>\n<li data-start=\"1475\" data-end=\"1638\">Mantenimiento industrial<\/li>\n<li data-start=\"1475\" data-end=\"1638\">Aplicaciones agr\u00edcolas o de construcci\u00f3n<\/li>\n<\/ul>\n<p data-start=\"1640\" data-end=\"1771\">Por el tama\u00f1o de 1\u2033, esta pistola es adecuada para aplicaciones <strong data-start=\"1704\" data-end=\"1731\">pesadas o profesionales<\/strong>, no tanto para tareas ligeras de hogar.<\/p>\n","protected":false},"excerpt":{"rendered":"<p>\u00a0BBT Pistola de Impacto 1 PLG (Llave de Impacto 1\u2033) Descripci\u00f3n: Una pistola de impacto neum\u00e1tica de 1 pulgada dise\u00f1ada [&hellip;]<\/p>\n","protected":false},"featured_media":1813,"template":"","meta":{"content-type":"","site-sidebar-layout":"default","site-content-layout":"","ast-site-content-layout":"default","site-content-style":"default","site-sidebar-style":"default","ast-global-header-display":"","ast-banner-title-visibility":"","ast-main-header-display":"","ast-hfb-above-header-display":"","ast-hfb-below-header-display":"","ast-hfb-mobile-header-display":"","site-post-title":"","ast-breadcrumbs-content":"","ast-featured-img":"","footer-sml-layout":"","ast-disable-related-posts":"","theme-transparent-header-meta":"default","adv-header-id-meta":"","stick-header-meta":"","header-above-stick-meta":"","header-main-stick-meta":"","header-below-stick-meta":"","astra-migrate-meta-layouts":"set","ast-page-background-enabled":"default","ast-page-background-meta":{"desktop":{"background-color":"var(--ast-global-color-5)","background-image":"","background-repeat":"repeat","background-position":"center center","background-size":"auto","background-attachment":"scroll","background-type":"","background-media":"","overlay-type":"","overlay-color":"","overlay-opacity":"","overlay-gradient":""},"tablet":{"background-color":"","background-image":"","background-repeat":"repeat","background-position":"center center","background-size":"auto","background-attachment":"scroll","background-type":"","background-media":"","overlay-type":"","overlay-color":"","overlay-opacity":"","overlay-gradient":""},"mobile":{"background-color":"","background-image":"","background-repeat":"repeat","background-position":"center center","background-size":"auto","background-attachment":"scroll","background-type":"","background-media":"","overlay-type":"","overlay-color":"","overlay-opacity":"","overlay-gradient":""}},"ast-content-background-meta":{"desktop":{"background-color":"var(--ast-global-color-4)","background-image":"","background-repeat":"repeat","background-position":"center center","background-size":"auto","background-attachment":"scroll","background-type":"","background-media":"","overlay-type":"","overlay-color":"","overlay-opacity":"","overlay-gradient":""},"tablet":{"background-color":"var(--ast-global-color-4)","background-image":"","background-repeat":"repeat","background-position":"center center","background-size":"auto","background-attachment":"scroll","background-type":"","background-media":"","overlay-type":"","overlay-color":"","overlay-opacity":"","overlay-gradient":""},"mobile":{"background-color":"var(--ast-global-color-4)","background-image":"","background-repeat":"repeat","background-position":"center center","background-size":"auto","background-attachment":"scroll","background-type":"","background-media":"","overlay-type":"","overlay-color":"","overlay-opacity":"","overlay-gradient":""}}},"product_brand":[],"product_cat":[31,73],"product_tag":[],"class_list":{"0":"post-1812","1":"product","2":"type-product","3":"status-publish","4":"has-post-thumbnail","6":"product_cat-equipos-para-taller","7":"product_cat-pistola-de-impacto-inalambrica","8":"desktop-align-center","9":"tablet-align-center","10":"mobile-align-center","12":"first","13":"instock","14":"shipping-taxable","15":"purchasable","16":"product-type-simple"},"_links":{"self":[{"href":"https:\/\/blackrhinotoolpro.com\/index.php\/wp-json\/wp\/v2\/product\/1812","targetHints":{"allow":["GET"]}}],"collection":[{"href":"https:\/\/blackrhinotoolpro.com\/index.php\/wp-json\/wp\/v2\/product"}],"about":[{"href":"https:\/\/blackrhinotoolpro.com\/index.php\/wp-json\/wp\/v2\/types\/product"}],"wp:featuredmedia":[{"embeddable":true,"href":"https:\/\/blackrhinotoolpro.com\/index.php\/wp-json\/wp\/v2\/media\/1813"}],"wp:attachment":[{"href":"https:\/\/blackrhinotoolpro.com\/index.php\/wp-json\/wp\/v2\/media?parent=1812"}],"wp:term":[{"taxonomy":"product_brand","embeddable":true,"href":"https:\/\/blackrhinotoolpro.com\/index.php\/wp-json\/wp\/v2\/product_brand?post=1812"},{"taxonomy":"product_cat","embeddable":true,"href":"https:\/\/blackrhinotoolpro.com\/index.php\/wp-json\/wp\/v2\/product_cat?post=1812"},{"taxonomy":"product_tag","embeddable":true,"href":"https:\/\/blackrhinotoolpro.com\/index.php\/wp-json\/wp\/v2\/product_tag?post=1812"}],"curies":[{"name":"wp","href":"https:\/\/api.w.org\/{rel}","templated":true}]}}