{"id":1582,"date":"2025-10-24T17:20:58","date_gmt":"2025-10-24T17:20:58","guid":{"rendered":"https:\/\/blackrhinotoolpro.com\/?post_type=product&#038;p=1582"},"modified":"2026-01-09T16:02:35","modified_gmt":"2026-01-09T16:02:35","slug":"rh-4274-3-7v-luz-de-trabajo-giratoria-y-plegable-400lm-slider","status":"publish","type":"product","link":"https:\/\/blackrhinotoolpro.com\/index.php\/producto\/rh-4274-3-7v-luz-de-trabajo-giratoria-y-plegable-400lm-slider\/","title":{"rendered":"RH-4275 Luz de trabajo magn\u00e9tica 350LM"},"content":{"rendered":"<p>Caracter\u00edsticas:<\/p>\n<div id=\"panelsStayOpen-collapseOne\" class=\"accordion-collapse collapse show\" aria-labelledby=\"panelsStayOpen-headingOne\">\n<div class=\"accordion-body\">\n<p>&#8211; Luz de trabajo led profesional equipada con led de mazorca de 5w de alta calidad que produce 350lm de brillo totalmente<br \/>\n&#8211; Dos diferentes modos de brillo bajo \/ alto para aplicaciones de amplio rango<br \/>\n-Construido a partir de pl\u00e1stico duradero para garantizar un peso ligero y f\u00e1cil de transportar o desplegar<br \/>\n-La luz de trabajo port\u00e1til led proporciona una base magn\u00e9tica ajustable para sujetar las superficies met\u00e1licas, tambi\u00e9n gancho de suspensi\u00f3n para colgarla.<\/p>\n<p>&#8211; la cabeza de la l\u00e1mpara se puede girar 180 \u00b0<br \/>\nIndicaci\u00f3n del nivel de la bater\u00eda de -4-stage<br \/>\n-Perfecto para el hogar, al aire libre, reparaci\u00f3n de coches, camping, trabajo en electr\u00f3nica.<\/p>\n<\/div>\n<p>La luz de trabajo es una herramienta compacta y port\u00e1til utilizada en lugares donde no hay luz natural o artificial disponible para diversas actividades. La luz de trabajo magn\u00e9tica Ronix RH-4275 proporciona suficiente luz para sus actividades diarias. Su brillo es ajustable y est\u00e1 dise\u00f1ado para iluminar la casa, las \u00e1reas al aire libre, la reparaci\u00f3n de autom\u00f3viles, acampar y trabajar en dispositivos electr\u00f3nicos. Esta luz de trabajo led profesional est\u00e1 equipada con led de mazorca de 5w de alta calidad, que produce 350lm de brillo. Con un rango de iluminaci\u00f3n de 20 metros, su cabezal de l\u00e1mpara se puede girar 180 \u00b0. El cuerpo de pl\u00e1stico de esta herramienta lo hace ligero y, al mismo tiempo, de alta resistencia y m\u00e1s f\u00e1cil de mover.<\/p>\n<\/div>\n<p>&nbsp;<\/p>\n","protected":false},"excerpt":{"rendered":"<p>Caracter\u00edsticas: &#8211; Luz de trabajo led profesional equipada con led de mazorca de 5w de alta calidad que produce 350lm [&hellip;]<\/p>\n","protected":false},"featured_media":1590,"template":"","meta":{"content-type":"","site-sidebar-layout":"default","site-content-layout":"","ast-site-content-layout":"default","site-content-style":"default","site-sidebar-style":"default","ast-global-header-display":"","ast-banner-title-visibility":"","ast-main-header-display":"","ast-hfb-above-header-display":"","ast-hfb-below-header-display":"","ast-hfb-mobile-header-display":"","site-post-title":"","ast-breadcrumbs-content":"","ast-featured-img":"","footer-sml-layout":"","ast-disable-related-posts":"","theme-transparent-header-meta":"default","adv-header-id-meta":"","stick-header-meta":"","header-above-stick-meta":"","header-main-stick-meta":"","header-below-stick-meta":"","astra-migrate-meta-layouts":"set","ast-page-background-enabled":"default","ast-page-background-meta":{"desktop":{"background-color":"var(--ast-global-color-5)","background-image":"","background-repeat":"repeat","background-position":"center center","background-size":"auto","background-attachment":"scroll","background-type":"","background-media":"","overlay-type":"","overlay-color":"","overlay-opacity":"","overlay-gradient":""},"tablet":{"background-color":"","background-image":"","background-repeat":"repeat","background-position":"center center","background-size":"auto","background-attachment":"scroll","background-type":"","background-media":"","overlay-type":"","overlay-color":"","overlay-opacity":"","overlay-gradient":""},"mobile":{"background-color":"","background-image":"","background-repeat":"repeat","background-position":"center center","background-size":"auto","background-attachment":"scroll","background-type":"","background-media":"","overlay-type":"","overlay-color":"","overlay-opacity":"","overlay-gradient":""}},"ast-content-background-meta":{"desktop":{"background-color":"var(--ast-global-color-4)","background-image":"","background-repeat":"repeat","background-position":"center center","background-size":"auto","background-attachment":"scroll","background-type":"","background-media":"","overlay-type":"","overlay-color":"","overlay-opacity":"","overlay-gradient":""},"tablet":{"background-color":"var(--ast-global-color-4)","background-image":"","background-repeat":"repeat","background-position":"center center","background-size":"auto","background-attachment":"scroll","background-type":"","background-media":"","overlay-type":"","overlay-color":"","overlay-opacity":"","overlay-gradient":""},"mobile":{"background-color":"var(--ast-global-color-4)","background-image":"","background-repeat":"repeat","background-position":"center center","background-size":"auto","background-attachment":"scroll","background-type":"","background-media":"","overlay-type":"","overlay-color":"","overlay-opacity":"","overlay-gradient":""}}},"product_brand":[],"product_cat":[33,83],"product_tag":[],"class_list":{"0":"post-1582","1":"product","2":"type-product","3":"status-publish","4":"has-post-thumbnail","6":"product_cat-ferreteria","7":"product_cat-lampara-led","8":"desktop-align-center","9":"tablet-align-center","10":"mobile-align-center","12":"first","13":"instock","14":"shipping-taxable","15":"purchasable","16":"product-type-simple"},"_links":{"self":[{"href":"https:\/\/blackrhinotoolpro.com\/index.php\/wp-json\/wp\/v2\/product\/1582","targetHints":{"allow":["GET"]}}],"collection":[{"href":"https:\/\/blackrhinotoolpro.com\/index.php\/wp-json\/wp\/v2\/product"}],"about":[{"href":"https:\/\/blackrhinotoolpro.com\/index.php\/wp-json\/wp\/v2\/types\/product"}],"wp:featuredmedia":[{"embeddable":true,"href":"https:\/\/blackrhinotoolpro.com\/index.php\/wp-json\/wp\/v2\/media\/1590"}],"wp:attachment":[{"href":"https:\/\/blackrhinotoolpro.com\/index.php\/wp-json\/wp\/v2\/media?parent=1582"}],"wp:term":[{"taxonomy":"product_brand","embeddable":true,"href":"https:\/\/blackrhinotoolpro.com\/index.php\/wp-json\/wp\/v2\/product_brand?post=1582"},{"taxonomy":"product_cat","embeddable":true,"href":"https:\/\/blackrhinotoolpro.com\/index.php\/wp-json\/wp\/v2\/product_cat?post=1582"},{"taxonomy":"product_tag","embeddable":true,"href":"https:\/\/blackrhinotoolpro.com\/index.php\/wp-json\/wp\/v2\/product_tag?post=1582"}],"curies":[{"name":"wp","href":"https:\/\/api.w.org\/{rel}","templated":true}]}}