{"id":1574,"date":"2025-10-24T17:19:29","date_gmt":"2025-10-24T17:19:29","guid":{"rendered":"https:\/\/blackrhinotoolpro.com\/?post_type=product&#038;p=1574"},"modified":"2026-01-09T16:01:39","modified_gmt":"2026-01-09T16:01:39","slug":"rh-4273-lampara-inalambrico-3-7v-900lm","status":"publish","type":"product","link":"https:\/\/blackrhinotoolpro.com\/index.php\/producto\/rh-4273-lampara-inalambrico-3-7v-900lm\/","title":{"rendered":"RH-4273 Lampara inal\u00e1mbrico 3.7v 900lm"},"content":{"rendered":"<p>Caracter\u00edsticas:<\/p>\n<p>&#8211; Luz de trabajo profesional led equipada con madera llevada de alta calidad de 10w que produce 900lm de brillo totalmente<br \/>\n&#8211; Funci\u00f3n USB Powerbank para suministrar tel\u00e9fonos inteligentes, tabletas, instrumentos de medici\u00f3n u otros dispositivos USB con alimentaci\u00f3n (5 V \/ 1 A)<br \/>\n&#8211; Tres diferentes modos de brillo Alto\/Bajo\/Estrobosc\u00f3pico para una amplia gama de aplicaciones<br \/>\n-Construido a partir de pl\u00e1stico duradero para garantizar un peso ligero y f\u00e1cil de transportar o desplegar<br \/>\n-La luz de trabajo led port\u00e1til proporciona un mango magn\u00e9tico para sujetar las superficies met\u00e1licas, ponerlo en el suelo y colgarlo<br \/>\n&#8211; Cuerpo fuerte con protecci\u00f3n de borde a prueba de golpes<br \/>\n-Equipado con mango de transporte flexible de 180\u00b0 y ajustando en 6 posiciones<br \/>\nIndicaci\u00f3n del nivel de la bater\u00eda de -4-stage<br \/>\n-Perfecto para el hogar, al aire libre, reparaci\u00f3n de coches, camping, caza, pesca, trabajo en electr\u00f3nica<\/p>\n","protected":false},"excerpt":{"rendered":"<p>Caracter\u00edsticas: &#8211; Luz de trabajo profesional led equipada con madera llevada de alta calidad de 10w que produce 900lm de [&hellip;]<\/p>\n","protected":false},"featured_media":1580,"template":"","meta":{"content-type":"","site-sidebar-layout":"default","site-content-layout":"","ast-site-content-layout":"default","site-content-style":"default","site-sidebar-style":"default","ast-global-header-display":"","ast-banner-title-visibility":"","ast-main-header-display":"","ast-hfb-above-header-display":"","ast-hfb-below-header-display":"","ast-hfb-mobile-header-display":"","site-post-title":"","ast-breadcrumbs-content":"","ast-featured-img":"","footer-sml-layout":"","ast-disable-related-posts":"","theme-transparent-header-meta":"default","adv-header-id-meta":"","stick-header-meta":"","header-above-stick-meta":"","header-main-stick-meta":"","header-below-stick-meta":"","astra-migrate-meta-layouts":"set","ast-page-background-enabled":"default","ast-page-background-meta":{"desktop":{"background-color":"var(--ast-global-color-5)","background-image":"","background-repeat":"repeat","background-position":"center center","background-size":"auto","background-attachment":"scroll","background-type":"","background-media":"","overlay-type":"","overlay-color":"","overlay-opacity":"","overlay-gradient":""},"tablet":{"background-color":"","background-image":"","background-repeat":"repeat","background-position":"center center","background-size":"auto","background-attachment":"scroll","background-type":"","background-media":"","overlay-type":"","overlay-color":"","overlay-opacity":"","overlay-gradient":""},"mobile":{"background-color":"","background-image":"","background-repeat":"repeat","background-position":"center center","background-size":"auto","background-attachment":"scroll","background-type":"","background-media":"","overlay-type":"","overlay-color":"","overlay-opacity":"","overlay-gradient":""}},"ast-content-background-meta":{"desktop":{"background-color":"var(--ast-global-color-4)","background-image":"","background-repeat":"repeat","background-position":"center center","background-size":"auto","background-attachment":"scroll","background-type":"","background-media":"","overlay-type":"","overlay-color":"","overlay-opacity":"","overlay-gradient":""},"tablet":{"background-color":"var(--ast-global-color-4)","background-image":"","background-repeat":"repeat","background-position":"center center","background-size":"auto","background-attachment":"scroll","background-type":"","background-media":"","overlay-type":"","overlay-color":"","overlay-opacity":"","overlay-gradient":""},"mobile":{"background-color":"var(--ast-global-color-4)","background-image":"","background-repeat":"repeat","background-position":"center center","background-size":"auto","background-attachment":"scroll","background-type":"","background-media":"","overlay-type":"","overlay-color":"","overlay-opacity":"","overlay-gradient":""}}},"product_brand":[],"product_cat":[33,83],"product_tag":[],"class_list":{"0":"post-1574","1":"product","2":"type-product","3":"status-publish","4":"has-post-thumbnail","6":"product_cat-ferreteria","7":"product_cat-lampara-led","8":"desktop-align-center","9":"tablet-align-center","10":"mobile-align-center","12":"first","13":"instock","14":"shipping-taxable","15":"purchasable","16":"product-type-simple"},"_links":{"self":[{"href":"https:\/\/blackrhinotoolpro.com\/index.php\/wp-json\/wp\/v2\/product\/1574","targetHints":{"allow":["GET"]}}],"collection":[{"href":"https:\/\/blackrhinotoolpro.com\/index.php\/wp-json\/wp\/v2\/product"}],"about":[{"href":"https:\/\/blackrhinotoolpro.com\/index.php\/wp-json\/wp\/v2\/types\/product"}],"wp:featuredmedia":[{"embeddable":true,"href":"https:\/\/blackrhinotoolpro.com\/index.php\/wp-json\/wp\/v2\/media\/1580"}],"wp:attachment":[{"href":"https:\/\/blackrhinotoolpro.com\/index.php\/wp-json\/wp\/v2\/media?parent=1574"}],"wp:term":[{"taxonomy":"product_brand","embeddable":true,"href":"https:\/\/blackrhinotoolpro.com\/index.php\/wp-json\/wp\/v2\/product_brand?post=1574"},{"taxonomy":"product_cat","embeddable":true,"href":"https:\/\/blackrhinotoolpro.com\/index.php\/wp-json\/wp\/v2\/product_cat?post=1574"},{"taxonomy":"product_tag","embeddable":true,"href":"https:\/\/blackrhinotoolpro.com\/index.php\/wp-json\/wp\/v2\/product_tag?post=1574"}],"curies":[{"name":"wp","href":"https:\/\/api.w.org\/{rel}","templated":true}]}}