{"id":1522,"date":"2025-10-24T02:36:37","date_gmt":"2025-10-24T02:36:37","guid":{"rendered":"https:\/\/blackrhinotoolpro.com\/?post_type=product&#038;p=1522"},"modified":"2025-12-01T13:28:39","modified_gmt":"2025-12-01T13:28:39","slug":"rh-3005-cortador-retractil","status":"publish","type":"product","link":"https:\/\/blackrhinotoolpro.com\/index.php\/producto\/rh-3005-cortador-retractil\/","title":{"rendered":"RH-3007 Cortador Retr\u00e1ctil"},"content":{"rendered":"<div class=\"accordion-item\">\n<div id=\"panelsStayOpen-collapseOne\" class=\"accordion-collapse collapse show\" aria-labelledby=\"panelsStayOpen-headingOne\">\n<div class=\"accordion-body\">\n<div>\n<p>Caracter\u00edsticas:<\/p>\n<div id=\"panelsStayOpen-collapseOne\" class=\"accordion-collapse collapse show\" aria-labelledby=\"panelsStayOpen-headingOne\">\n<div id=\"panelsStayOpen-collapseOne\" class=\"accordion-collapse collapse show\" aria-labelledby=\"panelsStayOpen-headingOne\">\n<div class=\"accordion-body\">\n<div>Cortador resistente que hizo de la cuchilla 1.5 ideal para cortes m\u00e1s gruesos y se puede utilizar para fines comerciales e industriales<br \/>\n\u00datil para cortar papel grueso, alfombras, pl\u00e1sticos, cajas de cart\u00f3n, tela, bolsas, cuero, PVC, paneles de yeso y as\u00ed sucesivamente<br \/>\nMaterial incorporado de alta calidad, afilado y duradero. La cuchilla se puede reemplazar r\u00e1pida y f\u00e1cilmente con la pulsaci\u00f3n del bot\u00f3n.<br \/>\nFunci\u00f3n De Bloqueo De La Hoja Para Aumentar La Resistencia Y Evitar El Da\u00f1o De La Cuchilla<br \/>\nAgarre grabado para proporcionar un mejor soporte y control<br \/>\nLa cuchilla se puede ajustar f\u00e1cilmente tambi\u00e9n la cuchilla se puede retr\u00e1ctil y bloquear para evitar el deslizamiento cuando se utiliza<\/div>\n<div><\/div>\n<\/div>\n<\/div>\n<div>\n<p>\u00bfPala de alta calidad? \u00bfAgarre antideslizante? \u00bfUn chasquido eficiente de la cuchilla? \u00bfCu\u00e1les son las cualidades clave que buscas en un cortador de cuchillos de utilidad?<\/p>\n<p>\u00a1Ronix RH-3007 retr\u00e1ctil cumplir\u00e1 con todas sus expectativas de un cortador ideal! Le sorprender\u00e1 con su mejor calidad de cuchilla SK5 afilada y resistente a la corrosi\u00f3n y canal de cuchillas de acero inoxidable que resulta en el mejor rendimiento de corte.<\/p>\n<p>Gracias a su mango de ABS ergon\u00f3mico, este cortador retr\u00e1ctil es f\u00e1cil de sostener y usar y siempre puede contar con su punto de corte afilado, ya que viene con un segmento de cuchilla de 7 hojas de acero y un sopl\u00edn de cuchilla integrado.<\/p>\n<\/div>\n<\/div>\n<div><\/div>\n<\/div>\n<\/div>\n<\/div>\n<\/div>\n<div class=\"accordion-item\">\n<div id=\"panelsStayOpen-headingTwo\" class=\"accordion-header\"><\/div>\n<\/div>\n","protected":false},"excerpt":{"rendered":"<p>Caracter\u00edsticas: Cortador resistente que hizo de la cuchilla 1.5 ideal para cortes m\u00e1s gruesos y se puede utilizar para fines [&hellip;]<\/p>\n","protected":false},"featured_media":1527,"template":"","meta":{"content-type":"","site-sidebar-layout":"default","site-content-layout":"","ast-site-content-layout":"default","site-content-style":"default","site-sidebar-style":"default","ast-global-header-display":"","ast-banner-title-visibility":"","ast-main-header-display":"","ast-hfb-above-header-display":"","ast-hfb-below-header-display":"","ast-hfb-mobile-header-display":"","site-post-title":"","ast-breadcrumbs-content":"","ast-featured-img":"","footer-sml-layout":"","ast-disable-related-posts":"","theme-transparent-header-meta":"default","adv-header-id-meta":"","stick-header-meta":"","header-above-stick-meta":"","header-main-stick-meta":"","header-below-stick-meta":"","astra-migrate-meta-layouts":"set","ast-page-background-enabled":"default","ast-page-background-meta":{"desktop":{"background-color":"var(--ast-global-color-5)","background-image":"","background-repeat":"repeat","background-position":"center center","background-size":"auto","background-attachment":"scroll","background-type":"","background-media":"","overlay-type":"","overlay-color":"","overlay-opacity":"","overlay-gradient":""},"tablet":{"background-color":"","background-image":"","background-repeat":"repeat","background-position":"center center","background-size":"auto","background-attachment":"scroll","background-type":"","background-media":"","overlay-type":"","overlay-color":"","overlay-opacity":"","overlay-gradient":""},"mobile":{"background-color":"","background-image":"","background-repeat":"repeat","background-position":"center center","background-size":"auto","background-attachment":"scroll","background-type":"","background-media":"","overlay-type":"","overlay-color":"","overlay-opacity":"","overlay-gradient":""}},"ast-content-background-meta":{"desktop":{"background-color":"var(--ast-global-color-4)","background-image":"","background-repeat":"repeat","background-position":"center center","background-size":"auto","background-attachment":"scroll","background-type":"","background-media":"","overlay-type":"","overlay-color":"","overlay-opacity":"","overlay-gradient":""},"tablet":{"background-color":"var(--ast-global-color-4)","background-image":"","background-repeat":"repeat","background-position":"center center","background-size":"auto","background-attachment":"scroll","background-type":"","background-media":"","overlay-type":"","overlay-color":"","overlay-opacity":"","overlay-gradient":""},"mobile":{"background-color":"var(--ast-global-color-4)","background-image":"","background-repeat":"repeat","background-position":"center center","background-size":"auto","background-attachment":"scroll","background-type":"","background-media":"","overlay-type":"","overlay-color":"","overlay-opacity":"","overlay-gradient":""}}},"product_brand":[],"product_cat":[94],"product_tag":[],"class_list":{"0":"post-1522","1":"product","2":"type-product","3":"status-publish","4":"has-post-thumbnail","6":"product_cat-cuchilla","7":"desktop-align-center","8":"tablet-align-center","9":"mobile-align-center","11":"first","12":"instock","13":"shipping-taxable","14":"purchasable","15":"product-type-simple"},"_links":{"self":[{"href":"https:\/\/blackrhinotoolpro.com\/index.php\/wp-json\/wp\/v2\/product\/1522","targetHints":{"allow":["GET"]}}],"collection":[{"href":"https:\/\/blackrhinotoolpro.com\/index.php\/wp-json\/wp\/v2\/product"}],"about":[{"href":"https:\/\/blackrhinotoolpro.com\/index.php\/wp-json\/wp\/v2\/types\/product"}],"wp:featuredmedia":[{"embeddable":true,"href":"https:\/\/blackrhinotoolpro.com\/index.php\/wp-json\/wp\/v2\/media\/1527"}],"wp:attachment":[{"href":"https:\/\/blackrhinotoolpro.com\/index.php\/wp-json\/wp\/v2\/media?parent=1522"}],"wp:term":[{"taxonomy":"product_brand","embeddable":true,"href":"https:\/\/blackrhinotoolpro.com\/index.php\/wp-json\/wp\/v2\/product_brand?post=1522"},{"taxonomy":"product_cat","embeddable":true,"href":"https:\/\/blackrhinotoolpro.com\/index.php\/wp-json\/wp\/v2\/product_cat?post=1522"},{"taxonomy":"product_tag","embeddable":true,"href":"https:\/\/blackrhinotoolpro.com\/index.php\/wp-json\/wp\/v2\/product_tag?post=1522"}],"curies":[{"name":"wp","href":"https:\/\/api.w.org\/{rel}","templated":true}]}}