{"id":1515,"date":"2025-10-24T02:36:16","date_gmt":"2025-10-24T02:36:16","guid":{"rendered":"https:\/\/blackrhinotoolpro.com\/?post_type=product&#038;p=1515"},"modified":"2025-12-01T13:28:39","modified_gmt":"2025-12-01T13:28:39","slug":"rh-3004-cortador-delta-retractil","status":"publish","type":"product","link":"https:\/\/blackrhinotoolpro.com\/index.php\/producto\/rh-3004-cortador-delta-retractil\/","title":{"rendered":"RH-3004 Cortador-delta retr\u00e1ctil"},"content":{"rendered":"<div class=\"accordion-item\">\n<div id=\"panelsStayOpen-collapseOne\" class=\"accordion-collapse collapse show\" aria-labelledby=\"panelsStayOpen-headingOne\">\n<div class=\"accordion-body\">\n<div>Caracter\u00edsticas:<\/p>\n<p>-El canal de la cuchilla de acero inoxidable de resistencia profesional asegura la cuchilla para los trabajos de corte m\u00e1s dif\u00edciles<br \/>\n-La abrazadera de la cuchilla del bot\u00f3n del bot\u00f3n reduce el movimiento de la hoja para un control de corte m\u00e1s preciso<br \/>\n-Mango de goma ergon\u00f3mico para un agarre seguro y c\u00f3modo<br \/>\n-Pargo de cuchilla integrado para un f\u00e1cil cierre de la cuchilla<br \/>\n-Secciones de hoja se desprenden proporcionando un punto de corte fresco y afilado<br \/>\n-7 puntos de acero desprendimiento de los segmentos de la cuchilla<br \/>\n-El cartucho sostiene 2 cuchillas adicionales para el reemplazo instant\u00e1neo de la cuchilla<br \/>\n-Carga autom\u00e1ticamente una nueva cuchilla cuando se expulsa la actual<br \/>\nEl mecanismo de bloqueo autom\u00e1tico ultra fuerte de -15kg proporciona una sujeci\u00f3n segura que resulta en un rendimiento de corte confiable y seguro<br \/>\n&#8211; Ideal para cortar papel, cart\u00f3n, techos, paneles de yeso,&#8230;<\/p><\/div>\n<\/div>\n<\/div>\n<\/div>\n<div class=\"accordion-item\">\n<div id=\"panelsStayOpen-headingTwo\" class=\"accordion-header\"><\/div>\n<\/div>\n","protected":false},"excerpt":{"rendered":"<p>Caracter\u00edsticas: -El canal de la cuchilla de acero inoxidable de resistencia profesional asegura la cuchilla para los trabajos de corte [&hellip;]<\/p>\n","protected":false},"featured_media":1520,"template":"","meta":{"content-type":"","site-sidebar-layout":"default","site-content-layout":"","ast-site-content-layout":"default","site-content-style":"default","site-sidebar-style":"default","ast-global-header-display":"","ast-banner-title-visibility":"","ast-main-header-display":"","ast-hfb-above-header-display":"","ast-hfb-below-header-display":"","ast-hfb-mobile-header-display":"","site-post-title":"","ast-breadcrumbs-content":"","ast-featured-img":"","footer-sml-layout":"","ast-disable-related-posts":"","theme-transparent-header-meta":"default","adv-header-id-meta":"","stick-header-meta":"","header-above-stick-meta":"","header-main-stick-meta":"","header-below-stick-meta":"","astra-migrate-meta-layouts":"set","ast-page-background-enabled":"default","ast-page-background-meta":{"desktop":{"background-color":"var(--ast-global-color-5)","background-image":"","background-repeat":"repeat","background-position":"center center","background-size":"auto","background-attachment":"scroll","background-type":"","background-media":"","overlay-type":"","overlay-color":"","overlay-opacity":"","overlay-gradient":""},"tablet":{"background-color":"","background-image":"","background-repeat":"repeat","background-position":"center center","background-size":"auto","background-attachment":"scroll","background-type":"","background-media":"","overlay-type":"","overlay-color":"","overlay-opacity":"","overlay-gradient":""},"mobile":{"background-color":"","background-image":"","background-repeat":"repeat","background-position":"center center","background-size":"auto","background-attachment":"scroll","background-type":"","background-media":"","overlay-type":"","overlay-color":"","overlay-opacity":"","overlay-gradient":""}},"ast-content-background-meta":{"desktop":{"background-color":"var(--ast-global-color-4)","background-image":"","background-repeat":"repeat","background-position":"center center","background-size":"auto","background-attachment":"scroll","background-type":"","background-media":"","overlay-type":"","overlay-color":"","overlay-opacity":"","overlay-gradient":""},"tablet":{"background-color":"var(--ast-global-color-4)","background-image":"","background-repeat":"repeat","background-position":"center center","background-size":"auto","background-attachment":"scroll","background-type":"","background-media":"","overlay-type":"","overlay-color":"","overlay-opacity":"","overlay-gradient":""},"mobile":{"background-color":"var(--ast-global-color-4)","background-image":"","background-repeat":"repeat","background-position":"center center","background-size":"auto","background-attachment":"scroll","background-type":"","background-media":"","overlay-type":"","overlay-color":"","overlay-opacity":"","overlay-gradient":""}}},"product_brand":[],"product_cat":[94],"product_tag":[],"class_list":{"0":"post-1515","1":"product","2":"type-product","3":"status-publish","4":"has-post-thumbnail","6":"product_cat-cuchilla","7":"desktop-align-center","8":"tablet-align-center","9":"mobile-align-center","11":"first","12":"instock","13":"shipping-taxable","14":"purchasable","15":"product-type-simple"},"_links":{"self":[{"href":"https:\/\/blackrhinotoolpro.com\/index.php\/wp-json\/wp\/v2\/product\/1515","targetHints":{"allow":["GET"]}}],"collection":[{"href":"https:\/\/blackrhinotoolpro.com\/index.php\/wp-json\/wp\/v2\/product"}],"about":[{"href":"https:\/\/blackrhinotoolpro.com\/index.php\/wp-json\/wp\/v2\/types\/product"}],"wp:featuredmedia":[{"embeddable":true,"href":"https:\/\/blackrhinotoolpro.com\/index.php\/wp-json\/wp\/v2\/media\/1520"}],"wp:attachment":[{"href":"https:\/\/blackrhinotoolpro.com\/index.php\/wp-json\/wp\/v2\/media?parent=1515"}],"wp:term":[{"taxonomy":"product_brand","embeddable":true,"href":"https:\/\/blackrhinotoolpro.com\/index.php\/wp-json\/wp\/v2\/product_brand?post=1515"},{"taxonomy":"product_cat","embeddable":true,"href":"https:\/\/blackrhinotoolpro.com\/index.php\/wp-json\/wp\/v2\/product_cat?post=1515"},{"taxonomy":"product_tag","embeddable":true,"href":"https:\/\/blackrhinotoolpro.com\/index.php\/wp-json\/wp\/v2\/product_tag?post=1515"}],"curies":[{"name":"wp","href":"https:\/\/api.w.org\/{rel}","templated":true}]}}