{"id":1509,"date":"2025-10-24T01:35:04","date_gmt":"2025-10-24T01:35:04","guid":{"rendered":"https:\/\/blackrhinotoolpro.com\/?post_type=product&#038;p=1509"},"modified":"2026-01-09T19:01:53","modified_gmt":"2026-01-09T19:01:53","slug":"rh-9036-cinta-de-medicion-3m-omega-modelo","status":"publish","type":"product","link":"https:\/\/blackrhinotoolpro.com\/index.php\/producto\/rh-9036-cinta-de-medicion-3m-omega-modelo\/","title":{"rendered":"RH-9036 Cinta de medici\u00f3n 3m-Omega modelo"},"content":{"rendered":"<div class=\"accordion-item\">\n<div id=\"panelsStayOpen-collapseOne\" class=\"accordion-collapse collapse show\" aria-labelledby=\"panelsStayOpen-headingOne\">\n<div class=\"accordion-body\">Caracter\u00edsticas :<\/p>\n<p>-La cinta est\u00e1 hecha de acero al carbono de alta resistencia, y la fuerza constante del resorte interior dura<br \/>\n-La c\u00e1scara de la regla utiliza un nuevo tpr nuevo abdominal, buen rendimiento anti-ca\u00edda<br \/>\n-Superficie de la cinta con el tratamiento de desgaste del subbrillo, impresi\u00f3n blanca de una sola m\u00e9trica, lectura clara<br \/>\n-Fuerte gancho magn\u00e9tico de la regla, se puede adsorber perfectamente en objetos de hierro<br \/>\n-El dise\u00f1o de volumen de medida de cinta es exquisito, f\u00e1cil de transportar<\/p><\/div>\n<\/div>\n<\/div>\n<div class=\"accordion-item\">\n<div id=\"panelsStayOpen-headingTwo\" class=\"accordion-header\"><\/div>\n<\/div>\n<div class=\"accordion-item\">\n<div id=\"panelsStayOpen-headingThree\" class=\"accordion-header\">Para las personas que buscan un instrumento de medici\u00f3n para una medici\u00f3n precisa en su trabajo, Ronix RH-9036 Measuring Tape es una opci\u00f3n \u00fatil. Cuenta con una fuerte fuente interna y se compone de materiales de alta calidad. Es f\u00e1cil de transportar a donde quiera que vaya, y puede confiar en su portabilidad y durabilidad. porque est\u00e1 construido con materiales de alta calidad y est\u00e1 dise\u00f1ado ergon\u00f3micamente.<\/div>\n<\/div>\n","protected":false},"excerpt":{"rendered":"<p>Caracter\u00edsticas : -La cinta est\u00e1 hecha de acero al carbono de alta resistencia, y la fuerza constante del resorte interior [&hellip;]<\/p>\n","protected":false},"featured_media":1513,"template":"","meta":{"content-type":"","site-sidebar-layout":"default","site-content-layout":"","ast-site-content-layout":"default","site-content-style":"default","site-sidebar-style":"default","ast-global-header-display":"","ast-banner-title-visibility":"","ast-main-header-display":"","ast-hfb-above-header-display":"","ast-hfb-below-header-display":"","ast-hfb-mobile-header-display":"","site-post-title":"","ast-breadcrumbs-content":"","ast-featured-img":"","footer-sml-layout":"","ast-disable-related-posts":"","theme-transparent-header-meta":"default","adv-header-id-meta":"","stick-header-meta":"","header-above-stick-meta":"","header-main-stick-meta":"","header-below-stick-meta":"","astra-migrate-meta-layouts":"set","ast-page-background-enabled":"default","ast-page-background-meta":{"desktop":{"background-color":"var(--ast-global-color-5)","background-image":"","background-repeat":"repeat","background-position":"center center","background-size":"auto","background-attachment":"scroll","background-type":"","background-media":"","overlay-type":"","overlay-color":"","overlay-opacity":"","overlay-gradient":""},"tablet":{"background-color":"","background-image":"","background-repeat":"repeat","background-position":"center center","background-size":"auto","background-attachment":"scroll","background-type":"","background-media":"","overlay-type":"","overlay-color":"","overlay-opacity":"","overlay-gradient":""},"mobile":{"background-color":"","background-image":"","background-repeat":"repeat","background-position":"center center","background-size":"auto","background-attachment":"scroll","background-type":"","background-media":"","overlay-type":"","overlay-color":"","overlay-opacity":"","overlay-gradient":""}},"ast-content-background-meta":{"desktop":{"background-color":"var(--ast-global-color-4)","background-image":"","background-repeat":"repeat","background-position":"center center","background-size":"auto","background-attachment":"scroll","background-type":"","background-media":"","overlay-type":"","overlay-color":"","overlay-opacity":"","overlay-gradient":""},"tablet":{"background-color":"var(--ast-global-color-4)","background-image":"","background-repeat":"repeat","background-position":"center center","background-size":"auto","background-attachment":"scroll","background-type":"","background-media":"","overlay-type":"","overlay-color":"","overlay-opacity":"","overlay-gradient":""},"mobile":{"background-color":"var(--ast-global-color-4)","background-image":"","background-repeat":"repeat","background-position":"center center","background-size":"auto","background-attachment":"scroll","background-type":"","background-media":"","overlay-type":"","overlay-color":"","overlay-opacity":"","overlay-gradient":""}}},"product_brand":[],"product_cat":[33,93],"product_tag":[],"class_list":{"0":"post-1509","1":"product","2":"type-product","3":"status-publish","4":"has-post-thumbnail","6":"product_cat-ferreteria","7":"product_cat-metro-manual","8":"desktop-align-center","9":"tablet-align-center","10":"mobile-align-center","12":"first","13":"instock","14":"shipping-taxable","15":"purchasable","16":"product-type-simple"},"_links":{"self":[{"href":"https:\/\/blackrhinotoolpro.com\/index.php\/wp-json\/wp\/v2\/product\/1509","targetHints":{"allow":["GET"]}}],"collection":[{"href":"https:\/\/blackrhinotoolpro.com\/index.php\/wp-json\/wp\/v2\/product"}],"about":[{"href":"https:\/\/blackrhinotoolpro.com\/index.php\/wp-json\/wp\/v2\/types\/product"}],"wp:featuredmedia":[{"embeddable":true,"href":"https:\/\/blackrhinotoolpro.com\/index.php\/wp-json\/wp\/v2\/media\/1513"}],"wp:attachment":[{"href":"https:\/\/blackrhinotoolpro.com\/index.php\/wp-json\/wp\/v2\/media?parent=1509"}],"wp:term":[{"taxonomy":"product_brand","embeddable":true,"href":"https:\/\/blackrhinotoolpro.com\/index.php\/wp-json\/wp\/v2\/product_brand?post=1509"},{"taxonomy":"product_cat","embeddable":true,"href":"https:\/\/blackrhinotoolpro.com\/index.php\/wp-json\/wp\/v2\/product_cat?post=1509"},{"taxonomy":"product_tag","embeddable":true,"href":"https:\/\/blackrhinotoolpro.com\/index.php\/wp-json\/wp\/v2\/product_tag?post=1509"}],"curies":[{"name":"wp","href":"https:\/\/api.w.org\/{rel}","templated":true}]}}