{"id":1466,"date":"2025-10-24T00:51:33","date_gmt":"2025-10-24T00:51:33","guid":{"rendered":"https:\/\/blackrhinotoolpro.com\/?post_type=product&#038;p=1466"},"modified":"2026-01-09T19:02:50","modified_gmt":"2026-01-09T19:02:50","slug":"rh-5584-juego-de-brocas-hss-m2-6pcs","status":"publish","type":"product","link":"https:\/\/blackrhinotoolpro.com\/index.php\/producto\/rh-5584-juego-de-brocas-hss-m2-6pcs\/","title":{"rendered":"RH-5584 Juego de Brocas HSS M2 6PCs"},"content":{"rendered":"<div id=\"panelsStayOpen-collapseOne\" class=\"accordion-collapse collapse show\" aria-labelledby=\"panelsStayOpen-headingOne\">\n<div class=\"accordion-body\">\n<div>Caracter\u00edsticas:<\/div>\n<div id=\"panelsStayOpen-collapseOne\" class=\"accordion-collapse collapse show\" aria-labelledby=\"panelsStayOpen-headingOne\">\n<div class=\"accordion-body\">\n<div class=\"ExternalClass91237B9EAD614BCFB9E89A1CE73D6058\">-Material de alta calidad, el acero de alta velocidad M2 proporciona una mayor vida \u00fatil de la herramienta en comparaci\u00f3n con las brocas ordinarias<\/div>\n<div>-Incluye 6 brocas de uso com\u00fan en mamposter\u00eda<\/div>\n<div>-Fabricadas con precisi\u00f3n y totalmente rectificadas<\/div>\n<div>-Incluye la mayor\u00eda de los tama\u00f1os de broca utilizables, es decir: 2-3-4-5-6-8 mm<\/div>\n<div>-Acero endurecido y forjado provee una mayor vida \u00fatil<\/div>\n<div>-Equipado en un estuche de ABS como maleta de trabajo resistente para un almacenamiento port\u00e1til, seguro, organizado y un acceso m\u00e1s f\u00e1cil<\/div>\n<\/div>\n<\/div>\n<\/div>\n<div><\/div>\n<div class=\"accordion-body\">\n<div id=\"panelsStayOpen-collapseTwo\" class=\"accordion-collapse collapse show\" aria-labelledby=\"panelsStayOpen-headingTwo\">\n<div class=\"accordion-body\">\n<div class=\"ExternalClassF2CAB9AD63AC4E9E8C376E0B65C5F382\">\n<p>En el tiempo de elegir brocas para sus taladros el\u00e9ctricos o taladros percutores para trabajar con materiales como hormig\u00f3n, madera y metal, las caracter\u00edsticas como la calidad, la materia prima de producto, el \u00e1ngulo de la punta y los tama\u00f1os de la broca son lo m\u00e1s importante.<\/p>\n<p>El juego de 6 brocas Ronix RH-5584 se suministra brocas de 6 diferentes tama\u00f1os, todas fabricadas de HSS M2 que est\u00e1n adecuadas para realizaci\u00f3n una amplia gama de aplicaciones.<\/p>\n<\/div>\n<div>Juego de brocas Ronix RH-5584 est\u00e1n dise\u00f1adas espec\u00edficamente para todo tipo de mamposter\u00eda, y metal de calibre ligero y pl\u00e1stico. Este juego est\u00e1 equipado en un estuche de ABS port\u00e1til. Si desea obtener m\u00e1s informaci\u00f3n sobre este juego Ronix, le recomendamos leer la parte de especificaci\u00f3n.<\/div>\n<\/div>\n<\/div>\n<\/div>\n<\/div>\n","protected":false},"excerpt":{"rendered":"<p>Caracter\u00edsticas: -Material de alta calidad, el acero de alta velocidad M2 proporciona una mayor vida \u00fatil de la herramienta en [&hellip;]<\/p>\n","protected":false},"featured_media":1469,"template":"","meta":{"content-type":"","site-sidebar-layout":"default","site-content-layout":"","ast-site-content-layout":"default","site-content-style":"default","site-sidebar-style":"default","ast-global-header-display":"","ast-banner-title-visibility":"","ast-main-header-display":"","ast-hfb-above-header-display":"","ast-hfb-below-header-display":"","ast-hfb-mobile-header-display":"","site-post-title":"","ast-breadcrumbs-content":"","ast-featured-img":"","footer-sml-layout":"","ast-disable-related-posts":"","theme-transparent-header-meta":"default","adv-header-id-meta":"","stick-header-meta":"","header-above-stick-meta":"","header-main-stick-meta":"","header-below-stick-meta":"","astra-migrate-meta-layouts":"set","ast-page-background-enabled":"default","ast-page-background-meta":{"desktop":{"background-color":"var(--ast-global-color-5)","background-image":"","background-repeat":"repeat","background-position":"center center","background-size":"auto","background-attachment":"scroll","background-type":"","background-media":"","overlay-type":"","overlay-color":"","overlay-opacity":"","overlay-gradient":""},"tablet":{"background-color":"","background-image":"","background-repeat":"repeat","background-position":"center center","background-size":"auto","background-attachment":"scroll","background-type":"","background-media":"","overlay-type":"","overlay-color":"","overlay-opacity":"","overlay-gradient":""},"mobile":{"background-color":"","background-image":"","background-repeat":"repeat","background-position":"center center","background-size":"auto","background-attachment":"scroll","background-type":"","background-media":"","overlay-type":"","overlay-color":"","overlay-opacity":"","overlay-gradient":""}},"ast-content-background-meta":{"desktop":{"background-color":"var(--ast-global-color-4)","background-image":"","background-repeat":"repeat","background-position":"center center","background-size":"auto","background-attachment":"scroll","background-type":"","background-media":"","overlay-type":"","overlay-color":"","overlay-opacity":"","overlay-gradient":""},"tablet":{"background-color":"var(--ast-global-color-4)","background-image":"","background-repeat":"repeat","background-position":"center center","background-size":"auto","background-attachment":"scroll","background-type":"","background-media":"","overlay-type":"","overlay-color":"","overlay-opacity":"","overlay-gradient":""},"mobile":{"background-color":"var(--ast-global-color-4)","background-image":"","background-repeat":"repeat","background-position":"center center","background-size":"auto","background-attachment":"scroll","background-type":"","background-media":"","overlay-type":"","overlay-color":"","overlay-opacity":"","overlay-gradient":""}}},"product_brand":[],"product_cat":[33,92],"product_tag":[],"class_list":{"0":"post-1466","1":"product","2":"type-product","3":"status-publish","4":"has-post-thumbnail","6":"product_cat-ferreteria","7":"product_cat-juego-de-brocas","8":"desktop-align-center","9":"tablet-align-center","10":"mobile-align-center","12":"first","13":"instock","14":"shipping-taxable","15":"purchasable","16":"product-type-simple"},"_links":{"self":[{"href":"https:\/\/blackrhinotoolpro.com\/index.php\/wp-json\/wp\/v2\/product\/1466","targetHints":{"allow":["GET"]}}],"collection":[{"href":"https:\/\/blackrhinotoolpro.com\/index.php\/wp-json\/wp\/v2\/product"}],"about":[{"href":"https:\/\/blackrhinotoolpro.com\/index.php\/wp-json\/wp\/v2\/types\/product"}],"wp:featuredmedia":[{"embeddable":true,"href":"https:\/\/blackrhinotoolpro.com\/index.php\/wp-json\/wp\/v2\/media\/1469"}],"wp:attachment":[{"href":"https:\/\/blackrhinotoolpro.com\/index.php\/wp-json\/wp\/v2\/media?parent=1466"}],"wp:term":[{"taxonomy":"product_brand","embeddable":true,"href":"https:\/\/blackrhinotoolpro.com\/index.php\/wp-json\/wp\/v2\/product_brand?post=1466"},{"taxonomy":"product_cat","embeddable":true,"href":"https:\/\/blackrhinotoolpro.com\/index.php\/wp-json\/wp\/v2\/product_cat?post=1466"},{"taxonomy":"product_tag","embeddable":true,"href":"https:\/\/blackrhinotoolpro.com\/index.php\/wp-json\/wp\/v2\/product_tag?post=1466"}],"curies":[{"name":"wp","href":"https:\/\/api.w.org\/{rel}","templated":true}]}}