{"id":1460,"date":"2025-10-24T00:51:13","date_gmt":"2025-10-24T00:51:13","guid":{"rendered":"https:\/\/blackrhinotoolpro.com\/?post_type=product&#038;p=1460"},"modified":"2025-12-01T13:29:35","modified_gmt":"2025-12-01T13:29:35","slug":"rh-5583-juego-de-brocas-compuestas-16pcs","status":"publish","type":"product","link":"https:\/\/blackrhinotoolpro.com\/index.php\/producto\/rh-5583-juego-de-brocas-compuestas-16pcs\/","title":{"rendered":"RH-5583 Juego de Brocas Compuestas 16PCS"},"content":{"rendered":"<div id=\"panelsStayOpen-collapseOne\" class=\"accordion-collapse collapse show\" aria-labelledby=\"panelsStayOpen-headingOne\">\n<div class=\"accordion-body\">\n<div>Caracter\u00edsticas:<\/div>\n<div class=\"ExternalClassE91443CB10334D639AEA7E819BB7E55F\">-Juego de brocas compuestas de Ronix proporciona inicios de perforaci\u00f3n f\u00e1ciles<\/div>\n<div>-Ideales para una variedad de materiales como madera, metal, mamposter\u00eda y etc.<\/div>\n<div>-Incluye 3 tipos diferentes de brocas:<\/div>\n<div>Para hormig\u00f3n de: 4-5-6-8-10 mm<\/div>\n<div>Para metal de: 2-3-4-5-6-8 mm<\/div>\n<div>Para madera de: 4-5-6-8-10 mm<\/div>\n<div>-Acero endurecido y forjado permite una mayor vida \u00fatil<\/div>\n<div>-Superficie con acabado cromado para evitar la oxidaci\u00f3n y alargar la vida \u00fatil<\/div>\n<div>-Malet\u00edn de ABS Como un malet\u00edn resistente en el lugar de trabajo brinda un almacenamiento seguro, organizado, portable y f\u00e1cil acceso a las brocas<\/div>\n<div><\/div>\n<div>-Variedad de brocas hace que este juego sea ideal para las tareas cotidianas, desde el garaje hasta el taller y el hogar hoy en d\u00eda existen herramientas especializadas para hacer agujeros como taladros, rotomartillos que necesitan sus accesorios necesarios para que puedan funcionar como brocas en diversos tipos y tama\u00f1os, los cuales han hecho posible que podamos crear el agujero deseado en la superficie de trabajo en s\u00f3lo unos segundos. Sin embargo, todos sabemos que ning\u00fan tipo de taladro es \u00fatil sin una broca. Hoy en d\u00edas existen varios tipos de brocas, como los de madera, los de \u00e9lite, los de helicoidal, los de tesoro, los de hoja, etc.<\/div>\n<div><\/div>\n<\/div>\n<div>\n<div id=\"panelsStayOpen-collapseTwo\" class=\"accordion-collapse collapse show\" aria-labelledby=\"panelsStayOpen-headingTwo\">\n<div class=\"accordion-body\">\n<div class=\"ExternalClassA1B8B7B4EE114000BBFDCC53DEA48840\">\n<p>El juego de brocas compuestas Ronix RH-5583 consiste en 16 piezas de brocas en diferentes tama\u00f1os, adecuadas para distintos tipos de materiales de hormig\u00f3n, metal y madera. Estas brocas, a medida de su dise\u00f1o exclusivo pueden aumentar la velocidad de perforaci\u00f3n en diferentes materiales mencionados para el usuario. Si desea obtener m\u00e1s informaci\u00f3n sobre este producto, le ofrecemos echar un vistazo a las partes de especificaci\u00f3n y descripci\u00f3n detallada en la continuaci\u00f3n.<\/p>\n<\/div>\n<\/div>\n<\/div>\n<\/div>\n<\/div>\n","protected":false},"excerpt":{"rendered":"<p>Caracter\u00edsticas: -Juego de brocas compuestas de Ronix proporciona inicios de perforaci\u00f3n f\u00e1ciles -Ideales para una variedad de materiales como madera, [&hellip;]<\/p>\n","protected":false},"featured_media":1464,"template":"","meta":{"content-type":"","site-sidebar-layout":"default","site-content-layout":"","ast-site-content-layout":"default","site-content-style":"default","site-sidebar-style":"default","ast-global-header-display":"","ast-banner-title-visibility":"","ast-main-header-display":"","ast-hfb-above-header-display":"","ast-hfb-below-header-display":"","ast-hfb-mobile-header-display":"","site-post-title":"","ast-breadcrumbs-content":"","ast-featured-img":"","footer-sml-layout":"","ast-disable-related-posts":"","theme-transparent-header-meta":"default","adv-header-id-meta":"","stick-header-meta":"","header-above-stick-meta":"","header-main-stick-meta":"","header-below-stick-meta":"","astra-migrate-meta-layouts":"set","ast-page-background-enabled":"default","ast-page-background-meta":{"desktop":{"background-color":"var(--ast-global-color-5)","background-image":"","background-repeat":"repeat","background-position":"center center","background-size":"auto","background-attachment":"scroll","background-type":"","background-media":"","overlay-type":"","overlay-color":"","overlay-opacity":"","overlay-gradient":""},"tablet":{"background-color":"","background-image":"","background-repeat":"repeat","background-position":"center center","background-size":"auto","background-attachment":"scroll","background-type":"","background-media":"","overlay-type":"","overlay-color":"","overlay-opacity":"","overlay-gradient":""},"mobile":{"background-color":"","background-image":"","background-repeat":"repeat","background-position":"center center","background-size":"auto","background-attachment":"scroll","background-type":"","background-media":"","overlay-type":"","overlay-color":"","overlay-opacity":"","overlay-gradient":""}},"ast-content-background-meta":{"desktop":{"background-color":"var(--ast-global-color-4)","background-image":"","background-repeat":"repeat","background-position":"center center","background-size":"auto","background-attachment":"scroll","background-type":"","background-media":"","overlay-type":"","overlay-color":"","overlay-opacity":"","overlay-gradient":""},"tablet":{"background-color":"var(--ast-global-color-4)","background-image":"","background-repeat":"repeat","background-position":"center center","background-size":"auto","background-attachment":"scroll","background-type":"","background-media":"","overlay-type":"","overlay-color":"","overlay-opacity":"","overlay-gradient":""},"mobile":{"background-color":"var(--ast-global-color-4)","background-image":"","background-repeat":"repeat","background-position":"center center","background-size":"auto","background-attachment":"scroll","background-type":"","background-media":"","overlay-type":"","overlay-color":"","overlay-opacity":"","overlay-gradient":""}}},"product_brand":[],"product_cat":[33,92],"product_tag":[],"class_list":{"0":"post-1460","1":"product","2":"type-product","3":"status-publish","4":"has-post-thumbnail","6":"product_cat-ferreteria","7":"product_cat-juego-de-brocas","8":"desktop-align-center","9":"tablet-align-center","10":"mobile-align-center","12":"first","13":"instock","14":"shipping-taxable","15":"purchasable","16":"product-type-simple"},"_links":{"self":[{"href":"https:\/\/blackrhinotoolpro.com\/index.php\/wp-json\/wp\/v2\/product\/1460","targetHints":{"allow":["GET"]}}],"collection":[{"href":"https:\/\/blackrhinotoolpro.com\/index.php\/wp-json\/wp\/v2\/product"}],"about":[{"href":"https:\/\/blackrhinotoolpro.com\/index.php\/wp-json\/wp\/v2\/types\/product"}],"wp:featuredmedia":[{"embeddable":true,"href":"https:\/\/blackrhinotoolpro.com\/index.php\/wp-json\/wp\/v2\/media\/1464"}],"wp:attachment":[{"href":"https:\/\/blackrhinotoolpro.com\/index.php\/wp-json\/wp\/v2\/media?parent=1460"}],"wp:term":[{"taxonomy":"product_brand","embeddable":true,"href":"https:\/\/blackrhinotoolpro.com\/index.php\/wp-json\/wp\/v2\/product_brand?post=1460"},{"taxonomy":"product_cat","embeddable":true,"href":"https:\/\/blackrhinotoolpro.com\/index.php\/wp-json\/wp\/v2\/product_cat?post=1460"},{"taxonomy":"product_tag","embeddable":true,"href":"https:\/\/blackrhinotoolpro.com\/index.php\/wp-json\/wp\/v2\/product_tag?post=1460"}],"curies":[{"name":"wp","href":"https:\/\/api.w.org\/{rel}","templated":true}]}}