{"id":1431,"date":"2025-10-24T00:39:44","date_gmt":"2025-10-24T00:39:44","guid":{"rendered":"https:\/\/blackrhinotoolpro.com\/?post_type=product&#038;p=1431"},"modified":"2025-12-01T13:29:35","modified_gmt":"2025-12-01T13:29:35","slug":"rp-u111v-hidrolimpiadora-electrica-110bar-1400w-5l-min","status":"publish","type":"product","link":"https:\/\/blackrhinotoolpro.com\/index.php\/producto\/rp-u111v-hidrolimpiadora-electrica-110bar-1400w-5l-min\/","title":{"rendered":"RP-U111V Hidrolavadora El\u00e9ctrica 110Bar 1400W 5L\/Min"},"content":{"rendered":"<div class=\"col-lg-7 px-0 ps-0 pe-lg-2 contentForGallery\">\n<div class=\"slider fixedGallerry\">\n<div class=\"slider__flex\">\n<div class=\"slider__images\">\n<div class=\"swiper-container swiper-initialized swiper-vertical swiper-autoheight\">\n<div id=\"swiper-wrapper-e08c9e27fbf427e6\" class=\"swiper-wrapper\" aria-live=\"polite\">\n<div class=\"swiper-slide swiper-slide-active\" role=\"group\" aria-label=\"13 \/ 13\"><\/div>\n<\/div>\n<\/div>\n<\/div>\n<\/div>\n<\/div>\n<\/div>\n<div class=\"col-lg-5 px-0 detailForGallery\">\n<div class=\"modelDetails\">\n<div class=\"similarModels\">Caracter\u00edsticas:<\/div>\n<div class=\"modelRateAndDesc\"><\/div>\n<\/div>\n<\/div>\n<div id=\"panelsStayOpen-collapseOne\" class=\"accordion-collapse collapse show\" aria-labelledby=\"panelsStayOpen-headingOne\">\n<div class=\"accordion-body\">\n<div class=\"ExternalClass80F98F431B484F1195E10E4EAB68E2AE\">-Potente motor universal de 1400W genera agua de alta presi\u00f3n para brindar una m\u00e1xima potencia de limpieza<\/div>\n<div>-Sistema de parada total apaga autom\u00e1ticamente la bomba cuando el gatillo no est\u00e1 activado<\/div>\n<div>-Funci\u00f3n de auto aspiraci\u00f3n asegura la vida \u00fatil m\u00e1s larga del motor y proporciona un mayor ahorro de energ\u00eda<\/div>\n<div>-Protector t\u00e9rmico integrado controla la temperatura del motor durante uso prolongado<\/div>\n<div>-Nueva pistola de alta presi\u00f3n ofrece una mejor funcionalidad y versatilidad<\/div>\n<div>-Dise\u00f1o ergon\u00f3mico y liviano permite un movimiento f\u00e1cil brindando m\u00e1s comodidad en diferentes tareas de limpieza<\/div>\n<div>-Ruedas y mango que posee el aparto facilitan el movimiento<\/div>\n<div>-Equipada con lanzas ajustables y turbos fabricadas con materia prima de alta calidad que controlan f\u00e1cilmente el \u00e1ngulo de pulverizaci\u00f3n durante diferentes tareas de limpieza<\/div>\n<div>-Conector r\u00e1pido de la manguera es autom\u00e1tico, f\u00e1cil de instalaci\u00f3n, de r\u00e1pida inserci\u00f3n y extracci\u00f3n<\/div>\n<div>-Adecuada para usos dom\u00e9sticos e industriales<\/div>\n<div>-Interruptor giratorio de encendido\/apagado para un uso conveniente<\/div>\n<div>-Manguera PVC de alta presi\u00f3n con una longitud de 5 metros asegura una mayor durabilidad y eficiencia del producto<\/div>\n<div>-\u00c9mbolo de acero inoxidable endurecido desatasca f\u00e1cilmente la boquilla<\/div>\n<\/div>\n<\/div>\n","protected":false},"excerpt":{"rendered":"<p>Caracter\u00edsticas: -Potente motor universal de 1400W genera agua de alta presi\u00f3n para brindar una m\u00e1xima potencia de limpieza -Sistema de [&hellip;]<\/p>\n","protected":false},"featured_media":1444,"template":"","meta":{"content-type":"","site-sidebar-layout":"default","site-content-layout":"","ast-site-content-layout":"default","site-content-style":"default","site-sidebar-style":"default","ast-global-header-display":"","ast-banner-title-visibility":"","ast-main-header-display":"","ast-hfb-above-header-display":"","ast-hfb-below-header-display":"","ast-hfb-mobile-header-display":"","site-post-title":"","ast-breadcrumbs-content":"","ast-featured-img":"","footer-sml-layout":"","ast-disable-related-posts":"","theme-transparent-header-meta":"default","adv-header-id-meta":"","stick-header-meta":"","header-above-stick-meta":"","header-main-stick-meta":"","header-below-stick-meta":"","astra-migrate-meta-layouts":"set","ast-page-background-enabled":"default","ast-page-background-meta":{"desktop":{"background-color":"var(--ast-global-color-5)","background-image":"","background-repeat":"repeat","background-position":"center center","background-size":"auto","background-attachment":"scroll","background-type":"","background-media":"","overlay-type":"","overlay-color":"","overlay-opacity":"","overlay-gradient":""},"tablet":{"background-color":"","background-image":"","background-repeat":"repeat","background-position":"center center","background-size":"auto","background-attachment":"scroll","background-type":"","background-media":"","overlay-type":"","overlay-color":"","overlay-opacity":"","overlay-gradient":""},"mobile":{"background-color":"","background-image":"","background-repeat":"repeat","background-position":"center center","background-size":"auto","background-attachment":"scroll","background-type":"","background-media":"","overlay-type":"","overlay-color":"","overlay-opacity":"","overlay-gradient":""}},"ast-content-background-meta":{"desktop":{"background-color":"var(--ast-global-color-4)","background-image":"","background-repeat":"repeat","background-position":"center center","background-size":"auto","background-attachment":"scroll","background-type":"","background-media":"","overlay-type":"","overlay-color":"","overlay-opacity":"","overlay-gradient":""},"tablet":{"background-color":"var(--ast-global-color-4)","background-image":"","background-repeat":"repeat","background-position":"center center","background-size":"auto","background-attachment":"scroll","background-type":"","background-media":"","overlay-type":"","overlay-color":"","overlay-opacity":"","overlay-gradient":""},"mobile":{"background-color":"var(--ast-global-color-4)","background-image":"","background-repeat":"repeat","background-position":"center center","background-size":"auto","background-attachment":"scroll","background-type":"","background-media":"","overlay-type":"","overlay-color":"","overlay-opacity":"","overlay-gradient":""}}},"product_brand":[],"product_cat":[91],"product_tag":[],"class_list":{"0":"post-1431","1":"product","2":"type-product","3":"status-publish","4":"has-post-thumbnail","6":"product_cat-hidrolavadora","7":"desktop-align-center","8":"tablet-align-center","9":"mobile-align-center","11":"first","12":"instock","13":"shipping-taxable","14":"purchasable","15":"product-type-simple"},"_links":{"self":[{"href":"https:\/\/blackrhinotoolpro.com\/index.php\/wp-json\/wp\/v2\/product\/1431","targetHints":{"allow":["GET"]}}],"collection":[{"href":"https:\/\/blackrhinotoolpro.com\/index.php\/wp-json\/wp\/v2\/product"}],"about":[{"href":"https:\/\/blackrhinotoolpro.com\/index.php\/wp-json\/wp\/v2\/types\/product"}],"wp:featuredmedia":[{"embeddable":true,"href":"https:\/\/blackrhinotoolpro.com\/index.php\/wp-json\/wp\/v2\/media\/1444"}],"wp:attachment":[{"href":"https:\/\/blackrhinotoolpro.com\/index.php\/wp-json\/wp\/v2\/media?parent=1431"}],"wp:term":[{"taxonomy":"product_brand","embeddable":true,"href":"https:\/\/blackrhinotoolpro.com\/index.php\/wp-json\/wp\/v2\/product_brand?post=1431"},{"taxonomy":"product_cat","embeddable":true,"href":"https:\/\/blackrhinotoolpro.com\/index.php\/wp-json\/wp\/v2\/product_cat?post=1431"},{"taxonomy":"product_tag","embeddable":true,"href":"https:\/\/blackrhinotoolpro.com\/index.php\/wp-json\/wp\/v2\/product_tag?post=1431"}],"curies":[{"name":"wp","href":"https:\/\/api.w.org\/{rel}","templated":true}]}}