{"id":1420,"date":"2025-10-24T00:07:06","date_gmt":"2025-10-24T00:07:06","guid":{"rendered":"https:\/\/blackrhinotoolpro.com\/?post_type=product&#038;p=1420"},"modified":"2025-12-01T13:29:35","modified_gmt":"2025-12-01T13:29:35","slug":"rh-4604v-soldadora-inverter-dc-arc-200a-turbo-fan-plus","status":"publish","type":"product","link":"https:\/\/blackrhinotoolpro.com\/index.php\/producto\/rh-4604v-soldadora-inverter-dc-arc-200a-turbo-fan-plus\/","title":{"rendered":"RH-4604V Soldadora inverter DC ARC 200A- Turbo Fan Plus"},"content":{"rendered":"<div id=\"panelsStayOpen-collapseOne\" class=\"accordion-collapse collapse show\" aria-labelledby=\"panelsStayOpen-headingOne\">\n<div class=\"accordion-body\">\n<div><strong>Caracter\u00edsticas:\u00a0<\/strong><\/div>\n<div><\/div>\n<p>-Tecnolog\u00eda IGBT para una mejor calidad de soldadura, mayor penetraci\u00f3n en la soldadura, menor consumo de energ\u00eda y mayor eficiencia<br \/>\n-Equipado con un ventilador (24V-0.7A) con un dise\u00f1o especial en la parte del impulsor para duplicar el volumen de aire y aumentar el tiempo de funcionamiento del dispositivo<br \/>\n-Protecci\u00f3n autom\u00e1tica imbatible contra cortocircuitos, encendido f\u00e1cil, menos chispas, proporciona un excelente rendimiento de encendido de arco en superficies oxidadas<br \/>\n-Funciona con electrodos MMA de 5 mm<br \/>\n-Protecci\u00f3n m\u00faltiple contra sobretensi\u00f3n, sobrecalentamiento, sobrecorriente y sobrecarga<br \/>\n-Funciones de arranque en caliente, antiadherente, menos chispas, fiable. Equipo de soldadura ideal para soldadores principiantes<br \/>\n-Equipado con 2 perillas (Corriente, Fuerza del arco) para una configuraci\u00f3n de soldadura f\u00e1cil y mejorada<br \/>\n-La pantalla digital proporciona una soldadura altamente precisa<br \/>\n-Sistema de enfriamiento profesional para aumentar la eficiencia y la soldadura continua<\/p><\/div>\n<\/div>\n<div><\/div>\n<div>\n<p>La Soldadora inverter DC ARC Ronix, c\u00f3digo RH-4604, garantiza operaciones de soldadura confiables. Este producto de Ronix cuenta con tres placas: una de potencia, otra rectificadora y una inversora. Permite ajustar con precisi\u00f3n la corriente y muestra la salida real a trav\u00e9s de una pantalla digital. Su sistema de termointerruptor protege contra aumentos de temperatura, ofreciendo calidad y funcionalidad sencilla. Su dise\u00f1o compacto, ligero y port\u00e1til lo hace \u00fanico.<\/p>\n<p>La tecnolog\u00eda IGBT en esta soldadora inverter mejora la calidad y penetraci\u00f3n de la soldadura, reduciendo el consumo de energ\u00eda. Ofrece protecci\u00f3n autom\u00e1tica contra cortocircuitos, ignici\u00f3n sencilla y buen rendimiento en superficies corrosivas. Es compatible con electrodos MMA de 5 mm y cuenta con protecci\u00f3n contra sobretensiones, calor, sobrecorriente y sobrecarga. Ronix RH-4604 es la elecci\u00f3n ideal para una soldadura eficiente y de alta calidad.<\/p>\n<p>Las caracter\u00edsticas como el arranque en caliente, la funci\u00f3n antiadherente, la reducci\u00f3n de chispas y la confiabilidad hacen que el RH-4604 sea una excelente opci\u00f3n para nuevos soldadores. La soldadora Ronix RH-4604 facilita configuraciones m\u00e1s f\u00e1ciles y mejores resultados de soldadura gracias a sus controles de corriente y fuerza del crco, junto con un sistema de enfriamiento profesional que mejora la eficiencia y permite soldar de manera continua. Su pantalla digital proporciona una soldadura precisa.<\/p>\n<p>Esta herramienta es adecuada para operaciones industriales, profesionales y dom\u00e9sticas, as\u00ed como para talleres peque\u00f1os y medianos, construcci\u00f3n de estructuras, trabajos en metal, construcci\u00f3n de tanques, industrias agr\u00edcolas, gasoductos, proyectos m\u00f3viles, f\u00e1bricas, entre otros. Explora la descripci\u00f3n detallada del inversor de soldadura Ronix RH-4604 a continuaci\u00f3n.<\/p>\n<\/div>\n","protected":false},"excerpt":{"rendered":"<p>Caracter\u00edsticas:\u00a0 -Tecnolog\u00eda IGBT para una mejor calidad de soldadura, mayor penetraci\u00f3n en la soldadura, menor consumo de energ\u00eda y mayor [&hellip;]<\/p>\n","protected":false},"featured_media":1428,"template":"","meta":{"content-type":"","site-sidebar-layout":"default","site-content-layout":"","ast-site-content-layout":"default","site-content-style":"default","site-sidebar-style":"default","ast-global-header-display":"","ast-banner-title-visibility":"","ast-main-header-display":"","ast-hfb-above-header-display":"","ast-hfb-below-header-display":"","ast-hfb-mobile-header-display":"","site-post-title":"","ast-breadcrumbs-content":"","ast-featured-img":"","footer-sml-layout":"","ast-disable-related-posts":"","theme-transparent-header-meta":"default","adv-header-id-meta":"","stick-header-meta":"","header-above-stick-meta":"","header-main-stick-meta":"","header-below-stick-meta":"","astra-migrate-meta-layouts":"set","ast-page-background-enabled":"default","ast-page-background-meta":{"desktop":{"background-color":"var(--ast-global-color-5)","background-image":"","background-repeat":"repeat","background-position":"center center","background-size":"auto","background-attachment":"scroll","background-type":"","background-media":"","overlay-type":"","overlay-color":"","overlay-opacity":"","overlay-gradient":""},"tablet":{"background-color":"","background-image":"","background-repeat":"repeat","background-position":"center center","background-size":"auto","background-attachment":"scroll","background-type":"","background-media":"","overlay-type":"","overlay-color":"","overlay-opacity":"","overlay-gradient":""},"mobile":{"background-color":"","background-image":"","background-repeat":"repeat","background-position":"center center","background-size":"auto","background-attachment":"scroll","background-type":"","background-media":"","overlay-type":"","overlay-color":"","overlay-opacity":"","overlay-gradient":""}},"ast-content-background-meta":{"desktop":{"background-color":"var(--ast-global-color-4)","background-image":"","background-repeat":"repeat","background-position":"center center","background-size":"auto","background-attachment":"scroll","background-type":"","background-media":"","overlay-type":"","overlay-color":"","overlay-opacity":"","overlay-gradient":""},"tablet":{"background-color":"var(--ast-global-color-4)","background-image":"","background-repeat":"repeat","background-position":"center center","background-size":"auto","background-attachment":"scroll","background-type":"","background-media":"","overlay-type":"","overlay-color":"","overlay-opacity":"","overlay-gradient":""},"mobile":{"background-color":"var(--ast-global-color-4)","background-image":"","background-repeat":"repeat","background-position":"center center","background-size":"auto","background-attachment":"scroll","background-type":"","background-media":"","overlay-type":"","overlay-color":"","overlay-opacity":"","overlay-gradient":""}}},"product_brand":[],"product_cat":[33,34],"product_tag":[],"class_list":{"0":"post-1420","1":"product","2":"type-product","3":"status-publish","4":"has-post-thumbnail","6":"product_cat-ferreteria","7":"product_cat-soldadoras","8":"desktop-align-center","9":"tablet-align-center","10":"mobile-align-center","12":"first","13":"instock","14":"shipping-taxable","15":"purchasable","16":"product-type-simple"},"_links":{"self":[{"href":"https:\/\/blackrhinotoolpro.com\/index.php\/wp-json\/wp\/v2\/product\/1420","targetHints":{"allow":["GET"]}}],"collection":[{"href":"https:\/\/blackrhinotoolpro.com\/index.php\/wp-json\/wp\/v2\/product"}],"about":[{"href":"https:\/\/blackrhinotoolpro.com\/index.php\/wp-json\/wp\/v2\/types\/product"}],"wp:featuredmedia":[{"embeddable":true,"href":"https:\/\/blackrhinotoolpro.com\/index.php\/wp-json\/wp\/v2\/media\/1428"}],"wp:attachment":[{"href":"https:\/\/blackrhinotoolpro.com\/index.php\/wp-json\/wp\/v2\/media?parent=1420"}],"wp:term":[{"taxonomy":"product_brand","embeddable":true,"href":"https:\/\/blackrhinotoolpro.com\/index.php\/wp-json\/wp\/v2\/product_brand?post=1420"},{"taxonomy":"product_cat","embeddable":true,"href":"https:\/\/blackrhinotoolpro.com\/index.php\/wp-json\/wp\/v2\/product_cat?post=1420"},{"taxonomy":"product_tag","embeddable":true,"href":"https:\/\/blackrhinotoolpro.com\/index.php\/wp-json\/wp\/v2\/product_tag?post=1420"}],"curies":[{"name":"wp","href":"https:\/\/api.w.org\/{rel}","templated":true}]}}