{"id":1403,"date":"2025-10-23T23:48:50","date_gmt":"2025-10-23T23:48:50","guid":{"rendered":"https:\/\/blackrhinotoolpro.com\/?post_type=product&#038;p=1403"},"modified":"2025-12-01T13:29:35","modified_gmt":"2025-12-01T13:29:35","slug":"6403v-lijadora-orbital-electrica-320w","status":"publish","type":"product","link":"https:\/\/blackrhinotoolpro.com\/index.php\/producto\/6403v-lijadora-orbital-electrica-320w\/","title":{"rendered":"6406V Lijadora Orbital El\u00e9ctrica 320W"},"content":{"rendered":"<p><strong>Caracter\u00edsticas:<\/strong><\/p>\n<p>-Potente motor de alto rendimiento de 320W que ofrece un rendimiento impecable para una amplia variedad de aplicaciones de lijado<br \/>\n&#8211; Dispositivo muy ligero, compacto y pr\u00e1ctico para un uso f\u00e1cil con una sola mano.<br \/>\n-Dise\u00f1o especial de empu\u00f1adura suave asegura un manejo estable y una mayor comodidad<br \/>\n-Vibraci\u00f3n reducida gracias a su funcionamiento a baja presi\u00f3n.<br \/>\n-Sistema de protecci\u00f3n antipolvo que garantiza la eficiencia del motor y su buen funcionamiento.<br \/>\n-Interruptor antipolvo cubierto de goma.<br \/>\n-Ajuste de velocidad de 6 niveles destinado a proporcionar diferentes velocidades para satisfacer una amplia gama de trabajos.<\/p>\n<p>&nbsp;<\/p>\n<div class=\"accordion-item\">\n<div id=\"panelsStayOpen-collapseTwo\" class=\"accordion-collapse collapse show\" aria-labelledby=\"panelsStayOpen-headingTwo\">\n<div class=\"accordion-body\">Despu\u00e9s de llevar a cabo con \u00e9xito una tarea de carpinter\u00eda y haber creado el producto planeado, es importante prepararlo para su uso final con algunos trabajos de acabado. La lijadora orbital el\u00e9ctrica Ronix C\u00f3d. 6406 es la herramienta perfecta para lograr un resultado impecable.<\/p>\n<p>Esta lijadora cuenta con un motor de 320 W que realiza diversas tareas de lijado de manera suave y eficiente. El motor est\u00e1 dise\u00f1ado con rodamientos de bolas antipolvo, lo que aumenta su durabilidad y mejora la calidad de su rendimiento. Adem\u00e1s, la herramienta es ligera y ergon\u00f3mica, con un c\u00f3modo agarre suave que permite un uso f\u00e1cil con una sola mano.<\/p>\n<p>Para obtener m\u00e1s informaci\u00f3n detallada sobre la Lijadora Orbital El\u00e9ctrica Ronix 6406, puedes leer la \u2018\u2019descripci\u00f3n detallada\u2019\u2019.<\/p><\/div>\n<\/div>\n<\/div>\n<div class=\"accordion-item\">\n<div id=\"panelsStayOpen-headingThree\" class=\"accordion-header\"><\/div>\n<\/div>\n<p>&nbsp;<\/p>\n<p>&nbsp;<\/p>\n","protected":false},"excerpt":{"rendered":"<p>Caracter\u00edsticas: -Potente motor de alto rendimiento de 320W que ofrece un rendimiento impecable para una amplia variedad de aplicaciones de [&hellip;]<\/p>\n","protected":false},"featured_media":1410,"template":"","meta":{"content-type":"","site-sidebar-layout":"default","site-content-layout":"","ast-site-content-layout":"default","site-content-style":"default","site-sidebar-style":"default","ast-global-header-display":"","ast-banner-title-visibility":"","ast-main-header-display":"","ast-hfb-above-header-display":"","ast-hfb-below-header-display":"","ast-hfb-mobile-header-display":"","site-post-title":"","ast-breadcrumbs-content":"","ast-featured-img":"","footer-sml-layout":"","ast-disable-related-posts":"","theme-transparent-header-meta":"default","adv-header-id-meta":"","stick-header-meta":"","header-above-stick-meta":"","header-main-stick-meta":"","header-below-stick-meta":"","astra-migrate-meta-layouts":"set","ast-page-background-enabled":"default","ast-page-background-meta":{"desktop":{"background-color":"var(--ast-global-color-5)","background-image":"","background-repeat":"repeat","background-position":"center center","background-size":"auto","background-attachment":"scroll","background-type":"","background-media":"","overlay-type":"","overlay-color":"","overlay-opacity":"","overlay-gradient":""},"tablet":{"background-color":"","background-image":"","background-repeat":"repeat","background-position":"center center","background-size":"auto","background-attachment":"scroll","background-type":"","background-media":"","overlay-type":"","overlay-color":"","overlay-opacity":"","overlay-gradient":""},"mobile":{"background-color":"","background-image":"","background-repeat":"repeat","background-position":"center center","background-size":"auto","background-attachment":"scroll","background-type":"","background-media":"","overlay-type":"","overlay-color":"","overlay-opacity":"","overlay-gradient":""}},"ast-content-background-meta":{"desktop":{"background-color":"var(--ast-global-color-4)","background-image":"","background-repeat":"repeat","background-position":"center center","background-size":"auto","background-attachment":"scroll","background-type":"","background-media":"","overlay-type":"","overlay-color":"","overlay-opacity":"","overlay-gradient":""},"tablet":{"background-color":"var(--ast-global-color-4)","background-image":"","background-repeat":"repeat","background-position":"center center","background-size":"auto","background-attachment":"scroll","background-type":"","background-media":"","overlay-type":"","overlay-color":"","overlay-opacity":"","overlay-gradient":""},"mobile":{"background-color":"var(--ast-global-color-4)","background-image":"","background-repeat":"repeat","background-position":"center center","background-size":"auto","background-attachment":"scroll","background-type":"","background-media":"","overlay-type":"","overlay-color":"","overlay-opacity":"","overlay-gradient":""}}},"product_brand":[],"product_cat":[33,90],"product_tag":[],"class_list":{"0":"post-1403","1":"product","2":"type-product","3":"status-publish","4":"has-post-thumbnail","6":"product_cat-ferreteria","7":"product_cat-lijadora","8":"desktop-align-center","9":"tablet-align-center","10":"mobile-align-center","12":"first","13":"instock","14":"shipping-taxable","15":"purchasable","16":"product-type-simple"},"_links":{"self":[{"href":"https:\/\/blackrhinotoolpro.com\/index.php\/wp-json\/wp\/v2\/product\/1403","targetHints":{"allow":["GET"]}}],"collection":[{"href":"https:\/\/blackrhinotoolpro.com\/index.php\/wp-json\/wp\/v2\/product"}],"about":[{"href":"https:\/\/blackrhinotoolpro.com\/index.php\/wp-json\/wp\/v2\/types\/product"}],"wp:featuredmedia":[{"embeddable":true,"href":"https:\/\/blackrhinotoolpro.com\/index.php\/wp-json\/wp\/v2\/media\/1410"}],"wp:attachment":[{"href":"https:\/\/blackrhinotoolpro.com\/index.php\/wp-json\/wp\/v2\/media?parent=1403"}],"wp:term":[{"taxonomy":"product_brand","embeddable":true,"href":"https:\/\/blackrhinotoolpro.com\/index.php\/wp-json\/wp\/v2\/product_brand?post=1403"},{"taxonomy":"product_cat","embeddable":true,"href":"https:\/\/blackrhinotoolpro.com\/index.php\/wp-json\/wp\/v2\/product_cat?post=1403"},{"taxonomy":"product_tag","embeddable":true,"href":"https:\/\/blackrhinotoolpro.com\/index.php\/wp-json\/wp\/v2\/product_tag?post=1403"}],"curies":[{"name":"wp","href":"https:\/\/api.w.org\/{rel}","templated":true}]}}