{"id":1393,"date":"2025-10-23T23:40:53","date_gmt":"2025-10-23T23:40:53","guid":{"rendered":"https:\/\/blackrhinotoolpro.com\/?post_type=product&#038;p=1393"},"modified":"2025-12-01T13:29:35","modified_gmt":"2025-12-01T13:29:35","slug":"6403v-lijadora-vibratoria-electrica-320w","status":"publish","type":"product","link":"https:\/\/blackrhinotoolpro.com\/index.php\/producto\/6403v-lijadora-vibratoria-electrica-320w\/","title":{"rendered":"6403V Lijadora Vibratoria El\u00e9ctrica 320W"},"content":{"rendered":"<p><strong>Caracter\u00edsticas:<\/strong><\/p>\n<p><span lang=\"ES\">-Motor de alta potencia de 320W ofrece el mayor rendimiento necesario para una variedad de operaciones de lijado<\/span><\/p>\n<p><span lang=\"ES\">-M\u00e1quina ligera y pr\u00e1ctica adecuada para una operaci\u00f3n m\u00e1s c\u00f3moda con una sola mano<\/span><\/p>\n<p><span lang=\"ES\">-Sistema supremo de fijaci\u00f3n de papel abrasivo mantiene la hoja de lija apretado en la base de aluminio <\/span><\/p>\n<p><span lang=\"ES\">-Agarre suave y ergon\u00f3mico proporciona un manejo estable y mayor comodidad<\/span><\/p>\n<p><span lang=\"ES\">-El funcionamiento perfecto del aparato reduce la vibraci\u00f3n <\/span><\/p>\n<p><span lang=\"ES\">-Rodamientos de bola antipolvo garantizan la durabilidad y resistencia del motor y hacen que funcione de una manera m\u00e1s eficiente<\/span><\/p>\n<p><span lang=\"ES\">-Equipada con escobillas de carb\u00f3n f\u00e1cil de cambio <\/span><\/p>\n<p><span lang=\"ES\">-Interruptor antipolvo para reducir la penetraci\u00f3n del polvo<\/span><\/p>\n<p><span lang=\"ES\">-Bot\u00f3n de bloqueo para un uso m\u00e1s conveniente durante operaciones continuas<\/span><\/p>\n<p><span lang=\"ES\">-Sistema de recolecci\u00f3n de polvo recoge el polvo en una bolsa para mantener el ambiente de trabajo m\u00e1s limpio<\/span><\/p>\n<p>&nbsp;<\/p>\n<p>&nbsp;<\/p>\n","protected":false},"excerpt":{"rendered":"<p>Caracter\u00edsticas: -Motor de alta potencia de 320W ofrece el mayor rendimiento necesario para una variedad de operaciones de lijado -M\u00e1quina [&hellip;]<\/p>\n","protected":false},"featured_media":1394,"template":"","meta":{"content-type":"","site-sidebar-layout":"default","site-content-layout":"","ast-site-content-layout":"default","site-content-style":"default","site-sidebar-style":"default","ast-global-header-display":"","ast-banner-title-visibility":"","ast-main-header-display":"","ast-hfb-above-header-display":"","ast-hfb-below-header-display":"","ast-hfb-mobile-header-display":"","site-post-title":"","ast-breadcrumbs-content":"","ast-featured-img":"","footer-sml-layout":"","ast-disable-related-posts":"","theme-transparent-header-meta":"default","adv-header-id-meta":"","stick-header-meta":"","header-above-stick-meta":"","header-main-stick-meta":"","header-below-stick-meta":"","astra-migrate-meta-layouts":"set","ast-page-background-enabled":"default","ast-page-background-meta":{"desktop":{"background-color":"var(--ast-global-color-5)","background-image":"","background-repeat":"repeat","background-position":"center center","background-size":"auto","background-attachment":"scroll","background-type":"","background-media":"","overlay-type":"","overlay-color":"","overlay-opacity":"","overlay-gradient":""},"tablet":{"background-color":"","background-image":"","background-repeat":"repeat","background-position":"center center","background-size":"auto","background-attachment":"scroll","background-type":"","background-media":"","overlay-type":"","overlay-color":"","overlay-opacity":"","overlay-gradient":""},"mobile":{"background-color":"","background-image":"","background-repeat":"repeat","background-position":"center center","background-size":"auto","background-attachment":"scroll","background-type":"","background-media":"","overlay-type":"","overlay-color":"","overlay-opacity":"","overlay-gradient":""}},"ast-content-background-meta":{"desktop":{"background-color":"var(--ast-global-color-4)","background-image":"","background-repeat":"repeat","background-position":"center center","background-size":"auto","background-attachment":"scroll","background-type":"","background-media":"","overlay-type":"","overlay-color":"","overlay-opacity":"","overlay-gradient":""},"tablet":{"background-color":"var(--ast-global-color-4)","background-image":"","background-repeat":"repeat","background-position":"center center","background-size":"auto","background-attachment":"scroll","background-type":"","background-media":"","overlay-type":"","overlay-color":"","overlay-opacity":"","overlay-gradient":""},"mobile":{"background-color":"var(--ast-global-color-4)","background-image":"","background-repeat":"repeat","background-position":"center center","background-size":"auto","background-attachment":"scroll","background-type":"","background-media":"","overlay-type":"","overlay-color":"","overlay-opacity":"","overlay-gradient":""}}},"product_brand":[],"product_cat":[33,90],"product_tag":[],"class_list":{"0":"post-1393","1":"product","2":"type-product","3":"status-publish","4":"has-post-thumbnail","6":"product_cat-ferreteria","7":"product_cat-lijadora","8":"desktop-align-center","9":"tablet-align-center","10":"mobile-align-center","12":"first","13":"instock","14":"shipping-taxable","15":"purchasable","16":"product-type-simple"},"_links":{"self":[{"href":"https:\/\/blackrhinotoolpro.com\/index.php\/wp-json\/wp\/v2\/product\/1393","targetHints":{"allow":["GET"]}}],"collection":[{"href":"https:\/\/blackrhinotoolpro.com\/index.php\/wp-json\/wp\/v2\/product"}],"about":[{"href":"https:\/\/blackrhinotoolpro.com\/index.php\/wp-json\/wp\/v2\/types\/product"}],"wp:featuredmedia":[{"embeddable":true,"href":"https:\/\/blackrhinotoolpro.com\/index.php\/wp-json\/wp\/v2\/media\/1394"}],"wp:attachment":[{"href":"https:\/\/blackrhinotoolpro.com\/index.php\/wp-json\/wp\/v2\/media?parent=1393"}],"wp:term":[{"taxonomy":"product_brand","embeddable":true,"href":"https:\/\/blackrhinotoolpro.com\/index.php\/wp-json\/wp\/v2\/product_brand?post=1393"},{"taxonomy":"product_cat","embeddable":true,"href":"https:\/\/blackrhinotoolpro.com\/index.php\/wp-json\/wp\/v2\/product_cat?post=1393"},{"taxonomy":"product_tag","embeddable":true,"href":"https:\/\/blackrhinotoolpro.com\/index.php\/wp-json\/wp\/v2\/product_tag?post=1393"}],"curies":[{"name":"wp","href":"https:\/\/api.w.org\/{rel}","templated":true}]}}