{"id":1383,"date":"2025-10-23T23:34:59","date_gmt":"2025-10-23T23:34:59","guid":{"rendered":"https:\/\/blackrhinotoolpro.com\/?post_type=product&#038;p=1383"},"modified":"2025-12-01T13:29:35","modified_gmt":"2025-12-01T13:29:35","slug":"6112v-pulidora-electrica-1400w-180mm","status":"publish","type":"product","link":"https:\/\/blackrhinotoolpro.com\/index.php\/producto\/6112v-pulidora-electrica-1400w-180mm\/","title":{"rendered":"6112V Pulidora el\u00e9ctrica 1400W-180mm"},"content":{"rendered":"<p><strong>Caracter\u00edsticas:<\/strong><\/p>\n<p>-Robusto motor de 1400W de alta eficiencia asegura la m\u00e1xima productividad y el mejor rendimiento durante diferentes tipos de funciones<br \/>\n-Ajuste de velocidad sin carga variable de 800-3000RPM permite trabajar a velocidades personalizadas para adaptarse a diversos materiales y aplicaciones requeridas.<\/p>\n<p>-Perfecta para el acabado, la composici\u00f3n, el encerado, el pulido, el brillo y la desoxidaci\u00f3n de diferentes tipos de materiales<br \/>\n-Rodamientos de bolas antipolvo garantizan la resistencia del motor y hacen que trabaje de forma m\u00e1s suave y eficiente<br \/>\n-Empu\u00f1adura auxiliar ergon\u00f3mica en forma de D que reduce la fatiga operativa y favorece un control perfecto<br \/>\n-Almohadilla de pulido de lana de alta calidad adecuada para diferentes tipos de aplicaciones<br \/>\n-Cable de goma superior brinda una mayor durabilidad y una mayor eficiencia<br \/>\n-Cubierta de la caja de engranajes anticol\u00e9rica facilita las operaciones de pulido y permite un agarre seguro y c\u00f3modo<\/p>\n<p>\u00bfTienes una pulidora o est\u00e1s pensando en comprar una? Buenas noticias, a continuaci\u00f3n, nos dedicamos a esta herramienta que es particularmente com\u00fan en el mundo automotriz. \u00bfQuieres saber por qu\u00e9 deber\u00edas usar una pulidora? \u00bfTe preguntas cu\u00e1l pulidora elegir? \u00a1Aqu\u00ed tienes las respuestas a todas tus preguntas!<\/p>\n<p>La pulidora el\u00e9ctrica Ronix c\u00f3d. 6112 de 1400W puede ayudarnos a acelerar el proceso de limpieza y pulido, manteniendo nuestros autom\u00f3viles brillantes y relucientes por m\u00e1s tiempo. Esta pulidora el\u00e9ctrica, con su motor altamente eficiente y robusto de 1400W, puede proporcionar m\u00e1xima productividad y rendimiento \u00f3ptimo en una variedad de actividades, haci\u00e9ndola ideal para el repintado, pulido compuesto, encerado, pulido, brillo y desoxidaci\u00f3n.<\/p>\n<p>La almohadilla de pulido de lana de alta calidad, dise\u00f1ada para adaptarse al Ronix 6112, ofrece versatilidad y rendimiento en una variedad de aplicaciones. Su longevidad y excelente eficiencia se deben al cord\u00f3n de goma superior utilizado en su fabricaci\u00f3n. De manera similar, la pulidora el\u00e9ctrica Ronix c\u00f3d. 6112V est\u00e1 fabricada con todas las caracter\u00edsticas y capacidades mencionadas, la \u00fanica diferencia entre estos dos dispositivos es su voltaje.<\/p>\n<p>&nbsp;<\/p>\n","protected":false},"excerpt":{"rendered":"<p>Caracter\u00edsticas: -Robusto motor de 1400W de alta eficiencia asegura la m\u00e1xima productividad y el mejor rendimiento durante diferentes tipos de [&hellip;]<\/p>\n","protected":false},"featured_media":1388,"template":"","meta":{"content-type":"","site-sidebar-layout":"default","site-content-layout":"","ast-site-content-layout":"default","site-content-style":"default","site-sidebar-style":"default","ast-global-header-display":"","ast-banner-title-visibility":"","ast-main-header-display":"","ast-hfb-above-header-display":"","ast-hfb-below-header-display":"","ast-hfb-mobile-header-display":"","site-post-title":"","ast-breadcrumbs-content":"","ast-featured-img":"","footer-sml-layout":"","ast-disable-related-posts":"","theme-transparent-header-meta":"default","adv-header-id-meta":"","stick-header-meta":"","header-above-stick-meta":"","header-main-stick-meta":"","header-below-stick-meta":"","astra-migrate-meta-layouts":"set","ast-page-background-enabled":"default","ast-page-background-meta":{"desktop":{"background-color":"var(--ast-global-color-5)","background-image":"","background-repeat":"repeat","background-position":"center center","background-size":"auto","background-attachment":"scroll","background-type":"","background-media":"","overlay-type":"","overlay-color":"","overlay-opacity":"","overlay-gradient":""},"tablet":{"background-color":"","background-image":"","background-repeat":"repeat","background-position":"center center","background-size":"auto","background-attachment":"scroll","background-type":"","background-media":"","overlay-type":"","overlay-color":"","overlay-opacity":"","overlay-gradient":""},"mobile":{"background-color":"","background-image":"","background-repeat":"repeat","background-position":"center center","background-size":"auto","background-attachment":"scroll","background-type":"","background-media":"","overlay-type":"","overlay-color":"","overlay-opacity":"","overlay-gradient":""}},"ast-content-background-meta":{"desktop":{"background-color":"var(--ast-global-color-4)","background-image":"","background-repeat":"repeat","background-position":"center center","background-size":"auto","background-attachment":"scroll","background-type":"","background-media":"","overlay-type":"","overlay-color":"","overlay-opacity":"","overlay-gradient":""},"tablet":{"background-color":"var(--ast-global-color-4)","background-image":"","background-repeat":"repeat","background-position":"center center","background-size":"auto","background-attachment":"scroll","background-type":"","background-media":"","overlay-type":"","overlay-color":"","overlay-opacity":"","overlay-gradient":""},"mobile":{"background-color":"var(--ast-global-color-4)","background-image":"","background-repeat":"repeat","background-position":"center center","background-size":"auto","background-attachment":"scroll","background-type":"","background-media":"","overlay-type":"","overlay-color":"","overlay-opacity":"","overlay-gradient":""}}},"product_brand":[],"product_cat":[33,59],"product_tag":[],"class_list":{"0":"post-1383","1":"product","2":"type-product","3":"status-publish","4":"has-post-thumbnail","6":"product_cat-ferreteria","7":"product_cat-pulidora","8":"desktop-align-center","9":"tablet-align-center","10":"mobile-align-center","12":"first","13":"instock","14":"shipping-taxable","15":"purchasable","16":"product-type-simple"},"_links":{"self":[{"href":"https:\/\/blackrhinotoolpro.com\/index.php\/wp-json\/wp\/v2\/product\/1383","targetHints":{"allow":["GET"]}}],"collection":[{"href":"https:\/\/blackrhinotoolpro.com\/index.php\/wp-json\/wp\/v2\/product"}],"about":[{"href":"https:\/\/blackrhinotoolpro.com\/index.php\/wp-json\/wp\/v2\/types\/product"}],"wp:featuredmedia":[{"embeddable":true,"href":"https:\/\/blackrhinotoolpro.com\/index.php\/wp-json\/wp\/v2\/media\/1388"}],"wp:attachment":[{"href":"https:\/\/blackrhinotoolpro.com\/index.php\/wp-json\/wp\/v2\/media?parent=1383"}],"wp:term":[{"taxonomy":"product_brand","embeddable":true,"href":"https:\/\/blackrhinotoolpro.com\/index.php\/wp-json\/wp\/v2\/product_brand?post=1383"},{"taxonomy":"product_cat","embeddable":true,"href":"https:\/\/blackrhinotoolpro.com\/index.php\/wp-json\/wp\/v2\/product_cat?post=1383"},{"taxonomy":"product_tag","embeddable":true,"href":"https:\/\/blackrhinotoolpro.com\/index.php\/wp-json\/wp\/v2\/product_tag?post=1383"}],"curies":[{"name":"wp","href":"https:\/\/api.w.org\/{rel}","templated":true}]}}